{"id":4864,"date":"2025-06-01T10:00:00","date_gmt":"2025-06-01T13:00:00","guid":{"rendered":"https:\/\/sobelconsult.com\/klinische-bewertung-usa\/"},"modified":"2025-06-01T13:00:00","modified_gmt":"2025-06-01T13:00:00","slug":"klinische-bewertung-usa","status":"publish","type":"page","link":"https:\/\/sobelconsult.com\/de\/klinische-bewertung-usa\/","title":{"rendered":"Klinische Bewertung - USA"},"content":{"rendered":"\t\t<div data-elementor-type=\"wp-page\" data-elementor-id=\"4864\" class=\"elementor elementor-4864\" data-elementor-post-type=\"page\">\n\t\t\t\t<div class=\"elementor-element elementor-element-ca9e44b e-flex e-con-boxed e-con e-parent\" data-id=\"ca9e44b\" data-element_type=\"container\" data-e-type=\"container\" data-settings=\"{&quot;background_background&quot;:&quot;classic&quot;}\">\n\t\t\t\t\t<div class=\"e-con-inner\">\n\t\t\t\t<div class=\"elementor-element elementor-element-c3b5f9c elementor-widget elementor-widget-heading\" data-id=\"c3b5f9c\" data-element_type=\"widget\" data-e-type=\"widget\" data-widget_type=\"heading.default\">\n\t\t\t\t<div class=\"elementor-widget-container\">\n\t\t\t\t\t<h1 class=\"elementor-heading-title elementor-size-default\">Klinische Bewertung<\/h1>\t\t\t\t<\/div>\n\t\t\t\t<\/div>\n\t\t\t\t\t<\/div>\n\t\t\t\t<\/div>\n\t\t<div class=\"elementor-element elementor-element-47228d3 e-flex e-con-boxed e-con e-parent\" data-id=\"47228d3\" data-element_type=\"container\" data-e-type=\"container\">\n\t\t\t\t\t<div class=\"e-con-inner\">\n\t\t\t\t<div class=\"elementor-element elementor-element-5a8230c elementor-widget__width-initial elementor-widget-tablet__width-inherit elementor-widget elementor-widget-text-editor\" data-id=\"5a8230c\" data-element_type=\"widget\" data-e-type=\"widget\" data-widget_type=\"text-editor.default\">\n\t\t\t\t<div class=\"elementor-widget-container\">\n\t\t\t\t\t\t\t\t\t<div class=\"elementor-element elementor-element-9ed6153 elementor-widget elementor-widget-heading\" data-id=\"9ed6153\" data-element_type=\"widget\" data-widget_type=\"heading.default\"><div class=\"elementor-widget-container\"><p>Die klinische Bewertung ist ein entscheidender Bestandteil eines jeden Zulassungsantrags bei der U.S. FDA. <strong>Sie liefert eine strukturierte, evidenzbasierte Begr\u00fcndung f\u00fcr die Sicherheit und Leistung eines Medizinprodukts und<\/strong> dient als Grundlage sowohl f\u00fcr 510(k)- als auch f\u00fcr PMA-Antr\u00e4ge.<\/p><p>Wir k\u00f6nnen Ihr Unternehmen mit <strong>durchg\u00e4ngigen klinischen Bewertungsdienstleistungen<\/strong> unterst\u00fctzen <strong>, die auf die Erwartungen der FDA zugeschnitten sind.<\/strong><\/p><p>Unser Prozess kombiniert regulatorische Expertise, wissenschaftliche Strenge und strategische Planung, um sicherzustellen, dass Ihre Dokumentation vollst\u00e4ndig, konform und einreichungsbereit ist. Hochwertige Nachweise f\u00fcr sichere Zulassungsantr\u00e4ge! <\/p><\/div><\/div>\t\t\t\t\t\t\t\t<\/div>\n\t\t\t\t<\/div>\n\t\t\t\t<div class=\"elementor-element elementor-element-6603680 elementor-widget__width-initial elementor-widget-tablet__width-inherit elementor-widget elementor-widget-image\" data-id=\"6603680\" data-element_type=\"widget\" data-e-type=\"widget\" data-widget_type=\"image.default\">\n\t\t\t\t<div class=\"elementor-widget-container\">\n\t\t\t\t\t\t\t\t\t\t\t\t\t\t\t<img fetchpriority=\"high\" decoding=\"async\" width=\"1000\" height=\"667\" src=\"https:\/\/sobelconsult.com\/wp-content\/uploads\/2025\/01\/checking-info.webp\" class=\"attachment-full size-full wp-image-6434\" alt=\"checking info\" srcset=\"https:\/\/sobelconsult.com\/wp-content\/uploads\/2025\/01\/checking-info.webp 1000w, https:\/\/sobelconsult.com\/wp-content\/uploads\/2025\/01\/checking-info-300x200.webp 300w, https:\/\/sobelconsult.com\/wp-content\/uploads\/2025\/01\/checking-info-768x512.webp 768w\" sizes=\"(max-width: 1000px) 100vw, 1000px\" \/>\t\t\t\t\t\t\t\t\t\t\t\t\t\t\t<\/div>\n\t\t\t\t<\/div>\n\t\t\t\t<div class=\"elementor-element elementor-element-6f8051b elementor-widget__width-initial elementor-widget elementor-widget-heading\" data-id=\"6f8051b\" data-element_type=\"widget\" data-e-type=\"widget\" data-widget_type=\"heading.default\">\n\t\t\t\t<div class=\"elementor-widget-container\">\n\t\t\t\t\t<h2 class=\"elementor-heading-title elementor-size-default\">Wie wir Ihre klinische Bewertung in den USA unterst\u00fctzen<\/h2>\t\t\t\t<\/div>\n\t\t\t\t<\/div>\n\t\t\t\t<div class=\"elementor-element elementor-element-fc3ae87 elementor-widget elementor-widget-text-editor\" data-id=\"fc3ae87\" data-element_type=\"widget\" data-e-type=\"widget\" data-widget_type=\"text-editor.default\">\n\t\t\t\t<div class=\"elementor-widget-container\">\n\t\t\t\t\t\t\t\t\t<p><strong>Was ist eine klinische Bewertung?<\/strong><\/p><p>Eine klinische Bewertung <strong>ist ein strukturierter Prozess, bei dem klinische Daten zusammengestellt und analysiert werden, um die Sicherheit<\/strong> und Leistung eines Medizinprodukts <strong>nachzuweisen<\/strong>.<\/p><p>F\u00fcr die Einreichung bei der FDA umfasst dies einen klinischen Bewertungsplan (CEP), eine eingehende Literaturrecherche und einen detaillierten klinischen Bewertungsbericht (CER), der Ihre 510(k) oder PMA unterst\u00fctzt. Und wir k\u00f6nnen Ihrem Unternehmen helfen mit: <\/p><ul class=\"data-monday-blocks-wrapper\"><li class=\"monday-block-5\" contenteditable=\"true\" data-monday-block-type=\"5\" data-monday-block-content=\"{\"alignment\":\"left\",\"direction\":\"ltr\",\"deltaFormat\":[{\"insert\":\"Develop a customized Clinical Evaluation Plan outlining objectives, scope, data sources, and evaluation strategy\"}],\"base64Encoded\":\"AQGY9b38BwAEAQl0ZXh0QmxvY2twRGV2ZWxvcCBhIGN1c3RvbWl6ZWQgQ2xpbmljYWwgRXZhbHVhdGlvbiBQbGFuIG91dGxpbmluZyBvYmplY3RpdmVzLCBzY29wZSwgZGF0YSBzb3VyY2VzLCBhbmQgZXZhbHVhdGlvbiBzdHJhdGVneQA=\"}\" data-monday-block-id=\"dbe3fb7a-bc1e-43d5-b74c-55d8dcd5079c\" data-monday-block-collapsed=\"undefined\" data-monday-block-is-collapsed-header=\"undefined\"><p>Entwickeln Sie einen ma\u00dfgeschneiderten Plan f\u00fcr die klinische Bewertung, der die Ziele, den Umfang, die Datenquellen und die Bewertungsstrategie umrei\u00dft.<\/p><\/li><li class=\"monday-block-5\" contenteditable=\"true\" data-monday-block-type=\"5\" data-monday-block-content=\"{\"alignment\":\"left\",\"direction\":\"ltr\",\"deltaFormat\":[{\"insert\":\"Conduct thorough literature searches to gather clinical data on the device or equivalent products\"}],\"base64Encoded\":\"AQHin9TbCgAEAQl0ZXh0QmxvY2thQ29uZHVjdCB0aG9yb3VnaCBsaXRlcmF0dXJlIHNlYXJjaGVzIHRvIGdhdGhlciBjbGluaWNhbCBkYXRhIG9uIHRoZSBkZXZpY2Ugb3IgZXF1aXZhbGVudCBwcm9kdWN0cwA=\"}\" data-monday-block-id=\"7de07e4b-5b3f-41f9-9ec4-fc53289864ad\" data-monday-block-collapsed=\"undefined\" data-monday-block-is-collapsed-header=\"undefined\"><p>F\u00fchren Sie eine gr\u00fcndliche Literaturrecherche durch, um klinische Daten \u00fcber das Ger\u00e4t oder gleichwertige Produkte zu sammeln.<\/p><\/li><li class=\"monday-block-5\" contenteditable=\"true\" data-monday-block-type=\"5\" data-monday-block-content=\"{\"alignment\":\"left\",\"direction\":\"ltr\",\"deltaFormat\":[{\"insert\":\"Analyze available clinical and scientific data to support safety and performance claims\"}],\"base64Encoded\":\"AQHw34uvBAAEAQl0ZXh0QmxvY2tXQW5hbHl6ZSBhdmFpbGFibGUgY2xpbmljYWwgYW5kIHNjaWVudGlmaWMgZGF0YSB0byBzdXBwb3J0IHNhZmV0eSBhbmQgcGVyZm9ybWFuY2UgY2xhaW1zAA==\"}\" data-monday-block-id=\"8fe5f35f-c248-472e-8be8-def8e9f97abb\" data-monday-block-collapsed=\"undefined\" data-monday-block-is-collapsed-header=\"undefined\"><p>Analysieren Sie verf\u00fcgbare klinische und wissenschaftliche Daten zur Unterst\u00fctzung von Sicherheits- und Leistungsanspr\u00fcchen<\/p><\/li><li class=\"monday-block-5\" contenteditable=\"true\" data-monday-block-type=\"5\" data-monday-block-content=\"{\"alignment\":\"left\",\"direction\":\"ltr\",\"deltaFormat\":[{\"insert\":\"Identify any gaps and provide strategic recommendations to address them\"}],\"base64Encoded\":\"AQH\/s+vYAwAEAQl0ZXh0QmxvY2tHSWRlbnRpZnkgYW55IGdhcHMgYW5kIHByb3ZpZGUgc3RyYXRlZ2ljIHJlY29tbWVuZGF0aW9ucyB0byBhZGRyZXNzIHRoZW0A\"}\" data-monday-block-id=\"7eaf0789-7bd4-49c9-999d-d6507727b7aa\" data-monday-block-collapsed=\"undefined\" data-monday-block-is-collapsed-header=\"undefined\"><p>Identifizieren Sie alle L\u00fccken und geben Sie strategische Empfehlungen, um diese zu beheben<\/p><\/li><li class=\"monday-block-5\" contenteditable=\"true\" data-monday-block-type=\"5\" data-monday-block-content=\"{\"alignment\":\"left\",\"direction\":\"ltr\",\"deltaFormat\":[{\"insert\":\"Compile a high-quality, FDA-aligned CER report with clear, structured, and defensible conclusions\"}],\"base64Encoded\":\"AQGzhtObCwAEAQl0ZXh0QmxvY2thQ29tcGlsZSBhIGhpZ2gtcXVhbGl0eSwgRkRBLWFsaWduZWQgQ0VSIHJlcG9ydCB3aXRoIGNsZWFyLCBzdHJ1Y3R1cmVkLCBhbmQgZGVmZW5zaWJsZSBjb25jbHVzaW9ucwA=\"}\" data-monday-block-id=\"f8529a2c-f350-45e4-8494-de4614401dda\" data-monday-block-collapsed=\"undefined\" data-monday-block-is-collapsed-header=\"undefined\"><p>Erstellen Sie einen hochwertigen, FDA-konformen CER-Bericht mit klaren, strukturierten und vertretbaren Schlussfolgerungen<\/p><\/li><li class=\"monday-block-5\" contenteditable=\"true\" data-monday-block-type=\"5\" data-monday-block-content=\"{\"alignment\":\"left\",\"direction\":\"ltr\",\"deltaFormat\":[{\"insert\":\"Ensure all documentation fits seamlessly into your submission for regulatory compliance\"}],\"base64Encoded\":\"AQGIiMb9AgAEAQl0ZXh0QmxvY2tXRW5zdXJlIGFsbCBkb2N1bWVudGF0aW9uIGZpdHMgc2VhbWxlc3NseSBpbnRvIHlvdXIgc3VibWlzc2lvbiBmb3IgcmVndWxhdG9yeSBjb21wbGlhbmNlAA==\"}\" data-monday-block-id=\"bce6d18a-07cf-4c86-b1bc-2bb75ee604f1\" data-monday-block-collapsed=\"undefined\" data-monday-block-is-collapsed-header=\"undefined\"><p>Stellen Sie sicher, dass die gesamte Dokumentation nahtlos in Ihre Einreichung zur Einhaltung der Vorschriften passt.<\/p><\/li><\/ul>\t\t\t\t\t\t\t\t<\/div>\n\t\t\t\t<\/div>\n\t\t\t\t\t<\/div>\n\t\t\t\t<\/div>\n\t\t<div class=\"elementor-element elementor-element-5c01f58 e-flex e-con-boxed e-con e-parent\" data-id=\"5c01f58\" data-element_type=\"container\" data-e-type=\"container\">\n\t\t\t\t\t<div class=\"e-con-inner\">\n\t\t\t\t<div class=\"elementor-element elementor-element-ee215fc elementor-widget-mobile__width-inherit elementor-widget elementor-widget-image\" data-id=\"ee215fc\" data-element_type=\"widget\" data-e-type=\"widget\" data-widget_type=\"image.default\">\n\t\t\t\t<div class=\"elementor-widget-container\">\n\t\t\t\t\t\t\t\t\t\t\t\t\t\t\t<img decoding=\"async\" width=\"1259\" height=\"275\" src=\"https:\/\/sobelconsult.com\/wp-content\/uploads\/2025\/02\/Rectangle-BlueSea.svg\" class=\"attachment-full size-full wp-image-4694\" alt=\"Shape blue sea\" \/>\t\t\t\t\t\t\t\t\t\t\t\t\t\t\t<\/div>\n\t\t\t\t<\/div>\n\t\t\t\t<div class=\"elementor-element elementor-element-486b1c1 elementor-widget elementor-widget-heading\" data-id=\"486b1c1\" data-element_type=\"widget\" data-e-type=\"widget\" data-widget_type=\"heading.default\">\n\t\t\t\t<div class=\"elementor-widget-container\">\n\t\t\t\t\t<h2 class=\"elementor-heading-title elementor-size-default\">Warum brauchen Sie diesen Service?<\/h2>\t\t\t\t<\/div>\n\t\t\t\t<\/div>\n\t\t<div class=\"elementor-element elementor-element-4bf23e3 e-flex e-con-boxed e-con e-child\" data-id=\"4bf23e3\" data-element_type=\"container\" data-e-type=\"container\">\n\t\t\t\t\t<div class=\"e-con-inner\">\n\t\t<div class=\"elementor-element elementor-element-e0b599c e-con-full e-flex e-con e-child\" data-id=\"e0b599c\" data-element_type=\"container\" data-e-type=\"container\" data-settings=\"{&quot;background_background&quot;:&quot;classic&quot;}\">\n\t\t\t\t<div class=\"elementor-element elementor-element-52c94df elementor-widget elementor-widget-text-editor\" data-id=\"52c94df\" data-element_type=\"widget\" data-e-type=\"widget\" data-widget_type=\"text-editor.default\">\n\t\t\t\t<div class=\"elementor-widget-container\">\n\t\t\t\t\t\t\t\t\t<p>Ob 510(k) oder PMA, die FDA erwartet \u00fcberzeugende klinische Nachweise. Ein richtig strukturierter CER-Bericht f\u00fcr Medizinprodukte <strong>hilft Ihnen, Ihren Antrag von Anfang an mit den Erwartungen der Beh\u00f6rden in Einklang zu bringen.<\/strong> <\/p>\t\t\t\t\t\t\t\t<\/div>\n\t\t\t\t<\/div>\n\t\t\t\t<\/div>\n\t\t<div class=\"elementor-element elementor-element-60062f6 e-con-full e-flex e-con e-child\" data-id=\"60062f6\" data-element_type=\"container\" data-e-type=\"container\" data-settings=\"{&quot;background_background&quot;:&quot;classic&quot;}\">\n\t\t\t\t<div class=\"elementor-element elementor-element-01b66a1 elementor-widget elementor-widget-text-editor\" data-id=\"01b66a1\" data-element_type=\"widget\" data-e-type=\"widget\" data-widget_type=\"text-editor.default\">\n\t\t\t\t<div class=\"elementor-widget-container\">\n\t\t\t\t\t\t\t\t\t<p>Wir helfen Ihnen dabei, nachzuweisen, dass Ihr Produkt wie vorgesehen funktioniert und keine inakzeptablen Risiken birgt, und zwar <strong>anhand von Daten, die einer genauen Pr\u00fcfung durch die FDA standhalten.<\/strong><\/p>\t\t\t\t\t\t\t\t<\/div>\n\t\t\t\t<\/div>\n\t\t\t\t<\/div>\n\t\t<div class=\"elementor-element elementor-element-640b304 e-con-full e-flex e-con e-child\" data-id=\"640b304\" data-element_type=\"container\" data-e-type=\"container\" data-settings=\"{&quot;background_background&quot;:&quot;classic&quot;}\">\n\t\t\t\t<div class=\"elementor-element elementor-element-21e66a0 elementor-widget elementor-widget-text-editor\" data-id=\"21e66a0\" data-element_type=\"widget\" data-e-type=\"widget\" data-widget_type=\"text-editor.default\">\n\t\t\t\t<div class=\"elementor-widget-container\">\n\t\t\t\t\t\t\t\t\t<p>Die klinische Bewertung ist komplex. Aber <strong>wir konzentrieren uns nur auf das Wesentliche und<\/strong> helfen Ihnen, unn\u00f6tige Studien zu vermeiden und Ihren Weg zur Zulassung zu straffen. <\/p>\t\t\t\t\t\t\t\t<\/div>\n\t\t\t\t<\/div>\n\t\t\t\t<\/div>\n\t\t\t\t\t<\/div>\n\t\t\t\t<\/div>\n\t\t\t\t<div class=\"elementor-element elementor-element-a650023 elementor-widget elementor-widget-text-editor\" data-id=\"a650023\" data-element_type=\"widget\" data-e-type=\"widget\" data-widget_type=\"text-editor.default\">\n\t\t\t\t<div class=\"elementor-widget-container\">\n\t\t\t\t\t\t\t\t\t<p>Ein gut vorbereiteter Bericht zur klinischen Bewertung unterst\u00fctzt nicht nur Ihren FDA-Antrag - er sch\u00fctzt Ihr Produkt, schafft Vertrauen und st\u00e4rkt Ihre Marke. Deshalb macht es einen gro\u00dfen Unterschied, ein hochqualifiziertes Team wie Sobel an Ihrer Seite zu haben. <\/p>\t\t\t\t\t\t\t\t<\/div>\n\t\t\t\t<\/div>\n\t\t\t\t\t<\/div>\n\t\t\t\t<\/div>\n\t\t<div class=\"elementor-element elementor-element-e7f2524 e-flex e-con-boxed e-con e-parent\" data-id=\"e7f2524\" data-element_type=\"container\" data-e-type=\"container\">\n\t\t\t\t\t<div class=\"e-con-inner\">\n\t\t<div class=\"elementor-element elementor-element-147b12f e-con-full e-flex e-con e-child\" data-id=\"147b12f\" data-element_type=\"container\" data-e-type=\"container\" data-settings=\"{&quot;background_background&quot;:&quot;classic&quot;}\">\n\t\t<div class=\"elementor-element elementor-element-ad64db1 e-con-full e-flex e-con e-child\" data-id=\"ad64db1\" data-element_type=\"container\" data-e-type=\"container\">\n\t\t\t\t<div class=\"elementor-element elementor-element-ce9d794 elementor-widget elementor-widget-heading\" data-id=\"ce9d794\" data-element_type=\"widget\" data-e-type=\"widget\" data-widget_type=\"heading.default\">\n\t\t\t\t<div class=\"elementor-widget-container\">\n\t\t\t\t\t<h2 class=\"elementor-heading-title elementor-size-default\">Suchen Sie Unterst\u00fctzung bei der klinischen Bewertung?<\/h2>\t\t\t\t<\/div>\n\t\t\t\t<\/div>\n\t\t\t\t<div class=\"elementor-element elementor-element-4bda438 elementor-widget__width-initial elementor-widget elementor-widget-text-editor\" data-id=\"4bda438\" data-element_type=\"widget\" data-e-type=\"widget\" data-widget_type=\"text-editor.default\">\n\t\t\t\t<div class=\"elementor-widget-container\">\n\t\t\t\t\t\t\t\t\t<p><strong>Bei Sobel ist die klinische Bewertung ein strategischer Schritt zur erfolgreichen Zulassung.  <\/strong>Unser Team kombiniert regulatorische Kenntnisse, wissenschaftliches Fachwissen und eine klare Kommunikation, um Ihnen zu helfen, Ihre Antr\u00e4ge mit Zuversicht einzureichen und sich auf dem Markt zu behaupten.<\/p><p><strong>Lassen Sie sich von uns vom Plan bis zum CER-Bericht begleiten - mit Qualit\u00e4t, Pr\u00e4zision und in voller \u00dcbereinstimmung mit den Erwartungen der FDA.<\/strong><\/p>\t\t\t\t\t\t\t\t<\/div>\n\t\t\t\t<\/div>\n\t\t\t\t<\/div>\n\t\t\t\t<div class=\"elementor-element elementor-element-b84236d elementor-widget elementor-widget-button\" data-id=\"b84236d\" data-element_type=\"widget\" data-e-type=\"widget\" data-widget_type=\"button.default\">\n\t\t\t\t<div class=\"elementor-widget-container\">\n\t\t\t\t\t\t\t\t\t<div class=\"elementor-button-wrapper\">\n\t\t\t\t\t<a class=\"elementor-button elementor-button-link elementor-size-sm\" href=\"#elementor-action%3Aaction%3Dpopup%3Aopen%26settings%3DeyJpZCI6NzM0MywidG9nZ2xlIjpmYWxzZX0%3D\">\n\t\t\t\t\t\t<span class=\"elementor-button-content-wrapper\">\n\t\t\t\t\t\t\t\t\t<span class=\"elementor-button-text\">Kontaktieren Sie uns noch heute!<\/span>\n\t\t\t\t\t<\/span>\n\t\t\t\t\t<\/a>\n\t\t\t\t<\/div>\n\t\t\t\t\t\t\t\t<\/div>\n\t\t\t\t<\/div>\n\t\t\t\t<\/div>\n\t\t\t\t\t<\/div>\n\t\t\t\t<\/div>\n\t\t\t\t<\/div>\n\t\t","protected":false},"excerpt":{"rendered":"<p>Klinische Bewertungsdienste f\u00fcr FDA-Antr\u00e4ge. CERs und CEPs zur Unterst\u00fctzung von 510(k)- und PMA-Antr\u00e4gen mit regulatorisch abgestimmten Nachweisen. <\/p>\n","protected":false},"author":11,"featured_media":7119,"parent":0,"menu_order":0,"comment_status":"closed","ping_status":"closed","template":"","meta":{"footnotes":""},"class_list":["post-4864","page","type-page","status-publish","has-post-thumbnail","hentry"],"yoast_head":"<!-- This site is optimized with the Yoast SEO Premium plugin v26.3 (Yoast SEO v26.8) - https:\/\/yoast.com\/product\/yoast-seo-premium-wordpress\/ -->\n<title>Klinische Bewertungsdienste | FDA-Konformit\u00e4t f\u00fcr 510(k) &amp; PMA-Einreichungen<\/title>\n<meta name=\"description\" content=\"Klinische Bewertungsdienste f\u00fcr FDA-Antr\u00e4ge. CERs und CEPs zur Unterst\u00fctzung von 510(k)- und PMA-Antr\u00e4gen mit regulatorisch abgestimmten Nachweisen.\" \/>\n<meta name=\"robots\" content=\"index, follow, max-snippet:-1, max-image-preview:large, max-video-preview:-1\" \/>\n<link rel=\"canonical\" href=\"https:\/\/sobelconsult.com\/de\/klinische-bewertung-usa\/\" \/>\n<meta property=\"og:locale\" content=\"de_DE\" \/>\n<meta property=\"og:type\" content=\"article\" \/>\n<meta property=\"og:title\" content=\"Klinische Bewertung - USA\" \/>\n<meta property=\"og:description\" content=\"Klinische Bewertungsdienste f\u00fcr FDA-Antr\u00e4ge. CERs und CEPs zur Unterst\u00fctzung von 510(k)- und PMA-Antr\u00e4gen mit regulatorisch abgestimmten Nachweisen.\" \/>\n<meta property=\"og:url\" content=\"https:\/\/sobelconsult.com\/de\/klinische-bewertung-usa\/\" \/>\n<meta property=\"og:site_name\" content=\"Sobel\" \/>\n<meta property=\"og:image\" content=\"https:\/\/sobelconsult.com\/wp-content\/uploads\/2025\/04\/Clinical-Evaluation.webp\" \/>\n\t<meta property=\"og:image:width\" content=\"1000\" \/>\n\t<meta property=\"og:image:height\" content=\"657\" \/>\n\t<meta property=\"og:image:type\" content=\"image\/webp\" \/>\n<meta name=\"twitter:card\" content=\"summary_large_image\" \/>\n<meta name=\"twitter:label1\" content=\"Gesch\u00e4tzte Lesezeit\" \/>\n\t<meta name=\"twitter:data1\" content=\"2\u00a0Minute\" \/>\n<script type=\"application\/ld+json\" class=\"yoast-schema-graph\">{\"@context\":\"https:\/\/schema.org\",\"@graph\":[{\"@type\":\"WebPage\",\"@id\":\"https:\/\/sobelconsult.com\/de\/klinische-bewertung-usa\/\",\"url\":\"https:\/\/sobelconsult.com\/de\/klinische-bewertung-usa\/\",\"name\":\"Klinische Bewertungsdienste | FDA-Konformit\u00e4t f\u00fcr 510(k) & PMA-Einreichungen\",\"isPartOf\":{\"@id\":\"https:\/\/sobelconsult.com\/de\/#website\"},\"primaryImageOfPage\":{\"@id\":\"https:\/\/sobelconsult.com\/de\/klinische-bewertung-usa\/#primaryimage\"},\"image\":{\"@id\":\"https:\/\/sobelconsult.com\/de\/klinische-bewertung-usa\/#primaryimage\"},\"thumbnailUrl\":\"https:\/\/sobelconsult.com\/wp-content\/uploads\/2025\/04\/Clinical-Evaluation.webp\",\"datePublished\":\"2025-06-01T13:00:00+00:00\",\"description\":\"Klinische Bewertungsdienste f\u00fcr FDA-Antr\u00e4ge. CERs und CEPs zur Unterst\u00fctzung von 510(k)- und PMA-Antr\u00e4gen mit regulatorisch abgestimmten Nachweisen.\",\"breadcrumb\":{\"@id\":\"https:\/\/sobelconsult.com\/de\/klinische-bewertung-usa\/#breadcrumb\"},\"inLanguage\":\"de\",\"potentialAction\":[{\"@type\":\"ReadAction\",\"target\":[\"https:\/\/sobelconsult.com\/de\/klinische-bewertung-usa\/\"]}]},{\"@type\":\"ImageObject\",\"inLanguage\":\"de\",\"@id\":\"https:\/\/sobelconsult.com\/de\/klinische-bewertung-usa\/#primaryimage\",\"url\":\"https:\/\/sobelconsult.com\/wp-content\/uploads\/2025\/04\/Clinical-Evaluation.webp\",\"contentUrl\":\"https:\/\/sobelconsult.com\/wp-content\/uploads\/2025\/04\/Clinical-Evaluation.webp\",\"width\":1000,\"height\":657,\"caption\":\"checking info\"},{\"@type\":\"BreadcrumbList\",\"@id\":\"https:\/\/sobelconsult.com\/de\/klinische-bewertung-usa\/#breadcrumb\",\"itemListElement\":[{\"@type\":\"ListItem\",\"position\":1,\"name\":\"Startseite\",\"item\":\"https:\/\/sobelconsult.com\/de\/home\/\"},{\"@type\":\"ListItem\",\"position\":2,\"name\":\"Klinische Bewertung &#8211; USA\"}]},{\"@type\":\"WebSite\",\"@id\":\"https:\/\/sobelconsult.com\/de\/#website\",\"url\":\"https:\/\/sobelconsult.com\/de\/\",\"name\":\"Sobel\",\"description\":\"Regulatory Consultancy\",\"publisher\":{\"@id\":\"https:\/\/sobelconsult.com\/de\/#organization\"},\"potentialAction\":[{\"@type\":\"SearchAction\",\"target\":{\"@type\":\"EntryPoint\",\"urlTemplate\":\"https:\/\/sobelconsult.com\/de\/?s={search_term_string}\"},\"query-input\":{\"@type\":\"PropertyValueSpecification\",\"valueRequired\":true,\"valueName\":\"search_term_string\"}}],\"inLanguage\":\"de\"},{\"@type\":\"Organization\",\"@id\":\"https:\/\/sobelconsult.com\/de\/#organization\",\"name\":\"Sobel\",\"url\":\"https:\/\/sobelconsult.com\/de\/\",\"logo\":{\"@type\":\"ImageObject\",\"inLanguage\":\"de\",\"@id\":\"https:\/\/sobelconsult.com\/de\/#\/schema\/logo\/image\/\",\"url\":\"https:\/\/sobelconsult.com\/wp-content\/uploads\/2024\/07\/Logo-Oficial-Website-White.png\",\"contentUrl\":\"https:\/\/sobelconsult.com\/wp-content\/uploads\/2024\/07\/Logo-Oficial-Website-White.png\",\"width\":741,\"height\":290,\"caption\":\"Sobel\"},\"image\":{\"@id\":\"https:\/\/sobelconsult.com\/de\/#\/schema\/logo\/image\/\"}}]}<\/script>\n<!-- \/ Yoast SEO Premium plugin. -->","yoast_head_json":{"title":"Klinische Bewertungsdienste | FDA-Konformit\u00e4t f\u00fcr 510(k) & PMA-Einreichungen","description":"Klinische Bewertungsdienste f\u00fcr FDA-Antr\u00e4ge. CERs und CEPs zur Unterst\u00fctzung von 510(k)- und PMA-Antr\u00e4gen mit regulatorisch abgestimmten Nachweisen.","robots":{"index":"index","follow":"follow","max-snippet":"max-snippet:-1","max-image-preview":"max-image-preview:large","max-video-preview":"max-video-preview:-1"},"canonical":"https:\/\/sobelconsult.com\/de\/klinische-bewertung-usa\/","og_locale":"de_DE","og_type":"article","og_title":"Klinische Bewertung - USA","og_description":"Klinische Bewertungsdienste f\u00fcr FDA-Antr\u00e4ge. CERs und CEPs zur Unterst\u00fctzung von 510(k)- und PMA-Antr\u00e4gen mit regulatorisch abgestimmten Nachweisen.","og_url":"https:\/\/sobelconsult.com\/de\/klinische-bewertung-usa\/","og_site_name":"Sobel","og_image":[{"width":1000,"height":657,"url":"https:\/\/sobelconsult.com\/wp-content\/uploads\/2025\/04\/Clinical-Evaluation.webp","type":"image\/webp"}],"twitter_card":"summary_large_image","twitter_misc":{"Gesch\u00e4tzte Lesezeit":"2\u00a0Minute"},"schema":{"@context":"https:\/\/schema.org","@graph":[{"@type":"WebPage","@id":"https:\/\/sobelconsult.com\/de\/klinische-bewertung-usa\/","url":"https:\/\/sobelconsult.com\/de\/klinische-bewertung-usa\/","name":"Klinische Bewertungsdienste | FDA-Konformit\u00e4t f\u00fcr 510(k) & PMA-Einreichungen","isPartOf":{"@id":"https:\/\/sobelconsult.com\/de\/#website"},"primaryImageOfPage":{"@id":"https:\/\/sobelconsult.com\/de\/klinische-bewertung-usa\/#primaryimage"},"image":{"@id":"https:\/\/sobelconsult.com\/de\/klinische-bewertung-usa\/#primaryimage"},"thumbnailUrl":"https:\/\/sobelconsult.com\/wp-content\/uploads\/2025\/04\/Clinical-Evaluation.webp","datePublished":"2025-06-01T13:00:00+00:00","description":"Klinische Bewertungsdienste f\u00fcr FDA-Antr\u00e4ge. CERs und CEPs zur Unterst\u00fctzung von 510(k)- und PMA-Antr\u00e4gen mit regulatorisch abgestimmten Nachweisen.","breadcrumb":{"@id":"https:\/\/sobelconsult.com\/de\/klinische-bewertung-usa\/#breadcrumb"},"inLanguage":"de","potentialAction":[{"@type":"ReadAction","target":["https:\/\/sobelconsult.com\/de\/klinische-bewertung-usa\/"]}]},{"@type":"ImageObject","inLanguage":"de","@id":"https:\/\/sobelconsult.com\/de\/klinische-bewertung-usa\/#primaryimage","url":"https:\/\/sobelconsult.com\/wp-content\/uploads\/2025\/04\/Clinical-Evaluation.webp","contentUrl":"https:\/\/sobelconsult.com\/wp-content\/uploads\/2025\/04\/Clinical-Evaluation.webp","width":1000,"height":657,"caption":"checking info"},{"@type":"BreadcrumbList","@id":"https:\/\/sobelconsult.com\/de\/klinische-bewertung-usa\/#breadcrumb","itemListElement":[{"@type":"ListItem","position":1,"name":"Startseite","item":"https:\/\/sobelconsult.com\/de\/home\/"},{"@type":"ListItem","position":2,"name":"Klinische Bewertung &#8211; USA"}]},{"@type":"WebSite","@id":"https:\/\/sobelconsult.com\/de\/#website","url":"https:\/\/sobelconsult.com\/de\/","name":"Sobel","description":"Regulatory Consultancy","publisher":{"@id":"https:\/\/sobelconsult.com\/de\/#organization"},"potentialAction":[{"@type":"SearchAction","target":{"@type":"EntryPoint","urlTemplate":"https:\/\/sobelconsult.com\/de\/?s={search_term_string}"},"query-input":{"@type":"PropertyValueSpecification","valueRequired":true,"valueName":"search_term_string"}}],"inLanguage":"de"},{"@type":"Organization","@id":"https:\/\/sobelconsult.com\/de\/#organization","name":"Sobel","url":"https:\/\/sobelconsult.com\/de\/","logo":{"@type":"ImageObject","inLanguage":"de","@id":"https:\/\/sobelconsult.com\/de\/#\/schema\/logo\/image\/","url":"https:\/\/sobelconsult.com\/wp-content\/uploads\/2024\/07\/Logo-Oficial-Website-White.png","contentUrl":"https:\/\/sobelconsult.com\/wp-content\/uploads\/2024\/07\/Logo-Oficial-Website-White.png","width":741,"height":290,"caption":"Sobel"},"image":{"@id":"https:\/\/sobelconsult.com\/de\/#\/schema\/logo\/image\/"}}]}},"_links":{"self":[{"href":"https:\/\/sobelconsult.com\/de\/wp-json\/wp\/v2\/pages\/4864","targetHints":{"allow":["GET"]}}],"collection":[{"href":"https:\/\/sobelconsult.com\/de\/wp-json\/wp\/v2\/pages"}],"about":[{"href":"https:\/\/sobelconsult.com\/de\/wp-json\/wp\/v2\/types\/page"}],"author":[{"embeddable":true,"href":"https:\/\/sobelconsult.com\/de\/wp-json\/wp\/v2\/users\/11"}],"replies":[{"embeddable":true,"href":"https:\/\/sobelconsult.com\/de\/wp-json\/wp\/v2\/comments?post=4864"}],"version-history":[{"count":0,"href":"https:\/\/sobelconsult.com\/de\/wp-json\/wp\/v2\/pages\/4864\/revisions"}],"wp:featuredmedia":[{"embeddable":true,"href":"https:\/\/sobelconsult.com\/de\/wp-json\/wp\/v2\/media\/7119"}],"wp:attachment":[{"href":"https:\/\/sobelconsult.com\/de\/wp-json\/wp\/v2\/media?parent=4864"}],"curies":[{"name":"wp","href":"https:\/\/api.w.org\/{rel}","templated":true}]}}