{"id":5534,"date":"2025-06-01T10:00:00","date_gmt":"2025-06-01T13:00:00","guid":{"rendered":"https:\/\/sobelconsult.com\/cookies-richtlinie\/"},"modified":"2025-06-01T13:00:00","modified_gmt":"2025-06-01T13:00:00","slug":"cookies-richtlinie","status":"publish","type":"page","link":"https:\/\/sobelconsult.com\/de\/cookies-richtlinie\/","title":{"rendered":"Cookies-Richtlinie"},"content":{"rendered":"\t\t<div data-elementor-type=\"wp-page\" data-elementor-id=\"5534\" class=\"elementor elementor-5534 elementor-5293\" data-elementor-post-type=\"page\">\n\t\t\t\t<div class=\"elementor-element elementor-element-0c3007a e-flex e-con-boxed e-con e-parent\" data-id=\"0c3007a\" data-element_type=\"container\" data-e-type=\"container\" data-settings=\"{&quot;background_background&quot;:&quot;classic&quot;}\">\n\t\t\t\t\t<div class=\"e-con-inner\">\n\t\t\t\t<div class=\"elementor-element elementor-element-c30023b elementor-widget elementor-widget-heading\" data-id=\"c30023b\" data-element_type=\"widget\" data-e-type=\"widget\" data-widget_type=\"heading.default\">\n\t\t\t\t<div class=\"elementor-widget-container\">\n\t\t\t\t\t<h1 class=\"elementor-heading-title elementor-size-default\">Cookies-Richtlinie<\/h1>\t\t\t\t<\/div>\n\t\t\t\t<\/div>\n\t\t\t\t\t<\/div>\n\t\t\t\t<\/div>\n\t\t<div class=\"elementor-element elementor-element-ce54af8 e-flex e-con-boxed e-con e-parent\" data-id=\"ce54af8\" data-element_type=\"container\" data-e-type=\"container\">\n\t\t\t\t\t<div class=\"e-con-inner\">\n\t\t\t\t<div class=\"elementor-element elementor-element-6f30133 elementor-icon-list--layout-inline elementor-widget__width-auto elementor-list-item-link-full_width elementor-widget elementor-widget-icon-list\" data-id=\"6f30133\" data-element_type=\"widget\" data-e-type=\"widget\" data-widget_type=\"icon-list.default\">\n\t\t\t\t<div class=\"elementor-widget-container\">\n\t\t\t\t\t\t\t<ul class=\"elementor-icon-list-items elementor-inline-items\">\n\t\t\t\t\t\t\t<li class=\"elementor-icon-list-item elementor-inline-item\">\n\t\t\t\t\t\t\t\t\t\t\t<a href=\"https:\/\/sobelconsult.com\/de\/\">\n\n\t\t\t\t\t\t\t\t\t\t\t\t<span class=\"elementor-icon-list-icon\">\n\t\t\t\t\t\t\t<svg aria-hidden=\"true\" class=\"e-font-icon-svg e-fas-dot-circle\" viewBox=\"0 0 512 512\" xmlns=\"http:\/\/www.w3.org\/2000\/svg\"><path d=\"M256 8C119.033 8 8 119.033 8 256s111.033 248 248 248 248-111.033 248-248S392.967 8 256 8zm80 248c0 44.112-35.888 80-80 80s-80-35.888-80-80 35.888-80 80-80 80 35.888 80 80z\"><\/path><\/svg>\t\t\t\t\t\t<\/span>\n\t\t\t\t\t\t\t\t\t\t<span class=\"elementor-icon-list-text\">Startseite<\/span>\n\t\t\t\t\t\t\t\t\t\t\t<\/a>\n\t\t\t\t\t\t\t\t\t<\/li>\n\t\t\t\t\t\t\t\t<li class=\"elementor-icon-list-item elementor-inline-item\">\n\t\t\t\t\t\t\t\t\t\t\t<a href=\"https:\/\/sobelconsult.com\/de\/cookies-richtlinie\/\">\n\n\t\t\t\t\t\t\t\t\t\t\t\t<span class=\"elementor-icon-list-icon\">\n\t\t\t\t\t\t\t<svg aria-hidden=\"true\" class=\"e-font-icon-svg e-fas-dot-circle\" viewBox=\"0 0 512 512\" xmlns=\"http:\/\/www.w3.org\/2000\/svg\"><path d=\"M256 8C119.033 8 8 119.033 8 256s111.033 248 248 248 248-111.033 248-248S392.967 8 256 8zm80 248c0 44.112-35.888 80-80 80s-80-35.888-80-80 35.888-80 80-80 80 35.888 80 80z\"><\/path><\/svg>\t\t\t\t\t\t<\/span>\n\t\t\t\t\t\t\t\t\t\t<span class=\"elementor-icon-list-text\">Cookies-Richtlinie<\/span>\n\t\t\t\t\t\t\t\t\t\t\t<\/a>\n\t\t\t\t\t\t\t\t\t<\/li>\n\t\t\t\t\t\t<\/ul>\n\t\t\t\t\t\t<\/div>\n\t\t\t\t<\/div>\n\t\t\t\t<div class=\"elementor-element elementor-element-59b60bc elementor-widget elementor-widget-heading\" data-id=\"59b60bc\" data-element_type=\"widget\" data-e-type=\"widget\" data-widget_type=\"heading.default\">\n\t\t\t\t<div class=\"elementor-widget-container\">\n\t\t\t\t\t<h2 class=\"elementor-heading-title elementor-size-default\">Cookies-Richtlinie<\/h2>\t\t\t\t<\/div>\n\t\t\t\t<\/div>\n\t\t\t\t\t<\/div>\n\t\t\t\t<\/div>\n\t\t<div class=\"elementor-element elementor-element-ff36522 e-flex e-con-boxed e-con e-parent\" data-id=\"ff36522\" data-element_type=\"container\" data-e-type=\"container\">\n\t\t\t\t\t<div class=\"e-con-inner\">\n\t\t<div class=\"elementor-element elementor-element-ce0bdbe e-flex e-con-boxed e-con e-child\" data-id=\"ce0bdbe\" data-element_type=\"container\" data-e-type=\"container\" data-settings=\"{&quot;background_background&quot;:&quot;classic&quot;}\">\n\t\t\t\t\t<div class=\"e-con-inner\">\n\t\t\t\t<div class=\"elementor-element elementor-element-59ab56d elementor-widget elementor-widget-heading\" data-id=\"59ab56d\" data-element_type=\"widget\" data-e-type=\"widget\" data-widget_type=\"heading.default\">\n\t\t\t\t<div class=\"elementor-widget-container\">\n\t\t\t\t\t<h2 class=\"elementor-heading-title elementor-size-default\">Ben\u00f6tigen Sie weitere Hilfe?<\/h2>\t\t\t\t<\/div>\n\t\t\t\t<\/div>\n\t\t\t\t<div class=\"elementor-element elementor-element-fe1634d elementor-widget elementor-widget-text-editor\" data-id=\"fe1634d\" data-element_type=\"widget\" data-e-type=\"widget\" data-widget_type=\"text-editor.default\">\n\t\t\t\t<div class=\"elementor-widget-container\">\n\t\t\t\t\t\t\t\t\t<p>Unser Support-Team ist f\u00fcr Sie da. Haben Sie Fragen oder ben\u00f6tigen Sie Hilfe? Wir sind nur einen Klick entfernt. Wenden Sie sich an uns, wenn Sie schnelle Hilfe ben\u00f6tigen.   <\/p>\t\t\t\t\t\t\t\t<\/div>\n\t\t\t\t<\/div>\n\t\t\t\t<div class=\"elementor-element elementor-element-bf0cba3 elementor-align-center elementor-widget elementor-widget-button\" data-id=\"bf0cba3\" data-element_type=\"widget\" data-e-type=\"widget\" data-widget_type=\"button.default\">\n\t\t\t\t<div class=\"elementor-widget-container\">\n\t\t\t\t\t\t\t\t\t<div class=\"elementor-button-wrapper\">\n\t\t\t\t\t<a class=\"elementor-button elementor-button-link elementor-size-sm\" href=\"#elementor-action%3Aaction%3Dpopup%3Aopen%26settings%3DeyJpZCI6NDk4MywidG9nZ2xlIjpmYWxzZX0%3D\">\n\t\t\t\t\t\t<span class=\"elementor-button-content-wrapper\">\n\t\t\t\t\t\t<span class=\"elementor-button-icon\">\n\t\t\t\t<svg aria-hidden=\"true\" class=\"e-font-icon-svg e-fas-arrow-right\" viewBox=\"0 0 448 512\" xmlns=\"http:\/\/www.w3.org\/2000\/svg\"><path d=\"M190.5 66.9l22.2-22.2c9.4-9.4 24.6-9.4 33.9 0L441 239c9.4 9.4 9.4 24.6 0 33.9L246.6 467.3c-9.4 9.4-24.6 9.4-33.9 0l-22.2-22.2c-9.5-9.5-9.3-25 .4-34.3L311.4 296H24c-13.3 0-24-10.7-24-24v-32c0-13.3 10.7-24 24-24h287.4L190.9 101.2c-9.8-9.3-10-24.8-.4-34.3z\"><\/path><\/svg>\t\t\t<\/span>\n\t\t\t\t\t\t\t\t\t<span class=\"elementor-button-text\">Sprechen Sie uns an<\/span>\n\t\t\t\t\t<\/span>\n\t\t\t\t\t<\/a>\n\t\t\t\t<\/div>\n\t\t\t\t\t\t\t\t<\/div>\n\t\t\t\t<\/div>\n\t\t\t\t\t<\/div>\n\t\t\t\t<\/div>\n\t\t\t\t\t<\/div>\n\t\t\t\t<\/div>\n\t\t\t\t<\/div>\n\t\t","protected":false},"excerpt":{"rendered":"<p>Startseite Ben\u00f6tigen Sie weitere Hilfe? Unser Support-Team ist f\u00fcr Sie da. Haben Sie Fragen oder ben\u00f6tigen Sie Hilfe? Wir sind nur einen Klick entfernt. Wenden Sie sich an uns, wenn Sie schnelle Hilfe ben\u00f6tigen. Sprechen Sie uns an<\/p>\n","protected":false},"author":11,"featured_media":0,"parent":0,"menu_order":0,"comment_status":"closed","ping_status":"closed","template":"","meta":{"footnotes":""},"class_list":["post-5534","page","type-page","status-publish","hentry"],"yoast_head":"<!-- This site is optimized with the Yoast SEO Premium plugin v26.3 (Yoast SEO v26.8) - https:\/\/yoast.com\/product\/yoast-seo-premium-wordpress\/ -->\n<title>Cookies-Richtlinie - Sobel<\/title>\n<meta name=\"robots\" content=\"index, follow, max-snippet:-1, max-image-preview:large, max-video-preview:-1\" \/>\n<link rel=\"canonical\" href=\"https:\/\/sobelconsult.com\/de\/cookies-richtlinie\/\" \/>\n<meta property=\"og:locale\" content=\"de_DE\" \/>\n<meta property=\"og:type\" content=\"article\" \/>\n<meta property=\"og:title\" content=\"Cookies-Richtlinie\" \/>\n<meta property=\"og:description\" content=\"Startseite Ben\u00f6tigen Sie weitere Hilfe? Unser Support-Team ist f\u00fcr Sie da. Haben Sie Fragen oder ben\u00f6tigen Sie Hilfe? Wir sind nur einen Klick entfernt. Wenden Sie sich an uns, wenn Sie schnelle Hilfe ben\u00f6tigen. Sprechen Sie uns an\" \/>\n<meta property=\"og:url\" content=\"https:\/\/sobelconsult.com\/de\/cookies-richtlinie\/\" \/>\n<meta property=\"og:site_name\" content=\"Sobel\" \/>\n<meta name=\"twitter:card\" content=\"summary_large_image\" \/>\n<script type=\"application\/ld+json\" class=\"yoast-schema-graph\">{\"@context\":\"https:\/\/schema.org\",\"@graph\":[{\"@type\":\"WebPage\",\"@id\":\"https:\/\/sobelconsult.com\/de\/cookies-richtlinie\/\",\"url\":\"https:\/\/sobelconsult.com\/de\/cookies-richtlinie\/\",\"name\":\"Cookies-Richtlinie - Sobel\",\"isPartOf\":{\"@id\":\"https:\/\/sobelconsult.com\/de\/#website\"},\"datePublished\":\"2025-06-01T13:00:00+00:00\",\"breadcrumb\":{\"@id\":\"https:\/\/sobelconsult.com\/de\/cookies-richtlinie\/#breadcrumb\"},\"inLanguage\":\"de\",\"potentialAction\":[{\"@type\":\"ReadAction\",\"target\":[\"https:\/\/sobelconsult.com\/de\/cookies-richtlinie\/\"]}]},{\"@type\":\"BreadcrumbList\",\"@id\":\"https:\/\/sobelconsult.com\/de\/cookies-richtlinie\/#breadcrumb\",\"itemListElement\":[{\"@type\":\"ListItem\",\"position\":1,\"name\":\"Startseite\",\"item\":\"https:\/\/sobelconsult.com\/de\/home\/\"},{\"@type\":\"ListItem\",\"position\":2,\"name\":\"Cookies-Richtlinie\"}]},{\"@type\":\"WebSite\",\"@id\":\"https:\/\/sobelconsult.com\/de\/#website\",\"url\":\"https:\/\/sobelconsult.com\/de\/\",\"name\":\"Sobel\",\"description\":\"Regulatory Consultancy\",\"publisher\":{\"@id\":\"https:\/\/sobelconsult.com\/de\/#organization\"},\"potentialAction\":[{\"@type\":\"SearchAction\",\"target\":{\"@type\":\"EntryPoint\",\"urlTemplate\":\"https:\/\/sobelconsult.com\/de\/?s={search_term_string}\"},\"query-input\":{\"@type\":\"PropertyValueSpecification\",\"valueRequired\":true,\"valueName\":\"search_term_string\"}}],\"inLanguage\":\"de\"},{\"@type\":\"Organization\",\"@id\":\"https:\/\/sobelconsult.com\/de\/#organization\",\"name\":\"Sobel\",\"url\":\"https:\/\/sobelconsult.com\/de\/\",\"logo\":{\"@type\":\"ImageObject\",\"inLanguage\":\"de\",\"@id\":\"https:\/\/sobelconsult.com\/de\/#\/schema\/logo\/image\/\",\"url\":\"https:\/\/sobelconsult.com\/wp-content\/uploads\/2024\/07\/Logo-Oficial-Website-White.png\",\"contentUrl\":\"https:\/\/sobelconsult.com\/wp-content\/uploads\/2024\/07\/Logo-Oficial-Website-White.png\",\"width\":741,\"height\":290,\"caption\":\"Sobel\"},\"image\":{\"@id\":\"https:\/\/sobelconsult.com\/de\/#\/schema\/logo\/image\/\"}}]}<\/script>\n<!-- \/ Yoast SEO Premium plugin. -->","yoast_head_json":{"title":"Cookies-Richtlinie - Sobel","robots":{"index":"index","follow":"follow","max-snippet":"max-snippet:-1","max-image-preview":"max-image-preview:large","max-video-preview":"max-video-preview:-1"},"canonical":"https:\/\/sobelconsult.com\/de\/cookies-richtlinie\/","og_locale":"de_DE","og_type":"article","og_title":"Cookies-Richtlinie","og_description":"Startseite Ben\u00f6tigen Sie weitere Hilfe? Unser Support-Team ist f\u00fcr Sie da. Haben Sie Fragen oder ben\u00f6tigen Sie Hilfe? Wir sind nur einen Klick entfernt. Wenden Sie sich an uns, wenn Sie schnelle Hilfe ben\u00f6tigen. Sprechen Sie uns an","og_url":"https:\/\/sobelconsult.com\/de\/cookies-richtlinie\/","og_site_name":"Sobel","twitter_card":"summary_large_image","schema":{"@context":"https:\/\/schema.org","@graph":[{"@type":"WebPage","@id":"https:\/\/sobelconsult.com\/de\/cookies-richtlinie\/","url":"https:\/\/sobelconsult.com\/de\/cookies-richtlinie\/","name":"Cookies-Richtlinie - Sobel","isPartOf":{"@id":"https:\/\/sobelconsult.com\/de\/#website"},"datePublished":"2025-06-01T13:00:00+00:00","breadcrumb":{"@id":"https:\/\/sobelconsult.com\/de\/cookies-richtlinie\/#breadcrumb"},"inLanguage":"de","potentialAction":[{"@type":"ReadAction","target":["https:\/\/sobelconsult.com\/de\/cookies-richtlinie\/"]}]},{"@type":"BreadcrumbList","@id":"https:\/\/sobelconsult.com\/de\/cookies-richtlinie\/#breadcrumb","itemListElement":[{"@type":"ListItem","position":1,"name":"Startseite","item":"https:\/\/sobelconsult.com\/de\/home\/"},{"@type":"ListItem","position":2,"name":"Cookies-Richtlinie"}]},{"@type":"WebSite","@id":"https:\/\/sobelconsult.com\/de\/#website","url":"https:\/\/sobelconsult.com\/de\/","name":"Sobel","description":"Regulatory Consultancy","publisher":{"@id":"https:\/\/sobelconsult.com\/de\/#organization"},"potentialAction":[{"@type":"SearchAction","target":{"@type":"EntryPoint","urlTemplate":"https:\/\/sobelconsult.com\/de\/?s={search_term_string}"},"query-input":{"@type":"PropertyValueSpecification","valueRequired":true,"valueName":"search_term_string"}}],"inLanguage":"de"},{"@type":"Organization","@id":"https:\/\/sobelconsult.com\/de\/#organization","name":"Sobel","url":"https:\/\/sobelconsult.com\/de\/","logo":{"@type":"ImageObject","inLanguage":"de","@id":"https:\/\/sobelconsult.com\/de\/#\/schema\/logo\/image\/","url":"https:\/\/sobelconsult.com\/wp-content\/uploads\/2024\/07\/Logo-Oficial-Website-White.png","contentUrl":"https:\/\/sobelconsult.com\/wp-content\/uploads\/2024\/07\/Logo-Oficial-Website-White.png","width":741,"height":290,"caption":"Sobel"},"image":{"@id":"https:\/\/sobelconsult.com\/de\/#\/schema\/logo\/image\/"}}]}},"_links":{"self":[{"href":"https:\/\/sobelconsult.com\/de\/wp-json\/wp\/v2\/pages\/5534","targetHints":{"allow":["GET"]}}],"collection":[{"href":"https:\/\/sobelconsult.com\/de\/wp-json\/wp\/v2\/pages"}],"about":[{"href":"https:\/\/sobelconsult.com\/de\/wp-json\/wp\/v2\/types\/page"}],"author":[{"embeddable":true,"href":"https:\/\/sobelconsult.com\/de\/wp-json\/wp\/v2\/users\/11"}],"replies":[{"embeddable":true,"href":"https:\/\/sobelconsult.com\/de\/wp-json\/wp\/v2\/comments?post=5534"}],"version-history":[{"count":0,"href":"https:\/\/sobelconsult.com\/de\/wp-json\/wp\/v2\/pages\/5534\/revisions"}],"wp:attachment":[{"href":"https:\/\/sobelconsult.com\/de\/wp-json\/wp\/v2\/media?parent=5534"}],"curies":[{"name":"wp","href":"https:\/\/api.w.org\/{rel}","templated":true}]}}