{"id":5559,"date":"2025-06-01T10:00:00","date_gmt":"2025-06-01T13:00:00","guid":{"rendered":"https:\/\/sobelconsult.com\/datenschutzbestimmungen\/"},"modified":"2025-06-01T13:00:00","modified_gmt":"2025-06-01T13:00:00","slug":"datenschutzbestimmungen","status":"publish","type":"page","link":"https:\/\/sobelconsult.com\/de\/datenschutzbestimmungen\/","title":{"rendered":"Datenschutzbestimmungen"},"content":{"rendered":"\t\t<div data-elementor-type=\"wp-page\" data-elementor-id=\"5559\" class=\"elementor elementor-5559 elementor-1539\" data-elementor-post-type=\"page\">\n\t\t\t\t<div class=\"elementor-element elementor-element-0c3007a e-flex e-con-boxed e-con e-parent\" data-id=\"0c3007a\" data-element_type=\"container\" data-e-type=\"container\" data-settings=\"{&quot;background_background&quot;:&quot;classic&quot;}\">\n\t\t\t\t\t<div class=\"e-con-inner\">\n\t\t\t\t<div class=\"elementor-element elementor-element-c30023b elementor-widget elementor-widget-heading\" data-id=\"c30023b\" data-element_type=\"widget\" data-e-type=\"widget\" data-widget_type=\"heading.default\">\n\t\t\t\t<div class=\"elementor-widget-container\">\n\t\t\t\t\t<h1 class=\"elementor-heading-title elementor-size-default\">Datenschutzbestimmungen<\/h1>\t\t\t\t<\/div>\n\t\t\t\t<\/div>\n\t\t\t\t\t<\/div>\n\t\t\t\t<\/div>\n\t\t<div class=\"elementor-element elementor-element-ce54af8 e-flex e-con-boxed e-con e-parent\" data-id=\"ce54af8\" data-element_type=\"container\" data-e-type=\"container\">\n\t\t\t\t\t<div class=\"e-con-inner\">\n\t\t\t\t<div class=\"elementor-element elementor-element-6f30133 elementor-icon-list--layout-inline elementor-widget__width-auto elementor-list-item-link-full_width elementor-widget elementor-widget-icon-list\" data-id=\"6f30133\" data-element_type=\"widget\" data-e-type=\"widget\" data-widget_type=\"icon-list.default\">\n\t\t\t\t<div class=\"elementor-widget-container\">\n\t\t\t\t\t\t\t<ul class=\"elementor-icon-list-items elementor-inline-items\">\n\t\t\t\t\t\t\t<li class=\"elementor-icon-list-item elementor-inline-item\">\n\t\t\t\t\t\t\t\t\t\t\t<a href=\"https:\/\/sobelconsult.com\/de\/\">\n\n\t\t\t\t\t\t\t\t\t\t\t\t<span class=\"elementor-icon-list-icon\">\n\t\t\t\t\t\t\t<svg aria-hidden=\"true\" class=\"e-font-icon-svg e-fas-dot-circle\" viewBox=\"0 0 512 512\" xmlns=\"http:\/\/www.w3.org\/2000\/svg\"><path d=\"M256 8C119.033 8 8 119.033 8 256s111.033 248 248 248 248-111.033 248-248S392.967 8 256 8zm80 248c0 44.112-35.888 80-80 80s-80-35.888-80-80 35.888-80 80-80 80 35.888 80 80z\"><\/path><\/svg>\t\t\t\t\t\t<\/span>\n\t\t\t\t\t\t\t\t\t\t<span class=\"elementor-icon-list-text\">Startseite<\/span>\n\t\t\t\t\t\t\t\t\t\t\t<\/a>\n\t\t\t\t\t\t\t\t\t<\/li>\n\t\t\t\t\t\t\t\t<li class=\"elementor-icon-list-item elementor-inline-item\">\n\t\t\t\t\t\t\t\t\t\t\t<a href=\"https:\/\/sobelconsult.com\/de\/datenschutzbestimmungen\/\">\n\n\t\t\t\t\t\t\t\t\t\t\t\t<span class=\"elementor-icon-list-icon\">\n\t\t\t\t\t\t\t<svg aria-hidden=\"true\" class=\"e-font-icon-svg e-fas-dot-circle\" viewBox=\"0 0 512 512\" xmlns=\"http:\/\/www.w3.org\/2000\/svg\"><path d=\"M256 8C119.033 8 8 119.033 8 256s111.033 248 248 248 248-111.033 248-248S392.967 8 256 8zm80 248c0 44.112-35.888 80-80 80s-80-35.888-80-80 35.888-80 80-80 80 35.888 80 80z\"><\/path><\/svg>\t\t\t\t\t\t<\/span>\n\t\t\t\t\t\t\t\t\t\t<span class=\"elementor-icon-list-text\">Datenschutzbestimmungen<\/span>\n\t\t\t\t\t\t\t\t\t\t\t<\/a>\n\t\t\t\t\t\t\t\t\t<\/li>\n\t\t\t\t\t\t<\/ul>\n\t\t\t\t\t\t<\/div>\n\t\t\t\t<\/div>\n\t\t\t\t<div class=\"elementor-element elementor-element-59b60bc elementor-widget elementor-widget-heading\" data-id=\"59b60bc\" data-element_type=\"widget\" data-e-type=\"widget\" data-widget_type=\"heading.default\">\n\t\t\t\t<div class=\"elementor-widget-container\">\n\t\t\t\t\t<h2 class=\"elementor-heading-title elementor-size-default\">Datenschutzbestimmungen<\/h2>\t\t\t\t<\/div>\n\t\t\t\t<\/div>\n\t\t\t\t<div class=\"elementor-element elementor-element-75e531c elementor-widget elementor-widget-text-editor\" data-id=\"75e531c\" data-element_type=\"widget\" data-e-type=\"widget\" data-widget_type=\"text-editor.default\">\n\t\t\t\t<div class=\"elementor-widget-container\">\n\t\t\t\t\t\t\t\t\t<p> <\/p><hr><h4><strong>Cookie-Richtlinie<\/strong><\/h4><p><strong>Datum des Inkrafttretens:<\/strong> 2. Februar 2025<\/p><p>Sobel Consult (&#8222;wir&#8220;, &#8222;unser&#8220; oder &#8222;uns&#8220;) verwendet Cookies und \u00e4hnliche Technologien, um Ihre Erfahrung auf unserer Website zu verbessern, relevante Dienste anzubieten und die Funktionalit\u00e4t zu verbessern. Diese Cookie-Richtlinie erkl\u00e4rt, was Cookies sind, wie wir sie verwenden und wie Sie Ihre Einstellungen verwalten k\u00f6nnen. <\/p><p> <\/p><p><strong>1. Was sind Cookies?<\/strong><\/p><p>Cookies sind kleine Textdateien, die auf Ihrem Ger\u00e4t (Computer, Tablet oder Smartphone) gespeichert werden, wenn Sie eine Website besuchen. Sie erm\u00f6glichen es der Website, Ihr Ger\u00e4t zu erkennen und bestimmte Informationen \u00fcber Ihre Pr\u00e4ferenzen oder vergangenen Aktionen zu speichern. <\/p><p> <\/p><p><strong>2. Arten von Cookies, die wir verwenden<\/strong><\/p><p>Wir verwenden die folgenden Arten von Cookies auf unserer Website:<\/p><p><strong>2.1 Erforderliche Cookies:<\/strong><\/p><ul><li>Diese Cookies sind notwendig, damit die Website ordnungsgem\u00e4\u00df funktioniert. Sie erm\u00f6glichen grundlegende Funktionen wie die Seitennavigation und den Zugang zu gesch\u00fctzten Bereichen. <\/li><\/ul><p><strong>2.2 Leistungs-Cookies:<\/strong><\/p><ul><li>Diese Cookies sammeln Informationen dar\u00fcber, wie Besucher unsere Website nutzen, z. B. welche Seiten am h\u00e4ufigsten besucht werden. Dies hilft uns, die Leistung der Website zu verbessern. <\/li><\/ul><p><strong>2.3 Funktionale Cookies:<\/strong><\/p><ul><li>Diese Cookies erm\u00f6glichen es der Website, sich an die von Ihnen getroffenen Auswahlen zu erinnern (z.B. Sprache oder Region), um verbesserte, personalisierte Funktionen anzubieten.<\/li><\/ul><p><strong>2.4 Targeting\/Werbung Cookies:<\/strong><\/p><ul><li>Diese Cookies werden verwendet, um Ihnen relevante Werbung zu liefern. Sie k\u00f6nnen auch die Anzahl der Anzeigen begrenzen, die Sie sehen, und helfen uns, die Wirksamkeit unserer Marketingkampagnen zu messen. <\/li><\/ul><p><strong>2.5 Cookies von Drittanbietern:<\/strong><\/p><ul><li>Wir k\u00f6nnen Drittanbietern erlauben, Cookies auf Ihrem Ger\u00e4t f\u00fcr Analyse-, Werbe- oder andere Zwecke zu platzieren.<\/li><\/ul><p><strong>3. Wie wir Cookies verwenden<\/strong><\/p><p>Wir verwenden Cookies, um:<\/p><ul><li>Merken Sie sich Ihre Pr\u00e4ferenzen und Einstellungen.<\/li><li>Analysieren Sie die Nutzung der Website und verbessern Sie die Leistung.<\/li><li>Liefern Sie gezielte Inhalte und Werbung.<\/li><li>einen sicheren Zugang zu unseren Diensten zu erm\u00f6glichen.<\/li><\/ul><p> <\/p><p><strong>4. Verwaltung Ihrer Cookie-Pr\u00e4ferenzen<\/strong><\/p><p>Sie k\u00f6nnen Ihre Cookie-Einstellungen mit den folgenden Methoden verwalten:<\/p><p><strong>4.1 Browser-Einstellungen:<\/strong><\/p><ul><li>Die meisten Webbrowser erm\u00f6glichen es Ihnen, Cookies \u00fcber ihre Einstellungen zu kontrollieren. Sie k\u00f6nnen Cookies blockieren oder l\u00f6schen, aber dies kann Ihre F\u00e4higkeit beeintr\u00e4chtigen, bestimmte Funktionen unserer Website zu nutzen. <\/li><\/ul><p><strong>4.2 Cookie-Banner:<\/strong><\/p><ul><li>Wenn Sie unsere Website zum ersten Mal besuchen, sehen Sie ein Cookie-Banner, mit dem Sie Ihre Cookie-Einstellungen akzeptieren oder verwalten k\u00f6nnen. Sie k\u00f6nnen diese Einstellungen jederzeit \u00e4ndern. <\/li><\/ul><p><strong>4.3 Opt-Out-Tools:<\/strong><\/p><ul><li>F\u00fcr einige Cookies, wie z.B. Werbe-Cookies, k\u00f6nnen Sie die Opt-Out-Tools der Branche wie die <a title=\"https:\/\/www.networkadvertising.org\/\" href=\"https:\/\/www.networkadvertising.org\/\" target=\"_blank\" rel=\"noopener\">Network Advertising Initiative<\/a> oder <a title=\"https:\/\/www.youronlinechoices.eu\/\" href=\"https:\/\/www.youronlinechoices.eu\/\" target=\"_blank\" rel=\"noopener\">Your Online Choices<\/a> nutzen.<\/li><\/ul><p><strong>5. Dienstleistungen von Drittanbietern<\/strong><\/p><p>Unsere Website kann Cookies von Drittanbietern enthalten, z. B. von Analysetools (z. B. Google Analytics) oder Social-Media-Plattformen. Diese Drittanbieter haben ihre eigenen Datenschutzrichtlinien, und wir empfehlen Ihnen, diese f\u00fcr weitere Informationen zu lesen. <\/p><p> <\/p><p><strong>6. \u00c4nderungen an dieser Cookie-Richtlinie<\/strong><\/p><p>Wir k\u00f6nnen diese Cookie-Richtlinie von Zeit zu Zeit aktualisieren, um \u00c4nderungen bei unserer Verwendung von Cookies oder bei den geltenden Gesetzen zu ber\u00fccksichtigen. Die aktualisierte Version wird auf unserer Website mit dem &#8222;Datum des Inkrafttretens&#8220; an der Spitze ver\u00f6ffentlicht. Bitte \u00fcberpr\u00fcfen Sie diese Seite in regelm\u00e4\u00dfigen Abst\u00e4nden auf Aktualisierungen.  <\/p><p> <\/p><p><strong>7. Kontaktieren Sie uns<\/strong><\/p><p>Wenn Sie Fragen oder Bedenken bez\u00fcglich dieser Cookie-Richtlinie haben, kontaktieren Sie uns bitte unter:<\/p><p><a href=\"mailto:privacy@sobelconsult.com\" target=\"_blank\" rel=\"noopener\">privacy@sobelconsult.com<\/a><\/p><p> <\/p><p>Durch die Nutzung unserer Website erkl\u00e4ren Sie sich mit der Verwendung von Cookies, wie in dieser Cookie-Richtlinie dargelegt, einverstanden.<\/p>\t\t\t\t\t\t\t\t<\/div>\n\t\t\t\t<\/div>\n\t\t\t\t\t<\/div>\n\t\t\t\t<\/div>\n\t\t<div class=\"elementor-element elementor-element-ff36522 e-flex e-con-boxed e-con e-parent\" data-id=\"ff36522\" data-element_type=\"container\" data-e-type=\"container\">\n\t\t\t\t\t<div class=\"e-con-inner\">\n\t\t<div class=\"elementor-element elementor-element-ce0bdbe e-flex e-con-boxed e-con e-child\" data-id=\"ce0bdbe\" data-element_type=\"container\" data-e-type=\"container\" data-settings=\"{&quot;background_background&quot;:&quot;classic&quot;}\">\n\t\t\t\t\t<div class=\"e-con-inner\">\n\t\t\t\t<div class=\"elementor-element elementor-element-59ab56d elementor-widget elementor-widget-heading\" data-id=\"59ab56d\" data-element_type=\"widget\" data-e-type=\"widget\" data-widget_type=\"heading.default\">\n\t\t\t\t<div class=\"elementor-widget-container\">\n\t\t\t\t\t<h2 class=\"elementor-heading-title elementor-size-default\">Ben\u00f6tigen Sie weitere Hilfe?<\/h2>\t\t\t\t<\/div>\n\t\t\t\t<\/div>\n\t\t\t\t<div class=\"elementor-element elementor-element-fe1634d elementor-widget elementor-widget-text-editor\" data-id=\"fe1634d\" data-element_type=\"widget\" data-e-type=\"widget\" data-widget_type=\"text-editor.default\">\n\t\t\t\t<div class=\"elementor-widget-container\">\n\t\t\t\t\t\t\t\t\t<p>Unser Support-Team ist f\u00fcr Sie da. Haben Sie Fragen oder ben\u00f6tigen Sie Hilfe? Wir sind nur einen Klick entfernt. Wenden Sie sich an uns, wenn Sie schnelle Hilfe ben\u00f6tigen.   <\/p>\t\t\t\t\t\t\t\t<\/div>\n\t\t\t\t<\/div>\n\t\t\t\t<div class=\"elementor-element elementor-element-bf0cba3 elementor-align-center elementor-widget elementor-widget-button\" data-id=\"bf0cba3\" data-element_type=\"widget\" data-e-type=\"widget\" data-widget_type=\"button.default\">\n\t\t\t\t<div class=\"elementor-widget-container\">\n\t\t\t\t\t\t\t\t\t<div class=\"elementor-button-wrapper\">\n\t\t\t\t\t<a class=\"elementor-button elementor-button-link elementor-size-sm\" href=\"#elementor-action%3Aaction%3Dpopup%3Aopen%26settings%3DeyJpZCI6NDk4MywidG9nZ2xlIjpmYWxzZX0%3D\">\n\t\t\t\t\t\t<span class=\"elementor-button-content-wrapper\">\n\t\t\t\t\t\t<span class=\"elementor-button-icon\">\n\t\t\t\t<svg aria-hidden=\"true\" class=\"e-font-icon-svg e-fas-arrow-right\" viewBox=\"0 0 448 512\" xmlns=\"http:\/\/www.w3.org\/2000\/svg\"><path d=\"M190.5 66.9l22.2-22.2c9.4-9.4 24.6-9.4 33.9 0L441 239c9.4 9.4 9.4 24.6 0 33.9L246.6 467.3c-9.4 9.4-24.6 9.4-33.9 0l-22.2-22.2c-9.5-9.5-9.3-25 .4-34.3L311.4 296H24c-13.3 0-24-10.7-24-24v-32c0-13.3 10.7-24 24-24h287.4L190.9 101.2c-9.8-9.3-10-24.8-.4-34.3z\"><\/path><\/svg>\t\t\t<\/span>\n\t\t\t\t\t\t\t\t\t<span class=\"elementor-button-text\">Sprechen Sie uns an<\/span>\n\t\t\t\t\t<\/span>\n\t\t\t\t\t<\/a>\n\t\t\t\t<\/div>\n\t\t\t\t\t\t\t\t<\/div>\n\t\t\t\t<\/div>\n\t\t\t\t\t<\/div>\n\t\t\t\t<\/div>\n\t\t\t\t\t<\/div>\n\t\t\t\t<\/div>\n\t\t\t\t<\/div>\n\t\t","protected":false},"excerpt":{"rendered":"<p>Startseite Cookie-Richtlinie Datum des Inkrafttretens: 2. Februar 2025 Sobel Consult (&#8222;wir&#8220;, &#8222;unser&#8220; oder &#8222;uns&#8220;) verwendet Cookies und \u00e4hnliche Technologien, um Ihre Erfahrung auf unserer Website zu verbessern, relevante Dienste anzubieten und die Funktionalit\u00e4t zu verbessern. Diese Cookie-Richtlinie erkl\u00e4rt, was Cookies sind, wie wir sie verwenden und wie Sie Ihre Einstellungen verwalten k\u00f6nnen. 1. Was sind [&hellip;]<\/p>\n","protected":false},"author":11,"featured_media":0,"parent":0,"menu_order":0,"comment_status":"closed","ping_status":"closed","template":"","meta":{"footnotes":""},"class_list":["post-5559","page","type-page","status-publish","hentry"],"yoast_head":"<!-- This site is optimized with the Yoast SEO Premium plugin v26.3 (Yoast SEO v26.8) - https:\/\/yoast.com\/product\/yoast-seo-premium-wordpress\/ -->\n<title>Datenschutzbestimmungen - Sobel<\/title>\n<meta name=\"robots\" content=\"index, follow, max-snippet:-1, max-image-preview:large, max-video-preview:-1\" \/>\n<link rel=\"canonical\" href=\"https:\/\/sobelconsult.com\/de\/datenschutzbestimmungen\/\" \/>\n<meta property=\"og:locale\" content=\"de_DE\" \/>\n<meta property=\"og:type\" content=\"article\" \/>\n<meta property=\"og:title\" content=\"Datenschutzbestimmungen\" \/>\n<meta property=\"og:description\" content=\"Startseite Cookie-Richtlinie Datum des Inkrafttretens: 2. Februar 2025 Sobel Consult (&#8222;wir&#8220;, &#8222;unser&#8220; oder &#8222;uns&#8220;) verwendet Cookies und \u00e4hnliche Technologien, um Ihre Erfahrung auf unserer Website zu verbessern, relevante Dienste anzubieten und die Funktionalit\u00e4t zu verbessern. Diese Cookie-Richtlinie erkl\u00e4rt, was Cookies sind, wie wir sie verwenden und wie Sie Ihre Einstellungen verwalten k\u00f6nnen. 1. Was sind [&hellip;]\" \/>\n<meta property=\"og:url\" content=\"https:\/\/sobelconsult.com\/de\/datenschutzbestimmungen\/\" \/>\n<meta property=\"og:site_name\" content=\"Sobel\" \/>\n<meta name=\"twitter:card\" content=\"summary_large_image\" \/>\n<meta name=\"twitter:label1\" content=\"Gesch\u00e4tzte Lesezeit\" \/>\n\t<meta name=\"twitter:data1\" content=\"3\u00a0Minute\" \/>\n<script type=\"application\/ld+json\" class=\"yoast-schema-graph\">{\"@context\":\"https:\/\/schema.org\",\"@graph\":[{\"@type\":\"WebPage\",\"@id\":\"https:\/\/sobelconsult.com\/de\/datenschutzbestimmungen\/\",\"url\":\"https:\/\/sobelconsult.com\/de\/datenschutzbestimmungen\/\",\"name\":\"Datenschutzbestimmungen - Sobel\",\"isPartOf\":{\"@id\":\"https:\/\/sobelconsult.com\/de\/#website\"},\"datePublished\":\"2025-06-01T13:00:00+00:00\",\"breadcrumb\":{\"@id\":\"https:\/\/sobelconsult.com\/de\/datenschutzbestimmungen\/#breadcrumb\"},\"inLanguage\":\"de\",\"potentialAction\":[{\"@type\":\"ReadAction\",\"target\":[\"https:\/\/sobelconsult.com\/de\/datenschutzbestimmungen\/\"]}]},{\"@type\":\"BreadcrumbList\",\"@id\":\"https:\/\/sobelconsult.com\/de\/datenschutzbestimmungen\/#breadcrumb\",\"itemListElement\":[{\"@type\":\"ListItem\",\"position\":1,\"name\":\"Startseite\",\"item\":\"https:\/\/sobelconsult.com\/de\/home\/\"},{\"@type\":\"ListItem\",\"position\":2,\"name\":\"Datenschutzbestimmungen\"}]},{\"@type\":\"WebSite\",\"@id\":\"https:\/\/sobelconsult.com\/de\/#website\",\"url\":\"https:\/\/sobelconsult.com\/de\/\",\"name\":\"Sobel\",\"description\":\"Regulatory Consultancy\",\"publisher\":{\"@id\":\"https:\/\/sobelconsult.com\/de\/#organization\"},\"potentialAction\":[{\"@type\":\"SearchAction\",\"target\":{\"@type\":\"EntryPoint\",\"urlTemplate\":\"https:\/\/sobelconsult.com\/de\/?s={search_term_string}\"},\"query-input\":{\"@type\":\"PropertyValueSpecification\",\"valueRequired\":true,\"valueName\":\"search_term_string\"}}],\"inLanguage\":\"de\"},{\"@type\":\"Organization\",\"@id\":\"https:\/\/sobelconsult.com\/de\/#organization\",\"name\":\"Sobel\",\"url\":\"https:\/\/sobelconsult.com\/de\/\",\"logo\":{\"@type\":\"ImageObject\",\"inLanguage\":\"de\",\"@id\":\"https:\/\/sobelconsult.com\/de\/#\/schema\/logo\/image\/\",\"url\":\"https:\/\/sobelconsult.com\/wp-content\/uploads\/2024\/07\/Logo-Oficial-Website-White.png\",\"contentUrl\":\"https:\/\/sobelconsult.com\/wp-content\/uploads\/2024\/07\/Logo-Oficial-Website-White.png\",\"width\":741,\"height\":290,\"caption\":\"Sobel\"},\"image\":{\"@id\":\"https:\/\/sobelconsult.com\/de\/#\/schema\/logo\/image\/\"}}]}<\/script>\n<!-- \/ Yoast SEO Premium plugin. -->","yoast_head_json":{"title":"Datenschutzbestimmungen - Sobel","robots":{"index":"index","follow":"follow","max-snippet":"max-snippet:-1","max-image-preview":"max-image-preview:large","max-video-preview":"max-video-preview:-1"},"canonical":"https:\/\/sobelconsult.com\/de\/datenschutzbestimmungen\/","og_locale":"de_DE","og_type":"article","og_title":"Datenschutzbestimmungen","og_description":"Startseite Cookie-Richtlinie Datum des Inkrafttretens: 2. Februar 2025 Sobel Consult (&#8222;wir&#8220;, &#8222;unser&#8220; oder &#8222;uns&#8220;) verwendet Cookies und \u00e4hnliche Technologien, um Ihre Erfahrung auf unserer Website zu verbessern, relevante Dienste anzubieten und die Funktionalit\u00e4t zu verbessern. Diese Cookie-Richtlinie erkl\u00e4rt, was Cookies sind, wie wir sie verwenden und wie Sie Ihre Einstellungen verwalten k\u00f6nnen. 1. Was sind [&hellip;]","og_url":"https:\/\/sobelconsult.com\/de\/datenschutzbestimmungen\/","og_site_name":"Sobel","twitter_card":"summary_large_image","twitter_misc":{"Gesch\u00e4tzte Lesezeit":"3\u00a0Minute"},"schema":{"@context":"https:\/\/schema.org","@graph":[{"@type":"WebPage","@id":"https:\/\/sobelconsult.com\/de\/datenschutzbestimmungen\/","url":"https:\/\/sobelconsult.com\/de\/datenschutzbestimmungen\/","name":"Datenschutzbestimmungen - Sobel","isPartOf":{"@id":"https:\/\/sobelconsult.com\/de\/#website"},"datePublished":"2025-06-01T13:00:00+00:00","breadcrumb":{"@id":"https:\/\/sobelconsult.com\/de\/datenschutzbestimmungen\/#breadcrumb"},"inLanguage":"de","potentialAction":[{"@type":"ReadAction","target":["https:\/\/sobelconsult.com\/de\/datenschutzbestimmungen\/"]}]},{"@type":"BreadcrumbList","@id":"https:\/\/sobelconsult.com\/de\/datenschutzbestimmungen\/#breadcrumb","itemListElement":[{"@type":"ListItem","position":1,"name":"Startseite","item":"https:\/\/sobelconsult.com\/de\/home\/"},{"@type":"ListItem","position":2,"name":"Datenschutzbestimmungen"}]},{"@type":"WebSite","@id":"https:\/\/sobelconsult.com\/de\/#website","url":"https:\/\/sobelconsult.com\/de\/","name":"Sobel","description":"Regulatory Consultancy","publisher":{"@id":"https:\/\/sobelconsult.com\/de\/#organization"},"potentialAction":[{"@type":"SearchAction","target":{"@type":"EntryPoint","urlTemplate":"https:\/\/sobelconsult.com\/de\/?s={search_term_string}"},"query-input":{"@type":"PropertyValueSpecification","valueRequired":true,"valueName":"search_term_string"}}],"inLanguage":"de"},{"@type":"Organization","@id":"https:\/\/sobelconsult.com\/de\/#organization","name":"Sobel","url":"https:\/\/sobelconsult.com\/de\/","logo":{"@type":"ImageObject","inLanguage":"de","@id":"https:\/\/sobelconsult.com\/de\/#\/schema\/logo\/image\/","url":"https:\/\/sobelconsult.com\/wp-content\/uploads\/2024\/07\/Logo-Oficial-Website-White.png","contentUrl":"https:\/\/sobelconsult.com\/wp-content\/uploads\/2024\/07\/Logo-Oficial-Website-White.png","width":741,"height":290,"caption":"Sobel"},"image":{"@id":"https:\/\/sobelconsult.com\/de\/#\/schema\/logo\/image\/"}}]}},"_links":{"self":[{"href":"https:\/\/sobelconsult.com\/de\/wp-json\/wp\/v2\/pages\/5559","targetHints":{"allow":["GET"]}}],"collection":[{"href":"https:\/\/sobelconsult.com\/de\/wp-json\/wp\/v2\/pages"}],"about":[{"href":"https:\/\/sobelconsult.com\/de\/wp-json\/wp\/v2\/types\/page"}],"author":[{"embeddable":true,"href":"https:\/\/sobelconsult.com\/de\/wp-json\/wp\/v2\/users\/11"}],"replies":[{"embeddable":true,"href":"https:\/\/sobelconsult.com\/de\/wp-json\/wp\/v2\/comments?post=5559"}],"version-history":[{"count":0,"href":"https:\/\/sobelconsult.com\/de\/wp-json\/wp\/v2\/pages\/5559\/revisions"}],"wp:attachment":[{"href":"https:\/\/sobelconsult.com\/de\/wp-json\/wp\/v2\/media?parent=5559"}],"curies":[{"name":"wp","href":"https:\/\/api.w.org\/{rel}","templated":true}]}}