{"id":7800,"date":"2025-06-01T10:00:00","date_gmt":"2025-06-01T13:00:00","guid":{"rendered":"https:\/\/sobelconsult.com\/allgemeine-geschaeftsbedingungen\/"},"modified":"2025-06-01T13:00:00","modified_gmt":"2025-06-01T13:00:00","slug":"allgemeine-geschaeftsbedingungen","status":"publish","type":"page","link":"https:\/\/sobelconsult.com\/de\/allgemeine-geschaeftsbedingungen\/","title":{"rendered":"Allgemeine Gesch\u00e4ftsbedingungen"},"content":{"rendered":"\t\t<div data-elementor-type=\"wp-page\" data-elementor-id=\"7800\" class=\"elementor elementor-7800 elementor-1553\" data-elementor-post-type=\"page\">\n\t\t\t\t<div class=\"elementor-element elementor-element-0c3007a e-flex e-con-boxed e-con e-parent\" data-id=\"0c3007a\" data-element_type=\"container\" data-e-type=\"container\" data-settings=\"{&quot;background_background&quot;:&quot;classic&quot;}\">\n\t\t\t\t\t<div class=\"e-con-inner\">\n\t\t\t\t<div class=\"elementor-element elementor-element-c30023b elementor-widget elementor-widget-heading\" data-id=\"c30023b\" data-element_type=\"widget\" data-e-type=\"widget\" data-widget_type=\"heading.default\">\n\t\t\t\t<div class=\"elementor-widget-container\">\n\t\t\t\t\t<h1 class=\"elementor-heading-title elementor-size-default\">Allgemeine Gesch\u00e4ftsbedingungen<\/h1>\t\t\t\t<\/div>\n\t\t\t\t<\/div>\n\t\t\t\t\t<\/div>\n\t\t\t\t<\/div>\n\t\t<div class=\"elementor-element elementor-element-ce54af8 e-flex e-con-boxed e-con e-parent\" data-id=\"ce54af8\" data-element_type=\"container\" data-e-type=\"container\">\n\t\t\t\t\t<div class=\"e-con-inner\">\n\t\t\t\t<div class=\"elementor-element elementor-element-6f30133 elementor-icon-list--layout-inline elementor-widget__width-auto elementor-list-item-link-full_width elementor-widget elementor-widget-icon-list\" data-id=\"6f30133\" data-element_type=\"widget\" data-e-type=\"widget\" data-widget_type=\"icon-list.default\">\n\t\t\t\t<div class=\"elementor-widget-container\">\n\t\t\t\t\t\t\t<ul class=\"elementor-icon-list-items elementor-inline-items\">\n\t\t\t\t\t\t\t<li class=\"elementor-icon-list-item elementor-inline-item\">\n\t\t\t\t\t\t\t\t\t\t\t<a href=\"https:\/\/sobelconsult.com\/de\/\">\n\n\t\t\t\t\t\t\t\t\t\t\t\t<span class=\"elementor-icon-list-icon\">\n\t\t\t\t\t\t\t<svg aria-hidden=\"true\" class=\"e-font-icon-svg e-fas-dot-circle\" viewBox=\"0 0 512 512\" xmlns=\"http:\/\/www.w3.org\/2000\/svg\"><path d=\"M256 8C119.033 8 8 119.033 8 256s111.033 248 248 248 248-111.033 248-248S392.967 8 256 8zm80 248c0 44.112-35.888 80-80 80s-80-35.888-80-80 35.888-80 80-80 80 35.888 80 80z\"><\/path><\/svg>\t\t\t\t\t\t<\/span>\n\t\t\t\t\t\t\t\t\t\t<span class=\"elementor-icon-list-text\">Startseite<\/span>\n\t\t\t\t\t\t\t\t\t\t\t<\/a>\n\t\t\t\t\t\t\t\t\t<\/li>\n\t\t\t\t\t\t\t\t<li class=\"elementor-icon-list-item elementor-inline-item\">\n\t\t\t\t\t\t\t\t\t\t\t<a href=\"https:\/\/sobelconsult.com\/de\/allgemeine-geschaeftsbedingungen\/\">\n\n\t\t\t\t\t\t\t\t\t\t\t\t<span class=\"elementor-icon-list-icon\">\n\t\t\t\t\t\t\t<svg aria-hidden=\"true\" class=\"e-font-icon-svg e-fas-dot-circle\" viewBox=\"0 0 512 512\" xmlns=\"http:\/\/www.w3.org\/2000\/svg\"><path d=\"M256 8C119.033 8 8 119.033 8 256s111.033 248 248 248 248-111.033 248-248S392.967 8 256 8zm80 248c0 44.112-35.888 80-80 80s-80-35.888-80-80 35.888-80 80-80 80 35.888 80 80z\"><\/path><\/svg>\t\t\t\t\t\t<\/span>\n\t\t\t\t\t\t\t\t\t\t<span class=\"elementor-icon-list-text\">Allgemeine Gesch\u00e4ftsbedingungen<\/span>\n\t\t\t\t\t\t\t\t\t\t\t<\/a>\n\t\t\t\t\t\t\t\t\t<\/li>\n\t\t\t\t\t\t<\/ul>\n\t\t\t\t\t\t<\/div>\n\t\t\t\t<\/div>\n\t\t\t\t<div class=\"elementor-element elementor-element-59b60bc elementor-widget elementor-widget-heading\" data-id=\"59b60bc\" data-element_type=\"widget\" data-e-type=\"widget\" data-widget_type=\"heading.default\">\n\t\t\t\t<div class=\"elementor-widget-container\">\n\t\t\t\t\t<h2 class=\"elementor-heading-title elementor-size-default\">Allgemeine Gesch\u00e4ftsbedingungen<\/h2>\t\t\t\t<\/div>\n\t\t\t\t<\/div>\n\t\t\t\t<div class=\"elementor-element elementor-element-75e531c elementor-widget elementor-widget-text-editor\" data-id=\"75e531c\" data-element_type=\"widget\" data-e-type=\"widget\" data-widget_type=\"text-editor.default\">\n\t\t\t\t<div class=\"elementor-widget-container\">\n\t\t\t\t\t\t\t\t\t<p> <\/p><hr><p><strong>Datum des Inkrafttretens:<\/strong> 2. Februar 2025<\/p><p>Willkommen bei Sobel Consultancy (&#8222;wir&#8220;, &#8222;unser&#8220; oder &#8222;uns&#8220;). Diese Nutzungsbedingungen (&#8222;Bedingungen&#8220;) regeln Ihren Zugang zu und Ihre Nutzung unserer Website und unserer regulatorischen Beratungsdienste (zusammenfassend die &#8222;Dienste&#8220;). Indem Sie unsere Dienste nutzen, erkl\u00e4ren Sie sich mit diesen Bedingungen einverstanden. Wenn Sie damit nicht einverstanden sind, nutzen Sie unsere Dienste bitte nicht.   <\/p><p> <\/p><p><strong>1. Nutzung von Dienstleistungen<\/strong><\/p><p><strong>1.1 Teilnahmeberechtigung: <\/strong>Sie m\u00fcssen mindestens 18 Jahre alt und gesch\u00e4ftsf\u00e4hig sein, um Vertr\u00e4ge zur Nutzung unserer Dienste abschlie\u00dfen zu k\u00f6nnen. Durch die Nutzung unserer Dienste best\u00e4tigen Sie, dass Sie diese Voraussetzungen erf\u00fcllen. <\/p><p><strong>1.2 Autorisierte Nutzung: <\/strong>Sie erkl\u00e4ren sich damit einverstanden, unsere Dienste nur f\u00fcr rechtm\u00e4\u00dfige Zwecke und in \u00dcbereinstimmung mit allen geltenden Gesetzen und Vorschriften zu nutzen. Sie d\u00fcrfen nicht: <\/p><ul><li>die Dienste in einer Weise zu nutzen, die uns, unseren Kunden oder anderen Nutzern schaden k\u00f6nnte.<\/li><li>Ihre Identit\u00e4t oder Zugeh\u00f6rigkeit falsch darstellen.<\/li><li>den Versuch, sich unbefugten Zugang zu unseren Systemen oder Daten zu verschaffen.<\/li><\/ul><p><strong>1.3 Konto-Sicherheit: <\/strong>Wenn Sie ein Konto bei uns erstellen, sind Sie f\u00fcr die Geheimhaltung Ihrer Anmeldedaten und f\u00fcr alle Aktivit\u00e4ten unter Ihrem Konto verantwortlich (falls zutreffend).<\/p><p> <\/p><p><strong>2. Unsere Dienstleistungen<\/strong><\/p><p><strong>2.1 Umfang der Dienstleistungen: <\/strong>Wir bieten die auf unserer Website beschriebenen regulatorischen Beratungsdienste an. F\u00fcr bestimmte Dienstleistungen k\u00f6nnen besondere Bedingungen gelten, die Ihnen zum Zeitpunkt der Beauftragung mitgeteilt werden. <\/p><p><strong>2.2 Keine rechtliche oder finanzielle Beratung: <\/strong>Obwohl wir uns bem\u00fchen, genaue und verl\u00e4ssliche Ratschl\u00e4ge zu geben, sind unsere Dienste kein Ersatz f\u00fcr eine professionelle Rechts-, Finanz- oder sonstige Beratung. Sie sollten sich f\u00fcr eine spezifische, auf Ihre Situation zugeschnittene Beratung an entsprechende Fachleute wenden. <\/p><p><strong>2.3 Verf\u00fcgbarkeit der Dienste: <\/strong>Wir behalten uns das Recht vor, unsere Dienste jederzeit und ohne Vorank\u00fcndigung zu \u00e4ndern, auszusetzen oder einzustellen.<\/p><p> <\/p><p><strong>3. Geb\u00fchren und Bezahlung<\/strong><\/p><p><strong>3.1 Honorare: <\/strong>Die Geb\u00fchren f\u00fcr unsere Dienstleistungen werden Ihnen vor der Beauftragung mitgeteilt. Alle Geb\u00fchren sind nicht erstattungsf\u00e4hig, sofern nicht anders angegeben. <\/p><p><strong>3.2 Zahlungsbedingungen: <\/strong>Zahlungen sind innerhalb des in Ihrer Vereinbarung mit uns festgelegten Zeitrahmens f\u00e4llig. Bei Zahlungsverzug k\u00f6nnen zus\u00e4tzliche Geb\u00fchren anfallen. <\/p><p><strong>3.3 Steuern: <\/strong>Sie sind f\u00fcr alle anfallenden Steuern oder Abgaben im Zusammenhang mit Ihrer Nutzung unserer Dienste verantwortlich.<\/p><p> <\/p><p><strong>4. Geistiges Eigentum<\/strong><\/p><p><strong>4.1 Eigentum: <\/strong>Alle Inhalte und Materialien, die \u00fcber unsere Dienste bereitgestellt werden, einschlie\u00dflich Text, Grafiken, Logos und Software, sind das Eigentum von Sobel Consultancy oder unseren Lizenzgebern und sind durch Gesetze zum Schutz des geistigen Eigentums gesch\u00fctzt.<\/p><p><strong>4.2 Eingeschr\u00e4nkte Lizenz: <\/strong>Wir gew\u00e4hren Ihnen eine nicht-exklusive, nicht-\u00fcbertragbare und widerrufliche Lizenz zur Nutzung unserer Dienste f\u00fcr Ihre internen Zwecke. Sie sind nicht berechtigt, unsere Inhalte ohne unsere vorherige schriftliche Zustimmung zu vervielf\u00e4ltigen, zu verbreiten oder von ihnen abgeleitete Werke zu erstellen. <\/p><p> <\/p><p><strong>5. Vertraulichkeit<\/strong><\/p><p>Wir wissen, wie wichtig die Vertraulichkeit bei der Beratung zu rechtlichen Fragen ist. Wir werden angemessene Ma\u00dfnahmen ergreifen, um alle vertraulichen Informationen, die Sie uns mitteilen, zu sch\u00fctzen. Wir k\u00f6nnen solche Informationen jedoch offenlegen, wenn dies gesetzlich vorgeschrieben ist oder Sie uns Ihr Einverst\u00e4ndnis gegeben haben.  <\/p><p> <\/p><p><strong>6. Einschr\u00e4nkung der Haftung<\/strong><\/p><p>Im gr\u00f6\u00dftm\u00f6glichen gesetzlich zul\u00e4ssigen Umfang:<\/p><ul><li>Wir lehnen alle ausdr\u00fccklichen oder stillschweigenden Garantien in Bezug auf unsere Dienste ab.<\/li><li>Wir haften nicht f\u00fcr indirekte, zuf\u00e4llige oder Folgesch\u00e4den, die sich aus Ihrer Nutzung unserer Dienste ergeben.<\/li><li>Unsere Gesamthaftung ist auf den Betrag begrenzt, den Sie f\u00fcr die spezifische Dienstleistung bezahlt haben, die den Anlass f\u00fcr die Forderung darstellt.<\/li><\/ul><p> <\/p><p><strong>7. Entsch\u00e4digung<\/strong><\/p><p>Sie erkl\u00e4ren sich damit einverstanden, uns von allen Anspr\u00fcchen, Haftungen, Sch\u00e4den oder Ausgaben freizustellen, die sich aus Ihrer Nutzung unserer Dienste oder der Verletzung dieser Bedingungen ergeben.<\/p><p> <\/p><p><strong>8. Beendigung<\/strong><\/p><p>Wir behalten uns das Recht vor, Ihren Zugang zu unseren Diensten zu beenden oder auszusetzen, wenn Sie gegen diese Bedingungen versto\u00dfen oder sich an rechtswidrigen Aktivit\u00e4ten beteiligen. Nach der K\u00fcndigung m\u00fcssen Sie die Nutzung unserer Dienste einstellen und alle zur Verf\u00fcgung gestellten vertraulichen Materialien zur\u00fcckgeben. <\/p><p> <\/p><p><strong>9. Geltendes Recht<\/strong><\/p><p>Diese Bedingungen unterliegen den Gesetzen Brasiliens und werden in \u00dcbereinstimmung mit diesen ausgelegt. Alle Streitigkeiten, die sich aus diesen Bedingungen ergeben, werden vor den brasilianischen Gerichten ausgetragen. <\/p><p> <\/p><p><strong>10. \u00c4nderungen an diesen Bedingungen<\/strong><\/p><p>Wir k\u00f6nnen diese Bedingungen von Zeit zu Zeit aktualisieren. Die aktualisierte Version wird auf unserer Website mit dem &#8222;Datum des Inkrafttretens&#8220; ver\u00f6ffentlicht. Durch die fortgesetzte Nutzung unserer Dienste nach einer \u00c4nderung erkl\u00e4ren Sie sich mit den \u00fcberarbeiteten Bedingungen einverstanden.  <\/p><p> <\/p><p><strong>11. Kontakt<\/strong><\/p><p>Wenn Sie Fragen oder Bedenken bez\u00fcglich dieser Bedingungen haben, kontaktieren Sie uns bitte unter:<\/p><p><a href=\"mailto:privacy@sobelconsult.com\" target=\"_blank\" rel=\"noopener\">privacy@sobelconsult.com<\/a><\/p>\t\t\t\t\t\t\t\t<\/div>\n\t\t\t\t<\/div>\n\t\t\t\t\t<\/div>\n\t\t\t\t<\/div>\n\t\t<div class=\"elementor-element elementor-element-ff36522 e-flex e-con-boxed e-con e-parent\" data-id=\"ff36522\" data-element_type=\"container\" data-e-type=\"container\">\n\t\t\t\t\t<div class=\"e-con-inner\">\n\t\t<div class=\"elementor-element elementor-element-ce0bdbe e-flex e-con-boxed e-con e-child\" data-id=\"ce0bdbe\" data-element_type=\"container\" data-e-type=\"container\" data-settings=\"{&quot;background_background&quot;:&quot;classic&quot;}\">\n\t\t\t\t\t<div class=\"e-con-inner\">\n\t\t\t\t<div class=\"elementor-element elementor-element-59ab56d elementor-widget elementor-widget-heading\" data-id=\"59ab56d\" data-element_type=\"widget\" data-e-type=\"widget\" data-widget_type=\"heading.default\">\n\t\t\t\t<div class=\"elementor-widget-container\">\n\t\t\t\t\t<h2 class=\"elementor-heading-title elementor-size-default\">Ben\u00f6tigen Sie weitere Hilfe?<\/h2>\t\t\t\t<\/div>\n\t\t\t\t<\/div>\n\t\t\t\t<div class=\"elementor-element elementor-element-fe1634d elementor-widget elementor-widget-text-editor\" data-id=\"fe1634d\" data-element_type=\"widget\" data-e-type=\"widget\" data-widget_type=\"text-editor.default\">\n\t\t\t\t<div class=\"elementor-widget-container\">\n\t\t\t\t\t\t\t\t\t<p>Unser Support-Team ist f\u00fcr Sie da. Haben Sie Fragen oder ben\u00f6tigen Sie Hilfe? Wir sind nur einen Klick entfernt. Wenden Sie sich an uns, wenn Sie schnelle Hilfe ben\u00f6tigen.   <\/p>\t\t\t\t\t\t\t\t<\/div>\n\t\t\t\t<\/div>\n\t\t\t\t<div class=\"elementor-element elementor-element-bf0cba3 elementor-align-center elementor-widget elementor-widget-button\" data-id=\"bf0cba3\" data-element_type=\"widget\" data-e-type=\"widget\" data-widget_type=\"button.default\">\n\t\t\t\t<div class=\"elementor-widget-container\">\n\t\t\t\t\t\t\t\t\t<div class=\"elementor-button-wrapper\">\n\t\t\t\t\t<a class=\"elementor-button elementor-button-link elementor-size-sm\" href=\"#elementor-action%3Aaction%3Dpopup%3Aopen%26settings%3DeyJpZCI6NzM0MywidG9nZ2xlIjpmYWxzZX0%3D\">\n\t\t\t\t\t\t<span class=\"elementor-button-content-wrapper\">\n\t\t\t\t\t\t<span class=\"elementor-button-icon\">\n\t\t\t\t<svg aria-hidden=\"true\" class=\"e-font-icon-svg e-fas-arrow-right\" viewBox=\"0 0 448 512\" xmlns=\"http:\/\/www.w3.org\/2000\/svg\"><path d=\"M190.5 66.9l22.2-22.2c9.4-9.4 24.6-9.4 33.9 0L441 239c9.4 9.4 9.4 24.6 0 33.9L246.6 467.3c-9.4 9.4-24.6 9.4-33.9 0l-22.2-22.2c-9.5-9.5-9.3-25 .4-34.3L311.4 296H24c-13.3 0-24-10.7-24-24v-32c0-13.3 10.7-24 24-24h287.4L190.9 101.2c-9.8-9.3-10-24.8-.4-34.3z\"><\/path><\/svg>\t\t\t<\/span>\n\t\t\t\t\t\t\t\t\t<span class=\"elementor-button-text\">Sprechen Sie uns an<\/span>\n\t\t\t\t\t<\/span>\n\t\t\t\t\t<\/a>\n\t\t\t\t<\/div>\n\t\t\t\t\t\t\t\t<\/div>\n\t\t\t\t<\/div>\n\t\t\t\t\t<\/div>\n\t\t\t\t<\/div>\n\t\t\t\t\t<\/div>\n\t\t\t\t<\/div>\n\t\t\t\t<\/div>\n\t\t","protected":false},"excerpt":{"rendered":"<p>Lesen Sie unsere Nutzungsbedingungen, um die Nutzungsrichtlinien und Benutzerrechte zu verstehen. Navigieren Sie auf unserer Website mit Vertrauen und Transparenz. <\/p>\n","protected":false},"author":11,"featured_media":7086,"parent":0,"menu_order":0,"comment_status":"closed","ping_status":"closed","template":"","meta":{"footnotes":""},"class_list":["post-7800","page","type-page","status-publish","has-post-thumbnail","hentry"],"yoast_head":"<!-- This site is optimized with the Yoast SEO Premium plugin v26.3 (Yoast SEO v26.8) - https:\/\/yoast.com\/product\/yoast-seo-premium-wordpress\/ -->\n<title>Allgemeine Gesch\u00e4ftsbedingungen - Sobel<\/title>\n<meta name=\"description\" content=\"Lesen Sie unsere Nutzungsbedingungen, um die Nutzungsrichtlinien und Benutzerrechte zu verstehen. Navigieren Sie auf unserer Website mit Vertrauen und Transparenz.\" \/>\n<meta name=\"robots\" content=\"index, follow, max-snippet:-1, max-image-preview:large, max-video-preview:-1\" \/>\n<link rel=\"canonical\" href=\"https:\/\/sobelconsult.com\/de\/allgemeine-geschaeftsbedingungen\/\" \/>\n<meta property=\"og:locale\" content=\"de_DE\" \/>\n<meta property=\"og:type\" content=\"article\" \/>\n<meta property=\"og:title\" content=\"Allgemeine Gesch\u00e4ftsbedingungen\" \/>\n<meta property=\"og:description\" content=\"Lesen Sie unsere Nutzungsbedingungen, um die Nutzungsrichtlinien und Benutzerrechte zu verstehen. Navigieren Sie auf unserer Website mit Vertrauen und Transparenz.\" \/>\n<meta property=\"og:url\" content=\"https:\/\/sobelconsult.com\/de\/allgemeine-geschaeftsbedingungen\/\" \/>\n<meta property=\"og:site_name\" content=\"Sobel\" \/>\n<meta property=\"og:image\" content=\"https:\/\/sobelconsult.com\/wp-content\/uploads\/2025\/04\/Sobel-official-logo.webp\" \/>\n\t<meta property=\"og:image:width\" content=\"1000\" \/>\n\t<meta property=\"og:image:height\" content=\"657\" \/>\n\t<meta property=\"og:image:type\" content=\"image\/webp\" \/>\n<meta name=\"twitter:card\" content=\"summary_large_image\" \/>\n<meta name=\"twitter:label1\" content=\"Gesch\u00e4tzte Lesezeit\" \/>\n\t<meta name=\"twitter:data1\" content=\"4\u00a0Minute\" \/>\n<script type=\"application\/ld+json\" class=\"yoast-schema-graph\">{\"@context\":\"https:\/\/schema.org\",\"@graph\":[{\"@type\":\"WebPage\",\"@id\":\"https:\/\/sobelconsult.com\/de\/allgemeine-geschaeftsbedingungen\/\",\"url\":\"https:\/\/sobelconsult.com\/de\/allgemeine-geschaeftsbedingungen\/\",\"name\":\"Allgemeine Gesch\u00e4ftsbedingungen - Sobel\",\"isPartOf\":{\"@id\":\"https:\/\/sobelconsult.com\/de\/#website\"},\"primaryImageOfPage\":{\"@id\":\"https:\/\/sobelconsult.com\/de\/allgemeine-geschaeftsbedingungen\/#primaryimage\"},\"image\":{\"@id\":\"https:\/\/sobelconsult.com\/de\/allgemeine-geschaeftsbedingungen\/#primaryimage\"},\"thumbnailUrl\":\"https:\/\/sobelconsult.com\/wp-content\/uploads\/2025\/04\/Sobel-official-logo.webp\",\"datePublished\":\"2025-06-01T13:00:00+00:00\",\"description\":\"Lesen Sie unsere Nutzungsbedingungen, um die Nutzungsrichtlinien und Benutzerrechte zu verstehen. Navigieren Sie auf unserer Website mit Vertrauen und Transparenz.\",\"breadcrumb\":{\"@id\":\"https:\/\/sobelconsult.com\/de\/allgemeine-geschaeftsbedingungen\/#breadcrumb\"},\"inLanguage\":\"de\",\"potentialAction\":[{\"@type\":\"ReadAction\",\"target\":[\"https:\/\/sobelconsult.com\/de\/allgemeine-geschaeftsbedingungen\/\"]}]},{\"@type\":\"ImageObject\",\"inLanguage\":\"de\",\"@id\":\"https:\/\/sobelconsult.com\/de\/allgemeine-geschaeftsbedingungen\/#primaryimage\",\"url\":\"https:\/\/sobelconsult.com\/wp-content\/uploads\/2025\/04\/Sobel-official-logo.webp\",\"contentUrl\":\"https:\/\/sobelconsult.com\/wp-content\/uploads\/2025\/04\/Sobel-official-logo.webp\",\"width\":1000,\"height\":657,\"caption\":\"Sobel official logo\"},{\"@type\":\"BreadcrumbList\",\"@id\":\"https:\/\/sobelconsult.com\/de\/allgemeine-geschaeftsbedingungen\/#breadcrumb\",\"itemListElement\":[{\"@type\":\"ListItem\",\"position\":1,\"name\":\"Startseite\",\"item\":\"https:\/\/sobelconsult.com\/de\/home\/\"},{\"@type\":\"ListItem\",\"position\":2,\"name\":\"Allgemeine Gesch\u00e4ftsbedingungen\"}]},{\"@type\":\"WebSite\",\"@id\":\"https:\/\/sobelconsult.com\/de\/#website\",\"url\":\"https:\/\/sobelconsult.com\/de\/\",\"name\":\"Sobel\",\"description\":\"Regulatory Consultancy\",\"publisher\":{\"@id\":\"https:\/\/sobelconsult.com\/de\/#organization\"},\"potentialAction\":[{\"@type\":\"SearchAction\",\"target\":{\"@type\":\"EntryPoint\",\"urlTemplate\":\"https:\/\/sobelconsult.com\/de\/?s={search_term_string}\"},\"query-input\":{\"@type\":\"PropertyValueSpecification\",\"valueRequired\":true,\"valueName\":\"search_term_string\"}}],\"inLanguage\":\"de\"},{\"@type\":\"Organization\",\"@id\":\"https:\/\/sobelconsult.com\/de\/#organization\",\"name\":\"Sobel\",\"url\":\"https:\/\/sobelconsult.com\/de\/\",\"logo\":{\"@type\":\"ImageObject\",\"inLanguage\":\"de\",\"@id\":\"https:\/\/sobelconsult.com\/de\/#\/schema\/logo\/image\/\",\"url\":\"https:\/\/sobelconsult.com\/wp-content\/uploads\/2024\/07\/Logo-Oficial-Website-White.png\",\"contentUrl\":\"https:\/\/sobelconsult.com\/wp-content\/uploads\/2024\/07\/Logo-Oficial-Website-White.png\",\"width\":741,\"height\":290,\"caption\":\"Sobel\"},\"image\":{\"@id\":\"https:\/\/sobelconsult.com\/de\/#\/schema\/logo\/image\/\"}}]}<\/script>\n<!-- \/ Yoast SEO Premium plugin. -->","yoast_head_json":{"title":"Allgemeine Gesch\u00e4ftsbedingungen - Sobel","description":"Lesen Sie unsere Nutzungsbedingungen, um die Nutzungsrichtlinien und Benutzerrechte zu verstehen. Navigieren Sie auf unserer Website mit Vertrauen und Transparenz.","robots":{"index":"index","follow":"follow","max-snippet":"max-snippet:-1","max-image-preview":"max-image-preview:large","max-video-preview":"max-video-preview:-1"},"canonical":"https:\/\/sobelconsult.com\/de\/allgemeine-geschaeftsbedingungen\/","og_locale":"de_DE","og_type":"article","og_title":"Allgemeine Gesch\u00e4ftsbedingungen","og_description":"Lesen Sie unsere Nutzungsbedingungen, um die Nutzungsrichtlinien und Benutzerrechte zu verstehen. Navigieren Sie auf unserer Website mit Vertrauen und Transparenz.","og_url":"https:\/\/sobelconsult.com\/de\/allgemeine-geschaeftsbedingungen\/","og_site_name":"Sobel","og_image":[{"width":1000,"height":657,"url":"https:\/\/sobelconsult.com\/wp-content\/uploads\/2025\/04\/Sobel-official-logo.webp","type":"image\/webp"}],"twitter_card":"summary_large_image","twitter_misc":{"Gesch\u00e4tzte Lesezeit":"4\u00a0Minute"},"schema":{"@context":"https:\/\/schema.org","@graph":[{"@type":"WebPage","@id":"https:\/\/sobelconsult.com\/de\/allgemeine-geschaeftsbedingungen\/","url":"https:\/\/sobelconsult.com\/de\/allgemeine-geschaeftsbedingungen\/","name":"Allgemeine Gesch\u00e4ftsbedingungen - Sobel","isPartOf":{"@id":"https:\/\/sobelconsult.com\/de\/#website"},"primaryImageOfPage":{"@id":"https:\/\/sobelconsult.com\/de\/allgemeine-geschaeftsbedingungen\/#primaryimage"},"image":{"@id":"https:\/\/sobelconsult.com\/de\/allgemeine-geschaeftsbedingungen\/#primaryimage"},"thumbnailUrl":"https:\/\/sobelconsult.com\/wp-content\/uploads\/2025\/04\/Sobel-official-logo.webp","datePublished":"2025-06-01T13:00:00+00:00","description":"Lesen Sie unsere Nutzungsbedingungen, um die Nutzungsrichtlinien und Benutzerrechte zu verstehen. Navigieren Sie auf unserer Website mit Vertrauen und Transparenz.","breadcrumb":{"@id":"https:\/\/sobelconsult.com\/de\/allgemeine-geschaeftsbedingungen\/#breadcrumb"},"inLanguage":"de","potentialAction":[{"@type":"ReadAction","target":["https:\/\/sobelconsult.com\/de\/allgemeine-geschaeftsbedingungen\/"]}]},{"@type":"ImageObject","inLanguage":"de","@id":"https:\/\/sobelconsult.com\/de\/allgemeine-geschaeftsbedingungen\/#primaryimage","url":"https:\/\/sobelconsult.com\/wp-content\/uploads\/2025\/04\/Sobel-official-logo.webp","contentUrl":"https:\/\/sobelconsult.com\/wp-content\/uploads\/2025\/04\/Sobel-official-logo.webp","width":1000,"height":657,"caption":"Sobel official logo"},{"@type":"BreadcrumbList","@id":"https:\/\/sobelconsult.com\/de\/allgemeine-geschaeftsbedingungen\/#breadcrumb","itemListElement":[{"@type":"ListItem","position":1,"name":"Startseite","item":"https:\/\/sobelconsult.com\/de\/home\/"},{"@type":"ListItem","position":2,"name":"Allgemeine Gesch\u00e4ftsbedingungen"}]},{"@type":"WebSite","@id":"https:\/\/sobelconsult.com\/de\/#website","url":"https:\/\/sobelconsult.com\/de\/","name":"Sobel","description":"Regulatory Consultancy","publisher":{"@id":"https:\/\/sobelconsult.com\/de\/#organization"},"potentialAction":[{"@type":"SearchAction","target":{"@type":"EntryPoint","urlTemplate":"https:\/\/sobelconsult.com\/de\/?s={search_term_string}"},"query-input":{"@type":"PropertyValueSpecification","valueRequired":true,"valueName":"search_term_string"}}],"inLanguage":"de"},{"@type":"Organization","@id":"https:\/\/sobelconsult.com\/de\/#organization","name":"Sobel","url":"https:\/\/sobelconsult.com\/de\/","logo":{"@type":"ImageObject","inLanguage":"de","@id":"https:\/\/sobelconsult.com\/de\/#\/schema\/logo\/image\/","url":"https:\/\/sobelconsult.com\/wp-content\/uploads\/2024\/07\/Logo-Oficial-Website-White.png","contentUrl":"https:\/\/sobelconsult.com\/wp-content\/uploads\/2024\/07\/Logo-Oficial-Website-White.png","width":741,"height":290,"caption":"Sobel"},"image":{"@id":"https:\/\/sobelconsult.com\/de\/#\/schema\/logo\/image\/"}}]}},"_links":{"self":[{"href":"https:\/\/sobelconsult.com\/de\/wp-json\/wp\/v2\/pages\/7800","targetHints":{"allow":["GET"]}}],"collection":[{"href":"https:\/\/sobelconsult.com\/de\/wp-json\/wp\/v2\/pages"}],"about":[{"href":"https:\/\/sobelconsult.com\/de\/wp-json\/wp\/v2\/types\/page"}],"author":[{"embeddable":true,"href":"https:\/\/sobelconsult.com\/de\/wp-json\/wp\/v2\/users\/11"}],"replies":[{"embeddable":true,"href":"https:\/\/sobelconsult.com\/de\/wp-json\/wp\/v2\/comments?post=7800"}],"version-history":[{"count":0,"href":"https:\/\/sobelconsult.com\/de\/wp-json\/wp\/v2\/pages\/7800\/revisions"}],"wp:featuredmedia":[{"embeddable":true,"href":"https:\/\/sobelconsult.com\/de\/wp-json\/wp\/v2\/media\/7086"}],"wp:attachment":[{"href":"https:\/\/sobelconsult.com\/de\/wp-json\/wp\/v2\/media?parent=7800"}],"curies":[{"name":"wp","href":"https:\/\/api.w.org\/{rel}","templated":true}]}}