{"id":16722,"date":"2025-10-09T15:21:04","date_gmt":"2025-10-09T18:21:04","guid":{"rendered":"https:\/\/sobelconsult.com\/contact-us\/"},"modified":"2025-12-23T14:46:00","modified_gmt":"2025-12-23T17:46:00","slug":"contact-us","status":"publish","type":"page","link":"https:\/\/sobelconsult.com\/es\/contact-us\/","title":{"rendered":"Contacta con nosotros"},"content":{"rendered":"\t\t<div data-elementor-type=\"wp-page\" data-elementor-id=\"16722\" class=\"elementor elementor-16722 elementor-16707\" data-elementor-post-type=\"page\">\n\t\t\t\t<div class=\"elementor-element elementor-element-629a9491 e-flex e-con-boxed e-con e-parent\" data-id=\"629a9491\" data-element_type=\"container\" data-e-type=\"container\" data-settings=\"{&quot;background_background&quot;:&quot;classic&quot;}\">\n\t\t\t\t\t<div class=\"e-con-inner\">\n\t\t<div class=\"elementor-element elementor-element-2bb98585 e-con-full e-flex e-con e-child\" data-id=\"2bb98585\" data-element_type=\"container\" data-e-type=\"container\" data-settings=\"{&quot;background_background&quot;:&quot;classic&quot;}\">\n\t\t\t\t<div class=\"elementor-element elementor-element-ee65219 elementor-align-center elementor-widget elementor-widget-lottie\" data-id=\"ee65219\" data-element_type=\"widget\" data-e-type=\"widget\" data-settings=\"{&quot;source_json&quot;:{&quot;url&quot;:&quot;https:\\\/\\\/sobelconsult.com\\\/wp-content\\\/uploads\\\/2025\\\/10\\\/Contact-us.json&quot;,&quot;id&quot;:16710,&quot;size&quot;:&quot;&quot;,&quot;alt&quot;:&quot;&quot;,&quot;source&quot;:&quot;library&quot;},&quot;loop&quot;:&quot;yes&quot;,&quot;source&quot;:&quot;media_file&quot;,&quot;caption_source&quot;:&quot;none&quot;,&quot;link_to&quot;:&quot;none&quot;,&quot;trigger&quot;:&quot;arriving_to_viewport&quot;,&quot;viewport&quot;:{&quot;unit&quot;:&quot;%&quot;,&quot;size&quot;:&quot;&quot;,&quot;sizes&quot;:{&quot;start&quot;:0,&quot;end&quot;:100}},&quot;play_speed&quot;:{&quot;unit&quot;:&quot;px&quot;,&quot;size&quot;:1,&quot;sizes&quot;:[]},&quot;start_point&quot;:{&quot;unit&quot;:&quot;%&quot;,&quot;size&quot;:0,&quot;sizes&quot;:[]},&quot;end_point&quot;:{&quot;unit&quot;:&quot;%&quot;,&quot;size&quot;:100,&quot;sizes&quot;:[]},&quot;renderer&quot;:&quot;svg&quot;}\" data-widget_type=\"lottie.default\">\n\t\t\t\t<div class=\"elementor-widget-container\">\n\t\t\t\t\t<div class=\"e-lottie__container\"><div class=\"e-lottie__animation\"><\/div><\/div>\t\t\t\t<\/div>\n\t\t\t\t<\/div>\n\t\t\t\t<\/div>\n\t\t<div class=\"elementor-element elementor-element-75d86d38 e-con-full e-flex e-con e-child\" data-id=\"75d86d38\" data-element_type=\"container\" data-e-type=\"container\">\n\t\t\t\t<div class=\"elementor-element elementor-element-734a7141 elementor-widget elementor-widget-heading\" data-id=\"734a7141\" data-element_type=\"widget\" data-e-type=\"widget\" data-widget_type=\"heading.default\">\n\t\t\t\t<div class=\"elementor-widget-container\">\n\t\t\t\t\t<h1 class=\"elementor-heading-title elementor-size-default\">Contacta con nosotros<\/h1>\t\t\t\t<\/div>\n\t\t\t\t<\/div>\n\t\t\t\t<div class=\"elementor-element elementor-element-63be393 elementor-widget elementor-widget-heading\" data-id=\"63be393\" data-element_type=\"widget\" data-e-type=\"widget\" data-widget_type=\"heading.default\">\n\t\t\t\t<div class=\"elementor-widget-container\">\n\t\t\t\t\t<p class=\"elementor-heading-title elementor-size-default\">Nos encantar\u00eda hablar contigo.<br>No dudes en ponerte en contacto con nosotros utilizando los datos que figuran a continuaci\u00f3n.<\/p>\t\t\t\t<\/div>\n\t\t\t\t<\/div>\n\t\t\t\t<div class=\"elementor-element elementor-element-93b2939 elementor-widget__width-initial elementor-button-align-stretch elementor-widget elementor-widget-form\" data-id=\"93b2939\" data-element_type=\"widget\" data-e-type=\"widget\" data-settings=\"{&quot;step_next_label&quot;:&quot;Siguiente&quot;,&quot;step_previous_label&quot;:&quot;Anterior&quot;,&quot;button_width&quot;:&quot;100&quot;,&quot;step_type&quot;:&quot;number_text&quot;,&quot;step_icon_shape&quot;:&quot;circle&quot;}\" data-widget_type=\"form.default\">\n\t\t\t\t<div class=\"elementor-widget-container\">\n\t\t\t\t\t\t\t<form class=\"elementor-form\" method=\"post\" id=\"form_contactus_page\" name=\"Formulario de contacto - P\u00e1gina\" aria-label=\"Formulario de contacto - P\u00e1gina\">\n\t\t\t<input type=\"hidden\" name=\"post_id\" value=\"16722\"\/>\n\t\t\t<input type=\"hidden\" name=\"form_id\" value=\"93b2939\"\/>\n\t\t\t<input type=\"hidden\" name=\"referer_title\" value=\"Sobel\" \/>\n\n\t\t\t\n\t\t\t<div class=\"elementor-form-fields-wrapper elementor-labels-above\">\n\t\t\t\t\t\t\t\t<div class=\"elementor-field-type-text elementor-field-group elementor-column elementor-field-group-first_name elementor-col-50 elementor-field-required elementor-mark-required\">\n\t\t\t\t\t\t\t\t\t\t\t\t<label for=\"form-field-first_name\" class=\"elementor-field-label\">\n\t\t\t\t\t\t\t\tNombre y apellidos\t\t\t\t\t\t\t<\/label>\n\t\t\t\t\t\t\t\t\t\t\t\t\t\t<input size=\"1\" type=\"text\" name=\"form_fields[first_name]\" id=\"form-field-first_name\" class=\"elementor-field elementor-size-sm  elementor-field-textual\" placeholder=\"Escribe aqu\u00ed\" required=\"required\">\n\t\t\t\t\t\t\t\t\t\t\t<\/div>\n\t\t\t\t\t\t\t\t<div class=\"elementor-field-type-email elementor-field-group elementor-column elementor-field-group-email elementor-col-50 elementor-field-required elementor-mark-required\">\n\t\t\t\t\t\t\t\t\t\t\t\t<label for=\"form-field-email\" class=\"elementor-field-label\">\n\t\t\t\t\t\t\t\tDirecci\u00f3n de correo electr\u00f3nico\t\t\t\t\t\t\t<\/label>\n\t\t\t\t\t\t\t\t\t\t\t\t\t\t<input size=\"1\" type=\"email\" name=\"form_fields[email]\" id=\"form-field-email\" class=\"elementor-field elementor-size-sm  elementor-field-textual\" placeholder=\"Escribe aqu\u00ed\" required=\"required\">\n\t\t\t\t\t\t\t\t\t\t\t<\/div>\n\t\t\t\t\t\t\t\t<div class=\"elementor-field-type-tel elementor-field-group elementor-column elementor-field-group-phone elementor-col-50 elementor-field-required elementor-mark-required\">\n\t\t\t\t\t\t\t\t\t\t\t\t<label for=\"form-field-phone\" class=\"elementor-field-label\">\n\t\t\t\t\t\t\t\tN\u00famero de tel\u00e9fono\t\t\t\t\t\t\t<\/label>\n\t\t\t\t\t\t\t\t<input size=\"1\" type=\"tel\" name=\"form_fields[phone]\" id=\"form-field-phone\" class=\"elementor-field elementor-size-sm  elementor-field-textual\" placeholder=\"Escribe aqu\u00ed\" required=\"required\" pattern=\"[0-9()#&amp;+*-=.]+\" title=\"Solo se aceptan n\u00fameros y caracteres de tel\u00e9fono (#,-,*,etc).\">\n\n\t\t\t\t\t\t<\/div>\n\t\t\t\t\t\t\t\t<div class=\"elementor-field-type-text elementor-field-group elementor-column elementor-field-group-company elementor-col-50 elementor-field-required elementor-mark-required\">\n\t\t\t\t\t\t\t\t\t\t\t\t<label for=\"form-field-company\" class=\"elementor-field-label\">\n\t\t\t\t\t\t\t\tEmpresa\t\t\t\t\t\t\t<\/label>\n\t\t\t\t\t\t\t\t\t\t\t\t\t\t<input size=\"1\" type=\"text\" name=\"form_fields[company]\" id=\"form-field-company\" class=\"elementor-field elementor-size-sm  elementor-field-textual\" placeholder=\"Escribe aqu\u00ed\" required=\"required\">\n\t\t\t\t\t\t\t\t\t\t\t<\/div>\n\t\t\t\t\t\t\t\t<div class=\"elementor-field-type-select elementor-field-group elementor-column elementor-field-group-business_area elementor-col-100 elementor-field-required elementor-mark-required\">\n\t\t\t\t\t\t\t\t\t\t\t\t<label for=\"form-field-business_area\" class=\"elementor-field-label\">\n\t\t\t\t\t\t\t\t\u00c1rea de negocio\t\t\t\t\t\t\t<\/label>\n\t\t\t\t\t\t\t\t<div class=\"elementor-field elementor-select-wrapper remove-before \">\n\t\t\t<div class=\"select-caret-down-wrapper\">\n\t\t\t\t<svg aria-hidden=\"true\" class=\"e-font-icon-svg e-eicon-caret-down\" viewBox=\"0 0 571.4 571.4\" xmlns=\"http:\/\/www.w3.org\/2000\/svg\"><path d=\"M571 393Q571 407 561 418L311 668Q300 679 286 679T261 668L11 418Q0 407 0 393T11 368 36 357H536Q550 357 561 368T571 393Z\"><\/path><\/svg>\t\t\t<\/div>\n\t\t\t<select name=\"form_fields[business_area]\" id=\"form-field-business_area\" class=\"elementor-field-textual elementor-size-sm\" required=\"required\">\n\t\t\t\t\t\t\t\t\t<option value=\"Productos sanitarios\">Productos sanitarios<\/option>\n\t\t\t\t\t\t\t\t\t<option value=\"Cosm\u00e9ticos\">Cosm\u00e9ticos<\/option>\n\t\t\t\t\t\t\t\t\t<option value=\"Diagn\u00f3stico in vitro\">Diagn\u00f3stico in vitro<\/option>\n\t\t\t\t\t\t\t<\/select>\n\t\t<\/div>\n\t\t\t\t\t\t<\/div>\n\t\t\t\t\t\t\t\t<div class=\"elementor-field-type-textarea elementor-field-group elementor-column elementor-field-group-message elementor-col-100 elementor-field-required elementor-mark-required\">\n\t\t\t\t\t\t\t\t\t\t\t\t<label for=\"form-field-message\" class=\"elementor-field-label\">\n\t\t\t\t\t\t\t\tMensaje\t\t\t\t\t\t\t<\/label>\n\t\t\t\t\t\t<textarea class=\"elementor-field-textual elementor-field  elementor-size-sm\" name=\"form_fields[message]\" id=\"form-field-message\" rows=\"4\" placeholder=\"Escribe aqu\u00ed\" required=\"required\"><\/textarea>\t\t\t\t<\/div>\n\t\t\t\t\t\t\t\t<div class=\"elementor-field-type-acceptance elementor-field-group elementor-column elementor-field-group-privacyagreed elementor-col-100 elementor-field-required elementor-mark-required\">\n\t\t\t\t\t\t\t<div class=\"elementor-field-subgroup\">\n\t\t\t<span class=\"elementor-field-option\">\n\t\t\t\t<input type=\"checkbox\" name=\"form_fields[privacyagreed]\" id=\"form-field-privacyagreed\" class=\"elementor-field elementor-size-sm  elementor-acceptance-field\" required=\"required\">\n\t\t\t\t<label for=\"form-field-privacyagreed\">&nbsp;&nbsp;  Acepto la declaraci\u00f3n de privacidad de datos y las condiciones publicadas en este sitio web<\/label>\t\t\t<\/span>\n\t\t<\/div>\n\t\t\t\t\t\t<\/div>\n\t\t\t\t\t\t\t\t<div class=\"elementor-field-type-acceptance elementor-field-group elementor-column elementor-field-group-newslettercheck elementor-col-100\">\n\t\t\t\t\t\t\t<div class=\"elementor-field-subgroup\">\n\t\t\t<span class=\"elementor-field-option\">\n\t\t\t\t<input type=\"checkbox\" name=\"form_fields[newslettercheck]\" id=\"form-field-newslettercheck\" class=\"elementor-field elementor-size-sm  elementor-acceptance-field\">\n\t\t\t\t<label for=\"form-field-newslettercheck\">&nbsp; &nbsp;Acepto recibir boletines quincenales con informaci\u00f3n actualizada sobre el mercado regulador mundial.<\/label>\t\t\t<\/span>\n\t\t<\/div>\n\t\t\t\t\t\t<\/div>\n\t\t\t\t\t\t\t\t<div class=\"elementor-field-type-hidden elementor-field-group elementor-column elementor-field-group-utm_source elementor-col-100\">\n\t\t\t\t\t\t\t\t\t\t\t\t\t<input size=\"1\" type=\"hidden\" name=\"form_fields[utm_source]\" id=\"form-field-utm_source\" class=\"elementor-field elementor-size-sm  elementor-field-textual\">\n\t\t\t\t\t\t\t\t\t\t\t<\/div>\n\t\t\t\t\t\t\t\t<div class=\"elementor-field-type-hidden elementor-field-group elementor-column elementor-field-group-utm_campaign elementor-col-100\">\n\t\t\t\t\t\t\t\t\t\t\t\t\t<input size=\"1\" type=\"hidden\" name=\"form_fields[utm_campaign]\" id=\"form-field-utm_campaign\" class=\"elementor-field elementor-size-sm  elementor-field-textual\">\n\t\t\t\t\t\t\t\t\t\t\t<\/div>\n\t\t\t\t\t\t\t\t<div class=\"elementor-field-type-hidden elementor-field-group elementor-column elementor-field-group-utm_adgroupname elementor-col-100\">\n\t\t\t\t\t\t\t\t\t\t\t\t\t<input size=\"1\" type=\"hidden\" name=\"form_fields[utm_adgroupname]\" id=\"form-field-utm_adgroupname\" class=\"elementor-field elementor-size-sm  elementor-field-textual\">\n\t\t\t\t\t\t\t\t\t\t\t<\/div>\n\t\t\t\t\t\t\t\t<div class=\"elementor-field-type-hidden elementor-field-group elementor-column elementor-field-group-utm_term elementor-col-100\">\n\t\t\t\t\t\t\t\t\t\t\t\t\t<input size=\"1\" type=\"hidden\" name=\"form_fields[utm_term]\" id=\"form-field-utm_term\" class=\"elementor-field elementor-size-sm  elementor-field-textual\">\n\t\t\t\t\t\t\t\t\t\t\t<\/div>\n\t\t\t\t\t\t\t\t<div class=\"elementor-field-type-hidden elementor-field-group elementor-column elementor-field-group-gclid elementor-col-100\">\n\t\t\t\t\t\t\t\t\t\t\t\t\t<input size=\"1\" type=\"hidden\" name=\"form_fields[gclid]\" id=\"form-field-gclid\" class=\"elementor-field elementor-size-sm  elementor-field-textual\">\n\t\t\t\t\t\t\t\t\t\t\t<\/div>\n\t\t\t\t\t\t\t\t<div class=\"elementor-field-type-hidden elementor-field-group elementor-column elementor-field-group-utm_content elementor-col-100\">\n\t\t\t\t\t\t\t\t\t\t\t\t\t<input size=\"1\" type=\"hidden\" name=\"form_fields[utm_content]\" id=\"form-field-utm_content\" class=\"elementor-field elementor-size-sm  elementor-field-textual\">\n\t\t\t\t\t\t\t\t\t\t\t<\/div>\n\t\t\t\t\t\t\t\t<div class=\"elementor-field-type-hidden elementor-field-group elementor-column elementor-field-group-utm_device elementor-col-100\">\n\t\t\t\t\t\t\t\t\t\t\t\t\t<input size=\"1\" type=\"hidden\" name=\"form_fields[utm_device]\" id=\"form-field-utm_device\" class=\"elementor-field elementor-size-sm  elementor-field-textual\">\n\t\t\t\t\t\t\t\t\t\t\t<\/div>\n\t\t\t\t\t\t\t\t<div class=\"elementor-field-group elementor-column elementor-field-type-submit elementor-col-100 e-form__buttons\">\n\t\t\t\t\t<button class=\"elementor-button elementor-size-sm\" type=\"submit\" id=\"contactus_btn\">\n\t\t\t\t\t\t<span class=\"elementor-button-content-wrapper\">\n\t\t\t\t\t\t\t\t\t\t\t\t\t\t\t\t\t\t\t\t\t\t<span class=\"elementor-button-text\">Env\u00eda<\/span>\n\t\t\t\t\t\t\t\t\t\t\t\t\t<\/span>\n\t\t\t\t\t<\/button>\n\t\t\t\t<\/div>\n\t\t\t<\/div>\n\t\t<\/form>\n\t\t\t\t\t\t<\/div>\n\t\t\t\t<\/div>\n\t\t\t\t<div class=\"elementor-element elementor-element-f488925 elementor-widget elementor-widget-html\" data-id=\"f488925\" data-element_type=\"widget\" data-e-type=\"widget\" data-widget_type=\"html.default\">\n\t\t\t\t<div class=\"elementor-widget-container\">\n\t\t\t\t\t<link data-minify=\"1\" rel=\"stylesheet\" href=\"https:\/\/ciparoni.com\/wp-content\/cache\/background-css\/1\/ciparoni.com\/wp-content\/cache\/min\/1\/ajax\/libs\/intl-tel-input\/17.0.8\/css\/intlTelInput.css?ver=1760368402&amp;wpr_t=1760357602\">\r\n\r\n<script data-minify=\"1\" src=\"https:\/\/ciparoni.com\/wp-content\/cache\/min\/1\/ajax\/libs\/intl-tel-input\/17.0.8\/js\/intlTelInput.min.js?ver=1760368402\"><\/script>\r\n\r\n<script data-minify=\"1\" src=\"https:\/\/ciparoni.com\/wp-content\/cache\/min\/1\/ajax\/libs\/jquery\/3.7.1\/jquery.min.js?ver=1760368402\"><\/script>\r\n\r\n<script>\r\n  const phoneInputField = document.querySelectorAll('input[type=\"tel\"]');\r\n  let telefones = [];\r\n\r\n  for (let i = 0; i < phoneInputField.length; i++) {\r\n    const iti = window.intlTelInput(phoneInputField[i], {\r\n      separateDialCode: true,\r\n      preferredCountries: [\"br\", \"us\", \"de\", \"fr\"],\r\n      hiddenInput: \"full\",\r\n      utilsScript: \"https:\/\/cdnjs.cloudflare.com\/ajax\/libs\/intl-tel-input\/17.0.8\/js\/utils.js\"\r\n    });\r\n\r\n    telefones[i] = iti;\r\n  }\r\n\r\n  \/\/ IMPORTANT\u00cdSSIMO: bind no submit s\u00f3 uma vez por form (n\u00e3o em todos os forms, nem N vezes)\r\n  phoneInputField.forEach((input, i) => {\r\n    const form = input.closest(\"form\");\r\n    if (!form) return;\r\n\r\n    if (form.dataset.itiBound === \"1\") return;\r\n    form.dataset.itiBound = \"1\";\r\n\r\n    form.addEventListener(\"submit\", function () {\r\n      const iti = telefones[i];\r\n      if (!iti) return;\r\n\r\n      \/\/ Debug (depois voc\u00ea pode remover)\r\n      console.log(\"intlTelInputUtils existe?\", typeof intlTelInputUtils !== \"undefined\");\r\n      console.log(\"Pa\u00eds selecionado:\", iti.getSelectedCountryData());\r\n\r\n      let full_number = \"\";\r\n\r\n      \/\/ 1) tenta E164 (precisa do utils)\r\n      try {\r\n        if (typeof intlTelInputUtils !== \"undefined\") {\r\n          full_number = iti.getNumber(intlTelInputUtils.numberFormat.E164);\r\n        }\r\n      } catch (e) {\r\n        full_number = \"\";\r\n      }\r\n\r\n      \/\/ 2) fallback: monta manualmente com DDI\r\n      if (!full_number || !String(full_number).startsWith(\"+\")) {\r\n        const dialCode = iti.getSelectedCountryData()?.dialCode || \"\";\r\n        const raw = (input.value || \"\").replace(\/\\D\/g, \"\");\r\n        if (dialCode && raw) full_number = `+${dialCode}${raw}`;\r\n      }\r\n\r\n      if (full_number) input.value = full_number;\r\n    }, true);\r\n  });\r\n\r\n  \/\/ Ajuste de largura do dropdown (do seu jeito, mas com resize ok)\r\n  function ajustarLarguraLista() {\r\n    for (let i = 0; i < phoneInputField.length; i++) {\r\n      const larguraInput = phoneInputField[i].getBoundingClientRect().width;\r\n      jQuery(\".iti__country-list\").css({ width: larguraInput });\r\n    }\r\n  }\r\n\r\n  ajustarLarguraLista();\r\n  window.addEventListener(\"resize\", ajustarLarguraLista);\r\n<\/script>\r\n\t\t\t\t<\/div>\n\t\t\t\t<\/div>\n\t\t\t\t<\/div>\n\t\t\t\t\t<\/div>\n\t\t\t\t<\/div>\n\t\t\t\t<\/div>\n\t\t","protected":false},"excerpt":{"rendered":"<p>Contacta con nosotros Nos encantar\u00eda hablar contigo.No dudes en ponerte en contacto con nosotros utilizando los datos que figuran a continuaci\u00f3n.<\/p>\n","protected":false},"author":15,"featured_media":0,"parent":0,"menu_order":0,"comment_status":"closed","ping_status":"closed","template":"elementor_header_footer","meta":{"footnotes":""},"class_list":["post-16722","page","type-page","status-publish","hentry"],"yoast_head":"<!-- This site is optimized with the Yoast SEO Premium plugin v26.3 (Yoast SEO v26.8) - https:\/\/yoast.com\/product\/yoast-seo-premium-wordpress\/ -->\n<title>Contacta con Sobel | Expertos en Reglamentaci\u00f3n de Productos Sanitarios<\/title>\n<meta name=\"description\" content=\"Ponte en contacto con los expertos en normativa de Sobel para productos sanitarios, IVD y cosm\u00e9ticos. Guiaremos a tu empresa hacia el cumplimiento global.\" \/>\n<meta name=\"robots\" content=\"index, follow, max-snippet:-1, max-image-preview:large, max-video-preview:-1\" \/>\n<link rel=\"canonical\" href=\"https:\/\/sobelconsult.com\/es\/contact-us\/\" \/>\n<meta property=\"og:locale\" content=\"es_ES\" \/>\n<meta property=\"og:type\" content=\"article\" \/>\n<meta property=\"og:title\" content=\"Contacta con nosotros\" \/>\n<meta property=\"og:description\" content=\"Ponte en contacto con los expertos en normativa de Sobel para productos sanitarios, IVD y cosm\u00e9ticos. Guiaremos a tu empresa hacia el cumplimiento global.\" \/>\n<meta property=\"og:url\" content=\"https:\/\/sobelconsult.com\/es\/contact-us\/\" \/>\n<meta property=\"og:site_name\" content=\"Sobel\" \/>\n<meta property=\"article:modified_time\" content=\"2025-12-23T17:46:00+00:00\" \/>\n<meta name=\"twitter:card\" content=\"summary_large_image\" \/>\n<script type=\"application\/ld+json\" class=\"yoast-schema-graph\">{\"@context\":\"https:\/\/schema.org\",\"@graph\":[{\"@type\":\"WebPage\",\"@id\":\"https:\/\/sobelconsult.com\/es\/contact-us\/\",\"url\":\"https:\/\/sobelconsult.com\/es\/contact-us\/\",\"name\":\"Contacta con Sobel | Expertos en Reglamentaci\u00f3n de Productos Sanitarios\",\"isPartOf\":{\"@id\":\"https:\/\/sobelconsult.com\/es\/#website\"},\"datePublished\":\"2025-10-09T18:21:04+00:00\",\"dateModified\":\"2025-12-23T17:46:00+00:00\",\"description\":\"Ponte en contacto con los expertos en normativa de Sobel para productos sanitarios, IVD y cosm\u00e9ticos. Guiaremos a tu empresa hacia el cumplimiento global.\",\"breadcrumb\":{\"@id\":\"https:\/\/sobelconsult.com\/es\/contact-us\/#breadcrumb\"},\"inLanguage\":\"es\",\"potentialAction\":[{\"@type\":\"ReadAction\",\"target\":[\"https:\/\/sobelconsult.com\/es\/contact-us\/\"]}]},{\"@type\":\"BreadcrumbList\",\"@id\":\"https:\/\/sobelconsult.com\/es\/contact-us\/#breadcrumb\",\"itemListElement\":[{\"@type\":\"ListItem\",\"position\":1,\"name\":\"Inicio\",\"item\":\"https:\/\/sobelconsult.com\/es\/home\/\"},{\"@type\":\"ListItem\",\"position\":2,\"name\":\"Contacta con nosotros\"}]},{\"@type\":\"WebSite\",\"@id\":\"https:\/\/sobelconsult.com\/es\/#website\",\"url\":\"https:\/\/sobelconsult.com\/es\/\",\"name\":\"Sobel\",\"description\":\"Regulatory Consultancy\",\"publisher\":{\"@id\":\"https:\/\/sobelconsult.com\/es\/#organization\"},\"potentialAction\":[{\"@type\":\"SearchAction\",\"target\":{\"@type\":\"EntryPoint\",\"urlTemplate\":\"https:\/\/sobelconsult.com\/es\/?s={search_term_string}\"},\"query-input\":{\"@type\":\"PropertyValueSpecification\",\"valueRequired\":true,\"valueName\":\"search_term_string\"}}],\"inLanguage\":\"es\"},{\"@type\":\"Organization\",\"@id\":\"https:\/\/sobelconsult.com\/es\/#organization\",\"name\":\"Sobel\",\"url\":\"https:\/\/sobelconsult.com\/es\/\",\"logo\":{\"@type\":\"ImageObject\",\"inLanguage\":\"es\",\"@id\":\"https:\/\/sobelconsult.com\/es\/#\/schema\/logo\/image\/\",\"url\":\"https:\/\/sobelconsult.com\/wp-content\/uploads\/2024\/07\/Logo-Oficial-Website-White.png\",\"contentUrl\":\"https:\/\/sobelconsult.com\/wp-content\/uploads\/2024\/07\/Logo-Oficial-Website-White.png\",\"width\":741,\"height\":290,\"caption\":\"Sobel\"},\"image\":{\"@id\":\"https:\/\/sobelconsult.com\/es\/#\/schema\/logo\/image\/\"}}]}<\/script>\n<!-- \/ Yoast SEO Premium plugin. -->","yoast_head_json":{"title":"Contacta con Sobel | Expertos en Reglamentaci\u00f3n de Productos Sanitarios","description":"Ponte en contacto con los expertos en normativa de Sobel para productos sanitarios, IVD y cosm\u00e9ticos. Guiaremos a tu empresa hacia el cumplimiento global.","robots":{"index":"index","follow":"follow","max-snippet":"max-snippet:-1","max-image-preview":"max-image-preview:large","max-video-preview":"max-video-preview:-1"},"canonical":"https:\/\/sobelconsult.com\/es\/contact-us\/","og_locale":"es_ES","og_type":"article","og_title":"Contacta con nosotros","og_description":"Ponte en contacto con los expertos en normativa de Sobel para productos sanitarios, IVD y cosm\u00e9ticos. Guiaremos a tu empresa hacia el cumplimiento global.","og_url":"https:\/\/sobelconsult.com\/es\/contact-us\/","og_site_name":"Sobel","article_modified_time":"2025-12-23T17:46:00+00:00","twitter_card":"summary_large_image","schema":{"@context":"https:\/\/schema.org","@graph":[{"@type":"WebPage","@id":"https:\/\/sobelconsult.com\/es\/contact-us\/","url":"https:\/\/sobelconsult.com\/es\/contact-us\/","name":"Contacta con Sobel | Expertos en Reglamentaci\u00f3n de Productos Sanitarios","isPartOf":{"@id":"https:\/\/sobelconsult.com\/es\/#website"},"datePublished":"2025-10-09T18:21:04+00:00","dateModified":"2025-12-23T17:46:00+00:00","description":"Ponte en contacto con los expertos en normativa de Sobel para productos sanitarios, IVD y cosm\u00e9ticos. Guiaremos a tu empresa hacia el cumplimiento global.","breadcrumb":{"@id":"https:\/\/sobelconsult.com\/es\/contact-us\/#breadcrumb"},"inLanguage":"es","potentialAction":[{"@type":"ReadAction","target":["https:\/\/sobelconsult.com\/es\/contact-us\/"]}]},{"@type":"BreadcrumbList","@id":"https:\/\/sobelconsult.com\/es\/contact-us\/#breadcrumb","itemListElement":[{"@type":"ListItem","position":1,"name":"Inicio","item":"https:\/\/sobelconsult.com\/es\/home\/"},{"@type":"ListItem","position":2,"name":"Contacta con nosotros"}]},{"@type":"WebSite","@id":"https:\/\/sobelconsult.com\/es\/#website","url":"https:\/\/sobelconsult.com\/es\/","name":"Sobel","description":"Regulatory Consultancy","publisher":{"@id":"https:\/\/sobelconsult.com\/es\/#organization"},"potentialAction":[{"@type":"SearchAction","target":{"@type":"EntryPoint","urlTemplate":"https:\/\/sobelconsult.com\/es\/?s={search_term_string}"},"query-input":{"@type":"PropertyValueSpecification","valueRequired":true,"valueName":"search_term_string"}}],"inLanguage":"es"},{"@type":"Organization","@id":"https:\/\/sobelconsult.com\/es\/#organization","name":"Sobel","url":"https:\/\/sobelconsult.com\/es\/","logo":{"@type":"ImageObject","inLanguage":"es","@id":"https:\/\/sobelconsult.com\/es\/#\/schema\/logo\/image\/","url":"https:\/\/sobelconsult.com\/wp-content\/uploads\/2024\/07\/Logo-Oficial-Website-White.png","contentUrl":"https:\/\/sobelconsult.com\/wp-content\/uploads\/2024\/07\/Logo-Oficial-Website-White.png","width":741,"height":290,"caption":"Sobel"},"image":{"@id":"https:\/\/sobelconsult.com\/es\/#\/schema\/logo\/image\/"}}]}},"_links":{"self":[{"href":"https:\/\/sobelconsult.com\/es\/wp-json\/wp\/v2\/pages\/16722","targetHints":{"allow":["GET"]}}],"collection":[{"href":"https:\/\/sobelconsult.com\/es\/wp-json\/wp\/v2\/pages"}],"about":[{"href":"https:\/\/sobelconsult.com\/es\/wp-json\/wp\/v2\/types\/page"}],"author":[{"embeddable":true,"href":"https:\/\/sobelconsult.com\/es\/wp-json\/wp\/v2\/users\/15"}],"replies":[{"embeddable":true,"href":"https:\/\/sobelconsult.com\/es\/wp-json\/wp\/v2\/comments?post=16722"}],"version-history":[{"count":0,"href":"https:\/\/sobelconsult.com\/es\/wp-json\/wp\/v2\/pages\/16722\/revisions"}],"wp:attachment":[{"href":"https:\/\/sobelconsult.com\/es\/wp-json\/wp\/v2\/media?parent=16722"}],"curies":[{"name":"wp","href":"https:\/\/api.w.org\/{rel}","templated":true}]}}