{"id":5556,"date":"2025-06-01T10:00:00","date_gmt":"2025-06-01T13:00:00","guid":{"rendered":"https:\/\/sobelconsult.com\/politica-de-privacidad\/"},"modified":"2025-06-01T13:00:00","modified_gmt":"2025-06-01T13:00:00","slug":"politica-de-privacidad","status":"publish","type":"page","link":"https:\/\/sobelconsult.com\/es\/politica-de-privacidad\/","title":{"rendered":"Pol\u00edtica de privacidad"},"content":{"rendered":"\t\t<div data-elementor-type=\"wp-page\" data-elementor-id=\"5556\" class=\"elementor elementor-5556 elementor-1539\" data-elementor-post-type=\"page\">\n\t\t\t\t<div class=\"elementor-element elementor-element-0c3007a e-flex e-con-boxed e-con e-parent\" data-id=\"0c3007a\" data-element_type=\"container\" data-e-type=\"container\" data-settings=\"{&quot;background_background&quot;:&quot;classic&quot;}\">\n\t\t\t\t\t<div class=\"e-con-inner\">\n\t\t\t\t<div class=\"elementor-element elementor-element-c30023b elementor-widget elementor-widget-heading\" data-id=\"c30023b\" data-element_type=\"widget\" data-e-type=\"widget\" data-widget_type=\"heading.default\">\n\t\t\t\t<div class=\"elementor-widget-container\">\n\t\t\t\t\t<h1 class=\"elementor-heading-title elementor-size-default\">Pol\u00edtica de privacidad<\/h1>\t\t\t\t<\/div>\n\t\t\t\t<\/div>\n\t\t\t\t\t<\/div>\n\t\t\t\t<\/div>\n\t\t<div class=\"elementor-element elementor-element-ce54af8 e-flex e-con-boxed e-con e-parent\" data-id=\"ce54af8\" data-element_type=\"container\" data-e-type=\"container\">\n\t\t\t\t\t<div class=\"e-con-inner\">\n\t\t\t\t<div class=\"elementor-element elementor-element-6f30133 elementor-icon-list--layout-inline elementor-widget__width-auto elementor-list-item-link-full_width elementor-widget elementor-widget-icon-list\" data-id=\"6f30133\" data-element_type=\"widget\" data-e-type=\"widget\" data-widget_type=\"icon-list.default\">\n\t\t\t\t<div class=\"elementor-widget-container\">\n\t\t\t\t\t\t\t<ul class=\"elementor-icon-list-items elementor-inline-items\">\n\t\t\t\t\t\t\t<li class=\"elementor-icon-list-item elementor-inline-item\">\n\t\t\t\t\t\t\t\t\t\t\t<a href=\"https:\/\/sobelconsult.com\/es\/\">\n\n\t\t\t\t\t\t\t\t\t\t\t\t<span class=\"elementor-icon-list-icon\">\n\t\t\t\t\t\t\t<svg aria-hidden=\"true\" class=\"e-font-icon-svg e-fas-dot-circle\" viewBox=\"0 0 512 512\" xmlns=\"http:\/\/www.w3.org\/2000\/svg\"><path d=\"M256 8C119.033 8 8 119.033 8 256s111.033 248 248 248 248-111.033 248-248S392.967 8 256 8zm80 248c0 44.112-35.888 80-80 80s-80-35.888-80-80 35.888-80 80-80 80 35.888 80 80z\"><\/path><\/svg>\t\t\t\t\t\t<\/span>\n\t\t\t\t\t\t\t\t\t\t<span class=\"elementor-icon-list-text\">Inicio<\/span>\n\t\t\t\t\t\t\t\t\t\t\t<\/a>\n\t\t\t\t\t\t\t\t\t<\/li>\n\t\t\t\t\t\t\t\t<li class=\"elementor-icon-list-item elementor-inline-item\">\n\t\t\t\t\t\t\t\t\t\t\t<a href=\"https:\/\/sobelconsult.com\/es\/politica-de-privacidad\/\">\n\n\t\t\t\t\t\t\t\t\t\t\t\t<span class=\"elementor-icon-list-icon\">\n\t\t\t\t\t\t\t<svg aria-hidden=\"true\" class=\"e-font-icon-svg e-fas-dot-circle\" viewBox=\"0 0 512 512\" xmlns=\"http:\/\/www.w3.org\/2000\/svg\"><path d=\"M256 8C119.033 8 8 119.033 8 256s111.033 248 248 248 248-111.033 248-248S392.967 8 256 8zm80 248c0 44.112-35.888 80-80 80s-80-35.888-80-80 35.888-80 80-80 80 35.888 80 80z\"><\/path><\/svg>\t\t\t\t\t\t<\/span>\n\t\t\t\t\t\t\t\t\t\t<span class=\"elementor-icon-list-text\">Pol\u00edtica de privacidad<\/span>\n\t\t\t\t\t\t\t\t\t\t\t<\/a>\n\t\t\t\t\t\t\t\t\t<\/li>\n\t\t\t\t\t\t<\/ul>\n\t\t\t\t\t\t<\/div>\n\t\t\t\t<\/div>\n\t\t\t\t<div class=\"elementor-element elementor-element-59b60bc elementor-widget elementor-widget-heading\" data-id=\"59b60bc\" data-element_type=\"widget\" data-e-type=\"widget\" data-widget_type=\"heading.default\">\n\t\t\t\t<div class=\"elementor-widget-container\">\n\t\t\t\t\t<h2 class=\"elementor-heading-title elementor-size-default\">Pol\u00edtica de privacidad<\/h2>\t\t\t\t<\/div>\n\t\t\t\t<\/div>\n\t\t\t\t<div class=\"elementor-element elementor-element-75e531c elementor-widget elementor-widget-text-editor\" data-id=\"75e531c\" data-element_type=\"widget\" data-e-type=\"widget\" data-widget_type=\"text-editor.default\">\n\t\t\t\t<div class=\"elementor-widget-container\">\n\t\t\t\t\t\t\t\t\t<p> <\/p><hr><h4><strong>Pol\u00edtica de cookies<\/strong><\/h4><p><strong>Fecha de entrada en vigor:<\/strong> 2 de febrero de 2025<\/p><p>Sobel Consult (\u00abnosotros\u00bb, \u00abnuestro\u00bb o \u00abnos\u00bb) utiliza cookies y tecnolog\u00edas similares para mejorar tu experiencia en nuestro sitio web, proporcionar servicios relevantes y mejorar la funcionalidad. Esta Pol\u00edtica de Cookies explica qu\u00e9 son las cookies, c\u00f3mo las utilizamos y c\u00f3mo puedes gestionar tus preferencias. <\/p><p> <\/p><p><strong>1. \u00bfQu\u00e9 son las cookies?<\/strong><\/p><p>Las cookies son peque\u00f1os archivos de texto que se almacenan en tu dispositivo (ordenador, tableta o smartphone) cuando visitas un sitio web. Permiten al sitio web reconocer tu dispositivo y almacenar cierta informaci\u00f3n sobre tus preferencias o acciones anteriores. <\/p><p> <\/p><p><strong>2. Tipos de cookies que utilizamos<\/strong><\/p><p>En nuestro sitio web utilizamos los siguientes tipos de cookies:<\/p><p><strong>2.1 Cookies necesarias:<\/strong><\/p><ul><li>Estas cookies son esenciales para que el sitio web funcione correctamente. Permiten funciones b\u00e1sicas como la navegaci\u00f3n por la p\u00e1gina y el acceso a \u00e1reas seguras. <\/li><\/ul><p><strong>2.2 Cookies de rendimiento:<\/strong><\/p><ul><li>Estas cookies recopilan informaci\u00f3n sobre c\u00f3mo los visitantes utilizan nuestro sitio web, como qu\u00e9 p\u00e1ginas se visitan con m\u00e1s frecuencia. Esto nos ayuda a mejorar el rendimiento del sitio web. <\/li><\/ul><p><strong>2.3 Cookies Funcionales:<\/strong><\/p><ul><li>Estas cookies permiten que el sitio web recuerde las elecciones que haces (por ejemplo, idioma o regi\u00f3n) para proporcionar funciones mejoradas y personalizadas.<\/li><\/ul><p><strong>2.4 Cookies de orientaci\u00f3n\/publicidad:<\/strong><\/p><ul><li>Estas cookies se utilizan para ofrecerte anuncios relevantes. Tambi\u00e9n pueden limitar el n\u00famero de veces que ves un anuncio y ayudarnos a medir la eficacia de nuestras campa\u00f1as de marketing. <\/li><\/ul><p><strong>2.5 Cookies de terceros:<\/strong><\/p><ul><li>Podemos permitir que terceros proveedores de servicios coloquen cookies en tu dispositivo con fines anal\u00edticos, publicitarios o de otro tipo.<\/li><\/ul><p><strong>3. C\u00f3mo utilizamos las cookies<\/strong><\/p><p>Utilizamos cookies para:<\/p><ul><li>Recuerda tus preferencias y ajustes.<\/li><li>Analiza el uso del sitio web y mejora su rendimiento.<\/li><li>Ofrece contenidos y anuncios espec\u00edficos.<\/li><li>Proporcionar un acceso seguro a nuestros servicios.<\/li><\/ul><p> <\/p><p><strong>4. Gesti\u00f3n de tus preferencias de cookies<\/strong><\/p><p>Puedes gestionar tus preferencias de cookies a trav\u00e9s de los siguientes m\u00e9todos:<\/p><p><strong>4.1 Configuraci\u00f3n del navegador:<\/strong><\/p><ul><li>La mayor\u00eda de los navegadores web te permiten controlar las cookies a trav\u00e9s de su configuraci\u00f3n. Puedes bloquear o eliminar las cookies, pero esto puede afectar a tu capacidad para utilizar determinadas funciones de nuestro sitio web. <\/li><\/ul><p><strong>4.2 Cookie Banner:<\/strong><\/p><ul><li>Cuando visites nuestro sitio web por primera vez, ver\u00e1s un banner de cookies que te permitir\u00e1 aceptar o gestionar tus preferencias de cookies. Puedes cambiar estas preferencias en cualquier momento. <\/li><\/ul><p><strong>4.3 Herramientas de exclusi\u00f3n voluntaria:<\/strong><\/p><ul><li>Para algunas cookies, como las de publicidad, puedes utilizar herramientas de exclusi\u00f3n voluntaria del sector, como <a title=\"https:\/\/www.networkadvertising.org\/\" href=\"https:\/\/www.networkadvertising.org\/\" target=\"_blank\" rel=\"noopener\">la Network Advertising Initiative<\/a> o <a title=\"https:\/\/www.youronlinechoices.eu\/\" href=\"https:\/\/www.youronlinechoices.eu\/\" target=\"_blank\" rel=\"noopener\">Your Online Choices<\/a>.<\/li><\/ul><p><strong>5. Servicios de terceros<\/strong><\/p><p>Nuestro sitio web puede incluir cookies de servicios de terceros, como herramientas de an\u00e1lisis (por ejemplo, Google Analytics) o plataformas de redes sociales. Estos terceros tienen sus propias pol\u00edticas de privacidad, y te animamos a que las revises para obtener m\u00e1s informaci\u00f3n. <\/p><p> <\/p><p><strong>6. Cambios en esta Pol\u00edtica de Cookies<\/strong><\/p><p>Podemos actualizar esta Pol\u00edtica de Cookies de vez en cuando para reflejar cambios en nuestro uso de las cookies o en las leyes aplicables. La versi\u00f3n actualizada se publicar\u00e1 en nuestro sitio web con la \u00abFecha de entrada en vigor\u00bb en la parte superior. Por favor, revisa esta p\u00e1gina peri\u00f3dicamente para conocer las actualizaciones.  <\/p><p> <\/p><p><strong>7. Contacta con nosotros<\/strong><\/p><p>Si tienes alguna pregunta o duda sobre esta Pol\u00edtica de Cookies, ponte en contacto con nosotros en:<\/p><p><a href=\"mailto:privacy@sobelconsult.com\" target=\"_blank\" rel=\"noopener\">privacy@sobelconsult.com<\/a><\/p><p> <\/p><p>Al utilizar nuestro sitio web, aceptas el uso de cookies tal y como se indica en esta Pol\u00edtica de Cookies.<\/p>\t\t\t\t\t\t\t\t<\/div>\n\t\t\t\t<\/div>\n\t\t\t\t\t<\/div>\n\t\t\t\t<\/div>\n\t\t<div class=\"elementor-element elementor-element-ff36522 e-flex e-con-boxed e-con e-parent\" data-id=\"ff36522\" data-element_type=\"container\" data-e-type=\"container\">\n\t\t\t\t\t<div class=\"e-con-inner\">\n\t\t<div class=\"elementor-element elementor-element-ce0bdbe e-flex e-con-boxed e-con e-child\" data-id=\"ce0bdbe\" data-element_type=\"container\" data-e-type=\"container\" data-settings=\"{&quot;background_background&quot;:&quot;classic&quot;}\">\n\t\t\t\t\t<div class=\"e-con-inner\">\n\t\t\t\t<div class=\"elementor-element elementor-element-59ab56d elementor-widget elementor-widget-heading\" data-id=\"59ab56d\" data-element_type=\"widget\" data-e-type=\"widget\" data-widget_type=\"heading.default\">\n\t\t\t\t<div class=\"elementor-widget-container\">\n\t\t\t\t\t<h2 class=\"elementor-heading-title elementor-size-default\">\u00bfNecesitas m\u00e1s ayuda?<\/h2>\t\t\t\t<\/div>\n\t\t\t\t<\/div>\n\t\t\t\t<div class=\"elementor-element elementor-element-fe1634d elementor-widget elementor-widget-text-editor\" data-id=\"fe1634d\" data-element_type=\"widget\" data-e-type=\"widget\" data-widget_type=\"text-editor.default\">\n\t\t\t\t<div class=\"elementor-widget-container\">\n\t\t\t\t\t\t\t\t\t<p>Nuestro equipo de asistencia est\u00e1 aqu\u00ed para ayudarte. \u00bfTienes preguntas o necesitas orientaci\u00f3n? Estamos a un clic de distancia. Ponte en contacto con nosotros si necesitas ayuda.   <\/p>\t\t\t\t\t\t\t\t<\/div>\n\t\t\t\t<\/div>\n\t\t\t\t<div class=\"elementor-element elementor-element-bf0cba3 elementor-align-center elementor-widget elementor-widget-button\" data-id=\"bf0cba3\" data-element_type=\"widget\" data-e-type=\"widget\" data-widget_type=\"button.default\">\n\t\t\t\t<div class=\"elementor-widget-container\">\n\t\t\t\t\t\t\t\t\t<div class=\"elementor-button-wrapper\">\n\t\t\t\t\t<a class=\"elementor-button elementor-button-link elementor-size-sm\" href=\"#elementor-action%3Aaction%3Dpopup%3Aopen%26settings%3DeyJpZCI6NTUyOSwidG9nZ2xlIjpmYWxzZX0%3D\">\n\t\t\t\t\t\t<span class=\"elementor-button-content-wrapper\">\n\t\t\t\t\t\t<span class=\"elementor-button-icon\">\n\t\t\t\t<svg aria-hidden=\"true\" class=\"e-font-icon-svg e-fas-arrow-right\" viewBox=\"0 0 448 512\" xmlns=\"http:\/\/www.w3.org\/2000\/svg\"><path d=\"M190.5 66.9l22.2-22.2c9.4-9.4 24.6-9.4 33.9 0L441 239c9.4 9.4 9.4 24.6 0 33.9L246.6 467.3c-9.4 9.4-24.6 9.4-33.9 0l-22.2-22.2c-9.5-9.5-9.3-25 .4-34.3L311.4 296H24c-13.3 0-24-10.7-24-24v-32c0-13.3 10.7-24 24-24h287.4L190.9 101.2c-9.8-9.3-10-24.8-.4-34.3z\"><\/path><\/svg>\t\t\t<\/span>\n\t\t\t\t\t\t\t\t\t<span class=\"elementor-button-text\">Contacta con nosotros<\/span>\n\t\t\t\t\t<\/span>\n\t\t\t\t\t<\/a>\n\t\t\t\t<\/div>\n\t\t\t\t\t\t\t\t<\/div>\n\t\t\t\t<\/div>\n\t\t\t\t\t<\/div>\n\t\t\t\t<\/div>\n\t\t\t\t\t<\/div>\n\t\t\t\t<\/div>\n\t\t\t\t<\/div>\n\t\t","protected":false},"excerpt":{"rendered":"<p>Inicio Pol\u00edtica de cookies Fecha de entrada en vigor: 2 de febrero de 2025 Sobel Consult (\u00abnosotros\u00bb, \u00abnuestro\u00bb o \u00abnos\u00bb) utiliza cookies y tecnolog\u00edas similares para mejorar tu experiencia en nuestro sitio web, proporcionar servicios relevantes y mejorar la funcionalidad. Esta Pol\u00edtica de Cookies explica qu\u00e9 son las cookies, c\u00f3mo las utilizamos y c\u00f3mo puedes [&hellip;]<\/p>\n","protected":false},"author":11,"featured_media":0,"parent":0,"menu_order":0,"comment_status":"closed","ping_status":"closed","template":"","meta":{"footnotes":""},"class_list":["post-5556","page","type-page","status-publish","hentry"],"yoast_head":"<!-- This site is optimized with the Yoast SEO Premium plugin v26.3 (Yoast SEO v26.8) - https:\/\/yoast.com\/product\/yoast-seo-premium-wordpress\/ -->\n<title>Pol\u00edtica de privacidad - Sobel<\/title>\n<meta name=\"robots\" content=\"index, follow, max-snippet:-1, max-image-preview:large, max-video-preview:-1\" \/>\n<link rel=\"canonical\" href=\"https:\/\/sobelconsult.com\/es\/politica-de-privacidad\/\" \/>\n<meta property=\"og:locale\" content=\"es_ES\" \/>\n<meta property=\"og:type\" content=\"article\" \/>\n<meta property=\"og:title\" content=\"Pol\u00edtica de privacidad\" \/>\n<meta property=\"og:description\" content=\"Inicio Pol\u00edtica de cookies Fecha de entrada en vigor: 2 de febrero de 2025 Sobel Consult (\u00abnosotros\u00bb, \u00abnuestro\u00bb o \u00abnos\u00bb) utiliza cookies y tecnolog\u00edas similares para mejorar tu experiencia en nuestro sitio web, proporcionar servicios relevantes y mejorar la funcionalidad. Esta Pol\u00edtica de Cookies explica qu\u00e9 son las cookies, c\u00f3mo las utilizamos y c\u00f3mo puedes [&hellip;]\" \/>\n<meta property=\"og:url\" content=\"https:\/\/sobelconsult.com\/es\/politica-de-privacidad\/\" \/>\n<meta property=\"og:site_name\" content=\"Sobel\" \/>\n<meta name=\"twitter:card\" content=\"summary_large_image\" \/>\n<meta name=\"twitter:label1\" content=\"Tiempo de lectura\" \/>\n\t<meta name=\"twitter:data1\" content=\"3 minuto\" \/>\n<script type=\"application\/ld+json\" class=\"yoast-schema-graph\">{\"@context\":\"https:\/\/schema.org\",\"@graph\":[{\"@type\":\"WebPage\",\"@id\":\"https:\/\/sobelconsult.com\/es\/politica-de-privacidad\/\",\"url\":\"https:\/\/sobelconsult.com\/es\/politica-de-privacidad\/\",\"name\":\"Pol\u00edtica de privacidad - Sobel\",\"isPartOf\":{\"@id\":\"https:\/\/sobelconsult.com\/es\/#website\"},\"datePublished\":\"2025-06-01T13:00:00+00:00\",\"breadcrumb\":{\"@id\":\"https:\/\/sobelconsult.com\/es\/politica-de-privacidad\/#breadcrumb\"},\"inLanguage\":\"es\",\"potentialAction\":[{\"@type\":\"ReadAction\",\"target\":[\"https:\/\/sobelconsult.com\/es\/politica-de-privacidad\/\"]}]},{\"@type\":\"BreadcrumbList\",\"@id\":\"https:\/\/sobelconsult.com\/es\/politica-de-privacidad\/#breadcrumb\",\"itemListElement\":[{\"@type\":\"ListItem\",\"position\":1,\"name\":\"Inicio\",\"item\":\"https:\/\/sobelconsult.com\/es\/home\/\"},{\"@type\":\"ListItem\",\"position\":2,\"name\":\"Pol\u00edtica de privacidad\"}]},{\"@type\":\"WebSite\",\"@id\":\"https:\/\/sobelconsult.com\/es\/#website\",\"url\":\"https:\/\/sobelconsult.com\/es\/\",\"name\":\"Sobel\",\"description\":\"Regulatory Consultancy\",\"publisher\":{\"@id\":\"https:\/\/sobelconsult.com\/es\/#organization\"},\"potentialAction\":[{\"@type\":\"SearchAction\",\"target\":{\"@type\":\"EntryPoint\",\"urlTemplate\":\"https:\/\/sobelconsult.com\/es\/?s={search_term_string}\"},\"query-input\":{\"@type\":\"PropertyValueSpecification\",\"valueRequired\":true,\"valueName\":\"search_term_string\"}}],\"inLanguage\":\"es\"},{\"@type\":\"Organization\",\"@id\":\"https:\/\/sobelconsult.com\/es\/#organization\",\"name\":\"Sobel\",\"url\":\"https:\/\/sobelconsult.com\/es\/\",\"logo\":{\"@type\":\"ImageObject\",\"inLanguage\":\"es\",\"@id\":\"https:\/\/sobelconsult.com\/es\/#\/schema\/logo\/image\/\",\"url\":\"https:\/\/sobelconsult.com\/wp-content\/uploads\/2024\/07\/Logo-Oficial-Website-White.png\",\"contentUrl\":\"https:\/\/sobelconsult.com\/wp-content\/uploads\/2024\/07\/Logo-Oficial-Website-White.png\",\"width\":741,\"height\":290,\"caption\":\"Sobel\"},\"image\":{\"@id\":\"https:\/\/sobelconsult.com\/es\/#\/schema\/logo\/image\/\"}}]}<\/script>\n<!-- \/ Yoast SEO Premium plugin. -->","yoast_head_json":{"title":"Pol\u00edtica de privacidad - Sobel","robots":{"index":"index","follow":"follow","max-snippet":"max-snippet:-1","max-image-preview":"max-image-preview:large","max-video-preview":"max-video-preview:-1"},"canonical":"https:\/\/sobelconsult.com\/es\/politica-de-privacidad\/","og_locale":"es_ES","og_type":"article","og_title":"Pol\u00edtica de privacidad","og_description":"Inicio Pol\u00edtica de cookies Fecha de entrada en vigor: 2 de febrero de 2025 Sobel Consult (\u00abnosotros\u00bb, \u00abnuestro\u00bb o \u00abnos\u00bb) utiliza cookies y tecnolog\u00edas similares para mejorar tu experiencia en nuestro sitio web, proporcionar servicios relevantes y mejorar la funcionalidad. Esta Pol\u00edtica de Cookies explica qu\u00e9 son las cookies, c\u00f3mo las utilizamos y c\u00f3mo puedes [&hellip;]","og_url":"https:\/\/sobelconsult.com\/es\/politica-de-privacidad\/","og_site_name":"Sobel","twitter_card":"summary_large_image","twitter_misc":{"Tiempo de lectura":"3 minuto"},"schema":{"@context":"https:\/\/schema.org","@graph":[{"@type":"WebPage","@id":"https:\/\/sobelconsult.com\/es\/politica-de-privacidad\/","url":"https:\/\/sobelconsult.com\/es\/politica-de-privacidad\/","name":"Pol\u00edtica de privacidad - Sobel","isPartOf":{"@id":"https:\/\/sobelconsult.com\/es\/#website"},"datePublished":"2025-06-01T13:00:00+00:00","breadcrumb":{"@id":"https:\/\/sobelconsult.com\/es\/politica-de-privacidad\/#breadcrumb"},"inLanguage":"es","potentialAction":[{"@type":"ReadAction","target":["https:\/\/sobelconsult.com\/es\/politica-de-privacidad\/"]}]},{"@type":"BreadcrumbList","@id":"https:\/\/sobelconsult.com\/es\/politica-de-privacidad\/#breadcrumb","itemListElement":[{"@type":"ListItem","position":1,"name":"Inicio","item":"https:\/\/sobelconsult.com\/es\/home\/"},{"@type":"ListItem","position":2,"name":"Pol\u00edtica de privacidad"}]},{"@type":"WebSite","@id":"https:\/\/sobelconsult.com\/es\/#website","url":"https:\/\/sobelconsult.com\/es\/","name":"Sobel","description":"Regulatory Consultancy","publisher":{"@id":"https:\/\/sobelconsult.com\/es\/#organization"},"potentialAction":[{"@type":"SearchAction","target":{"@type":"EntryPoint","urlTemplate":"https:\/\/sobelconsult.com\/es\/?s={search_term_string}"},"query-input":{"@type":"PropertyValueSpecification","valueRequired":true,"valueName":"search_term_string"}}],"inLanguage":"es"},{"@type":"Organization","@id":"https:\/\/sobelconsult.com\/es\/#organization","name":"Sobel","url":"https:\/\/sobelconsult.com\/es\/","logo":{"@type":"ImageObject","inLanguage":"es","@id":"https:\/\/sobelconsult.com\/es\/#\/schema\/logo\/image\/","url":"https:\/\/sobelconsult.com\/wp-content\/uploads\/2024\/07\/Logo-Oficial-Website-White.png","contentUrl":"https:\/\/sobelconsult.com\/wp-content\/uploads\/2024\/07\/Logo-Oficial-Website-White.png","width":741,"height":290,"caption":"Sobel"},"image":{"@id":"https:\/\/sobelconsult.com\/es\/#\/schema\/logo\/image\/"}}]}},"_links":{"self":[{"href":"https:\/\/sobelconsult.com\/es\/wp-json\/wp\/v2\/pages\/5556","targetHints":{"allow":["GET"]}}],"collection":[{"href":"https:\/\/sobelconsult.com\/es\/wp-json\/wp\/v2\/pages"}],"about":[{"href":"https:\/\/sobelconsult.com\/es\/wp-json\/wp\/v2\/types\/page"}],"author":[{"embeddable":true,"href":"https:\/\/sobelconsult.com\/es\/wp-json\/wp\/v2\/users\/11"}],"replies":[{"embeddable":true,"href":"https:\/\/sobelconsult.com\/es\/wp-json\/wp\/v2\/comments?post=5556"}],"version-history":[{"count":0,"href":"https:\/\/sobelconsult.com\/es\/wp-json\/wp\/v2\/pages\/5556\/revisions"}],"wp:attachment":[{"href":"https:\/\/sobelconsult.com\/es\/wp-json\/wp\/v2\/media?parent=5556"}],"curies":[{"name":"wp","href":"https:\/\/api.w.org\/{rel}","templated":true}]}}