{"id":7813,"date":"2025-06-01T10:00:00","date_gmt":"2025-06-01T13:00:00","guid":{"rendered":"https:\/\/sobelconsult.com\/condiciones-del-servicio\/"},"modified":"2025-06-01T13:00:00","modified_gmt":"2025-06-01T13:00:00","slug":"condiciones-del-servicio","status":"publish","type":"page","link":"https:\/\/sobelconsult.com\/es\/condiciones-del-servicio\/","title":{"rendered":"Condiciones del servicio"},"content":{"rendered":"\t\t<div data-elementor-type=\"wp-page\" data-elementor-id=\"7813\" class=\"elementor elementor-7813 elementor-1553\" data-elementor-post-type=\"page\">\n\t\t\t\t<div class=\"elementor-element elementor-element-0c3007a e-flex e-con-boxed e-con e-parent\" data-id=\"0c3007a\" data-element_type=\"container\" data-e-type=\"container\" data-settings=\"{&quot;background_background&quot;:&quot;classic&quot;}\">\n\t\t\t\t\t<div class=\"e-con-inner\">\n\t\t\t\t<div class=\"elementor-element elementor-element-c30023b elementor-widget elementor-widget-heading\" data-id=\"c30023b\" data-element_type=\"widget\" data-e-type=\"widget\" data-widget_type=\"heading.default\">\n\t\t\t\t<div class=\"elementor-widget-container\">\n\t\t\t\t\t<h1 class=\"elementor-heading-title elementor-size-default\">Condiciones del servicio<\/h1>\t\t\t\t<\/div>\n\t\t\t\t<\/div>\n\t\t\t\t\t<\/div>\n\t\t\t\t<\/div>\n\t\t<div class=\"elementor-element elementor-element-ce54af8 e-flex e-con-boxed e-con e-parent\" data-id=\"ce54af8\" data-element_type=\"container\" data-e-type=\"container\">\n\t\t\t\t\t<div class=\"e-con-inner\">\n\t\t\t\t<div class=\"elementor-element elementor-element-6f30133 elementor-icon-list--layout-inline elementor-widget__width-auto elementor-list-item-link-full_width elementor-widget elementor-widget-icon-list\" data-id=\"6f30133\" data-element_type=\"widget\" data-e-type=\"widget\" data-widget_type=\"icon-list.default\">\n\t\t\t\t<div class=\"elementor-widget-container\">\n\t\t\t\t\t\t\t<ul class=\"elementor-icon-list-items elementor-inline-items\">\n\t\t\t\t\t\t\t<li class=\"elementor-icon-list-item elementor-inline-item\">\n\t\t\t\t\t\t\t\t\t\t\t<a href=\"https:\/\/sobelconsult.com\/es\/\">\n\n\t\t\t\t\t\t\t\t\t\t\t\t<span class=\"elementor-icon-list-icon\">\n\t\t\t\t\t\t\t<svg aria-hidden=\"true\" class=\"e-font-icon-svg e-fas-dot-circle\" viewBox=\"0 0 512 512\" xmlns=\"http:\/\/www.w3.org\/2000\/svg\"><path d=\"M256 8C119.033 8 8 119.033 8 256s111.033 248 248 248 248-111.033 248-248S392.967 8 256 8zm80 248c0 44.112-35.888 80-80 80s-80-35.888-80-80 35.888-80 80-80 80 35.888 80 80z\"><\/path><\/svg>\t\t\t\t\t\t<\/span>\n\t\t\t\t\t\t\t\t\t\t<span class=\"elementor-icon-list-text\">Inicio<\/span>\n\t\t\t\t\t\t\t\t\t\t\t<\/a>\n\t\t\t\t\t\t\t\t\t<\/li>\n\t\t\t\t\t\t\t\t<li class=\"elementor-icon-list-item elementor-inline-item\">\n\t\t\t\t\t\t\t\t\t\t\t<a href=\"https:\/\/sobelconsult.com\/es\/condiciones-del-servicio\/\">\n\n\t\t\t\t\t\t\t\t\t\t\t\t<span class=\"elementor-icon-list-icon\">\n\t\t\t\t\t\t\t<svg aria-hidden=\"true\" class=\"e-font-icon-svg e-fas-dot-circle\" viewBox=\"0 0 512 512\" xmlns=\"http:\/\/www.w3.org\/2000\/svg\"><path d=\"M256 8C119.033 8 8 119.033 8 256s111.033 248 248 248 248-111.033 248-248S392.967 8 256 8zm80 248c0 44.112-35.888 80-80 80s-80-35.888-80-80 35.888-80 80-80 80 35.888 80 80z\"><\/path><\/svg>\t\t\t\t\t\t<\/span>\n\t\t\t\t\t\t\t\t\t\t<span class=\"elementor-icon-list-text\">Condiciones del servicio<\/span>\n\t\t\t\t\t\t\t\t\t\t\t<\/a>\n\t\t\t\t\t\t\t\t\t<\/li>\n\t\t\t\t\t\t<\/ul>\n\t\t\t\t\t\t<\/div>\n\t\t\t\t<\/div>\n\t\t\t\t<div class=\"elementor-element elementor-element-59b60bc elementor-widget elementor-widget-heading\" data-id=\"59b60bc\" data-element_type=\"widget\" data-e-type=\"widget\" data-widget_type=\"heading.default\">\n\t\t\t\t<div class=\"elementor-widget-container\">\n\t\t\t\t\t<h2 class=\"elementor-heading-title elementor-size-default\">Condiciones del servicio<\/h2>\t\t\t\t<\/div>\n\t\t\t\t<\/div>\n\t\t\t\t<div class=\"elementor-element elementor-element-75e531c elementor-widget elementor-widget-text-editor\" data-id=\"75e531c\" data-element_type=\"widget\" data-e-type=\"widget\" data-widget_type=\"text-editor.default\">\n\t\t\t\t<div class=\"elementor-widget-container\">\n\t\t\t\t\t\t\t\t\t<p> <\/p><hr><p><strong>Fecha de entrada en vigor:<\/strong> 2 de febrero de 2025<\/p><p>Bienvenido a Sobel Consultancy (\u00abnosotros\u00bb, \u00abnuestro\u00bb o \u00abnos\u00bb). Estas Condiciones de Servicio (\u00abCondiciones\u00bb) rigen tu acceso y uso de nuestro sitio web y de nuestros servicios de consultor\u00eda normativa (colectivamente, los \u00abServicios\u00bb). Al utilizar nuestros Servicios, aceptas estas Condiciones. Si no est\u00e1s de acuerdo, no utilices nuestros Servicios.   <\/p><p> <\/p><p><strong>1. Uso de los servicios<\/strong><\/p><p><strong>1.1 Elegibilidad: <\/strong>Debes ser mayor de 18 a\u00f1os y tener capacidad legal para celebrar acuerdos para utilizar nuestros Servicios. Al utilizar nuestros Servicios, confirmas que cumples estos requisitos. <\/p><p><strong>1.2 Uso autorizado: <\/strong>Te comprometes a utilizar nuestros Servicios \u00fanicamente con fines l\u00edcitos y de conformidad con todas las leyes y reglamentos aplicables. No debes: <\/p><ul><li>Utilizar los Servicios de forma que pueda perjudicarnos a nosotros, a nuestros clientes o a otros usuarios.<\/li><li>Falsear tu identidad o afiliaci\u00f3n.<\/li><li>Intentar obtener acceso no autorizado a nuestros sistemas o datos.<\/li><\/ul><p><strong>1.3 Seguridad de la cuenta: <\/strong>Si creas una cuenta con nosotros, eres responsable de mantener la confidencialidad de tus credenciales de acceso y de todas las actividades que se realicen en tu cuenta (si procede).<\/p><p> <\/p><p><strong>2. Nuestros servicios<\/strong><\/p><p><strong>2.1 Alcance de los servicios: <\/strong>Prestamos servicios de consultor\u00eda reguladora tal y como se describen en nuestro sitio web. Pueden aplicarse condiciones espec\u00edficas a determinados servicios, que se te comunicar\u00e1n en el momento de la contrataci\u00f3n. <\/p><p><strong>2.2 No hay asesoramiento legal ni financiero: <\/strong>Aunque nos esforzamos por proporcionar una orientaci\u00f3n precisa y fiable, nuestros Servicios no sustituyen el asesoramiento profesional jur\u00eddico, financiero o de otro tipo. Debes consultar a los profesionales adecuados para obtener asesoramiento espec\u00edfico adaptado a tu situaci\u00f3n. <\/p><p><strong>2.3 Disponibilidad del Servicio: <\/strong>Nos reservamos el derecho a modificar, suspender o interrumpir nuestros Servicios en cualquier momento y sin previo aviso.<\/p><p> <\/p><p><strong>3. Tasas y pagos<\/strong><\/p><p><strong>3.1 Honorarios: <\/strong>Los honorarios por nuestros Servicios te ser\u00e1n comunicados antes de la contrataci\u00f3n. Todos los honorarios son no reembolsables, salvo que se indique lo contrario. <\/p><p><strong>3.2 Condiciones de pago: <\/strong>Los pagos deben efectuarse dentro del plazo especificado en tu acuerdo con nosotros. Los retrasos en los pagos pueden conllevar cargos adicionales. <\/p><p><strong>3.3 Impuestos: <\/strong>Eres responsable de cualquier impuesto o derecho aplicable relacionado con tu uso de nuestros Servicios.<\/p><p> <\/p><p><strong>4. Propiedad intelectual<\/strong><\/p><p><strong>4.1 Propiedad: <\/strong>Todos los contenidos y materiales proporcionados a trav\u00e9s de nuestros Servicios, incluyendo textos, gr\u00e1ficos, logotipos y software, son propiedad de Sobel Consultor\u00eda o de nuestros licenciantes y est\u00e1n protegidos por las leyes de propiedad intelectual.<\/p><p><strong>4.2 Licencia limitada: <\/strong>Te concedemos una licencia no exclusiva, intransferible y revocable para utilizar nuestros Servicios para tus fines internos. No puedes reproducir, distribuir o crear trabajos derivados de nuestro contenido sin nuestro consentimiento previo por escrito. <\/p><p> <\/p><p><strong>5. Confidencialidad<\/strong><\/p><p>Entendemos la importancia de la confidencialidad en el asesoramiento normativo. Tomaremos medidas razonables para proteger cualquier informaci\u00f3n confidencial que compartas con nosotros. Sin embargo, podemos revelar dicha informaci\u00f3n si as\u00ed lo exige la ley o con tu consentimiento.  <\/p><p> <\/p><p><strong>6. Limitaci\u00f3n de responsabilidad<\/strong><\/p><p>En la medida m\u00e1xima permitida por la ley:<\/p><ul><li>Renunciamos a todas las garant\u00edas, expresas o impl\u00edcitas, relativas a nuestros Servicios.<\/li><li>No somos responsables de ning\u00fan da\u00f1o indirecto, incidental o consecuente derivado del uso que hagas de nuestros Servicios.<\/li><li>Nuestra responsabilidad total se limita al importe que pagaste por el servicio espec\u00edfico que dio lugar a la reclamaci\u00f3n.<\/li><\/ul><p> <\/p><p><strong>7. Indemnizaci\u00f3n<\/strong><\/p><p>Aceptas indemnizarnos y eximirnos de cualquier reclamaci\u00f3n, responsabilidad, da\u00f1os o gastos derivados del uso que hagas de nuestros Servicios o de la infracci\u00f3n de estas Condiciones.<\/p><p> <\/p><p><strong>8. Terminaci\u00f3n<\/strong><\/p><p>Nos reservamos el derecho a rescindir o suspender tu acceso a nuestros Servicios si infringes estas Condiciones o participas en actividades ilegales. Tras la rescisi\u00f3n, deber\u00e1s dejar de utilizar nuestros Servicios y devolver cualquier material confidencial proporcionado. <\/p><p> <\/p><p><strong>9. Ley aplicable<\/strong><\/p><p>Estos T\u00e9rminos se rigen e interpretan de acuerdo con las leyes de Brasil. Cualquier disputa que surja en virtud de estos T\u00e9rminos se resolver\u00e1 en los tribunales de Brasil. <\/p><p> <\/p><p><strong>10. Cambios en estas Condiciones<\/strong><\/p><p>Podemos actualizar estas Condiciones de vez en cuando. La versi\u00f3n actualizada se publicar\u00e1 en nuestro sitio Web con la \u00abFecha de entrada en vigor\u00bb. El uso continuado de nuestros Servicios despu\u00e9s de cualquier cambio constituye tu aceptaci\u00f3n de las Condiciones revisadas.  <\/p><p> <\/p><p><strong>11. Contacta con nosotros<\/strong><\/p><p>Si tienes alguna pregunta o duda sobre estas Condiciones, ponte en contacto con nosotros en<\/p><p><a href=\"mailto:privacy@sobelconsult.com\" target=\"_blank\" rel=\"noopener\">privacy@sobelconsult.com<\/a><\/p>\t\t\t\t\t\t\t\t<\/div>\n\t\t\t\t<\/div>\n\t\t\t\t\t<\/div>\n\t\t\t\t<\/div>\n\t\t<div class=\"elementor-element elementor-element-ff36522 e-flex e-con-boxed e-con e-parent\" data-id=\"ff36522\" data-element_type=\"container\" data-e-type=\"container\">\n\t\t\t\t\t<div class=\"e-con-inner\">\n\t\t<div class=\"elementor-element elementor-element-ce0bdbe e-flex e-con-boxed e-con e-child\" data-id=\"ce0bdbe\" data-element_type=\"container\" data-e-type=\"container\" data-settings=\"{&quot;background_background&quot;:&quot;classic&quot;}\">\n\t\t\t\t\t<div class=\"e-con-inner\">\n\t\t\t\t<div class=\"elementor-element elementor-element-59ab56d elementor-widget elementor-widget-heading\" data-id=\"59ab56d\" data-element_type=\"widget\" data-e-type=\"widget\" data-widget_type=\"heading.default\">\n\t\t\t\t<div class=\"elementor-widget-container\">\n\t\t\t\t\t<h2 class=\"elementor-heading-title elementor-size-default\">\u00bfNecesitas m\u00e1s ayuda?<\/h2>\t\t\t\t<\/div>\n\t\t\t\t<\/div>\n\t\t\t\t<div class=\"elementor-element elementor-element-fe1634d elementor-widget elementor-widget-text-editor\" data-id=\"fe1634d\" data-element_type=\"widget\" data-e-type=\"widget\" data-widget_type=\"text-editor.default\">\n\t\t\t\t<div class=\"elementor-widget-container\">\n\t\t\t\t\t\t\t\t\t<p>Nuestro equipo de asistencia est\u00e1 aqu\u00ed para ayudarte. \u00bfTienes preguntas o necesitas orientaci\u00f3n? Estamos a un clic de distancia. Ponte en contacto con nosotros si necesitas ayuda.   <\/p>\t\t\t\t\t\t\t\t<\/div>\n\t\t\t\t<\/div>\n\t\t\t\t<div class=\"elementor-element elementor-element-bf0cba3 elementor-align-center elementor-widget elementor-widget-button\" data-id=\"bf0cba3\" data-element_type=\"widget\" data-e-type=\"widget\" data-widget_type=\"button.default\">\n\t\t\t\t<div class=\"elementor-widget-container\">\n\t\t\t\t\t\t\t\t\t<div class=\"elementor-button-wrapper\">\n\t\t\t\t\t<a class=\"elementor-button elementor-button-link elementor-size-sm\" href=\"#elementor-action%3Aaction%3Dpopup%3Aopen%26settings%3DeyJpZCI6ODQyNCwidG9nZ2xlIjpmYWxzZX0%3D\">\n\t\t\t\t\t\t<span class=\"elementor-button-content-wrapper\">\n\t\t\t\t\t\t<span class=\"elementor-button-icon\">\n\t\t\t\t<svg aria-hidden=\"true\" class=\"e-font-icon-svg e-fas-arrow-right\" viewBox=\"0 0 448 512\" xmlns=\"http:\/\/www.w3.org\/2000\/svg\"><path d=\"M190.5 66.9l22.2-22.2c9.4-9.4 24.6-9.4 33.9 0L441 239c9.4 9.4 9.4 24.6 0 33.9L246.6 467.3c-9.4 9.4-24.6 9.4-33.9 0l-22.2-22.2c-9.5-9.5-9.3-25 .4-34.3L311.4 296H24c-13.3 0-24-10.7-24-24v-32c0-13.3 10.7-24 24-24h287.4L190.9 101.2c-9.8-9.3-10-24.8-.4-34.3z\"><\/path><\/svg>\t\t\t<\/span>\n\t\t\t\t\t\t\t\t\t<span class=\"elementor-button-text\">Contacta con nosotros<\/span>\n\t\t\t\t\t<\/span>\n\t\t\t\t\t<\/a>\n\t\t\t\t<\/div>\n\t\t\t\t\t\t\t\t<\/div>\n\t\t\t\t<\/div>\n\t\t\t\t\t<\/div>\n\t\t\t\t<\/div>\n\t\t\t\t\t<\/div>\n\t\t\t\t<\/div>\n\t\t\t\t<\/div>\n\t\t","protected":false},"excerpt":{"rendered":"<p>Revisa nuestras Condiciones del servicio para comprender las directrices de uso y los derechos de los usuarios. Navega por nuestro sitio con confianza y transparencia. <\/p>\n","protected":false},"author":11,"featured_media":7088,"parent":0,"menu_order":0,"comment_status":"closed","ping_status":"closed","template":"","meta":{"footnotes":""},"class_list":["post-7813","page","type-page","status-publish","has-post-thumbnail","hentry"],"yoast_head":"<!-- This site is optimized with the Yoast SEO Premium plugin v26.3 (Yoast SEO v26.8) - https:\/\/yoast.com\/product\/yoast-seo-premium-wordpress\/ -->\n<title>Condiciones del servicio - Sobel<\/title>\n<meta name=\"description\" content=\"Revisa nuestras Condiciones del servicio para comprender las directrices de uso y los derechos de los usuarios. Navega por nuestro sitio con confianza y transparencia.\" \/>\n<meta name=\"robots\" content=\"index, follow, max-snippet:-1, max-image-preview:large, max-video-preview:-1\" \/>\n<link rel=\"canonical\" href=\"https:\/\/sobelconsult.com\/es\/condiciones-del-servicio\/\" \/>\n<meta property=\"og:locale\" content=\"es_ES\" \/>\n<meta property=\"og:type\" content=\"article\" \/>\n<meta property=\"og:title\" content=\"Condiciones del servicio\" \/>\n<meta property=\"og:description\" content=\"Revisa nuestras Condiciones del servicio para comprender las directrices de uso y los derechos de los usuarios. Navega por nuestro sitio con confianza y transparencia.\" \/>\n<meta property=\"og:url\" content=\"https:\/\/sobelconsult.com\/es\/condiciones-del-servicio\/\" \/>\n<meta property=\"og:site_name\" content=\"Sobel\" \/>\n<meta property=\"og:image\" content=\"https:\/\/sobelconsult.com\/wp-content\/uploads\/2025\/04\/Sobel-official-logo.webp\" \/>\n\t<meta property=\"og:image:width\" content=\"1000\" \/>\n\t<meta property=\"og:image:height\" content=\"657\" \/>\n\t<meta property=\"og:image:type\" content=\"image\/webp\" \/>\n<meta name=\"twitter:card\" content=\"summary_large_image\" \/>\n<meta name=\"twitter:label1\" content=\"Tiempo de lectura\" \/>\n\t<meta name=\"twitter:data1\" content=\"4 minuto\" \/>\n<script type=\"application\/ld+json\" class=\"yoast-schema-graph\">{\"@context\":\"https:\/\/schema.org\",\"@graph\":[{\"@type\":\"WebPage\",\"@id\":\"https:\/\/sobelconsult.com\/es\/condiciones-del-servicio\/\",\"url\":\"https:\/\/sobelconsult.com\/es\/condiciones-del-servicio\/\",\"name\":\"Condiciones del servicio - Sobel\",\"isPartOf\":{\"@id\":\"https:\/\/sobelconsult.com\/es\/#website\"},\"primaryImageOfPage\":{\"@id\":\"https:\/\/sobelconsult.com\/es\/condiciones-del-servicio\/#primaryimage\"},\"image\":{\"@id\":\"https:\/\/sobelconsult.com\/es\/condiciones-del-servicio\/#primaryimage\"},\"thumbnailUrl\":\"https:\/\/sobelconsult.com\/wp-content\/uploads\/2025\/04\/Sobel-official-logo.webp\",\"datePublished\":\"2025-06-01T13:00:00+00:00\",\"description\":\"Revisa nuestras Condiciones del servicio para comprender las directrices de uso y los derechos de los usuarios. Navega por nuestro sitio con confianza y transparencia.\",\"breadcrumb\":{\"@id\":\"https:\/\/sobelconsult.com\/es\/condiciones-del-servicio\/#breadcrumb\"},\"inLanguage\":\"es\",\"potentialAction\":[{\"@type\":\"ReadAction\",\"target\":[\"https:\/\/sobelconsult.com\/es\/condiciones-del-servicio\/\"]}]},{\"@type\":\"ImageObject\",\"inLanguage\":\"es\",\"@id\":\"https:\/\/sobelconsult.com\/es\/condiciones-del-servicio\/#primaryimage\",\"url\":\"https:\/\/sobelconsult.com\/wp-content\/uploads\/2025\/04\/Sobel-official-logo.webp\",\"contentUrl\":\"https:\/\/sobelconsult.com\/wp-content\/uploads\/2025\/04\/Sobel-official-logo.webp\",\"width\":1000,\"height\":657,\"caption\":\"Sobel official logo\"},{\"@type\":\"BreadcrumbList\",\"@id\":\"https:\/\/sobelconsult.com\/es\/condiciones-del-servicio\/#breadcrumb\",\"itemListElement\":[{\"@type\":\"ListItem\",\"position\":1,\"name\":\"Inicio\",\"item\":\"https:\/\/sobelconsult.com\/es\/home\/\"},{\"@type\":\"ListItem\",\"position\":2,\"name\":\"Condiciones del servicio\"}]},{\"@type\":\"WebSite\",\"@id\":\"https:\/\/sobelconsult.com\/es\/#website\",\"url\":\"https:\/\/sobelconsult.com\/es\/\",\"name\":\"Sobel\",\"description\":\"Regulatory Consultancy\",\"publisher\":{\"@id\":\"https:\/\/sobelconsult.com\/es\/#organization\"},\"potentialAction\":[{\"@type\":\"SearchAction\",\"target\":{\"@type\":\"EntryPoint\",\"urlTemplate\":\"https:\/\/sobelconsult.com\/es\/?s={search_term_string}\"},\"query-input\":{\"@type\":\"PropertyValueSpecification\",\"valueRequired\":true,\"valueName\":\"search_term_string\"}}],\"inLanguage\":\"es\"},{\"@type\":\"Organization\",\"@id\":\"https:\/\/sobelconsult.com\/es\/#organization\",\"name\":\"Sobel\",\"url\":\"https:\/\/sobelconsult.com\/es\/\",\"logo\":{\"@type\":\"ImageObject\",\"inLanguage\":\"es\",\"@id\":\"https:\/\/sobelconsult.com\/es\/#\/schema\/logo\/image\/\",\"url\":\"https:\/\/sobelconsult.com\/wp-content\/uploads\/2024\/07\/Logo-Oficial-Website-White.png\",\"contentUrl\":\"https:\/\/sobelconsult.com\/wp-content\/uploads\/2024\/07\/Logo-Oficial-Website-White.png\",\"width\":741,\"height\":290,\"caption\":\"Sobel\"},\"image\":{\"@id\":\"https:\/\/sobelconsult.com\/es\/#\/schema\/logo\/image\/\"}}]}<\/script>\n<!-- \/ Yoast SEO Premium plugin. -->","yoast_head_json":{"title":"Condiciones del servicio - Sobel","description":"Revisa nuestras Condiciones del servicio para comprender las directrices de uso y los derechos de los usuarios. Navega por nuestro sitio con confianza y transparencia.","robots":{"index":"index","follow":"follow","max-snippet":"max-snippet:-1","max-image-preview":"max-image-preview:large","max-video-preview":"max-video-preview:-1"},"canonical":"https:\/\/sobelconsult.com\/es\/condiciones-del-servicio\/","og_locale":"es_ES","og_type":"article","og_title":"Condiciones del servicio","og_description":"Revisa nuestras Condiciones del servicio para comprender las directrices de uso y los derechos de los usuarios. Navega por nuestro sitio con confianza y transparencia.","og_url":"https:\/\/sobelconsult.com\/es\/condiciones-del-servicio\/","og_site_name":"Sobel","og_image":[{"width":1000,"height":657,"url":"https:\/\/sobelconsult.com\/wp-content\/uploads\/2025\/04\/Sobel-official-logo.webp","type":"image\/webp"}],"twitter_card":"summary_large_image","twitter_misc":{"Tiempo de lectura":"4 minuto"},"schema":{"@context":"https:\/\/schema.org","@graph":[{"@type":"WebPage","@id":"https:\/\/sobelconsult.com\/es\/condiciones-del-servicio\/","url":"https:\/\/sobelconsult.com\/es\/condiciones-del-servicio\/","name":"Condiciones del servicio - Sobel","isPartOf":{"@id":"https:\/\/sobelconsult.com\/es\/#website"},"primaryImageOfPage":{"@id":"https:\/\/sobelconsult.com\/es\/condiciones-del-servicio\/#primaryimage"},"image":{"@id":"https:\/\/sobelconsult.com\/es\/condiciones-del-servicio\/#primaryimage"},"thumbnailUrl":"https:\/\/sobelconsult.com\/wp-content\/uploads\/2025\/04\/Sobel-official-logo.webp","datePublished":"2025-06-01T13:00:00+00:00","description":"Revisa nuestras Condiciones del servicio para comprender las directrices de uso y los derechos de los usuarios. Navega por nuestro sitio con confianza y transparencia.","breadcrumb":{"@id":"https:\/\/sobelconsult.com\/es\/condiciones-del-servicio\/#breadcrumb"},"inLanguage":"es","potentialAction":[{"@type":"ReadAction","target":["https:\/\/sobelconsult.com\/es\/condiciones-del-servicio\/"]}]},{"@type":"ImageObject","inLanguage":"es","@id":"https:\/\/sobelconsult.com\/es\/condiciones-del-servicio\/#primaryimage","url":"https:\/\/sobelconsult.com\/wp-content\/uploads\/2025\/04\/Sobel-official-logo.webp","contentUrl":"https:\/\/sobelconsult.com\/wp-content\/uploads\/2025\/04\/Sobel-official-logo.webp","width":1000,"height":657,"caption":"Sobel official logo"},{"@type":"BreadcrumbList","@id":"https:\/\/sobelconsult.com\/es\/condiciones-del-servicio\/#breadcrumb","itemListElement":[{"@type":"ListItem","position":1,"name":"Inicio","item":"https:\/\/sobelconsult.com\/es\/home\/"},{"@type":"ListItem","position":2,"name":"Condiciones del servicio"}]},{"@type":"WebSite","@id":"https:\/\/sobelconsult.com\/es\/#website","url":"https:\/\/sobelconsult.com\/es\/","name":"Sobel","description":"Regulatory Consultancy","publisher":{"@id":"https:\/\/sobelconsult.com\/es\/#organization"},"potentialAction":[{"@type":"SearchAction","target":{"@type":"EntryPoint","urlTemplate":"https:\/\/sobelconsult.com\/es\/?s={search_term_string}"},"query-input":{"@type":"PropertyValueSpecification","valueRequired":true,"valueName":"search_term_string"}}],"inLanguage":"es"},{"@type":"Organization","@id":"https:\/\/sobelconsult.com\/es\/#organization","name":"Sobel","url":"https:\/\/sobelconsult.com\/es\/","logo":{"@type":"ImageObject","inLanguage":"es","@id":"https:\/\/sobelconsult.com\/es\/#\/schema\/logo\/image\/","url":"https:\/\/sobelconsult.com\/wp-content\/uploads\/2024\/07\/Logo-Oficial-Website-White.png","contentUrl":"https:\/\/sobelconsult.com\/wp-content\/uploads\/2024\/07\/Logo-Oficial-Website-White.png","width":741,"height":290,"caption":"Sobel"},"image":{"@id":"https:\/\/sobelconsult.com\/es\/#\/schema\/logo\/image\/"}}]}},"_links":{"self":[{"href":"https:\/\/sobelconsult.com\/es\/wp-json\/wp\/v2\/pages\/7813","targetHints":{"allow":["GET"]}}],"collection":[{"href":"https:\/\/sobelconsult.com\/es\/wp-json\/wp\/v2\/pages"}],"about":[{"href":"https:\/\/sobelconsult.com\/es\/wp-json\/wp\/v2\/types\/page"}],"author":[{"embeddable":true,"href":"https:\/\/sobelconsult.com\/es\/wp-json\/wp\/v2\/users\/11"}],"replies":[{"embeddable":true,"href":"https:\/\/sobelconsult.com\/es\/wp-json\/wp\/v2\/comments?post=7813"}],"version-history":[{"count":0,"href":"https:\/\/sobelconsult.com\/es\/wp-json\/wp\/v2\/pages\/7813\/revisions"}],"wp:featuredmedia":[{"embeddable":true,"href":"https:\/\/sobelconsult.com\/es\/wp-json\/wp\/v2\/media\/7088"}],"wp:attachment":[{"href":"https:\/\/sobelconsult.com\/es\/wp-json\/wp\/v2\/media?parent=7813"}],"curies":[{"name":"wp","href":"https:\/\/api.w.org\/{rel}","templated":true}]}}