{"id":8099,"date":"2025-06-01T10:00:00","date_gmt":"2025-06-01T13:00:00","guid":{"rendered":"https:\/\/sobelconsult.com\/evaluacion-clinica-ee-uu\/"},"modified":"2025-06-01T13:00:00","modified_gmt":"2025-06-01T13:00:00","slug":"evaluacion-clinica-ee-uu","status":"publish","type":"page","link":"https:\/\/sobelconsult.com\/es\/evaluacion-clinica-ee-uu\/","title":{"rendered":"Evaluaci\u00f3n cl\u00ednica - EE.UU."},"content":{"rendered":"\t\t<div data-elementor-type=\"wp-page\" data-elementor-id=\"8099\" class=\"elementor elementor-8099\" data-elementor-post-type=\"page\">\n\t\t\t\t<div class=\"elementor-element elementor-element-ca9e44b e-flex e-con-boxed e-con e-parent\" data-id=\"ca9e44b\" data-element_type=\"container\" data-e-type=\"container\" data-settings=\"{&quot;background_background&quot;:&quot;classic&quot;}\">\n\t\t\t\t\t<div class=\"e-con-inner\">\n\t\t\t\t<div class=\"elementor-element elementor-element-c3b5f9c elementor-widget elementor-widget-heading\" data-id=\"c3b5f9c\" data-element_type=\"widget\" data-e-type=\"widget\" data-widget_type=\"heading.default\">\n\t\t\t\t<div class=\"elementor-widget-container\">\n\t\t\t\t\t<h1 class=\"elementor-heading-title elementor-size-default\">Evaluaci\u00f3n cl\u00ednica<\/h1>\t\t\t\t<\/div>\n\t\t\t\t<\/div>\n\t\t\t\t\t<\/div>\n\t\t\t\t<\/div>\n\t\t<div class=\"elementor-element elementor-element-47228d3 e-flex e-con-boxed e-con e-parent\" data-id=\"47228d3\" data-element_type=\"container\" data-e-type=\"container\">\n\t\t\t\t\t<div class=\"e-con-inner\">\n\t\t\t\t<div class=\"elementor-element elementor-element-5a8230c elementor-widget__width-initial elementor-widget-tablet__width-inherit elementor-widget elementor-widget-text-editor\" data-id=\"5a8230c\" data-element_type=\"widget\" data-e-type=\"widget\" data-widget_type=\"text-editor.default\">\n\t\t\t\t<div class=\"elementor-widget-container\">\n\t\t\t\t\t\t\t\t\t<div class=\"elementor-element elementor-element-9ed6153 elementor-widget elementor-widget-heading\" data-id=\"9ed6153\" data-element_type=\"widget\" data-widget_type=\"heading.default\"><div class=\"elementor-widget-container\"><p>La evaluaci\u00f3n cl\u00ednica es un componente cr\u00edtico de cualquier presentaci\u00f3n reglamentaria a la FDA estadounidense. <strong>Proporciona una justificaci\u00f3n estructurada y basada en pruebas de la seguridad y el rendimiento de un producto sanitario, y<\/strong> sirve de base para las solicitudes 510(k) y PMA.<\/p><p>Podemos ayudar a tu empresa con <strong>servicios integrales de evaluaci\u00f3n cl\u00ednica adaptados a las expectativas de la FDA.<\/strong><\/p><p>Nuestro proceso combina experiencia reguladora, rigor cient\u00edfico y planificaci\u00f3n estrat\u00e9gica para garantizar que tu documentaci\u00f3n sea completa, conforme y est\u00e9 lista para su presentaci\u00f3n. \u00a1Pruebas de alta calidad para presentaciones reglamentarias seguras! <\/p><\/div><\/div>\t\t\t\t\t\t\t\t<\/div>\n\t\t\t\t<\/div>\n\t\t\t\t<div class=\"elementor-element elementor-element-6603680 elementor-widget__width-initial elementor-widget-tablet__width-inherit elementor-widget elementor-widget-image\" data-id=\"6603680\" data-element_type=\"widget\" data-e-type=\"widget\" data-widget_type=\"image.default\">\n\t\t\t\t<div class=\"elementor-widget-container\">\n\t\t\t\t\t\t\t\t\t\t\t\t\t\t\t<img fetchpriority=\"high\" decoding=\"async\" width=\"1000\" height=\"667\" src=\"https:\/\/sobelconsult.com\/wp-content\/uploads\/2025\/01\/checking-info.webp\" class=\"attachment-full size-full wp-image-6436\" alt=\"checking info\" srcset=\"https:\/\/sobelconsult.com\/wp-content\/uploads\/2025\/01\/checking-info.webp 1000w, https:\/\/sobelconsult.com\/wp-content\/uploads\/2025\/01\/checking-info-300x200.webp 300w, https:\/\/sobelconsult.com\/wp-content\/uploads\/2025\/01\/checking-info-768x512.webp 768w\" sizes=\"(max-width: 1000px) 100vw, 1000px\" \/>\t\t\t\t\t\t\t\t\t\t\t\t\t\t\t<\/div>\n\t\t\t\t<\/div>\n\t\t\t\t<div class=\"elementor-element elementor-element-6f8051b elementor-widget__width-initial elementor-widget elementor-widget-heading\" data-id=\"6f8051b\" data-element_type=\"widget\" data-e-type=\"widget\" data-widget_type=\"heading.default\">\n\t\t\t\t<div class=\"elementor-widget-container\">\n\t\t\t\t\t<h2 class=\"elementor-heading-title elementor-size-default\">C\u00f3mo apoyamos tu evaluaci\u00f3n cl\u00ednica en EE.UU.<\/h2>\t\t\t\t<\/div>\n\t\t\t\t<\/div>\n\t\t\t\t<div class=\"elementor-element elementor-element-fc3ae87 elementor-widget elementor-widget-text-editor\" data-id=\"fc3ae87\" data-element_type=\"widget\" data-e-type=\"widget\" data-widget_type=\"text-editor.default\">\n\t\t\t\t<div class=\"elementor-widget-container\">\n\t\t\t\t\t\t\t\t\t<p><strong>\u00bfQu\u00e9 es una evaluaci\u00f3n cl\u00ednica?<\/strong><\/p><p>Una Evaluaci\u00f3n Cl\u00ednica <strong>es un proceso estructurado que recopila y analiza datos cl\u00ednicos para demostrar la seguridad<\/strong> y el rendimiento de un producto sanitario.<\/p><p>Para las presentaciones a la FDA, esto incluye un Plan de Evaluaci\u00f3n Cl\u00ednica (CEP), una revisi\u00f3n bibliogr\u00e1fica en profundidad y un Informe de Evaluaci\u00f3n Cl\u00ednica (CER) detallado que respalde tu 510(k) o PMA. Y podemos ayudar a tu empresa con: <\/p><ul class=\"data-monday-blocks-wrapper\"><li class=\"monday-block-5\" contenteditable=\"true\" data-monday-block-type=\"5\" data-monday-block-content=\"{\"alignment\":\"left\",\"direction\":\"ltr\",\"deltaFormat\":[{\"insert\":\"Develop a customized Clinical Evaluation Plan outlining objectives, scope, data sources, and evaluation strategy\"}],\"base64Encoded\":\"AQGY9b38BwAEAQl0ZXh0QmxvY2twRGV2ZWxvcCBhIGN1c3RvbWl6ZWQgQ2xpbmljYWwgRXZhbHVhdGlvbiBQbGFuIG91dGxpbmluZyBvYmplY3RpdmVzLCBzY29wZSwgZGF0YSBzb3VyY2VzLCBhbmQgZXZhbHVhdGlvbiBzdHJhdGVneQA=\"}\" data-monday-block-id=\"dbe3fb7a-bc1e-43d5-b74c-55d8dcd5079c\" data-monday-block-collapsed=\"undefined\" data-monday-block-is-collapsed-header=\"undefined\"><p>Desarrollar un Plan de Evaluaci\u00f3n Cl\u00ednica personalizado que describa los objetivos, el alcance, las fuentes de datos y la estrategia de evaluaci\u00f3n.<\/p><\/li><li class=\"monday-block-5\" contenteditable=\"true\" data-monday-block-type=\"5\" data-monday-block-content=\"{\"alignment\":\"left\",\"direction\":\"ltr\",\"deltaFormat\":[{\"insert\":\"Conduct thorough literature searches to gather clinical data on the device or equivalent products\"}],\"base64Encoded\":\"AQHin9TbCgAEAQl0ZXh0QmxvY2thQ29uZHVjdCB0aG9yb3VnaCBsaXRlcmF0dXJlIHNlYXJjaGVzIHRvIGdhdGhlciBjbGluaWNhbCBkYXRhIG9uIHRoZSBkZXZpY2Ugb3IgZXF1aXZhbGVudCBwcm9kdWN0cwA=\"}\" data-monday-block-id=\"7de07e4b-5b3f-41f9-9ec4-fc53289864ad\" data-monday-block-collapsed=\"undefined\" data-monday-block-is-collapsed-header=\"undefined\"><p>Realizar b\u00fasquedas bibliogr\u00e1ficas exhaustivas para recopilar datos cl\u00ednicos sobre el aparato o productos equivalentes<\/p><\/li><li class=\"monday-block-5\" contenteditable=\"true\" data-monday-block-type=\"5\" data-monday-block-content=\"{\"alignment\":\"left\",\"direction\":\"ltr\",\"deltaFormat\":[{\"insert\":\"Analyze available clinical and scientific data to support safety and performance claims\"}],\"base64Encoded\":\"AQHw34uvBAAEAQl0ZXh0QmxvY2tXQW5hbHl6ZSBhdmFpbGFibGUgY2xpbmljYWwgYW5kIHNjaWVudGlmaWMgZGF0YSB0byBzdXBwb3J0IHNhZmV0eSBhbmQgcGVyZm9ybWFuY2UgY2xhaW1zAA==\"}\" data-monday-block-id=\"8fe5f35f-c248-472e-8be8-def8e9f97abb\" data-monday-block-collapsed=\"undefined\" data-monday-block-is-collapsed-header=\"undefined\"><p>Analizar los datos cl\u00ednicos y cient\u00edficos disponibles para respaldar las afirmaciones sobre seguridad y rendimiento<\/p><\/li><li class=\"monday-block-5\" contenteditable=\"true\" data-monday-block-type=\"5\" data-monday-block-content=\"{\"alignment\":\"left\",\"direction\":\"ltr\",\"deltaFormat\":[{\"insert\":\"Identify any gaps and provide strategic recommendations to address them\"}],\"base64Encoded\":\"AQH\/s+vYAwAEAQl0ZXh0QmxvY2tHSWRlbnRpZnkgYW55IGdhcHMgYW5kIHByb3ZpZGUgc3RyYXRlZ2ljIHJlY29tbWVuZGF0aW9ucyB0byBhZGRyZXNzIHRoZW0A\"}\" data-monday-block-id=\"7eaf0789-7bd4-49c9-999d-d6507727b7aa\" data-monday-block-collapsed=\"undefined\" data-monday-block-is-collapsed-header=\"undefined\"><p>Identificar las posibles lagunas y proporcionar recomendaciones estrat\u00e9gicas para abordarlas<\/p><\/li><li class=\"monday-block-5\" contenteditable=\"true\" data-monday-block-type=\"5\" data-monday-block-content=\"{\"alignment\":\"left\",\"direction\":\"ltr\",\"deltaFormat\":[{\"insert\":\"Compile a high-quality, FDA-aligned CER report with clear, structured, and defensible conclusions\"}],\"base64Encoded\":\"AQGzhtObCwAEAQl0ZXh0QmxvY2thQ29tcGlsZSBhIGhpZ2gtcXVhbGl0eSwgRkRBLWFsaWduZWQgQ0VSIHJlcG9ydCB3aXRoIGNsZWFyLCBzdHJ1Y3R1cmVkLCBhbmQgZGVmZW5zaWJsZSBjb25jbHVzaW9ucwA=\"}\" data-monday-block-id=\"f8529a2c-f350-45e4-8494-de4614401dda\" data-monday-block-collapsed=\"undefined\" data-monday-block-is-collapsed-header=\"undefined\"><p>Elaborar un informe CER de alta calidad, alineado con la FDA, con conclusiones claras, estructuradas y defendibles.<\/p><\/li><li class=\"monday-block-5\" contenteditable=\"true\" data-monday-block-type=\"5\" data-monday-block-content=\"{\"alignment\":\"left\",\"direction\":\"ltr\",\"deltaFormat\":[{\"insert\":\"Ensure all documentation fits seamlessly into your submission for regulatory compliance\"}],\"base64Encoded\":\"AQGIiMb9AgAEAQl0ZXh0QmxvY2tXRW5zdXJlIGFsbCBkb2N1bWVudGF0aW9uIGZpdHMgc2VhbWxlc3NseSBpbnRvIHlvdXIgc3VibWlzc2lvbiBmb3IgcmVndWxhdG9yeSBjb21wbGlhbmNlAA==\"}\" data-monday-block-id=\"bce6d18a-07cf-4c86-b1bc-2bb75ee604f1\" data-monday-block-collapsed=\"undefined\" data-monday-block-is-collapsed-header=\"undefined\"><p>Aseg\u00farate de que toda la documentaci\u00f3n encaja perfectamente en tu presentaci\u00f3n para el cumplimiento de la normativa<\/p><\/li><\/ul>\t\t\t\t\t\t\t\t<\/div>\n\t\t\t\t<\/div>\n\t\t\t\t\t<\/div>\n\t\t\t\t<\/div>\n\t\t<div class=\"elementor-element elementor-element-5c01f58 e-flex e-con-boxed e-con e-parent\" data-id=\"5c01f58\" data-element_type=\"container\" data-e-type=\"container\">\n\t\t\t\t\t<div class=\"e-con-inner\">\n\t\t\t\t<div class=\"elementor-element elementor-element-ee215fc elementor-widget-mobile__width-inherit elementor-widget elementor-widget-image\" data-id=\"ee215fc\" data-element_type=\"widget\" data-e-type=\"widget\" data-widget_type=\"image.default\">\n\t\t\t\t<div class=\"elementor-widget-container\">\n\t\t\t\t\t\t\t\t\t\t\t\t\t\t\t<img decoding=\"async\" width=\"1259\" height=\"275\" src=\"https:\/\/sobelconsult.com\/wp-content\/uploads\/2025\/02\/Rectangle-BlueSea.svg\" class=\"attachment-full size-full wp-image-7917\" alt=\"Shape blue sea\" \/>\t\t\t\t\t\t\t\t\t\t\t\t\t\t\t<\/div>\n\t\t\t\t<\/div>\n\t\t\t\t<div class=\"elementor-element elementor-element-486b1c1 elementor-widget elementor-widget-heading\" data-id=\"486b1c1\" data-element_type=\"widget\" data-e-type=\"widget\" data-widget_type=\"heading.default\">\n\t\t\t\t<div class=\"elementor-widget-container\">\n\t\t\t\t\t<h2 class=\"elementor-heading-title elementor-size-default\">\u00bfPor qu\u00e9 necesitas este servicio?<\/h2>\t\t\t\t<\/div>\n\t\t\t\t<\/div>\n\t\t<div class=\"elementor-element elementor-element-4bf23e3 e-flex e-con-boxed e-con e-child\" data-id=\"4bf23e3\" data-element_type=\"container\" data-e-type=\"container\">\n\t\t\t\t\t<div class=\"e-con-inner\">\n\t\t<div class=\"elementor-element elementor-element-e0b599c e-con-full e-flex e-con e-child\" data-id=\"e0b599c\" data-element_type=\"container\" data-e-type=\"container\" data-settings=\"{&quot;background_background&quot;:&quot;classic&quot;}\">\n\t\t\t\t<div class=\"elementor-element elementor-element-52c94df elementor-widget elementor-widget-text-editor\" data-id=\"52c94df\" data-element_type=\"widget\" data-e-type=\"widget\" data-widget_type=\"text-editor.default\">\n\t\t\t\t<div class=\"elementor-widget-container\">\n\t\t\t\t\t\t\t\t\t<p>Ya sea mediante 510(k) o PMA, la FDA espera pruebas cl\u00ednicas s\u00f3lidas. Un informe CER sobre productos sanitarios correctamente estructurado <strong>ayuda a que tu presentaci\u00f3n se ajuste a las expectativas normativas desde el principio.<\/strong> <\/p>\t\t\t\t\t\t\t\t<\/div>\n\t\t\t\t<\/div>\n\t\t\t\t<\/div>\n\t\t<div class=\"elementor-element elementor-element-60062f6 e-con-full e-flex e-con e-child\" data-id=\"60062f6\" data-element_type=\"container\" data-e-type=\"container\" data-settings=\"{&quot;background_background&quot;:&quot;classic&quot;}\">\n\t\t\t\t<div class=\"elementor-element elementor-element-01b66a1 elementor-widget elementor-widget-text-editor\" data-id=\"01b66a1\" data-element_type=\"widget\" data-e-type=\"widget\" data-widget_type=\"text-editor.default\">\n\t\t\t\t<div class=\"elementor-widget-container\">\n\t\t\t\t\t\t\t\t\t<p>Te ayudamos a demostrar que tu dispositivo funciona seg\u00fan lo previsto y no plantea riesgos inaceptables, <strong>utilizando datos que resisten el escrutinio de la FDA.<\/strong><\/p>\t\t\t\t\t\t\t\t<\/div>\n\t\t\t\t<\/div>\n\t\t\t\t<\/div>\n\t\t<div class=\"elementor-element elementor-element-640b304 e-con-full e-flex e-con e-child\" data-id=\"640b304\" data-element_type=\"container\" data-e-type=\"container\" data-settings=\"{&quot;background_background&quot;:&quot;classic&quot;}\">\n\t\t\t\t<div class=\"elementor-element elementor-element-21e66a0 elementor-widget elementor-widget-text-editor\" data-id=\"21e66a0\" data-element_type=\"widget\" data-e-type=\"widget\" data-widget_type=\"text-editor.default\">\n\t\t\t\t<div class=\"elementor-widget-container\">\n\t\t\t\t\t\t\t\t\t<p>La evaluaci\u00f3n cl\u00ednica es compleja. Pero <strong>nosotros nos centramos s\u00f3lo en lo esencial,<\/strong> ayud\u00e1ndote a evitar estudios innecesarios y a agilizar tu camino hacia la aprobaci\u00f3n. <\/p>\t\t\t\t\t\t\t\t<\/div>\n\t\t\t\t<\/div>\n\t\t\t\t<\/div>\n\t\t\t\t\t<\/div>\n\t\t\t\t<\/div>\n\t\t\t\t<div class=\"elementor-element elementor-element-a650023 elementor-widget elementor-widget-text-editor\" data-id=\"a650023\" data-element_type=\"widget\" data-e-type=\"widget\" data-widget_type=\"text-editor.default\">\n\t\t\t\t<div class=\"elementor-widget-container\">\n\t\t\t\t\t\t\t\t\t<p>Un Informe de Evaluaci\u00f3n Cl\u00ednica bien preparado hace algo m\u00e1s que respaldar tu presentaci\u00f3n a la FDA: protege tu producto, genera confianza y refuerza tu marca. Por eso, contar con un equipo altamente cualificado a tu lado, como Sobel, marca la diferencia. <\/p>\t\t\t\t\t\t\t\t<\/div>\n\t\t\t\t<\/div>\n\t\t\t\t\t<\/div>\n\t\t\t\t<\/div>\n\t\t<div class=\"elementor-element elementor-element-e7f2524 e-flex e-con-boxed e-con e-parent\" data-id=\"e7f2524\" data-element_type=\"container\" data-e-type=\"container\">\n\t\t\t\t\t<div class=\"e-con-inner\">\n\t\t<div class=\"elementor-element elementor-element-147b12f e-con-full e-flex e-con e-child\" data-id=\"147b12f\" data-element_type=\"container\" data-e-type=\"container\" data-settings=\"{&quot;background_background&quot;:&quot;classic&quot;}\">\n\t\t<div class=\"elementor-element elementor-element-ad64db1 e-con-full e-flex e-con e-child\" data-id=\"ad64db1\" data-element_type=\"container\" data-e-type=\"container\">\n\t\t\t\t<div class=\"elementor-element elementor-element-ce9d794 elementor-widget elementor-widget-heading\" data-id=\"ce9d794\" data-element_type=\"widget\" data-e-type=\"widget\" data-widget_type=\"heading.default\">\n\t\t\t\t<div class=\"elementor-widget-container\">\n\t\t\t\t\t<h2 class=\"elementor-heading-title elementor-size-default\">\u00bfBuscas ayuda para una evaluaci\u00f3n cl\u00ednica?<\/h2>\t\t\t\t<\/div>\n\t\t\t\t<\/div>\n\t\t\t\t<div class=\"elementor-element elementor-element-4bda438 elementor-widget__width-initial elementor-widget elementor-widget-text-editor\" data-id=\"4bda438\" data-element_type=\"widget\" data-e-type=\"widget\" data-widget_type=\"text-editor.default\">\n\t\t\t\t<div class=\"elementor-widget-container\">\n\t\t\t\t\t\t\t\t\t<p><strong>En Sobel, la evaluaci\u00f3n cl\u00ednica es un paso estrat\u00e9gico hacia el \u00e9xito de la aprobaci\u00f3n.  <\/strong>Nuestro equipo combina conocimientos normativos, experiencia cient\u00edfica y comunicaci\u00f3n clara para ayudarte a presentar tu solicitud con confianza y destacar en el mercado.<\/p><p><strong>D\u00e9janos guiarte desde el plan hasta el informe CER, con calidad, precisi\u00f3n y plena adecuaci\u00f3n a las expectativas de la FDA.<\/strong><\/p>\t\t\t\t\t\t\t\t<\/div>\n\t\t\t\t<\/div>\n\t\t\t\t<\/div>\n\t\t\t\t<div class=\"elementor-element elementor-element-b84236d elementor-widget elementor-widget-button\" data-id=\"b84236d\" data-element_type=\"widget\" data-e-type=\"widget\" data-widget_type=\"button.default\">\n\t\t\t\t<div class=\"elementor-widget-container\">\n\t\t\t\t\t\t\t\t\t<div class=\"elementor-button-wrapper\">\n\t\t\t\t\t<a class=\"elementor-button elementor-button-link elementor-size-sm\" href=\"#elementor-action%3Aaction%3Dpopup%3Aopen%26settings%3DeyJpZCI6ODQyNCwidG9nZ2xlIjpmYWxzZX0%3D\">\n\t\t\t\t\t\t<span class=\"elementor-button-content-wrapper\">\n\t\t\t\t\t\t\t\t\t<span class=\"elementor-button-text\">Contacta con nosotros hoy mismo<\/span>\n\t\t\t\t\t<\/span>\n\t\t\t\t\t<\/a>\n\t\t\t\t<\/div>\n\t\t\t\t\t\t\t\t<\/div>\n\t\t\t\t<\/div>\n\t\t\t\t<\/div>\n\t\t\t\t\t<\/div>\n\t\t\t\t<\/div>\n\t\t\t\t<\/div>\n\t\t","protected":false},"excerpt":{"rendered":"<p>Servicios de evaluaci\u00f3n cl\u00ednica para presentaciones a la FDA. CERs y CEPs para respaldar las solicitudes 510(k) y PMA pruebas alineadas con la normativa. <\/p>\n","protected":false},"author":11,"featured_media":0,"parent":0,"menu_order":0,"comment_status":"closed","ping_status":"closed","template":"","meta":{"footnotes":""},"class_list":["post-8099","page","type-page","status-publish","hentry"],"yoast_head":"<!-- This site is optimized with the Yoast SEO Premium plugin v26.3 (Yoast SEO v26.8) - https:\/\/yoast.com\/product\/yoast-seo-premium-wordpress\/ -->\n<title>Servicios de evaluaci\u00f3n cl\u00ednica | Cumplimiento de la FDA para presentaciones 510(k) y PMA<\/title>\n<meta name=\"description\" content=\"Servicios de evaluaci\u00f3n cl\u00ednica para presentaciones a la FDA. CERs y CEPs para respaldar las solicitudes 510(k) y PMA pruebas alineadas con la normativa.\" \/>\n<meta name=\"robots\" content=\"index, follow, max-snippet:-1, max-image-preview:large, max-video-preview:-1\" \/>\n<link rel=\"canonical\" href=\"https:\/\/sobelconsult.com\/es\/evaluacion-clinica-ee-uu\/\" \/>\n<meta property=\"og:locale\" content=\"es_ES\" \/>\n<meta property=\"og:type\" content=\"article\" \/>\n<meta property=\"og:title\" content=\"Evaluaci\u00f3n cl\u00ednica - EE.UU.\" \/>\n<meta property=\"og:description\" content=\"Servicios de evaluaci\u00f3n cl\u00ednica para presentaciones a la FDA. CERs y CEPs para respaldar las solicitudes 510(k) y PMA pruebas alineadas con la normativa.\" \/>\n<meta property=\"og:url\" content=\"https:\/\/sobelconsult.com\/es\/evaluacion-clinica-ee-uu\/\" \/>\n<meta property=\"og:site_name\" content=\"Sobel\" \/>\n<meta property=\"og:image\" content=\"https:\/\/sobelconsult.com\/wp-content\/uploads\/2025\/01\/checking-info.webp\" \/>\n<meta name=\"twitter:card\" content=\"summary_large_image\" \/>\n<meta name=\"twitter:label1\" content=\"Tiempo de lectura\" \/>\n\t<meta name=\"twitter:data1\" content=\"3 minuto\" \/>\n<script type=\"application\/ld+json\" class=\"yoast-schema-graph\">{\"@context\":\"https:\/\/schema.org\",\"@graph\":[{\"@type\":\"WebPage\",\"@id\":\"https:\/\/sobelconsult.com\/es\/evaluacion-clinica-ee-uu\/\",\"url\":\"https:\/\/sobelconsult.com\/es\/evaluacion-clinica-ee-uu\/\",\"name\":\"Servicios de evaluaci\u00f3n cl\u00ednica | Cumplimiento de la FDA para presentaciones 510(k) y PMA\",\"isPartOf\":{\"@id\":\"https:\/\/sobelconsult.com\/es\/#website\"},\"primaryImageOfPage\":{\"@id\":\"https:\/\/sobelconsult.com\/es\/evaluacion-clinica-ee-uu\/#primaryimage\"},\"image\":{\"@id\":\"https:\/\/sobelconsult.com\/es\/evaluacion-clinica-ee-uu\/#primaryimage\"},\"thumbnailUrl\":\"https:\/\/sobelconsult.com\/wp-content\/uploads\/2025\/01\/checking-info.webp\",\"datePublished\":\"2025-06-01T13:00:00+00:00\",\"description\":\"Servicios de evaluaci\u00f3n cl\u00ednica para presentaciones a la FDA. CERs y CEPs para respaldar las solicitudes 510(k) y PMA pruebas alineadas con la normativa.\",\"breadcrumb\":{\"@id\":\"https:\/\/sobelconsult.com\/es\/evaluacion-clinica-ee-uu\/#breadcrumb\"},\"inLanguage\":\"es\",\"potentialAction\":[{\"@type\":\"ReadAction\",\"target\":[\"https:\/\/sobelconsult.com\/es\/evaluacion-clinica-ee-uu\/\"]}]},{\"@type\":\"ImageObject\",\"inLanguage\":\"es\",\"@id\":\"https:\/\/sobelconsult.com\/es\/evaluacion-clinica-ee-uu\/#primaryimage\",\"url\":\"https:\/\/sobelconsult.com\/wp-content\/uploads\/2025\/01\/checking-info.webp\",\"contentUrl\":\"https:\/\/sobelconsult.com\/wp-content\/uploads\/2025\/01\/checking-info.webp\"},{\"@type\":\"BreadcrumbList\",\"@id\":\"https:\/\/sobelconsult.com\/es\/evaluacion-clinica-ee-uu\/#breadcrumb\",\"itemListElement\":[{\"@type\":\"ListItem\",\"position\":1,\"name\":\"Inicio\",\"item\":\"https:\/\/sobelconsult.com\/es\/home\/\"},{\"@type\":\"ListItem\",\"position\":2,\"name\":\"Evaluaci\u00f3n cl\u00ednica &#8211; EE.UU.\"}]},{\"@type\":\"WebSite\",\"@id\":\"https:\/\/sobelconsult.com\/es\/#website\",\"url\":\"https:\/\/sobelconsult.com\/es\/\",\"name\":\"Sobel\",\"description\":\"Regulatory Consultancy\",\"publisher\":{\"@id\":\"https:\/\/sobelconsult.com\/es\/#organization\"},\"potentialAction\":[{\"@type\":\"SearchAction\",\"target\":{\"@type\":\"EntryPoint\",\"urlTemplate\":\"https:\/\/sobelconsult.com\/es\/?s={search_term_string}\"},\"query-input\":{\"@type\":\"PropertyValueSpecification\",\"valueRequired\":true,\"valueName\":\"search_term_string\"}}],\"inLanguage\":\"es\"},{\"@type\":\"Organization\",\"@id\":\"https:\/\/sobelconsult.com\/es\/#organization\",\"name\":\"Sobel\",\"url\":\"https:\/\/sobelconsult.com\/es\/\",\"logo\":{\"@type\":\"ImageObject\",\"inLanguage\":\"es\",\"@id\":\"https:\/\/sobelconsult.com\/es\/#\/schema\/logo\/image\/\",\"url\":\"https:\/\/sobelconsult.com\/wp-content\/uploads\/2024\/07\/Logo-Oficial-Website-White.png\",\"contentUrl\":\"https:\/\/sobelconsult.com\/wp-content\/uploads\/2024\/07\/Logo-Oficial-Website-White.png\",\"width\":741,\"height\":290,\"caption\":\"Sobel\"},\"image\":{\"@id\":\"https:\/\/sobelconsult.com\/es\/#\/schema\/logo\/image\/\"}}]}<\/script>\n<!-- \/ Yoast SEO Premium plugin. -->","yoast_head_json":{"title":"Servicios de evaluaci\u00f3n cl\u00ednica | Cumplimiento de la FDA para presentaciones 510(k) y PMA","description":"Servicios de evaluaci\u00f3n cl\u00ednica para presentaciones a la FDA. CERs y CEPs para respaldar las solicitudes 510(k) y PMA pruebas alineadas con la normativa.","robots":{"index":"index","follow":"follow","max-snippet":"max-snippet:-1","max-image-preview":"max-image-preview:large","max-video-preview":"max-video-preview:-1"},"canonical":"https:\/\/sobelconsult.com\/es\/evaluacion-clinica-ee-uu\/","og_locale":"es_ES","og_type":"article","og_title":"Evaluaci\u00f3n cl\u00ednica - EE.UU.","og_description":"Servicios de evaluaci\u00f3n cl\u00ednica para presentaciones a la FDA. CERs y CEPs para respaldar las solicitudes 510(k) y PMA pruebas alineadas con la normativa.","og_url":"https:\/\/sobelconsult.com\/es\/evaluacion-clinica-ee-uu\/","og_site_name":"Sobel","og_image":[{"url":"https:\/\/sobelconsult.com\/wp-content\/uploads\/2025\/01\/checking-info.webp","type":"","width":"","height":""}],"twitter_card":"summary_large_image","twitter_misc":{"Tiempo de lectura":"3 minuto"},"schema":{"@context":"https:\/\/schema.org","@graph":[{"@type":"WebPage","@id":"https:\/\/sobelconsult.com\/es\/evaluacion-clinica-ee-uu\/","url":"https:\/\/sobelconsult.com\/es\/evaluacion-clinica-ee-uu\/","name":"Servicios de evaluaci\u00f3n cl\u00ednica | Cumplimiento de la FDA para presentaciones 510(k) y PMA","isPartOf":{"@id":"https:\/\/sobelconsult.com\/es\/#website"},"primaryImageOfPage":{"@id":"https:\/\/sobelconsult.com\/es\/evaluacion-clinica-ee-uu\/#primaryimage"},"image":{"@id":"https:\/\/sobelconsult.com\/es\/evaluacion-clinica-ee-uu\/#primaryimage"},"thumbnailUrl":"https:\/\/sobelconsult.com\/wp-content\/uploads\/2025\/01\/checking-info.webp","datePublished":"2025-06-01T13:00:00+00:00","description":"Servicios de evaluaci\u00f3n cl\u00ednica para presentaciones a la FDA. CERs y CEPs para respaldar las solicitudes 510(k) y PMA pruebas alineadas con la normativa.","breadcrumb":{"@id":"https:\/\/sobelconsult.com\/es\/evaluacion-clinica-ee-uu\/#breadcrumb"},"inLanguage":"es","potentialAction":[{"@type":"ReadAction","target":["https:\/\/sobelconsult.com\/es\/evaluacion-clinica-ee-uu\/"]}]},{"@type":"ImageObject","inLanguage":"es","@id":"https:\/\/sobelconsult.com\/es\/evaluacion-clinica-ee-uu\/#primaryimage","url":"https:\/\/sobelconsult.com\/wp-content\/uploads\/2025\/01\/checking-info.webp","contentUrl":"https:\/\/sobelconsult.com\/wp-content\/uploads\/2025\/01\/checking-info.webp"},{"@type":"BreadcrumbList","@id":"https:\/\/sobelconsult.com\/es\/evaluacion-clinica-ee-uu\/#breadcrumb","itemListElement":[{"@type":"ListItem","position":1,"name":"Inicio","item":"https:\/\/sobelconsult.com\/es\/home\/"},{"@type":"ListItem","position":2,"name":"Evaluaci\u00f3n cl\u00ednica &#8211; EE.UU."}]},{"@type":"WebSite","@id":"https:\/\/sobelconsult.com\/es\/#website","url":"https:\/\/sobelconsult.com\/es\/","name":"Sobel","description":"Regulatory Consultancy","publisher":{"@id":"https:\/\/sobelconsult.com\/es\/#organization"},"potentialAction":[{"@type":"SearchAction","target":{"@type":"EntryPoint","urlTemplate":"https:\/\/sobelconsult.com\/es\/?s={search_term_string}"},"query-input":{"@type":"PropertyValueSpecification","valueRequired":true,"valueName":"search_term_string"}}],"inLanguage":"es"},{"@type":"Organization","@id":"https:\/\/sobelconsult.com\/es\/#organization","name":"Sobel","url":"https:\/\/sobelconsult.com\/es\/","logo":{"@type":"ImageObject","inLanguage":"es","@id":"https:\/\/sobelconsult.com\/es\/#\/schema\/logo\/image\/","url":"https:\/\/sobelconsult.com\/wp-content\/uploads\/2024\/07\/Logo-Oficial-Website-White.png","contentUrl":"https:\/\/sobelconsult.com\/wp-content\/uploads\/2024\/07\/Logo-Oficial-Website-White.png","width":741,"height":290,"caption":"Sobel"},"image":{"@id":"https:\/\/sobelconsult.com\/es\/#\/schema\/logo\/image\/"}}]}},"_links":{"self":[{"href":"https:\/\/sobelconsult.com\/es\/wp-json\/wp\/v2\/pages\/8099","targetHints":{"allow":["GET"]}}],"collection":[{"href":"https:\/\/sobelconsult.com\/es\/wp-json\/wp\/v2\/pages"}],"about":[{"href":"https:\/\/sobelconsult.com\/es\/wp-json\/wp\/v2\/types\/page"}],"author":[{"embeddable":true,"href":"https:\/\/sobelconsult.com\/es\/wp-json\/wp\/v2\/users\/11"}],"replies":[{"embeddable":true,"href":"https:\/\/sobelconsult.com\/es\/wp-json\/wp\/v2\/comments?post=8099"}],"version-history":[{"count":0,"href":"https:\/\/sobelconsult.com\/es\/wp-json\/wp\/v2\/pages\/8099\/revisions"}],"wp:attachment":[{"href":"https:\/\/sobelconsult.com\/es\/wp-json\/wp\/v2\/media?parent=8099"}],"curies":[{"name":"wp","href":"https:\/\/api.w.org\/{rel}","templated":true}]}}