{"id":10124,"date":"2025-07-22T16:54:29","date_gmt":"2025-07-22T19:54:29","guid":{"rendered":"https:\/\/sobelconsult.com\/merci-de-nous-contacter\/"},"modified":"2025-07-22T17:21:29","modified_gmt":"2025-07-22T20:21:29","slug":"merci-de-nous-contacter","status":"publish","type":"page","link":"https:\/\/sobelconsult.com\/fr\/merci-de-nous-contacter\/","title":{"rendered":"Merci de nous avoir contact\u00e9s !"},"content":{"rendered":"\t\t<div data-elementor-type=\"wp-page\" data-elementor-id=\"10124\" class=\"elementor elementor-10124\" data-elementor-post-type=\"page\">\n\t\t\t\t<div class=\"elementor-element elementor-element-9a50ee5 e-flex e-con-boxed e-con e-parent\" data-id=\"9a50ee5\" data-element_type=\"container\" data-e-type=\"container\">\n\t\t\t\t\t<div class=\"e-con-inner\">\n\t\t\t\t<div class=\"elementor-element elementor-element-2cd6ed4 elementor-widget elementor-widget-image\" data-id=\"2cd6ed4\" data-element_type=\"widget\" data-e-type=\"widget\" data-widget_type=\"image.default\">\n\t\t\t\t<div class=\"elementor-widget-container\">\n\t\t\t\t\t\t\t\t\t\t\t\t\t\t\t<img fetchpriority=\"high\" decoding=\"async\" width=\"800\" height=\"533\" src=\"https:\/\/sobelconsult.com\/wp-content\/uploads\/2025\/07\/paper_airplane_send_with_dotted_lines_flat_style-1024x682.jpg\" class=\"attachment-large size-large wp-image-10144\" alt=\"Here\u2019s the translation:\n\nIllustration of a paper airplane and its dotted flight path.\" srcset=\"https:\/\/sobelconsult.com\/wp-content\/uploads\/2025\/07\/paper_airplane_send_with_dotted_lines_flat_style-1024x682.jpg 1024w, https:\/\/sobelconsult.com\/wp-content\/uploads\/2025\/07\/paper_airplane_send_with_dotted_lines_flat_style-300x200.jpg 300w, https:\/\/sobelconsult.com\/wp-content\/uploads\/2025\/07\/paper_airplane_send_with_dotted_lines_flat_style-768x512.jpg 768w, https:\/\/sobelconsult.com\/wp-content\/uploads\/2025\/07\/paper_airplane_send_with_dotted_lines_flat_style-1536x1024.jpg 1536w, https:\/\/sobelconsult.com\/wp-content\/uploads\/2025\/07\/paper_airplane_send_with_dotted_lines_flat_style-2048x1365.jpg 2048w\" sizes=\"(max-width: 800px) 100vw, 800px\" \/>\t\t\t\t\t\t\t\t\t\t\t\t\t\t\t<\/div>\n\t\t\t\t<\/div>\n\t\t\t\t<div class=\"elementor-element elementor-element-9a57abd elementor-widget elementor-widget-heading\" data-id=\"9a57abd\" data-element_type=\"widget\" data-e-type=\"widget\" data-widget_type=\"heading.default\">\n\t\t\t\t<div class=\"elementor-widget-container\">\n\t\t\t\t\t<h2 class=\"elementor-heading-title elementor-size-default\">Merci de nous contacter !<br>Votre message a \u00e9t\u00e9 envoy\u00e9 avec succ\u00e8s<\/h2>\t\t\t\t<\/div>\n\t\t\t\t<\/div>\n\t\t\t\t\t<\/div>\n\t\t\t\t<\/div>\n\t\t\t\t<\/div>\n\t\t","protected":false},"excerpt":{"rendered":"<p>Merci de nous contacter !Votre message a \u00e9t\u00e9 envoy\u00e9 avec succ\u00e8s<\/p>\n","protected":false},"author":15,"featured_media":0,"parent":0,"menu_order":0,"comment_status":"closed","ping_status":"closed","template":"elementor_header_footer","meta":{"footnotes":""},"class_list":["post-10124","page","type-page","status-publish","hentry"],"yoast_head":"<!-- This site is optimized with the Yoast SEO Premium plugin v26.3 (Yoast SEO v26.8) - https:\/\/yoast.com\/product\/yoast-seo-premium-wordpress\/ -->\n<title>Merci de nous avoir contact\u00e9s ! - Sobel<\/title>\n<meta name=\"robots\" content=\"index, follow, max-snippet:-1, max-image-preview:large, max-video-preview:-1\" \/>\n<link rel=\"canonical\" href=\"https:\/\/sobelconsult.com\/fr\/merci-de-nous-contacter\/\" \/>\n<meta property=\"og:locale\" content=\"fr_FR\" \/>\n<meta property=\"og:type\" content=\"article\" \/>\n<meta property=\"og:title\" content=\"Merci de nous avoir contact\u00e9s !\" \/>\n<meta property=\"og:description\" content=\"Merci de nous contacter !Votre message a \u00e9t\u00e9 envoy\u00e9 avec succ\u00e8s\" \/>\n<meta property=\"og:url\" content=\"https:\/\/sobelconsult.com\/fr\/merci-de-nous-contacter\/\" \/>\n<meta property=\"og:site_name\" content=\"Sobel\" \/>\n<meta property=\"article:modified_time\" content=\"2025-07-22T20:21:29+00:00\" \/>\n<meta property=\"og:image\" content=\"https:\/\/sobelconsult.com\/wp-content\/uploads\/2025\/07\/paper_airplane_send_with_dotted_lines_flat_style-scaled.jpg\" \/>\n\t<meta property=\"og:image:width\" content=\"2560\" \/>\n\t<meta property=\"og:image:height\" content=\"1706\" \/>\n\t<meta property=\"og:image:type\" content=\"image\/jpeg\" \/>\n<meta name=\"twitter:card\" content=\"summary_large_image\" \/>\n<script type=\"application\/ld+json\" class=\"yoast-schema-graph\">{\"@context\":\"https:\/\/schema.org\",\"@graph\":[{\"@type\":\"WebPage\",\"@id\":\"https:\/\/sobelconsult.com\/fr\/merci-de-nous-contacter\/\",\"url\":\"https:\/\/sobelconsult.com\/fr\/merci-de-nous-contacter\/\",\"name\":\"Merci de nous avoir contact\u00e9s ! - Sobel\",\"isPartOf\":{\"@id\":\"https:\/\/sobelconsult.com\/fr\/#website\"},\"primaryImageOfPage\":{\"@id\":\"https:\/\/sobelconsult.com\/fr\/merci-de-nous-contacter\/#primaryimage\"},\"image\":{\"@id\":\"https:\/\/sobelconsult.com\/fr\/merci-de-nous-contacter\/#primaryimage\"},\"thumbnailUrl\":\"https:\/\/sobelconsult.com\/wp-content\/uploads\/2025\/07\/paper_airplane_send_with_dotted_lines_flat_style-1024x682.jpg\",\"datePublished\":\"2025-07-22T19:54:29+00:00\",\"dateModified\":\"2025-07-22T20:21:29+00:00\",\"breadcrumb\":{\"@id\":\"https:\/\/sobelconsult.com\/fr\/merci-de-nous-contacter\/#breadcrumb\"},\"inLanguage\":\"fr-FR\",\"potentialAction\":[{\"@type\":\"ReadAction\",\"target\":[\"https:\/\/sobelconsult.com\/fr\/merci-de-nous-contacter\/\"]}]},{\"@type\":\"ImageObject\",\"inLanguage\":\"fr-FR\",\"@id\":\"https:\/\/sobelconsult.com\/fr\/merci-de-nous-contacter\/#primaryimage\",\"url\":\"https:\/\/sobelconsult.com\/wp-content\/uploads\/2025\/07\/paper_airplane_send_with_dotted_lines_flat_style-1024x682.jpg\",\"contentUrl\":\"https:\/\/sobelconsult.com\/wp-content\/uploads\/2025\/07\/paper_airplane_send_with_dotted_lines_flat_style-1024x682.jpg\"},{\"@type\":\"BreadcrumbList\",\"@id\":\"https:\/\/sobelconsult.com\/fr\/merci-de-nous-contacter\/#breadcrumb\",\"itemListElement\":[{\"@type\":\"ListItem\",\"position\":1,\"name\":\"Accueil\",\"item\":\"https:\/\/sobelconsult.com\/fr\/home\/\"},{\"@type\":\"ListItem\",\"position\":2,\"name\":\"Merci de nous avoir contact\u00e9s !\"}]},{\"@type\":\"WebSite\",\"@id\":\"https:\/\/sobelconsult.com\/fr\/#website\",\"url\":\"https:\/\/sobelconsult.com\/fr\/\",\"name\":\"Sobel\",\"description\":\"Regulatory Consultancy\",\"publisher\":{\"@id\":\"https:\/\/sobelconsult.com\/fr\/#organization\"},\"potentialAction\":[{\"@type\":\"SearchAction\",\"target\":{\"@type\":\"EntryPoint\",\"urlTemplate\":\"https:\/\/sobelconsult.com\/fr\/?s={search_term_string}\"},\"query-input\":{\"@type\":\"PropertyValueSpecification\",\"valueRequired\":true,\"valueName\":\"search_term_string\"}}],\"inLanguage\":\"fr-FR\"},{\"@type\":\"Organization\",\"@id\":\"https:\/\/sobelconsult.com\/fr\/#organization\",\"name\":\"Sobel\",\"url\":\"https:\/\/sobelconsult.com\/fr\/\",\"logo\":{\"@type\":\"ImageObject\",\"inLanguage\":\"fr-FR\",\"@id\":\"https:\/\/sobelconsult.com\/fr\/#\/schema\/logo\/image\/\",\"url\":\"https:\/\/sobelconsult.com\/wp-content\/uploads\/2024\/07\/Logo-Oficial-Website-White.png\",\"contentUrl\":\"https:\/\/sobelconsult.com\/wp-content\/uploads\/2024\/07\/Logo-Oficial-Website-White.png\",\"width\":741,\"height\":290,\"caption\":\"Sobel\"},\"image\":{\"@id\":\"https:\/\/sobelconsult.com\/fr\/#\/schema\/logo\/image\/\"}}]}<\/script>\n<!-- \/ Yoast SEO Premium plugin. -->","yoast_head_json":{"title":"Merci de nous avoir contact\u00e9s ! - Sobel","robots":{"index":"index","follow":"follow","max-snippet":"max-snippet:-1","max-image-preview":"max-image-preview:large","max-video-preview":"max-video-preview:-1"},"canonical":"https:\/\/sobelconsult.com\/fr\/merci-de-nous-contacter\/","og_locale":"fr_FR","og_type":"article","og_title":"Merci de nous avoir contact\u00e9s !","og_description":"Merci de nous contacter !Votre message a \u00e9t\u00e9 envoy\u00e9 avec succ\u00e8s","og_url":"https:\/\/sobelconsult.com\/fr\/merci-de-nous-contacter\/","og_site_name":"Sobel","article_modified_time":"2025-07-22T20:21:29+00:00","og_image":[{"width":2560,"height":1706,"url":"https:\/\/sobelconsult.com\/wp-content\/uploads\/2025\/07\/paper_airplane_send_with_dotted_lines_flat_style-scaled.jpg","type":"image\/jpeg"}],"twitter_card":"summary_large_image","schema":{"@context":"https:\/\/schema.org","@graph":[{"@type":"WebPage","@id":"https:\/\/sobelconsult.com\/fr\/merci-de-nous-contacter\/","url":"https:\/\/sobelconsult.com\/fr\/merci-de-nous-contacter\/","name":"Merci de nous avoir contact\u00e9s ! - Sobel","isPartOf":{"@id":"https:\/\/sobelconsult.com\/fr\/#website"},"primaryImageOfPage":{"@id":"https:\/\/sobelconsult.com\/fr\/merci-de-nous-contacter\/#primaryimage"},"image":{"@id":"https:\/\/sobelconsult.com\/fr\/merci-de-nous-contacter\/#primaryimage"},"thumbnailUrl":"https:\/\/sobelconsult.com\/wp-content\/uploads\/2025\/07\/paper_airplane_send_with_dotted_lines_flat_style-1024x682.jpg","datePublished":"2025-07-22T19:54:29+00:00","dateModified":"2025-07-22T20:21:29+00:00","breadcrumb":{"@id":"https:\/\/sobelconsult.com\/fr\/merci-de-nous-contacter\/#breadcrumb"},"inLanguage":"fr-FR","potentialAction":[{"@type":"ReadAction","target":["https:\/\/sobelconsult.com\/fr\/merci-de-nous-contacter\/"]}]},{"@type":"ImageObject","inLanguage":"fr-FR","@id":"https:\/\/sobelconsult.com\/fr\/merci-de-nous-contacter\/#primaryimage","url":"https:\/\/sobelconsult.com\/wp-content\/uploads\/2025\/07\/paper_airplane_send_with_dotted_lines_flat_style-1024x682.jpg","contentUrl":"https:\/\/sobelconsult.com\/wp-content\/uploads\/2025\/07\/paper_airplane_send_with_dotted_lines_flat_style-1024x682.jpg"},{"@type":"BreadcrumbList","@id":"https:\/\/sobelconsult.com\/fr\/merci-de-nous-contacter\/#breadcrumb","itemListElement":[{"@type":"ListItem","position":1,"name":"Accueil","item":"https:\/\/sobelconsult.com\/fr\/home\/"},{"@type":"ListItem","position":2,"name":"Merci de nous avoir contact\u00e9s !"}]},{"@type":"WebSite","@id":"https:\/\/sobelconsult.com\/fr\/#website","url":"https:\/\/sobelconsult.com\/fr\/","name":"Sobel","description":"Regulatory Consultancy","publisher":{"@id":"https:\/\/sobelconsult.com\/fr\/#organization"},"potentialAction":[{"@type":"SearchAction","target":{"@type":"EntryPoint","urlTemplate":"https:\/\/sobelconsult.com\/fr\/?s={search_term_string}"},"query-input":{"@type":"PropertyValueSpecification","valueRequired":true,"valueName":"search_term_string"}}],"inLanguage":"fr-FR"},{"@type":"Organization","@id":"https:\/\/sobelconsult.com\/fr\/#organization","name":"Sobel","url":"https:\/\/sobelconsult.com\/fr\/","logo":{"@type":"ImageObject","inLanguage":"fr-FR","@id":"https:\/\/sobelconsult.com\/fr\/#\/schema\/logo\/image\/","url":"https:\/\/sobelconsult.com\/wp-content\/uploads\/2024\/07\/Logo-Oficial-Website-White.png","contentUrl":"https:\/\/sobelconsult.com\/wp-content\/uploads\/2024\/07\/Logo-Oficial-Website-White.png","width":741,"height":290,"caption":"Sobel"},"image":{"@id":"https:\/\/sobelconsult.com\/fr\/#\/schema\/logo\/image\/"}}]}},"_links":{"self":[{"href":"https:\/\/sobelconsult.com\/fr\/wp-json\/wp\/v2\/pages\/10124","targetHints":{"allow":["GET"]}}],"collection":[{"href":"https:\/\/sobelconsult.com\/fr\/wp-json\/wp\/v2\/pages"}],"about":[{"href":"https:\/\/sobelconsult.com\/fr\/wp-json\/wp\/v2\/types\/page"}],"author":[{"embeddable":true,"href":"https:\/\/sobelconsult.com\/fr\/wp-json\/wp\/v2\/users\/15"}],"replies":[{"embeddable":true,"href":"https:\/\/sobelconsult.com\/fr\/wp-json\/wp\/v2\/comments?post=10124"}],"version-history":[{"count":0,"href":"https:\/\/sobelconsult.com\/fr\/wp-json\/wp\/v2\/pages\/10124\/revisions"}],"wp:attachment":[{"href":"https:\/\/sobelconsult.com\/fr\/wp-json\/wp\/v2\/media?parent=10124"}],"curies":[{"name":"wp","href":"https:\/\/api.w.org\/{rel}","templated":true}]}}