{"id":16058,"date":"2025-10-02T16:20:10","date_gmt":"2025-10-02T19:20:10","guid":{"rendered":"https:\/\/sobelconsult.com\/thank-you-bep-ber\/"},"modified":"2025-11-09T11:35:51","modified_gmt":"2025-11-09T14:35:51","slug":"thank-you-bep-ber","status":"publish","type":"page","link":"https:\/\/sobelconsult.com\/fr\/ty\/thank-you-bep-ber\/","title":{"rendered":"Merci - BEP\/BER"},"content":{"rendered":"\t\t<div data-elementor-type=\"wp-page\" data-elementor-id=\"16058\" class=\"elementor elementor-16058 elementor-16030\" data-elementor-post-type=\"page\">\n\t\t\t\t<div class=\"elementor-element elementor-element-08e4936 e-flex e-con-boxed e-con e-parent\" data-id=\"08e4936\" data-element_type=\"container\" data-e-type=\"container\">\n\t\t\t\t\t<div class=\"e-con-inner\">\n\t\t\t\t<div class=\"elementor-element elementor-element-fb7d40f elementor-widget elementor-widget-image\" data-id=\"fb7d40f\" data-element_type=\"widget\" data-e-type=\"widget\" data-widget_type=\"image.default\">\n\t\t\t\t<div class=\"elementor-widget-container\">\n\t\t\t\t\t\t\t\t\t\t\t\t\t\t\t<img fetchpriority=\"high\" decoding=\"async\" width=\"800\" height=\"533\" src=\"https:\/\/sobelconsult.com\/wp-content\/uploads\/2025\/07\/paper_airplane_send_with_dotted_lines_flat_style-1024x682.jpg\" class=\"attachment-large size-large wp-image-10144\" alt=\"Here\u2019s the translation:\n\nIllustration of a paper airplane and its dotted flight path.\" srcset=\"https:\/\/sobelconsult.com\/wp-content\/uploads\/2025\/07\/paper_airplane_send_with_dotted_lines_flat_style-1024x682.jpg 1024w, https:\/\/sobelconsult.com\/wp-content\/uploads\/2025\/07\/paper_airplane_send_with_dotted_lines_flat_style-300x200.jpg 300w, https:\/\/sobelconsult.com\/wp-content\/uploads\/2025\/07\/paper_airplane_send_with_dotted_lines_flat_style-768x512.jpg 768w, https:\/\/sobelconsult.com\/wp-content\/uploads\/2025\/07\/paper_airplane_send_with_dotted_lines_flat_style-1536x1024.jpg 1536w, https:\/\/sobelconsult.com\/wp-content\/uploads\/2025\/07\/paper_airplane_send_with_dotted_lines_flat_style-2048x1365.jpg 2048w\" sizes=\"(max-width: 800px) 100vw, 800px\" \/>\t\t\t\t\t\t\t\t\t\t\t\t\t\t\t<\/div>\n\t\t\t\t<\/div>\n\t\t\t\t<div class=\"elementor-element elementor-element-5df5a75 elementor-widget elementor-widget-heading\" data-id=\"5df5a75\" data-element_type=\"widget\" data-e-type=\"widget\" data-widget_type=\"heading.default\">\n\t\t\t\t<div class=\"elementor-widget-container\">\n\t\t\t\t\t<h2 class=\"elementor-heading-title elementor-size-default\">Merci de nous contacter !<br>Votre message a \u00e9t\u00e9 envoy\u00e9 avec succ\u00e8s<\/h2>\t\t\t\t<\/div>\n\t\t\t\t<\/div>\n\t\t\t\t\t<\/div>\n\t\t\t\t<\/div>\n\t\t\t\t<\/div>\n\t\t","protected":false},"excerpt":{"rendered":"<p>Merci de nous contacter !Votre message a \u00e9t\u00e9 envoy\u00e9 avec succ\u00e8s<\/p>\n","protected":false},"author":15,"featured_media":0,"parent":19343,"menu_order":0,"comment_status":"closed","ping_status":"closed","template":"elementor_header_footer","meta":{"footnotes":""},"class_list":["post-16058","page","type-page","status-publish","hentry"],"yoast_head":"<!-- This site is optimized with the Yoast SEO Premium plugin v26.3 (Yoast SEO v26.8) - https:\/\/yoast.com\/product\/yoast-seo-premium-wordpress\/ -->\n<title>Merci - BEP\/BER - Sobel<\/title>\n<meta name=\"robots\" content=\"noindex, follow\" \/>\n<meta property=\"og:locale\" content=\"fr_FR\" \/>\n<meta property=\"og:type\" content=\"article\" \/>\n<meta property=\"og:title\" content=\"Merci - BEP\/BER\" \/>\n<meta property=\"og:description\" content=\"Merci de nous contacter !Votre message a \u00e9t\u00e9 envoy\u00e9 avec succ\u00e8s\" \/>\n<meta property=\"og:url\" content=\"https:\/\/sobelconsult.com\/fr\/ty\/thank-you-bep-ber\/\" \/>\n<meta property=\"og:site_name\" content=\"Sobel\" \/>\n<meta property=\"article:modified_time\" content=\"2025-11-09T14:35:51+00:00\" \/>\n<meta property=\"og:image\" content=\"https:\/\/sobelconsult.com\/wp-content\/uploads\/2025\/07\/paper_airplane_send_with_dotted_lines_flat_style-scaled.jpg\" \/>\n\t<meta property=\"og:image:width\" content=\"2560\" \/>\n\t<meta property=\"og:image:height\" content=\"1706\" \/>\n\t<meta property=\"og:image:type\" content=\"image\/jpeg\" \/>\n<meta name=\"twitter:card\" content=\"summary_large_image\" \/>\n<script type=\"application\/ld+json\" class=\"yoast-schema-graph\">{\"@context\":\"https:\/\/schema.org\",\"@graph\":[{\"@type\":\"WebPage\",\"@id\":\"https:\/\/sobelconsult.com\/fr\/ty\/thank-you-bep-ber\/\",\"url\":\"https:\/\/sobelconsult.com\/fr\/ty\/thank-you-bep-ber\/\",\"name\":\"Merci - BEP\/BER - Sobel\",\"isPartOf\":{\"@id\":\"https:\/\/sobelconsult.com\/fr\/#website\"},\"primaryImageOfPage\":{\"@id\":\"https:\/\/sobelconsult.com\/fr\/ty\/thank-you-bep-ber\/#primaryimage\"},\"image\":{\"@id\":\"https:\/\/sobelconsult.com\/fr\/ty\/thank-you-bep-ber\/#primaryimage\"},\"thumbnailUrl\":\"https:\/\/sobelconsult.com\/wp-content\/uploads\/2025\/07\/paper_airplane_send_with_dotted_lines_flat_style-1024x682.jpg\",\"datePublished\":\"2025-10-02T19:20:10+00:00\",\"dateModified\":\"2025-11-09T14:35:51+00:00\",\"breadcrumb\":{\"@id\":\"https:\/\/sobelconsult.com\/fr\/ty\/thank-you-bep-ber\/#breadcrumb\"},\"inLanguage\":\"fr-FR\",\"potentialAction\":[{\"@type\":\"ReadAction\",\"target\":[\"https:\/\/sobelconsult.com\/fr\/ty\/thank-you-bep-ber\/\"]}]},{\"@type\":\"ImageObject\",\"inLanguage\":\"fr-FR\",\"@id\":\"https:\/\/sobelconsult.com\/fr\/ty\/thank-you-bep-ber\/#primaryimage\",\"url\":\"https:\/\/sobelconsult.com\/wp-content\/uploads\/2025\/07\/paper_airplane_send_with_dotted_lines_flat_style-1024x682.jpg\",\"contentUrl\":\"https:\/\/sobelconsult.com\/wp-content\/uploads\/2025\/07\/paper_airplane_send_with_dotted_lines_flat_style-1024x682.jpg\"},{\"@type\":\"BreadcrumbList\",\"@id\":\"https:\/\/sobelconsult.com\/fr\/ty\/thank-you-bep-ber\/#breadcrumb\",\"itemListElement\":[{\"@type\":\"ListItem\",\"position\":1,\"name\":\"Accueil\",\"item\":\"https:\/\/sobelconsult.com\/fr\/home\/\"},{\"@type\":\"ListItem\",\"position\":2,\"name\":\"Merci &#8211; BEP\/BER\"}]},{\"@type\":\"WebSite\",\"@id\":\"https:\/\/sobelconsult.com\/fr\/#website\",\"url\":\"https:\/\/sobelconsult.com\/fr\/\",\"name\":\"Sobel\",\"description\":\"Regulatory Consultancy\",\"publisher\":{\"@id\":\"https:\/\/sobelconsult.com\/fr\/#organization\"},\"potentialAction\":[{\"@type\":\"SearchAction\",\"target\":{\"@type\":\"EntryPoint\",\"urlTemplate\":\"https:\/\/sobelconsult.com\/fr\/?s={search_term_string}\"},\"query-input\":{\"@type\":\"PropertyValueSpecification\",\"valueRequired\":true,\"valueName\":\"search_term_string\"}}],\"inLanguage\":\"fr-FR\"},{\"@type\":\"Organization\",\"@id\":\"https:\/\/sobelconsult.com\/fr\/#organization\",\"name\":\"Sobel\",\"url\":\"https:\/\/sobelconsult.com\/fr\/\",\"logo\":{\"@type\":\"ImageObject\",\"inLanguage\":\"fr-FR\",\"@id\":\"https:\/\/sobelconsult.com\/fr\/#\/schema\/logo\/image\/\",\"url\":\"https:\/\/sobelconsult.com\/wp-content\/uploads\/2024\/07\/Logo-Oficial-Website-White.png\",\"contentUrl\":\"https:\/\/sobelconsult.com\/wp-content\/uploads\/2024\/07\/Logo-Oficial-Website-White.png\",\"width\":741,\"height\":290,\"caption\":\"Sobel\"},\"image\":{\"@id\":\"https:\/\/sobelconsult.com\/fr\/#\/schema\/logo\/image\/\"}}]}<\/script>\n<!-- \/ Yoast SEO Premium plugin. -->","yoast_head_json":{"title":"Merci - BEP\/BER - Sobel","robots":{"index":"noindex","follow":"follow"},"og_locale":"fr_FR","og_type":"article","og_title":"Merci - BEP\/BER","og_description":"Merci de nous contacter !Votre message a \u00e9t\u00e9 envoy\u00e9 avec succ\u00e8s","og_url":"https:\/\/sobelconsult.com\/fr\/ty\/thank-you-bep-ber\/","og_site_name":"Sobel","article_modified_time":"2025-11-09T14:35:51+00:00","og_image":[{"width":2560,"height":1706,"url":"https:\/\/sobelconsult.com\/wp-content\/uploads\/2025\/07\/paper_airplane_send_with_dotted_lines_flat_style-scaled.jpg","type":"image\/jpeg"}],"twitter_card":"summary_large_image","schema":{"@context":"https:\/\/schema.org","@graph":[{"@type":"WebPage","@id":"https:\/\/sobelconsult.com\/fr\/ty\/thank-you-bep-ber\/","url":"https:\/\/sobelconsult.com\/fr\/ty\/thank-you-bep-ber\/","name":"Merci - BEP\/BER - Sobel","isPartOf":{"@id":"https:\/\/sobelconsult.com\/fr\/#website"},"primaryImageOfPage":{"@id":"https:\/\/sobelconsult.com\/fr\/ty\/thank-you-bep-ber\/#primaryimage"},"image":{"@id":"https:\/\/sobelconsult.com\/fr\/ty\/thank-you-bep-ber\/#primaryimage"},"thumbnailUrl":"https:\/\/sobelconsult.com\/wp-content\/uploads\/2025\/07\/paper_airplane_send_with_dotted_lines_flat_style-1024x682.jpg","datePublished":"2025-10-02T19:20:10+00:00","dateModified":"2025-11-09T14:35:51+00:00","breadcrumb":{"@id":"https:\/\/sobelconsult.com\/fr\/ty\/thank-you-bep-ber\/#breadcrumb"},"inLanguage":"fr-FR","potentialAction":[{"@type":"ReadAction","target":["https:\/\/sobelconsult.com\/fr\/ty\/thank-you-bep-ber\/"]}]},{"@type":"ImageObject","inLanguage":"fr-FR","@id":"https:\/\/sobelconsult.com\/fr\/ty\/thank-you-bep-ber\/#primaryimage","url":"https:\/\/sobelconsult.com\/wp-content\/uploads\/2025\/07\/paper_airplane_send_with_dotted_lines_flat_style-1024x682.jpg","contentUrl":"https:\/\/sobelconsult.com\/wp-content\/uploads\/2025\/07\/paper_airplane_send_with_dotted_lines_flat_style-1024x682.jpg"},{"@type":"BreadcrumbList","@id":"https:\/\/sobelconsult.com\/fr\/ty\/thank-you-bep-ber\/#breadcrumb","itemListElement":[{"@type":"ListItem","position":1,"name":"Accueil","item":"https:\/\/sobelconsult.com\/fr\/home\/"},{"@type":"ListItem","position":2,"name":"Merci &#8211; BEP\/BER"}]},{"@type":"WebSite","@id":"https:\/\/sobelconsult.com\/fr\/#website","url":"https:\/\/sobelconsult.com\/fr\/","name":"Sobel","description":"Regulatory Consultancy","publisher":{"@id":"https:\/\/sobelconsult.com\/fr\/#organization"},"potentialAction":[{"@type":"SearchAction","target":{"@type":"EntryPoint","urlTemplate":"https:\/\/sobelconsult.com\/fr\/?s={search_term_string}"},"query-input":{"@type":"PropertyValueSpecification","valueRequired":true,"valueName":"search_term_string"}}],"inLanguage":"fr-FR"},{"@type":"Organization","@id":"https:\/\/sobelconsult.com\/fr\/#organization","name":"Sobel","url":"https:\/\/sobelconsult.com\/fr\/","logo":{"@type":"ImageObject","inLanguage":"fr-FR","@id":"https:\/\/sobelconsult.com\/fr\/#\/schema\/logo\/image\/","url":"https:\/\/sobelconsult.com\/wp-content\/uploads\/2024\/07\/Logo-Oficial-Website-White.png","contentUrl":"https:\/\/sobelconsult.com\/wp-content\/uploads\/2024\/07\/Logo-Oficial-Website-White.png","width":741,"height":290,"caption":"Sobel"},"image":{"@id":"https:\/\/sobelconsult.com\/fr\/#\/schema\/logo\/image\/"}}]}},"_links":{"self":[{"href":"https:\/\/sobelconsult.com\/fr\/wp-json\/wp\/v2\/pages\/16058","targetHints":{"allow":["GET"]}}],"collection":[{"href":"https:\/\/sobelconsult.com\/fr\/wp-json\/wp\/v2\/pages"}],"about":[{"href":"https:\/\/sobelconsult.com\/fr\/wp-json\/wp\/v2\/types\/page"}],"author":[{"embeddable":true,"href":"https:\/\/sobelconsult.com\/fr\/wp-json\/wp\/v2\/users\/15"}],"replies":[{"embeddable":true,"href":"https:\/\/sobelconsult.com\/fr\/wp-json\/wp\/v2\/comments?post=16058"}],"version-history":[{"count":0,"href":"https:\/\/sobelconsult.com\/fr\/wp-json\/wp\/v2\/pages\/16058\/revisions"}],"up":[{"embeddable":true,"href":"https:\/\/sobelconsult.com\/fr\/wp-json\/wp\/v2\/pages\/19343"}],"wp:attachment":[{"href":"https:\/\/sobelconsult.com\/fr\/wp-json\/wp\/v2\/media?parent=16058"}],"curies":[{"name":"wp","href":"https:\/\/api.w.org\/{rel}","templated":true}]}}