{"id":5021,"date":"2025-06-01T10:00:00","date_gmt":"2025-06-01T13:00:00","guid":{"rendered":"https:\/\/sobelconsult.com\/a-propos-de-nous\/"},"modified":"2026-03-31T16:32:13","modified_gmt":"2026-03-31T19:32:13","slug":"about-us","status":"publish","type":"page","link":"https:\/\/sobelconsult.com\/fr\/about-us\/","title":{"rendered":"A propos de nous"},"content":{"rendered":"\t\t<div data-elementor-type=\"wp-page\" data-elementor-id=\"5021\" class=\"elementor elementor-5021 elementor-363\" data-elementor-post-type=\"page\">\n\t\t\t\t<div class=\"elementor-element elementor-element-8a0aaf8 e-flex e-con-boxed e-con e-parent\" data-id=\"8a0aaf8\" data-element_type=\"container\" data-e-type=\"container\" data-settings=\"{&quot;background_background&quot;:&quot;classic&quot;}\">\n\t\t\t\t\t<div class=\"e-con-inner\">\n\t\t\t\t<div class=\"elementor-element elementor-element-fd3946d elementor-widget elementor-widget-heading\" data-id=\"fd3946d\" data-element_type=\"widget\" data-e-type=\"widget\" data-widget_type=\"heading.default\">\n\t\t\t\t<div class=\"elementor-widget-container\">\n\t\t\t\t\t<h1 class=\"elementor-heading-title elementor-size-default\">A propos de nous<\/h1>\t\t\t\t<\/div>\n\t\t\t\t<\/div>\n\t\t\t\t<div class=\"elementor-element elementor-element-929e702 elementor-widget elementor-widget-text-editor\" data-id=\"929e702\" data-element_type=\"widget\" data-e-type=\"widget\" data-widget_type=\"text-editor.default\">\n\t\t\t\t<div class=\"elementor-widget-container\">\n\t\t\t\t\t\t\t\t\t<p><span class=\"TextRun SCXW179109114 BCX0\" lang=\"EN-US\" xml:lang=\"EN-US\" data-contrast=\"auto\"><span class=\"NormalTextRun SCXW179109114 BCX0\">Chez Sobel, nous nous engageons \u00e0 rendre la conformit\u00e9 r\u00e9glementaire claire et r\u00e9alisable, en nous appuyant sur <\/span><span class=\"NormalTextRun SCXW179109114 BCX0\">l&rsquo;expertise<\/span><span class=\"NormalTextRun SCXW179109114 BCX0\">  et l&rsquo;int\u00e9grit\u00e9. Nous voulons donner aux entreprises les moyens d&rsquo;agir gr\u00e2ce \u00e0 des solutions strat\u00e9giques qui   <\/span><span class=\"NormalTextRun SCXW179109114 BCX0\">faciliter<\/span><span class=\"NormalTextRun SCXW179109114 BCX0\"> la conformit\u00e9, stimuler l&rsquo;innovation et permettre une entr\u00e9e r\u00e9ussie sur le march\u00e9 mondial.<\/span><\/span><span class=\"EOP SCXW179109114 BCX0\" data-ccp-props=\"{}\"> <\/span><\/p>\t\t\t\t\t\t\t\t<\/div>\n\t\t\t\t<\/div>\n\t\t\t\t\t<\/div>\n\t\t\t\t<\/div>\n\t\t<div class=\"elementor-element elementor-element-d1f9154 e-flex e-con-boxed e-con e-parent\" data-id=\"d1f9154\" data-element_type=\"container\" data-e-type=\"container\">\n\t\t\t\t\t<div class=\"e-con-inner\">\n\t\t\t\t<div class=\"elementor-element elementor-element-3f364b4 elementor-widget__width-inherit elementor-widget elementor-widget-heading\" data-id=\"3f364b4\" data-element_type=\"widget\" data-e-type=\"widget\" data-widget_type=\"heading.default\">\n\t\t\t\t<div class=\"elementor-widget-container\">\n\t\t\t\t\t<h2 class=\"elementor-heading-title elementor-size-default\">Le point de vue de notre directeur g\u00e9n\u00e9ral<\/h2>\t\t\t\t<\/div>\n\t\t\t\t<\/div>\n\t\t<div class=\"elementor-element elementor-element-3fdcb1a e-con-full e-flex e-con e-child\" data-id=\"3fdcb1a\" data-element_type=\"container\" data-e-type=\"container\" data-settings=\"{&quot;background_background&quot;:&quot;classic&quot;}\">\n\t\t<div class=\"elementor-element elementor-element-d3c4f7a e-con-full e-flex e-con e-child\" data-id=\"d3c4f7a\" data-element_type=\"container\" data-e-type=\"container\">\n\t\t\t\t<div class=\"elementor-element elementor-element-4dd7db8 elementor-widget elementor-widget-text-editor\" data-id=\"4dd7db8\" data-element_type=\"widget\" data-e-type=\"widget\" data-widget_type=\"text-editor.default\">\n\t\t\t\t<div class=\"elementor-widget-container\">\n\t\t\t\t\t\t\t\t\t<p>\u00ab\u00a0Nous pensons que la conformit\u00e9 r\u00e9glementaire est le fondement de l&rsquo;excellence commerciale. Notre \u00e9quipe d&rsquo;experts ne se contente pas de g\u00e9rer des r\u00e9glementations complexes. Nous les transformons en opportunit\u00e9s de croissance. En combinant une connaissance approfondie du secteur avec des strat\u00e9gies innovantes et des technologies de pointe, nous donnons \u00e0 nos clients les moyens de prosp\u00e9rer dans un paysage r\u00e9glementaire en constante \u00e9volution, en garantissant \u00e0 la fois la conformit\u00e9 et un avantage concurrentiel.\u00a0\u00bb<\/p>\t\t\t\t\t\t\t\t<\/div>\n\t\t\t\t<\/div>\n\t\t\t\t<div class=\"elementor-element elementor-element-2f408f4 elementor-widget-mobile__width-initial elementor-widget elementor-widget-image\" data-id=\"2f408f4\" data-element_type=\"widget\" data-e-type=\"widget\" data-widget_type=\"image.default\">\n\t\t\t\t<div class=\"elementor-widget-container\">\n\t\t\t\t\t\t\t\t\t\t\t\t\t\t\t<img decoding=\"async\" width=\"95\" height=\"95\" src=\"https:\/\/sobelconsult.com\/wp-content\/uploads\/2024\/07\/ci_double-quotes-l.svg\" class=\"attachment-full size-full wp-image-4021\" alt=\"quotation marks icon\" \/>\t\t\t\t\t\t\t\t\t\t\t\t\t\t\t<\/div>\n\t\t\t\t<\/div>\n\t\t\t\t<div class=\"elementor-element elementor-element-c784258 elementor-widget elementor-widget-heading\" data-id=\"c784258\" data-element_type=\"widget\" data-e-type=\"widget\" data-widget_type=\"heading.default\">\n\t\t\t\t<div class=\"elementor-widget-container\">\n\t\t\t\t\t<h2 class=\"elementor-heading-title elementor-size-default\">Maik Endler<\/h2>\t\t\t\t<\/div>\n\t\t\t\t<\/div>\n\t\t\t\t<div class=\"elementor-element elementor-element-40e82b0 elementor-widget elementor-widget-heading\" data-id=\"40e82b0\" data-element_type=\"widget\" data-e-type=\"widget\" data-widget_type=\"heading.default\">\n\t\t\t\t<div class=\"elementor-widget-container\">\n\t\t\t\t\t<h2 class=\"elementor-heading-title elementor-size-default\">PDG<\/h2>\t\t\t\t<\/div>\n\t\t\t\t<\/div>\n\t\t\t\t<\/div>\n\t\t<div class=\"elementor-element elementor-element-57082d2 e-con-full e-flex e-con e-child\" data-id=\"57082d2\" data-element_type=\"container\" data-e-type=\"container\">\n\t\t\t\t<div class=\"elementor-element elementor-element-b37cea3 elementor-widget elementor-widget-image\" data-id=\"b37cea3\" data-element_type=\"widget\" data-e-type=\"widget\" data-widget_type=\"image.default\">\n\t\t\t\t<div class=\"elementor-widget-container\">\n\t\t\t\t\t\t\t\t\t\t\t\t\t\t\t<img fetchpriority=\"high\" decoding=\"async\" width=\"489\" height=\"621\" src=\"https:\/\/sobelconsult.com\/wp-content\/uploads\/2024\/07\/image-16.jpg\" class=\"attachment-full size-full wp-image-4009\" alt=\"Maik Endler - CEO\" srcset=\"https:\/\/sobelconsult.com\/wp-content\/uploads\/2024\/07\/image-16.jpg 489w, https:\/\/sobelconsult.com\/wp-content\/uploads\/2024\/07\/image-16-236x300.jpg 236w\" sizes=\"(max-width: 489px) 100vw, 489px\" \/>\t\t\t\t\t\t\t\t\t\t\t\t\t\t\t<\/div>\n\t\t\t\t<\/div>\n\t\t\t\t<\/div>\n\t\t\t\t<\/div>\n\t\t\t\t\t<\/div>\n\t\t\t\t<\/div>\n\t\t<div class=\"elementor-element elementor-element-a7b7b59 e-flex e-con-boxed e-con e-parent\" data-id=\"a7b7b59\" data-element_type=\"container\" data-e-type=\"container\" data-settings=\"{&quot;background_background&quot;:&quot;classic&quot;}\">\n\t\t\t\t\t<div class=\"e-con-inner\">\n\t\t<div class=\"elementor-element elementor-element-6e0c3eb e-con-full e-flex e-con e-child\" data-id=\"6e0c3eb\" data-element_type=\"container\" data-e-type=\"container\">\n\t\t\t\t<div class=\"elementor-element elementor-element-757815b elementor-widget elementor-widget-image\" data-id=\"757815b\" data-element_type=\"widget\" data-e-type=\"widget\" data-widget_type=\"image.default\">\n\t\t\t\t<div class=\"elementor-widget-container\">\n\t\t\t\t\t\t\t\t\t\t\t\t\t\t\t<img decoding=\"async\" width=\"508\" height=\"657\" src=\"https:\/\/sobelconsult.com\/wp-content\/uploads\/2024\/07\/image-18.jpg\" class=\"attachment-full size-full wp-image-4027\" alt=\"Camila Reis - Global Operation &amp; Regulatory Manager\" srcset=\"https:\/\/sobelconsult.com\/wp-content\/uploads\/2024\/07\/image-18.jpg 508w, https:\/\/sobelconsult.com\/wp-content\/uploads\/2024\/07\/image-18-232x300.jpg 232w\" sizes=\"(max-width: 508px) 100vw, 508px\" \/>\t\t\t\t\t\t\t\t\t\t\t\t\t\t\t<\/div>\n\t\t\t\t<\/div>\n\t\t\t\t<\/div>\n\t\t<div class=\"elementor-element elementor-element-915bf31 e-con-full e-flex e-con e-child\" data-id=\"915bf31\" data-element_type=\"container\" data-e-type=\"container\" data-settings=\"{&quot;background_background&quot;:&quot;classic&quot;}\">\n\t\t\t\t<div class=\"elementor-element elementor-element-291892c elementor-widget elementor-widget-heading\" data-id=\"291892c\" data-element_type=\"widget\" data-e-type=\"widget\" data-widget_type=\"heading.default\">\n\t\t\t\t<div class=\"elementor-widget-container\">\n\t\t\t\t\t<h3 class=\"elementor-heading-title elementor-size-default\">Camila Reis<\/h3>\t\t\t\t<\/div>\n\t\t\t\t<\/div>\n\t\t\t\t<div class=\"elementor-element elementor-element-8ca3c68 elementor-widget__width-initial elementor-widget elementor-widget-heading\" data-id=\"8ca3c68\" data-element_type=\"widget\" data-e-type=\"widget\" data-widget_type=\"heading.default\">\n\t\t\t\t<div class=\"elementor-widget-container\">\n\t\t\t\t\t<h4 class=\"elementor-heading-title elementor-size-default\">Responsable mondial des op\u00e9rations et de la r\u00e9glementation Responsable des op\u00e9rations<\/h4>\t\t\t\t<\/div>\n\t\t\t\t<\/div>\n\t\t\t\t<div class=\"elementor-element elementor-element-18db475 elementor-widget elementor-widget-text-editor\" data-id=\"18db475\" data-element_type=\"widget\" data-e-type=\"widget\" data-widget_type=\"text-editor.default\">\n\t\t\t\t<div class=\"elementor-widget-container\">\n\t\t\t\t\t\t\t\t\t<p>\u00ab\u00a0Nous nous engageons \u00e0 optimiser les flux de travail r\u00e9glementaires, \u00e0 r\u00e9duire les co\u00fbts de mise en conformit\u00e9 et \u00e0 am\u00e9liorer l&rsquo;efficacit\u00e9 op\u00e9rationnelle pour une croissance durable de l&rsquo;entreprise\u00a0\u00bb.<\/p>\t\t\t\t\t\t\t\t<\/div>\n\t\t\t\t<\/div>\n\t\t\t\t<\/div>\n\t\t\t\t<div class=\"elementor-element elementor-element-9ffc39c elementor-widget elementor-widget-image\" data-id=\"9ffc39c\" data-element_type=\"widget\" data-e-type=\"widget\" data-widget_type=\"image.default\">\n\t\t\t\t<div class=\"elementor-widget-container\">\n\t\t\t\t\t\t\t\t\t\t\t\t\t\t\t<img loading=\"lazy\" decoding=\"async\" width=\"133\" height=\"133\" src=\"https:\/\/sobelconsult.com\/wp-content\/uploads\/2024\/07\/ci_double-quotes-2.svg\" class=\"attachment-full size-full wp-image-4033\" alt=\"quotation marks icon\" \/>\t\t\t\t\t\t\t\t\t\t\t\t\t\t\t<\/div>\n\t\t\t\t<\/div>\n\t\t\t\t\t<\/div>\n\t\t\t\t<\/div>\n\t\t<div class=\"elementor-element elementor-element-9878781 e-flex e-con-boxed e-con e-parent\" data-id=\"9878781\" data-element_type=\"container\" data-e-type=\"container\" data-settings=\"{&quot;background_background&quot;:&quot;classic&quot;}\">\n\t\t\t\t\t<div class=\"e-con-inner\">\n\t\t<div class=\"elementor-element elementor-element-4516078 e-con-full e-flex e-con e-child\" data-id=\"4516078\" data-element_type=\"container\" data-e-type=\"container\">\n\t\t\t\t<div class=\"elementor-element elementor-element-c8364c2 elementor-widget elementor-widget-image\" data-id=\"c8364c2\" data-element_type=\"widget\" data-e-type=\"widget\" data-widget_type=\"image.default\">\n\t\t\t\t<div class=\"elementor-widget-container\">\n\t\t\t\t\t\t\t\t\t\t\t\t\t\t\t<img loading=\"lazy\" decoding=\"async\" width=\"508\" height=\"657\" src=\"https:\/\/sobelconsult.com\/wp-content\/uploads\/2025\/01\/Juliana-History.png\" class=\"attachment-full size-full wp-image-4537\" alt=\"Juliana\" srcset=\"https:\/\/sobelconsult.com\/wp-content\/uploads\/2025\/01\/Juliana-History.png 508w, https:\/\/sobelconsult.com\/wp-content\/uploads\/2025\/01\/Juliana-History-232x300.png 232w\" sizes=\"(max-width: 508px) 100vw, 508px\" \/>\t\t\t\t\t\t\t\t\t\t\t\t\t\t\t<\/div>\n\t\t\t\t<\/div>\n\t\t\t\t<\/div>\n\t\t<div class=\"elementor-element elementor-element-e29166d e-con-full e-flex e-con e-child\" data-id=\"e29166d\" data-element_type=\"container\" data-e-type=\"container\" data-settings=\"{&quot;background_background&quot;:&quot;classic&quot;}\">\n\t\t\t\t<div class=\"elementor-element elementor-element-357c023 elementor-widget elementor-widget-heading\" data-id=\"357c023\" data-element_type=\"widget\" data-e-type=\"widget\" data-widget_type=\"heading.default\">\n\t\t\t\t<div class=\"elementor-widget-container\">\n\t\t\t\t\t<h3 class=\"elementor-heading-title elementor-size-default\">Juliana Mangabeira<\/h3>\t\t\t\t<\/div>\n\t\t\t\t<\/div>\n\t\t\t\t<div class=\"elementor-element elementor-element-2385dfe elementor-widget__width-initial elementor-widget elementor-widget-heading\" data-id=\"2385dfe\" data-element_type=\"widget\" data-e-type=\"widget\" data-widget_type=\"heading.default\">\n\t\t\t\t<div class=\"elementor-widget-container\">\n\t\t\t\t\t<h4 class=\"elementor-heading-title elementor-size-default\">Coordinateur des ventes<\/h4>\t\t\t\t<\/div>\n\t\t\t\t<\/div>\n\t\t\t\t<div class=\"elementor-element elementor-element-7d3ca8d elementor-widget elementor-widget-text-editor\" data-id=\"7d3ca8d\" data-element_type=\"widget\" data-e-type=\"widget\" data-widget_type=\"text-editor.default\">\n\t\t\t\t<div class=\"elementor-widget-container\">\n\t\t\t\t\t\t\t\t\t<p>\u00ab\u00a0Nous ne sommes pas de simples consultants. Nous sommes des partenaires strat\u00e9giques qui s&rsquo;engagent \u00e0 assurer votre conformit\u00e9 r\u00e9glementaire et votre r\u00e9ussite commerciale \u00e0 long terme.\u00a0\u00bb<\/p>\t\t\t\t\t\t\t\t<\/div>\n\t\t\t\t<\/div>\n\t\t\t\t<\/div>\n\t\t\t\t<div class=\"elementor-element elementor-element-3909bcc elementor-widget elementor-widget-image\" data-id=\"3909bcc\" data-element_type=\"widget\" data-e-type=\"widget\" data-widget_type=\"image.default\">\n\t\t\t\t<div class=\"elementor-widget-container\">\n\t\t\t\t\t\t\t\t\t\t\t\t\t\t\t<img loading=\"lazy\" decoding=\"async\" width=\"133\" height=\"133\" src=\"https:\/\/sobelconsult.com\/wp-content\/uploads\/2024\/07\/ci_double-quotes-2.svg\" class=\"attachment-full size-full wp-image-4033\" alt=\"quotation marks icon\" \/>\t\t\t\t\t\t\t\t\t\t\t\t\t\t\t<\/div>\n\t\t\t\t<\/div>\n\t\t\t\t\t<\/div>\n\t\t\t\t<\/div>\n\t\t\t\t<\/div>\n\t\t","protected":false},"excerpt":{"rendered":"<p>D\u00e9couvrez Sobel Consultancy. Notre \u00e9quipe d\u00e9di\u00e9e simplifie la conformit\u00e9 r\u00e9glementaire gr\u00e2ce \u00e0 des id\u00e9es strat\u00e9giques et \u00e0 l&rsquo;innovation. Apprenez-en plus sur nous aujourd&rsquo;hui.  <\/p>\n","protected":false},"author":11,"featured_media":7085,"parent":0,"menu_order":0,"comment_status":"closed","ping_status":"closed","template":"","meta":{"footnotes":""},"class_list":["post-5021","page","type-page","status-publish","has-post-thumbnail","hentry"],"yoast_head":"<!-- This site is optimized with the Yoast SEO Premium plugin v26.3 (Yoast SEO v27.4) - https:\/\/yoast.com\/product\/yoast-seo-premium-wordpress\/ -->\n<title>A propos de Sobel | Experts en conformit\u00e9 r\u00e9glementaire<\/title>\n<meta name=\"description\" content=\"D\u00e9couvrez Sobel Consultancy. Notre \u00e9quipe sp\u00e9cialis\u00e9e simplifie la conformit\u00e9 r\u00e9glementaire gr\u00e2ce \u00e0 des id\u00e9es strat\u00e9giques et \u00e0 l&#039;innovation. Apprenez-en plus sur nous !\" \/>\n<meta name=\"robots\" content=\"index, follow, max-snippet:-1, max-image-preview:large, max-video-preview:-1\" \/>\n<link rel=\"canonical\" href=\"https:\/\/sobelconsult.com\/fr\/about-us\/\" \/>\n<meta property=\"og:locale\" content=\"fr_FR\" \/>\n<meta property=\"og:type\" content=\"article\" \/>\n<meta property=\"og:title\" content=\"A propos de nous\" \/>\n<meta property=\"og:description\" content=\"D\u00e9couvrez Sobel Consultancy. Notre \u00e9quipe sp\u00e9cialis\u00e9e simplifie la conformit\u00e9 r\u00e9glementaire gr\u00e2ce \u00e0 des id\u00e9es strat\u00e9giques et \u00e0 l&#039;innovation. Apprenez-en plus sur nous !\" \/>\n<meta property=\"og:url\" content=\"https:\/\/sobelconsult.com\/fr\/about-us\/\" \/>\n<meta property=\"og:site_name\" content=\"Sobel\" \/>\n<meta property=\"article:modified_time\" content=\"2026-03-31T19:32:13+00:00\" \/>\n<meta property=\"og:image\" content=\"https:\/\/sobelconsult.com\/wp-content\/uploads\/2025\/04\/Sobel-official-logo.webp\" \/>\n\t<meta property=\"og:image:width\" content=\"1000\" \/>\n\t<meta property=\"og:image:height\" content=\"657\" \/>\n\t<meta property=\"og:image:type\" content=\"image\/webp\" \/>\n<meta name=\"twitter:card\" content=\"summary_large_image\" \/>\n<meta name=\"twitter:label1\" content=\"Dur\u00e9e de lecture estim\u00e9e\" \/>\n\t<meta name=\"twitter:data1\" content=\"1 minute\" \/>\n<script type=\"application\/ld+json\" class=\"yoast-schema-graph\">{\"@context\":\"https:\\\/\\\/schema.org\",\"@graph\":[{\"@type\":\"WebPage\",\"@id\":\"https:\\\/\\\/sobelconsult.com\\\/fr\\\/about-us\\\/\",\"url\":\"https:\\\/\\\/sobelconsult.com\\\/fr\\\/about-us\\\/\",\"name\":\"A propos de Sobel | Experts en conformit\u00e9 r\u00e9glementaire\",\"isPartOf\":{\"@id\":\"https:\\\/\\\/sobelconsult.com\\\/fr\\\/#website\"},\"primaryImageOfPage\":{\"@id\":\"https:\\\/\\\/sobelconsult.com\\\/fr\\\/about-us\\\/#primaryimage\"},\"image\":{\"@id\":\"https:\\\/\\\/sobelconsult.com\\\/fr\\\/about-us\\\/#primaryimage\"},\"thumbnailUrl\":\"https:\\\/\\\/sobelconsult.com\\\/wp-content\\\/uploads\\\/2025\\\/04\\\/Sobel-official-logo.webp\",\"datePublished\":\"2025-06-01T13:00:00+00:00\",\"dateModified\":\"2026-03-31T19:32:13+00:00\",\"description\":\"D\u00e9couvrez Sobel Consultancy. Notre \u00e9quipe sp\u00e9cialis\u00e9e simplifie la conformit\u00e9 r\u00e9glementaire gr\u00e2ce \u00e0 des id\u00e9es strat\u00e9giques et \u00e0 l'innovation. Apprenez-en plus sur nous !\",\"breadcrumb\":{\"@id\":\"https:\\\/\\\/sobelconsult.com\\\/fr\\\/about-us\\\/#breadcrumb\"},\"inLanguage\":\"fr-FR\",\"potentialAction\":[{\"@type\":\"ReadAction\",\"target\":[\"https:\\\/\\\/sobelconsult.com\\\/fr\\\/about-us\\\/\"]}]},{\"@type\":\"ImageObject\",\"inLanguage\":\"fr-FR\",\"@id\":\"https:\\\/\\\/sobelconsult.com\\\/fr\\\/about-us\\\/#primaryimage\",\"url\":\"https:\\\/\\\/sobelconsult.com\\\/wp-content\\\/uploads\\\/2025\\\/04\\\/Sobel-official-logo.webp\",\"contentUrl\":\"https:\\\/\\\/sobelconsult.com\\\/wp-content\\\/uploads\\\/2025\\\/04\\\/Sobel-official-logo.webp\",\"width\":1000,\"height\":657,\"caption\":\"Sobel official logo\"},{\"@type\":\"BreadcrumbList\",\"@id\":\"https:\\\/\\\/sobelconsult.com\\\/fr\\\/about-us\\\/#breadcrumb\",\"itemListElement\":[{\"@type\":\"ListItem\",\"position\":1,\"name\":\"Accueil\",\"item\":\"https:\\\/\\\/sobelconsult.com\\\/fr\\\/home\\\/\"},{\"@type\":\"ListItem\",\"position\":2,\"name\":\"A propos de nous\"}]},{\"@type\":\"WebSite\",\"@id\":\"https:\\\/\\\/sobelconsult.com\\\/fr\\\/#website\",\"url\":\"https:\\\/\\\/sobelconsult.com\\\/fr\\\/\",\"name\":\"Sobel\",\"description\":\"Regulatory Consultancy\",\"publisher\":{\"@id\":\"https:\\\/\\\/sobelconsult.com\\\/fr\\\/#organization\"},\"potentialAction\":[{\"@type\":\"SearchAction\",\"target\":{\"@type\":\"EntryPoint\",\"urlTemplate\":\"https:\\\/\\\/sobelconsult.com\\\/fr\\\/?s={search_term_string}\"},\"query-input\":{\"@type\":\"PropertyValueSpecification\",\"valueRequired\":true,\"valueName\":\"search_term_string\"}}],\"inLanguage\":\"fr-FR\"},{\"@type\":\"Organization\",\"@id\":\"https:\\\/\\\/sobelconsult.com\\\/fr\\\/#organization\",\"name\":\"Sobel\",\"url\":\"https:\\\/\\\/sobelconsult.com\\\/fr\\\/\",\"logo\":{\"@type\":\"ImageObject\",\"inLanguage\":\"fr-FR\",\"@id\":\"https:\\\/\\\/sobelconsult.com\\\/fr\\\/#\\\/schema\\\/logo\\\/image\\\/\",\"url\":\"https:\\\/\\\/sobelconsult.com\\\/wp-content\\\/uploads\\\/2024\\\/07\\\/Logo-Oficial-Website-White.png\",\"contentUrl\":\"https:\\\/\\\/sobelconsult.com\\\/wp-content\\\/uploads\\\/2024\\\/07\\\/Logo-Oficial-Website-White.png\",\"width\":741,\"height\":290,\"caption\":\"Sobel\"},\"image\":{\"@id\":\"https:\\\/\\\/sobelconsult.com\\\/fr\\\/#\\\/schema\\\/logo\\\/image\\\/\"}}]}<\/script>\n<!-- \/ Yoast SEO Premium plugin. -->","yoast_head_json":{"title":"A propos de Sobel | Experts en conformit\u00e9 r\u00e9glementaire","description":"D\u00e9couvrez Sobel Consultancy. Notre \u00e9quipe sp\u00e9cialis\u00e9e simplifie la conformit\u00e9 r\u00e9glementaire gr\u00e2ce \u00e0 des id\u00e9es strat\u00e9giques et \u00e0 l'innovation. Apprenez-en plus sur nous !","robots":{"index":"index","follow":"follow","max-snippet":"max-snippet:-1","max-image-preview":"max-image-preview:large","max-video-preview":"max-video-preview:-1"},"canonical":"https:\/\/sobelconsult.com\/fr\/about-us\/","og_locale":"fr_FR","og_type":"article","og_title":"A propos de nous","og_description":"D\u00e9couvrez Sobel Consultancy. Notre \u00e9quipe sp\u00e9cialis\u00e9e simplifie la conformit\u00e9 r\u00e9glementaire gr\u00e2ce \u00e0 des id\u00e9es strat\u00e9giques et \u00e0 l'innovation. Apprenez-en plus sur nous !","og_url":"https:\/\/sobelconsult.com\/fr\/about-us\/","og_site_name":"Sobel","article_modified_time":"2026-03-31T19:32:13+00:00","og_image":[{"width":1000,"height":657,"url":"https:\/\/sobelconsult.com\/wp-content\/uploads\/2025\/04\/Sobel-official-logo.webp","type":"image\/webp"}],"twitter_card":"summary_large_image","twitter_misc":{"Dur\u00e9e de lecture estim\u00e9e":"1 minute"},"schema":{"@context":"https:\/\/schema.org","@graph":[{"@type":"WebPage","@id":"https:\/\/sobelconsult.com\/fr\/about-us\/","url":"https:\/\/sobelconsult.com\/fr\/about-us\/","name":"A propos de Sobel | Experts en conformit\u00e9 r\u00e9glementaire","isPartOf":{"@id":"https:\/\/sobelconsult.com\/fr\/#website"},"primaryImageOfPage":{"@id":"https:\/\/sobelconsult.com\/fr\/about-us\/#primaryimage"},"image":{"@id":"https:\/\/sobelconsult.com\/fr\/about-us\/#primaryimage"},"thumbnailUrl":"https:\/\/sobelconsult.com\/wp-content\/uploads\/2025\/04\/Sobel-official-logo.webp","datePublished":"2025-06-01T13:00:00+00:00","dateModified":"2026-03-31T19:32:13+00:00","description":"D\u00e9couvrez Sobel Consultancy. Notre \u00e9quipe sp\u00e9cialis\u00e9e simplifie la conformit\u00e9 r\u00e9glementaire gr\u00e2ce \u00e0 des id\u00e9es strat\u00e9giques et \u00e0 l'innovation. Apprenez-en plus sur nous !","breadcrumb":{"@id":"https:\/\/sobelconsult.com\/fr\/about-us\/#breadcrumb"},"inLanguage":"fr-FR","potentialAction":[{"@type":"ReadAction","target":["https:\/\/sobelconsult.com\/fr\/about-us\/"]}]},{"@type":"ImageObject","inLanguage":"fr-FR","@id":"https:\/\/sobelconsult.com\/fr\/about-us\/#primaryimage","url":"https:\/\/sobelconsult.com\/wp-content\/uploads\/2025\/04\/Sobel-official-logo.webp","contentUrl":"https:\/\/sobelconsult.com\/wp-content\/uploads\/2025\/04\/Sobel-official-logo.webp","width":1000,"height":657,"caption":"Sobel official logo"},{"@type":"BreadcrumbList","@id":"https:\/\/sobelconsult.com\/fr\/about-us\/#breadcrumb","itemListElement":[{"@type":"ListItem","position":1,"name":"Accueil","item":"https:\/\/sobelconsult.com\/fr\/home\/"},{"@type":"ListItem","position":2,"name":"A propos de nous"}]},{"@type":"WebSite","@id":"https:\/\/sobelconsult.com\/fr\/#website","url":"https:\/\/sobelconsult.com\/fr\/","name":"Sobel","description":"Regulatory Consultancy","publisher":{"@id":"https:\/\/sobelconsult.com\/fr\/#organization"},"potentialAction":[{"@type":"SearchAction","target":{"@type":"EntryPoint","urlTemplate":"https:\/\/sobelconsult.com\/fr\/?s={search_term_string}"},"query-input":{"@type":"PropertyValueSpecification","valueRequired":true,"valueName":"search_term_string"}}],"inLanguage":"fr-FR"},{"@type":"Organization","@id":"https:\/\/sobelconsult.com\/fr\/#organization","name":"Sobel","url":"https:\/\/sobelconsult.com\/fr\/","logo":{"@type":"ImageObject","inLanguage":"fr-FR","@id":"https:\/\/sobelconsult.com\/fr\/#\/schema\/logo\/image\/","url":"https:\/\/sobelconsult.com\/wp-content\/uploads\/2024\/07\/Logo-Oficial-Website-White.png","contentUrl":"https:\/\/sobelconsult.com\/wp-content\/uploads\/2024\/07\/Logo-Oficial-Website-White.png","width":741,"height":290,"caption":"Sobel"},"image":{"@id":"https:\/\/sobelconsult.com\/fr\/#\/schema\/logo\/image\/"}}]}},"_links":{"self":[{"href":"https:\/\/sobelconsult.com\/fr\/wp-json\/wp\/v2\/pages\/5021","targetHints":{"allow":["GET"]}}],"collection":[{"href":"https:\/\/sobelconsult.com\/fr\/wp-json\/wp\/v2\/pages"}],"about":[{"href":"https:\/\/sobelconsult.com\/fr\/wp-json\/wp\/v2\/types\/page"}],"author":[{"embeddable":true,"href":"https:\/\/sobelconsult.com\/fr\/wp-json\/wp\/v2\/users\/11"}],"replies":[{"embeddable":true,"href":"https:\/\/sobelconsult.com\/fr\/wp-json\/wp\/v2\/comments?post=5021"}],"version-history":[{"count":2,"href":"https:\/\/sobelconsult.com\/fr\/wp-json\/wp\/v2\/pages\/5021\/revisions"}],"predecessor-version":[{"id":33806,"href":"https:\/\/sobelconsult.com\/fr\/wp-json\/wp\/v2\/pages\/5021\/revisions\/33806"}],"wp:featuredmedia":[{"embeddable":true,"href":"https:\/\/sobelconsult.com\/fr\/wp-json\/wp\/v2\/media\/7085"}],"wp:attachment":[{"href":"https:\/\/sobelconsult.com\/fr\/wp-json\/wp\/v2\/media?parent=5021"}],"curies":[{"name":"wp","href":"https:\/\/api.w.org\/{rel}","templated":true}]}}