{"id":7803,"date":"2025-06-01T10:00:00","date_gmt":"2025-06-01T13:00:00","guid":{"rendered":"https:\/\/sobelconsult.com\/conditions-dutilisation\/"},"modified":"2025-06-01T13:00:00","modified_gmt":"2025-06-01T13:00:00","slug":"conditions-dutilisation","status":"publish","type":"page","link":"https:\/\/sobelconsult.com\/fr\/conditions-dutilisation\/","title":{"rendered":"Conditions d&rsquo;utilisation"},"content":{"rendered":"\t\t<div data-elementor-type=\"wp-page\" data-elementor-id=\"7803\" class=\"elementor elementor-7803 elementor-1553\" data-elementor-post-type=\"page\">\n\t\t\t\t<div class=\"elementor-element elementor-element-0c3007a e-flex e-con-boxed e-con e-parent\" data-id=\"0c3007a\" data-element_type=\"container\" data-e-type=\"container\" data-settings=\"{&quot;background_background&quot;:&quot;classic&quot;}\">\n\t\t\t\t\t<div class=\"e-con-inner\">\n\t\t\t\t<div class=\"elementor-element elementor-element-c30023b elementor-widget elementor-widget-heading\" data-id=\"c30023b\" data-element_type=\"widget\" data-e-type=\"widget\" data-widget_type=\"heading.default\">\n\t\t\t\t<div class=\"elementor-widget-container\">\n\t\t\t\t\t<h1 class=\"elementor-heading-title elementor-size-default\">Conditions d&rsquo;utilisation<\/h1>\t\t\t\t<\/div>\n\t\t\t\t<\/div>\n\t\t\t\t\t<\/div>\n\t\t\t\t<\/div>\n\t\t<div class=\"elementor-element elementor-element-ce54af8 e-flex e-con-boxed e-con e-parent\" data-id=\"ce54af8\" data-element_type=\"container\" data-e-type=\"container\">\n\t\t\t\t\t<div class=\"e-con-inner\">\n\t\t\t\t<div class=\"elementor-element elementor-element-6f30133 elementor-icon-list--layout-inline elementor-widget__width-auto elementor-list-item-link-full_width elementor-widget elementor-widget-icon-list\" data-id=\"6f30133\" data-element_type=\"widget\" data-e-type=\"widget\" data-widget_type=\"icon-list.default\">\n\t\t\t\t<div class=\"elementor-widget-container\">\n\t\t\t\t\t\t\t<ul class=\"elementor-icon-list-items elementor-inline-items\">\n\t\t\t\t\t\t\t<li class=\"elementor-icon-list-item elementor-inline-item\">\n\t\t\t\t\t\t\t\t\t\t\t<a href=\"https:\/\/sobelconsult.com\/fr\/\">\n\n\t\t\t\t\t\t\t\t\t\t\t\t<span class=\"elementor-icon-list-icon\">\n\t\t\t\t\t\t\t<svg aria-hidden=\"true\" class=\"e-font-icon-svg e-fas-dot-circle\" viewBox=\"0 0 512 512\" xmlns=\"http:\/\/www.w3.org\/2000\/svg\"><path d=\"M256 8C119.033 8 8 119.033 8 256s111.033 248 248 248 248-111.033 248-248S392.967 8 256 8zm80 248c0 44.112-35.888 80-80 80s-80-35.888-80-80 35.888-80 80-80 80 35.888 80 80z\"><\/path><\/svg>\t\t\t\t\t\t<\/span>\n\t\t\t\t\t\t\t\t\t\t<span class=\"elementor-icon-list-text\">Accueil<\/span>\n\t\t\t\t\t\t\t\t\t\t\t<\/a>\n\t\t\t\t\t\t\t\t\t<\/li>\n\t\t\t\t\t\t\t\t<li class=\"elementor-icon-list-item elementor-inline-item\">\n\t\t\t\t\t\t\t\t\t\t\t<a href=\"https:\/\/sobelconsult.com\/fr\/conditions-dutilisation\/\">\n\n\t\t\t\t\t\t\t\t\t\t\t\t<span class=\"elementor-icon-list-icon\">\n\t\t\t\t\t\t\t<svg aria-hidden=\"true\" class=\"e-font-icon-svg e-fas-dot-circle\" viewBox=\"0 0 512 512\" xmlns=\"http:\/\/www.w3.org\/2000\/svg\"><path d=\"M256 8C119.033 8 8 119.033 8 256s111.033 248 248 248 248-111.033 248-248S392.967 8 256 8zm80 248c0 44.112-35.888 80-80 80s-80-35.888-80-80 35.888-80 80-80 80 35.888 80 80z\"><\/path><\/svg>\t\t\t\t\t\t<\/span>\n\t\t\t\t\t\t\t\t\t\t<span class=\"elementor-icon-list-text\">Conditions d&rsquo;utilisation<\/span>\n\t\t\t\t\t\t\t\t\t\t\t<\/a>\n\t\t\t\t\t\t\t\t\t<\/li>\n\t\t\t\t\t\t<\/ul>\n\t\t\t\t\t\t<\/div>\n\t\t\t\t<\/div>\n\t\t\t\t<div class=\"elementor-element elementor-element-59b60bc elementor-widget elementor-widget-heading\" data-id=\"59b60bc\" data-element_type=\"widget\" data-e-type=\"widget\" data-widget_type=\"heading.default\">\n\t\t\t\t<div class=\"elementor-widget-container\">\n\t\t\t\t\t<h2 class=\"elementor-heading-title elementor-size-default\">Conditions d&rsquo;utilisation<\/h2>\t\t\t\t<\/div>\n\t\t\t\t<\/div>\n\t\t\t\t<div class=\"elementor-element elementor-element-75e531c elementor-widget elementor-widget-text-editor\" data-id=\"75e531c\" data-element_type=\"widget\" data-e-type=\"widget\" data-widget_type=\"text-editor.default\">\n\t\t\t\t<div class=\"elementor-widget-container\">\n\t\t\t\t\t\t\t\t\t<p> <\/p><hr><p><strong>Date d&rsquo;entr\u00e9e en vigueur :<\/strong> 2 f\u00e9vrier 2025<\/p><p>Bienvenue sur le site de Sobel Consultancy (\u00ab\u00a0nous\u00a0\u00bb, \u00ab\u00a0notre\u00a0\u00bb ou \u00ab\u00a0nos\u00a0\u00bb). Les pr\u00e9sentes conditions de service (\u00ab\u00a0conditions\u00a0\u00bb) r\u00e9gissent votre acc\u00e8s et votre utilisation de notre site web et de nos services de conseil en r\u00e9glementation (collectivement, les \u00ab\u00a0services\u00a0\u00bb). En utilisant nos services, vous acceptez ces conditions. Si vous ne les acceptez pas, veuillez ne pas utiliser nos services.   <\/p><p> <\/p><p><strong>1. Utilisation des services<\/strong><\/p><p><strong>1.1 \u00c9ligibilit\u00e9 : <\/strong>Vous devez \u00eatre \u00e2g\u00e9 d&rsquo;au moins 18 ans et avoir la capacit\u00e9 juridique de conclure des accords pour utiliser nos services. En utilisant nos services, vous confirmez que vous remplissez ces conditions. <\/p><p><strong>1.2 Utilisation autoris\u00e9e : <\/strong>vous acceptez d&rsquo;utiliser nos services uniquement \u00e0 des fins l\u00e9gales et dans le respect de toutes les lois et r\u00e9glementations applicables. Vous ne devez pas : <\/p><ul><li>utiliser les services d&rsquo;une mani\u00e8re susceptible de nous nuire, de nuire \u00e0 nos clients ou \u00e0 d&rsquo;autres utilisateurs.<\/li><li>D\u00e9clarer faussement votre identit\u00e9 ou votre affiliation.<\/li><li>Tenter d&rsquo;obtenir un acc\u00e8s non autoris\u00e9 \u00e0 nos syst\u00e8mes ou \u00e0 nos donn\u00e9es.<\/li><\/ul><p><strong>1.3 S\u00e9curit\u00e9 du compte : <\/strong>Si vous cr\u00e9ez un compte chez nous, vous \u00eates responsable du maintien de la confidentialit\u00e9 de vos identifiants de connexion et de toutes les activit\u00e9s effectu\u00e9es sur votre compte (le cas \u00e9ch\u00e9ant).<\/p><p> <\/p><p><strong>2. Nos services<\/strong><\/p><p><strong>2.1 Port\u00e9e des services : <\/strong>Nous fournissons des services de conseil en r\u00e9glementation tels que d\u00e9crits sur notre site web. Des conditions sp\u00e9cifiques peuvent s&rsquo;appliquer \u00e0 certains services, et ces conditions vous seront communiqu\u00e9es au moment de l&rsquo;engagement. <\/p><p><strong>2.2 Pas de conseils juridiques ou financiers : <\/strong>Bien que nous nous efforcions de fournir des conseils pr\u00e9cis et fiables, nos services ne remplacent pas les conseils juridiques, financiers ou autres d&rsquo;un professionnel. Vous devez consulter des professionnels comp\u00e9tents pour obtenir des conseils sp\u00e9cifiques adapt\u00e9s \u00e0 votre situation. <\/p><p><strong>2.3 Disponibilit\u00e9 des services : <\/strong>Nous nous r\u00e9servons le droit de modifier, de suspendre ou d&rsquo;interrompre nos services \u00e0 tout moment et sans pr\u00e9avis.<\/p><p> <\/p><p><strong>3. Redevances et paiement<\/strong><\/p><p><strong>3.1 Tarifs : <\/strong>Les frais relatifs \u00e0 nos services vous seront communiqu\u00e9s avant l&rsquo;engagement. Tous les frais ne sont pas remboursables, sauf indication contraire. <\/p><p><strong>3.2 Conditions de paiement : <\/strong>Les paiements sont dus dans les d\u00e9lais sp\u00e9cifi\u00e9s dans votre accord avec nous. Les retards de paiement peuvent entra\u00eener des frais suppl\u00e9mentaires. <\/p><p><strong>3.3 Taxes : <\/strong>Vous \u00eates responsable de tous les imp\u00f4ts ou taxes applicables li\u00e9s \u00e0 votre utilisation de nos services.<\/p><p> <\/p><p><strong>4. Propri\u00e9t\u00e9 intellectuelle<\/strong><\/p><p><strong>4.1 Propri\u00e9t\u00e9 : <\/strong>Tous les contenus et mat\u00e9riels fournis par le biais de nos Services, y compris les textes, les graphiques, les logos et les logiciels, sont la propri\u00e9t\u00e9 de Sobel Consultancy ou de nos conc\u00e9dants de licence et sont prot\u00e9g\u00e9s par les lois sur la propri\u00e9t\u00e9 intellectuelle.<\/p><p><strong>4.2 Licence limit\u00e9e : <\/strong>Nous vous accordons une licence non exclusive, non transf\u00e9rable et r\u00e9vocable pour utiliser nos services \u00e0 des fins internes. Vous ne pouvez pas reproduire, distribuer ou cr\u00e9er des \u0153uvres d\u00e9riv\u00e9es de notre contenu sans notre accord \u00e9crit pr\u00e9alable. <\/p><p> <\/p><p><strong>5. La confidentialit\u00e9<\/strong><\/p><p>Nous comprenons l&rsquo;importance de la confidentialit\u00e9 dans le domaine de la consultance r\u00e9glementaire. Nous prendrons des mesures raisonnables pour prot\u00e9ger toute information confidentielle que vous partagez avec nous. Toutefois, nous pouvons divulguer ces informations si la loi l&rsquo;exige ou si vous y consentez.  <\/p><p> <\/p><p><strong>6. Limitation de la responsabilit\u00e9<\/strong><\/p><p>Dans toute la mesure permise par la loi :<\/p><ul><li>Nous d\u00e9clinons toute garantie, expresse ou implicite, concernant nos services.<\/li><li>Nous ne sommes pas responsables des dommages indirects, accessoires ou cons\u00e9cutifs r\u00e9sultant de votre utilisation de nos services.<\/li><li>Notre responsabilit\u00e9 totale est limit\u00e9e au montant que vous avez pay\u00e9 pour le service sp\u00e9cifique \u00e0 l&rsquo;origine de la r\u00e9clamation.<\/li><\/ul><p> <\/p><p><strong>7. Indemnisation<\/strong><\/p><p>Vous acceptez de nous indemniser et de nous d\u00e9gager de toute responsabilit\u00e9 en cas de r\u00e9clamation, de responsabilit\u00e9, de dommages ou de d\u00e9penses r\u00e9sultant de votre utilisation de nos services ou de la violation des pr\u00e9sentes conditions.<\/p><p> <\/p><p><strong>8. R\u00e9siliation<\/strong><\/p><p>Nous nous r\u00e9servons le droit de r\u00e9silier ou de suspendre votre acc\u00e8s \u00e0 nos services si vous enfreignez les pr\u00e9sentes conditions ou si vous vous livrez \u00e0 des activit\u00e9s ill\u00e9gales. En cas de r\u00e9siliation, vous devez cesser d&rsquo;utiliser nos services et restituer tout mat\u00e9riel confidentiel fourni. <\/p><p> <\/p><p><strong>9. Droit applicable<\/strong><\/p><p>Les pr\u00e9sentes conditions sont r\u00e9gies et interpr\u00e9t\u00e9es conform\u00e9ment au droit br\u00e9silien. Tout litige d\u00e9coulant des pr\u00e9sentes conditions sera r\u00e9gl\u00e9 par les tribunaux br\u00e9siliens. <\/p><p> <\/p><p><strong>10. Modifications des pr\u00e9sentes conditions<\/strong><\/p><p>Nous pouvons mettre \u00e0 jour les pr\u00e9sentes conditions de temps \u00e0 autre. La version mise \u00e0 jour sera publi\u00e9e sur notre site web avec la \u00ab\u00a0date d&rsquo;entr\u00e9e en vigueur\u00a0\u00bb. En continuant \u00e0 utiliser nos services apr\u00e8s toute modification, vous acceptez les conditions r\u00e9vis\u00e9es.  <\/p><p> <\/p><p><strong>11. Contactez nous<\/strong><\/p><p>Si vous avez des questions ou des pr\u00e9occupations concernant les pr\u00e9sentes conditions, veuillez nous contacter \u00e0 l&rsquo;adresse suivante :<\/p><p><a href=\"mailto:privacy@sobelconsult.com\" target=\"_blank\" rel=\"noopener\">privacy@sobelconsult.com<\/a><\/p>\t\t\t\t\t\t\t\t<\/div>\n\t\t\t\t<\/div>\n\t\t\t\t\t<\/div>\n\t\t\t\t<\/div>\n\t\t<div class=\"elementor-element elementor-element-ff36522 e-flex e-con-boxed e-con e-parent\" data-id=\"ff36522\" data-element_type=\"container\" data-e-type=\"container\">\n\t\t\t\t\t<div class=\"e-con-inner\">\n\t\t<div class=\"elementor-element elementor-element-ce0bdbe e-flex e-con-boxed e-con e-child\" data-id=\"ce0bdbe\" data-element_type=\"container\" data-e-type=\"container\" data-settings=\"{&quot;background_background&quot;:&quot;classic&quot;}\">\n\t\t\t\t\t<div class=\"e-con-inner\">\n\t\t\t\t<div class=\"elementor-element elementor-element-59ab56d elementor-widget elementor-widget-heading\" data-id=\"59ab56d\" data-element_type=\"widget\" data-e-type=\"widget\" data-widget_type=\"heading.default\">\n\t\t\t\t<div class=\"elementor-widget-container\">\n\t\t\t\t\t<h2 class=\"elementor-heading-title elementor-size-default\">Vous avez besoin d'une aide suppl\u00e9mentaire ?<\/h2>\t\t\t\t<\/div>\n\t\t\t\t<\/div>\n\t\t\t\t<div class=\"elementor-element elementor-element-fe1634d elementor-widget elementor-widget-text-editor\" data-id=\"fe1634d\" data-element_type=\"widget\" data-e-type=\"widget\" data-widget_type=\"text-editor.default\">\n\t\t\t\t<div class=\"elementor-widget-container\">\n\t\t\t\t\t\t\t\t\t<p>Notre \u00e9quipe d&rsquo;assistance est l\u00e0 pour vous aider. Vous avez des questions ou besoin de conseils ? Nous sommes \u00e0 votre disposition. N&rsquo;h\u00e9sitez pas \u00e0 nous contacter pour obtenir une assistance rapide.   <\/p>\t\t\t\t\t\t\t\t<\/div>\n\t\t\t\t<\/div>\n\t\t\t\t<div class=\"elementor-element elementor-element-bf0cba3 elementor-align-center elementor-widget elementor-widget-button\" data-id=\"bf0cba3\" data-element_type=\"widget\" data-e-type=\"widget\" data-widget_type=\"button.default\">\n\t\t\t\t<div class=\"elementor-widget-container\">\n\t\t\t\t\t\t\t\t\t<div class=\"elementor-button-wrapper\">\n\t\t\t\t\t<a class=\"elementor-button elementor-button-link elementor-size-sm\" href=\"#elementor-action%3Aaction%3Dpopup%3Aopen%26settings%3DeyJpZCI6ODQyOCwidG9nZ2xlIjpmYWxzZX0%3D\">\n\t\t\t\t\t\t<span class=\"elementor-button-content-wrapper\">\n\t\t\t\t\t\t<span class=\"elementor-button-icon\">\n\t\t\t\t<svg aria-hidden=\"true\" class=\"e-font-icon-svg e-fas-arrow-right\" viewBox=\"0 0 448 512\" xmlns=\"http:\/\/www.w3.org\/2000\/svg\"><path d=\"M190.5 66.9l22.2-22.2c9.4-9.4 24.6-9.4 33.9 0L441 239c9.4 9.4 9.4 24.6 0 33.9L246.6 467.3c-9.4 9.4-24.6 9.4-33.9 0l-22.2-22.2c-9.5-9.5-9.3-25 .4-34.3L311.4 296H24c-13.3 0-24-10.7-24-24v-32c0-13.3 10.7-24 24-24h287.4L190.9 101.2c-9.8-9.3-10-24.8-.4-34.3z\"><\/path><\/svg>\t\t\t<\/span>\n\t\t\t\t\t\t\t\t\t<span class=\"elementor-button-text\">Contactez nous<\/span>\n\t\t\t\t\t<\/span>\n\t\t\t\t\t<\/a>\n\t\t\t\t<\/div>\n\t\t\t\t\t\t\t\t<\/div>\n\t\t\t\t<\/div>\n\t\t\t\t\t<\/div>\n\t\t\t\t<\/div>\n\t\t\t\t\t<\/div>\n\t\t\t\t<\/div>\n\t\t\t\t<\/div>\n\t\t","protected":false},"excerpt":{"rendered":"<p>Consultez nos conditions d&rsquo;utilisation pour comprendre les directives d&rsquo;utilisation et les droits des utilisateurs. Naviguez sur notre site en toute confiance et transparence. <\/p>\n","protected":false},"author":11,"featured_media":7085,"parent":0,"menu_order":0,"comment_status":"closed","ping_status":"closed","template":"","meta":{"footnotes":""},"class_list":["post-7803","page","type-page","status-publish","has-post-thumbnail","hentry"],"yoast_head":"<!-- This site is optimized with the Yoast SEO Premium plugin v26.3 (Yoast SEO v26.8) - https:\/\/yoast.com\/product\/yoast-seo-premium-wordpress\/ -->\n<title>Conditions d&#039;utilisation - Sobel<\/title>\n<meta name=\"description\" content=\"Consultez nos conditions d&#039;utilisation pour comprendre les directives d&#039;utilisation et les droits des utilisateurs. Naviguez sur notre site en toute confiance et transparence.\" \/>\n<meta name=\"robots\" content=\"index, follow, max-snippet:-1, max-image-preview:large, max-video-preview:-1\" \/>\n<link rel=\"canonical\" href=\"https:\/\/sobelconsult.com\/fr\/conditions-dutilisation\/\" \/>\n<meta property=\"og:locale\" content=\"fr_FR\" \/>\n<meta property=\"og:type\" content=\"article\" \/>\n<meta property=\"og:title\" content=\"Conditions d&#039;utilisation\" \/>\n<meta property=\"og:description\" content=\"Consultez nos conditions d&#039;utilisation pour comprendre les directives d&#039;utilisation et les droits des utilisateurs. Naviguez sur notre site en toute confiance et transparence.\" \/>\n<meta property=\"og:url\" content=\"https:\/\/sobelconsult.com\/fr\/conditions-dutilisation\/\" \/>\n<meta property=\"og:site_name\" content=\"Sobel\" \/>\n<meta property=\"og:image\" content=\"https:\/\/sobelconsult.com\/wp-content\/uploads\/2025\/04\/Sobel-official-logo.webp\" \/>\n\t<meta property=\"og:image:width\" content=\"1000\" \/>\n\t<meta property=\"og:image:height\" content=\"657\" \/>\n\t<meta property=\"og:image:type\" content=\"image\/webp\" \/>\n<meta name=\"twitter:card\" content=\"summary_large_image\" \/>\n<meta name=\"twitter:label1\" content=\"Dur\u00e9e de lecture estim\u00e9e\" \/>\n\t<meta name=\"twitter:data1\" content=\"4 minutes\" \/>\n<script type=\"application\/ld+json\" class=\"yoast-schema-graph\">{\"@context\":\"https:\/\/schema.org\",\"@graph\":[{\"@type\":\"WebPage\",\"@id\":\"https:\/\/sobelconsult.com\/fr\/conditions-dutilisation\/\",\"url\":\"https:\/\/sobelconsult.com\/fr\/conditions-dutilisation\/\",\"name\":\"Conditions d'utilisation - Sobel\",\"isPartOf\":{\"@id\":\"https:\/\/sobelconsult.com\/fr\/#website\"},\"primaryImageOfPage\":{\"@id\":\"https:\/\/sobelconsult.com\/fr\/conditions-dutilisation\/#primaryimage\"},\"image\":{\"@id\":\"https:\/\/sobelconsult.com\/fr\/conditions-dutilisation\/#primaryimage\"},\"thumbnailUrl\":\"https:\/\/sobelconsult.com\/wp-content\/uploads\/2025\/04\/Sobel-official-logo.webp\",\"datePublished\":\"2025-06-01T13:00:00+00:00\",\"description\":\"Consultez nos conditions d'utilisation pour comprendre les directives d'utilisation et les droits des utilisateurs. Naviguez sur notre site en toute confiance et transparence.\",\"breadcrumb\":{\"@id\":\"https:\/\/sobelconsult.com\/fr\/conditions-dutilisation\/#breadcrumb\"},\"inLanguage\":\"fr-FR\",\"potentialAction\":[{\"@type\":\"ReadAction\",\"target\":[\"https:\/\/sobelconsult.com\/fr\/conditions-dutilisation\/\"]}]},{\"@type\":\"ImageObject\",\"inLanguage\":\"fr-FR\",\"@id\":\"https:\/\/sobelconsult.com\/fr\/conditions-dutilisation\/#primaryimage\",\"url\":\"https:\/\/sobelconsult.com\/wp-content\/uploads\/2025\/04\/Sobel-official-logo.webp\",\"contentUrl\":\"https:\/\/sobelconsult.com\/wp-content\/uploads\/2025\/04\/Sobel-official-logo.webp\",\"width\":1000,\"height\":657,\"caption\":\"Sobel official logo\"},{\"@type\":\"BreadcrumbList\",\"@id\":\"https:\/\/sobelconsult.com\/fr\/conditions-dutilisation\/#breadcrumb\",\"itemListElement\":[{\"@type\":\"ListItem\",\"position\":1,\"name\":\"Accueil\",\"item\":\"https:\/\/sobelconsult.com\/fr\/home\/\"},{\"@type\":\"ListItem\",\"position\":2,\"name\":\"Conditions d&rsquo;utilisation\"}]},{\"@type\":\"WebSite\",\"@id\":\"https:\/\/sobelconsult.com\/fr\/#website\",\"url\":\"https:\/\/sobelconsult.com\/fr\/\",\"name\":\"Sobel\",\"description\":\"Regulatory Consultancy\",\"publisher\":{\"@id\":\"https:\/\/sobelconsult.com\/fr\/#organization\"},\"potentialAction\":[{\"@type\":\"SearchAction\",\"target\":{\"@type\":\"EntryPoint\",\"urlTemplate\":\"https:\/\/sobelconsult.com\/fr\/?s={search_term_string}\"},\"query-input\":{\"@type\":\"PropertyValueSpecification\",\"valueRequired\":true,\"valueName\":\"search_term_string\"}}],\"inLanguage\":\"fr-FR\"},{\"@type\":\"Organization\",\"@id\":\"https:\/\/sobelconsult.com\/fr\/#organization\",\"name\":\"Sobel\",\"url\":\"https:\/\/sobelconsult.com\/fr\/\",\"logo\":{\"@type\":\"ImageObject\",\"inLanguage\":\"fr-FR\",\"@id\":\"https:\/\/sobelconsult.com\/fr\/#\/schema\/logo\/image\/\",\"url\":\"https:\/\/sobelconsult.com\/wp-content\/uploads\/2024\/07\/Logo-Oficial-Website-White.png\",\"contentUrl\":\"https:\/\/sobelconsult.com\/wp-content\/uploads\/2024\/07\/Logo-Oficial-Website-White.png\",\"width\":741,\"height\":290,\"caption\":\"Sobel\"},\"image\":{\"@id\":\"https:\/\/sobelconsult.com\/fr\/#\/schema\/logo\/image\/\"}}]}<\/script>\n<!-- \/ Yoast SEO Premium plugin. -->","yoast_head_json":{"title":"Conditions d'utilisation - Sobel","description":"Consultez nos conditions d'utilisation pour comprendre les directives d'utilisation et les droits des utilisateurs. Naviguez sur notre site en toute confiance et transparence.","robots":{"index":"index","follow":"follow","max-snippet":"max-snippet:-1","max-image-preview":"max-image-preview:large","max-video-preview":"max-video-preview:-1"},"canonical":"https:\/\/sobelconsult.com\/fr\/conditions-dutilisation\/","og_locale":"fr_FR","og_type":"article","og_title":"Conditions d'utilisation","og_description":"Consultez nos conditions d'utilisation pour comprendre les directives d'utilisation et les droits des utilisateurs. Naviguez sur notre site en toute confiance et transparence.","og_url":"https:\/\/sobelconsult.com\/fr\/conditions-dutilisation\/","og_site_name":"Sobel","og_image":[{"width":1000,"height":657,"url":"https:\/\/sobelconsult.com\/wp-content\/uploads\/2025\/04\/Sobel-official-logo.webp","type":"image\/webp"}],"twitter_card":"summary_large_image","twitter_misc":{"Dur\u00e9e de lecture estim\u00e9e":"4 minutes"},"schema":{"@context":"https:\/\/schema.org","@graph":[{"@type":"WebPage","@id":"https:\/\/sobelconsult.com\/fr\/conditions-dutilisation\/","url":"https:\/\/sobelconsult.com\/fr\/conditions-dutilisation\/","name":"Conditions d'utilisation - Sobel","isPartOf":{"@id":"https:\/\/sobelconsult.com\/fr\/#website"},"primaryImageOfPage":{"@id":"https:\/\/sobelconsult.com\/fr\/conditions-dutilisation\/#primaryimage"},"image":{"@id":"https:\/\/sobelconsult.com\/fr\/conditions-dutilisation\/#primaryimage"},"thumbnailUrl":"https:\/\/sobelconsult.com\/wp-content\/uploads\/2025\/04\/Sobel-official-logo.webp","datePublished":"2025-06-01T13:00:00+00:00","description":"Consultez nos conditions d'utilisation pour comprendre les directives d'utilisation et les droits des utilisateurs. Naviguez sur notre site en toute confiance et transparence.","breadcrumb":{"@id":"https:\/\/sobelconsult.com\/fr\/conditions-dutilisation\/#breadcrumb"},"inLanguage":"fr-FR","potentialAction":[{"@type":"ReadAction","target":["https:\/\/sobelconsult.com\/fr\/conditions-dutilisation\/"]}]},{"@type":"ImageObject","inLanguage":"fr-FR","@id":"https:\/\/sobelconsult.com\/fr\/conditions-dutilisation\/#primaryimage","url":"https:\/\/sobelconsult.com\/wp-content\/uploads\/2025\/04\/Sobel-official-logo.webp","contentUrl":"https:\/\/sobelconsult.com\/wp-content\/uploads\/2025\/04\/Sobel-official-logo.webp","width":1000,"height":657,"caption":"Sobel official logo"},{"@type":"BreadcrumbList","@id":"https:\/\/sobelconsult.com\/fr\/conditions-dutilisation\/#breadcrumb","itemListElement":[{"@type":"ListItem","position":1,"name":"Accueil","item":"https:\/\/sobelconsult.com\/fr\/home\/"},{"@type":"ListItem","position":2,"name":"Conditions d&rsquo;utilisation"}]},{"@type":"WebSite","@id":"https:\/\/sobelconsult.com\/fr\/#website","url":"https:\/\/sobelconsult.com\/fr\/","name":"Sobel","description":"Regulatory Consultancy","publisher":{"@id":"https:\/\/sobelconsult.com\/fr\/#organization"},"potentialAction":[{"@type":"SearchAction","target":{"@type":"EntryPoint","urlTemplate":"https:\/\/sobelconsult.com\/fr\/?s={search_term_string}"},"query-input":{"@type":"PropertyValueSpecification","valueRequired":true,"valueName":"search_term_string"}}],"inLanguage":"fr-FR"},{"@type":"Organization","@id":"https:\/\/sobelconsult.com\/fr\/#organization","name":"Sobel","url":"https:\/\/sobelconsult.com\/fr\/","logo":{"@type":"ImageObject","inLanguage":"fr-FR","@id":"https:\/\/sobelconsult.com\/fr\/#\/schema\/logo\/image\/","url":"https:\/\/sobelconsult.com\/wp-content\/uploads\/2024\/07\/Logo-Oficial-Website-White.png","contentUrl":"https:\/\/sobelconsult.com\/wp-content\/uploads\/2024\/07\/Logo-Oficial-Website-White.png","width":741,"height":290,"caption":"Sobel"},"image":{"@id":"https:\/\/sobelconsult.com\/fr\/#\/schema\/logo\/image\/"}}]}},"_links":{"self":[{"href":"https:\/\/sobelconsult.com\/fr\/wp-json\/wp\/v2\/pages\/7803","targetHints":{"allow":["GET"]}}],"collection":[{"href":"https:\/\/sobelconsult.com\/fr\/wp-json\/wp\/v2\/pages"}],"about":[{"href":"https:\/\/sobelconsult.com\/fr\/wp-json\/wp\/v2\/types\/page"}],"author":[{"embeddable":true,"href":"https:\/\/sobelconsult.com\/fr\/wp-json\/wp\/v2\/users\/11"}],"replies":[{"embeddable":true,"href":"https:\/\/sobelconsult.com\/fr\/wp-json\/wp\/v2\/comments?post=7803"}],"version-history":[{"count":0,"href":"https:\/\/sobelconsult.com\/fr\/wp-json\/wp\/v2\/pages\/7803\/revisions"}],"wp:featuredmedia":[{"embeddable":true,"href":"https:\/\/sobelconsult.com\/fr\/wp-json\/wp\/v2\/media\/7085"}],"wp:attachment":[{"href":"https:\/\/sobelconsult.com\/fr\/wp-json\/wp\/v2\/media?parent=7803"}],"curies":[{"name":"wp","href":"https:\/\/api.w.org\/{rel}","templated":true}]}}