{"id":5025,"date":"2025-06-01T10:00:00","date_gmt":"2025-06-01T13:00:00","guid":{"rendered":"https:\/\/sobelconsult.com\/sobre-nos\/"},"modified":"2026-03-31T16:32:13","modified_gmt":"2026-03-31T19:32:13","slug":"about-us","status":"publish","type":"page","link":"https:\/\/sobelconsult.com\/pt-br\/about-us\/","title":{"rendered":"Sobre n\u00f3s"},"content":{"rendered":"\t\t<div data-elementor-type=\"wp-page\" data-elementor-id=\"5025\" class=\"elementor elementor-5025 elementor-363\" data-elementor-post-type=\"page\">\n\t\t\t\t<div class=\"elementor-element elementor-element-8a0aaf8 e-flex e-con-boxed e-con e-parent\" data-id=\"8a0aaf8\" data-element_type=\"container\" data-e-type=\"container\" data-settings=\"{&quot;background_background&quot;:&quot;classic&quot;}\">\n\t\t\t\t\t<div class=\"e-con-inner\">\n\t\t\t\t<div class=\"elementor-element elementor-element-fd3946d elementor-widget elementor-widget-heading\" data-id=\"fd3946d\" data-element_type=\"widget\" data-e-type=\"widget\" data-widget_type=\"heading.default\">\n\t\t\t\t<div class=\"elementor-widget-container\">\n\t\t\t\t\t<h1 class=\"elementor-heading-title elementor-size-default\">Sobre n\u00f3s<\/h1>\t\t\t\t<\/div>\n\t\t\t\t<\/div>\n\t\t\t\t<div class=\"elementor-element elementor-element-929e702 elementor-widget elementor-widget-text-editor\" data-id=\"929e702\" data-element_type=\"widget\" data-e-type=\"widget\" data-widget_type=\"text-editor.default\">\n\t\t\t\t<div class=\"elementor-widget-container\">\n\t\t\t\t\t\t\t\t\t<p><span class=\"TextRun SCXW179109114 BCX0\" lang=\"EN-US\" xml:lang=\"EN-US\" data-contrast=\"auto\"><span class=\"NormalTextRun SCXW179109114 BCX0\">Na Sobel, temos o compromisso de tornar a conformidade regulat\u00f3ria clara e vi\u00e1vel, guiados por <\/span><span class=\"NormalTextRun SCXW179109114 BCX0\">experi\u00eancia<\/span><span class=\"NormalTextRun SCXW179109114 BCX0\">  e integridade. Queremos capacitar as empresas com solu\u00e7\u00f5es estrat\u00e9gicas que   <\/span><span class=\"NormalTextRun SCXW179109114 BCX0\">facilitar<\/span><span class=\"NormalTextRun SCXW179109114 BCX0\"> conformidade, impulsionar a inova\u00e7\u00e3o e permitir a entrada bem-sucedida no mercado mundial.<\/span><\/span><span class=\"EOP SCXW179109114 BCX0\" data-ccp-props=\"{}\"> <\/span><\/p>\t\t\t\t\t\t\t\t<\/div>\n\t\t\t\t<\/div>\n\t\t\t\t\t<\/div>\n\t\t\t\t<\/div>\n\t\t<div class=\"elementor-element elementor-element-d1f9154 e-flex e-con-boxed e-con e-parent\" data-id=\"d1f9154\" data-element_type=\"container\" data-e-type=\"container\">\n\t\t\t\t\t<div class=\"e-con-inner\">\n\t\t\t\t<div class=\"elementor-element elementor-element-3f364b4 elementor-widget__width-inherit elementor-widget elementor-widget-heading\" data-id=\"3f364b4\" data-element_type=\"widget\" data-e-type=\"widget\" data-widget_type=\"heading.default\">\n\t\t\t\t<div class=\"elementor-widget-container\">\n\t\t\t\t\t<h2 class=\"elementor-heading-title elementor-size-default\">O que nosso CEO tem a dizer<\/h2>\t\t\t\t<\/div>\n\t\t\t\t<\/div>\n\t\t<div class=\"elementor-element elementor-element-3fdcb1a e-con-full e-flex e-con e-child\" data-id=\"3fdcb1a\" data-element_type=\"container\" data-e-type=\"container\" data-settings=\"{&quot;background_background&quot;:&quot;classic&quot;}\">\n\t\t<div class=\"elementor-element elementor-element-d3c4f7a e-con-full e-flex e-con e-child\" data-id=\"d3c4f7a\" data-element_type=\"container\" data-e-type=\"container\">\n\t\t\t\t<div class=\"elementor-element elementor-element-4dd7db8 elementor-widget elementor-widget-text-editor\" data-id=\"4dd7db8\" data-element_type=\"widget\" data-e-type=\"widget\" data-widget_type=\"text-editor.default\">\n\t\t\t\t<div class=\"elementor-widget-container\">\n\t\t\t\t\t\t\t\t\t<p>&#8220;Acreditamos que a conformidade regulamentar \u00e9 a base da excel\u00eancia empresarial. Nossa equipe de especialistas n\u00e3o se limita a navegar por normas complexas. N\u00f3s as transformamos em oportunidades de crescimento. Ao combinar um profundo conhecimento do setor com estrat\u00e9gias inovadoras e tecnologia de ponta, capacitamos nossos clientes a prosperar em um cen\u00e1rio regulat\u00f3rio em constante mudan\u00e7a, garantindo conformidade e vantagem competitiva.&#8221;<\/p>\t\t\t\t\t\t\t\t<\/div>\n\t\t\t\t<\/div>\n\t\t\t\t<div class=\"elementor-element elementor-element-2f408f4 elementor-widget-mobile__width-initial elementor-widget elementor-widget-image\" data-id=\"2f408f4\" data-element_type=\"widget\" data-e-type=\"widget\" data-widget_type=\"image.default\">\n\t\t\t\t<div class=\"elementor-widget-container\">\n\t\t\t\t\t\t\t\t\t\t\t\t\t\t\t<img decoding=\"async\" width=\"95\" height=\"95\" src=\"https:\/\/sobelconsult.com\/wp-content\/uploads\/2024\/07\/ci_double-quotes-l.svg\" class=\"attachment-full size-full wp-image-4024\" alt=\"quotation marks icon\" \/>\t\t\t\t\t\t\t\t\t\t\t\t\t\t\t<\/div>\n\t\t\t\t<\/div>\n\t\t\t\t<div class=\"elementor-element elementor-element-c784258 elementor-widget elementor-widget-heading\" data-id=\"c784258\" data-element_type=\"widget\" data-e-type=\"widget\" data-widget_type=\"heading.default\">\n\t\t\t\t<div class=\"elementor-widget-container\">\n\t\t\t\t\t<h2 class=\"elementor-heading-title elementor-size-default\">Maik Endler<\/h2>\t\t\t\t<\/div>\n\t\t\t\t<\/div>\n\t\t\t\t<div class=\"elementor-element elementor-element-40e82b0 elementor-widget elementor-widget-heading\" data-id=\"40e82b0\" data-element_type=\"widget\" data-e-type=\"widget\" data-widget_type=\"heading.default\">\n\t\t\t\t<div class=\"elementor-widget-container\">\n\t\t\t\t\t<h2 class=\"elementor-heading-title elementor-size-default\">CEO<\/h2>\t\t\t\t<\/div>\n\t\t\t\t<\/div>\n\t\t\t\t<\/div>\n\t\t<div class=\"elementor-element elementor-element-57082d2 e-con-full e-flex e-con e-child\" data-id=\"57082d2\" data-element_type=\"container\" data-e-type=\"container\">\n\t\t\t\t<div class=\"elementor-element elementor-element-b37cea3 elementor-widget elementor-widget-image\" data-id=\"b37cea3\" data-element_type=\"widget\" data-e-type=\"widget\" data-widget_type=\"image.default\">\n\t\t\t\t<div class=\"elementor-widget-container\">\n\t\t\t\t\t\t\t\t\t\t\t\t\t\t\t<img fetchpriority=\"high\" decoding=\"async\" width=\"489\" height=\"621\" src=\"https:\/\/sobelconsult.com\/wp-content\/uploads\/2024\/07\/image-16.jpg\" class=\"attachment-full size-full wp-image-4012\" alt=\"Maik Endler - CEO\" srcset=\"https:\/\/sobelconsult.com\/wp-content\/uploads\/2024\/07\/image-16.jpg 489w, https:\/\/sobelconsult.com\/wp-content\/uploads\/2024\/07\/image-16-236x300.jpg 236w\" sizes=\"(max-width: 489px) 100vw, 489px\" \/>\t\t\t\t\t\t\t\t\t\t\t\t\t\t\t<\/div>\n\t\t\t\t<\/div>\n\t\t\t\t<\/div>\n\t\t\t\t<\/div>\n\t\t\t\t\t<\/div>\n\t\t\t\t<\/div>\n\t\t<div class=\"elementor-element elementor-element-a7b7b59 e-flex e-con-boxed e-con e-parent\" data-id=\"a7b7b59\" data-element_type=\"container\" data-e-type=\"container\" data-settings=\"{&quot;background_background&quot;:&quot;classic&quot;}\">\n\t\t\t\t\t<div class=\"e-con-inner\">\n\t\t<div class=\"elementor-element elementor-element-6e0c3eb e-con-full e-flex e-con e-child\" data-id=\"6e0c3eb\" data-element_type=\"container\" data-e-type=\"container\">\n\t\t\t\t<div class=\"elementor-element elementor-element-757815b elementor-widget elementor-widget-image\" data-id=\"757815b\" data-element_type=\"widget\" data-e-type=\"widget\" data-widget_type=\"image.default\">\n\t\t\t\t<div class=\"elementor-widget-container\">\n\t\t\t\t\t\t\t\t\t\t\t\t\t\t\t<img decoding=\"async\" width=\"508\" height=\"657\" src=\"https:\/\/sobelconsult.com\/wp-content\/uploads\/2024\/07\/image-18.jpg\" class=\"attachment-full size-full wp-image-4030\" alt=\"Camila Reis - Global Operation &amp; Regulatory Manager\" srcset=\"https:\/\/sobelconsult.com\/wp-content\/uploads\/2024\/07\/image-18.jpg 508w, https:\/\/sobelconsult.com\/wp-content\/uploads\/2024\/07\/image-18-232x300.jpg 232w\" sizes=\"(max-width: 508px) 100vw, 508px\" \/>\t\t\t\t\t\t\t\t\t\t\t\t\t\t\t<\/div>\n\t\t\t\t<\/div>\n\t\t\t\t<\/div>\n\t\t<div class=\"elementor-element elementor-element-915bf31 e-con-full e-flex e-con e-child\" data-id=\"915bf31\" data-element_type=\"container\" data-e-type=\"container\" data-settings=\"{&quot;background_background&quot;:&quot;classic&quot;}\">\n\t\t\t\t<div class=\"elementor-element elementor-element-291892c elementor-widget elementor-widget-heading\" data-id=\"291892c\" data-element_type=\"widget\" data-e-type=\"widget\" data-widget_type=\"heading.default\">\n\t\t\t\t<div class=\"elementor-widget-container\">\n\t\t\t\t\t<h3 class=\"elementor-heading-title elementor-size-default\">Camila Reis<\/h3>\t\t\t\t<\/div>\n\t\t\t\t<\/div>\n\t\t\t\t<div class=\"elementor-element elementor-element-8ca3c68 elementor-widget__width-initial elementor-widget elementor-widget-heading\" data-id=\"8ca3c68\" data-element_type=\"widget\" data-e-type=\"widget\" data-widget_type=\"heading.default\">\n\t\t\t\t<div class=\"elementor-widget-container\">\n\t\t\t\t\t<h4 class=\"elementor-heading-title elementor-size-default\">Gerente global de opera\u00e7\u00f5es e regulamenta\u00e7\u00e3o Gerente de opera\u00e7\u00f5es<\/h4>\t\t\t\t<\/div>\n\t\t\t\t<\/div>\n\t\t\t\t<div class=\"elementor-element elementor-element-18db475 elementor-widget elementor-widget-text-editor\" data-id=\"18db475\" data-element_type=\"widget\" data-e-type=\"widget\" data-widget_type=\"text-editor.default\">\n\t\t\t\t<div class=\"elementor-widget-container\">\n\t\t\t\t\t\t\t\t\t<p>&#8220;Temos o compromisso de otimizar os fluxos de trabalho regulat\u00f3rios, reduzir os custos de conformidade e aumentar a efici\u00eancia operacional para o crescimento sustent\u00e1vel dos neg\u00f3cios.&#8221;<\/p>\t\t\t\t\t\t\t\t<\/div>\n\t\t\t\t<\/div>\n\t\t\t\t<\/div>\n\t\t\t\t<div class=\"elementor-element elementor-element-9ffc39c elementor-widget elementor-widget-image\" data-id=\"9ffc39c\" data-element_type=\"widget\" data-e-type=\"widget\" data-widget_type=\"image.default\">\n\t\t\t\t<div class=\"elementor-widget-container\">\n\t\t\t\t\t\t\t\t\t\t\t\t\t\t\t<img loading=\"lazy\" decoding=\"async\" width=\"133\" height=\"133\" src=\"https:\/\/sobelconsult.com\/wp-content\/uploads\/2024\/07\/ci_double-quotes-2.svg\" class=\"attachment-full size-full wp-image-4036\" alt=\"quotation marks icon\" \/>\t\t\t\t\t\t\t\t\t\t\t\t\t\t\t<\/div>\n\t\t\t\t<\/div>\n\t\t\t\t\t<\/div>\n\t\t\t\t<\/div>\n\t\t<div class=\"elementor-element elementor-element-9878781 e-flex e-con-boxed e-con e-parent\" data-id=\"9878781\" data-element_type=\"container\" data-e-type=\"container\" data-settings=\"{&quot;background_background&quot;:&quot;classic&quot;}\">\n\t\t\t\t\t<div class=\"e-con-inner\">\n\t\t<div class=\"elementor-element elementor-element-4516078 e-con-full e-flex e-con e-child\" data-id=\"4516078\" data-element_type=\"container\" data-e-type=\"container\">\n\t\t\t\t<div class=\"elementor-element elementor-element-c8364c2 elementor-widget elementor-widget-image\" data-id=\"c8364c2\" data-element_type=\"widget\" data-e-type=\"widget\" data-widget_type=\"image.default\">\n\t\t\t\t<div class=\"elementor-widget-container\">\n\t\t\t\t\t\t\t\t\t\t\t\t\t\t\t<img loading=\"lazy\" decoding=\"async\" width=\"508\" height=\"657\" src=\"https:\/\/sobelconsult.com\/wp-content\/uploads\/2025\/01\/Juliana-History.png\" class=\"attachment-full size-full wp-image-4540\" alt=\"Juliana\" srcset=\"https:\/\/sobelconsult.com\/wp-content\/uploads\/2025\/01\/Juliana-History.png 508w, https:\/\/sobelconsult.com\/wp-content\/uploads\/2025\/01\/Juliana-History-232x300.png 232w\" sizes=\"(max-width: 508px) 100vw, 508px\" \/>\t\t\t\t\t\t\t\t\t\t\t\t\t\t\t<\/div>\n\t\t\t\t<\/div>\n\t\t\t\t<\/div>\n\t\t<div class=\"elementor-element elementor-element-e29166d e-con-full e-flex e-con e-child\" data-id=\"e29166d\" data-element_type=\"container\" data-e-type=\"container\" data-settings=\"{&quot;background_background&quot;:&quot;classic&quot;}\">\n\t\t\t\t<div class=\"elementor-element elementor-element-357c023 elementor-widget elementor-widget-heading\" data-id=\"357c023\" data-element_type=\"widget\" data-e-type=\"widget\" data-widget_type=\"heading.default\">\n\t\t\t\t<div class=\"elementor-widget-container\">\n\t\t\t\t\t<h3 class=\"elementor-heading-title elementor-size-default\">Juliana Mangabeira<\/h3>\t\t\t\t<\/div>\n\t\t\t\t<\/div>\n\t\t\t\t<div class=\"elementor-element elementor-element-2385dfe elementor-widget__width-initial elementor-widget elementor-widget-heading\" data-id=\"2385dfe\" data-element_type=\"widget\" data-e-type=\"widget\" data-widget_type=\"heading.default\">\n\t\t\t\t<div class=\"elementor-widget-container\">\n\t\t\t\t\t<h4 class=\"elementor-heading-title elementor-size-default\">Coordenador de vendas<\/h4>\t\t\t\t<\/div>\n\t\t\t\t<\/div>\n\t\t\t\t<div class=\"elementor-element elementor-element-7d3ca8d elementor-widget elementor-widget-text-editor\" data-id=\"7d3ca8d\" data-element_type=\"widget\" data-e-type=\"widget\" data-widget_type=\"text-editor.default\">\n\t\t\t\t<div class=\"elementor-widget-container\">\n\t\t\t\t\t\t\t\t\t<p>&#8220;N\u00e3o somos apenas consultores. Somos parceiros estrat\u00e9gicos comprometidos com a sua conformidade regulamentar e com o sucesso comercial de longo prazo.&#8221;<\/p>\t\t\t\t\t\t\t\t<\/div>\n\t\t\t\t<\/div>\n\t\t\t\t<\/div>\n\t\t\t\t<div class=\"elementor-element elementor-element-3909bcc elementor-widget elementor-widget-image\" data-id=\"3909bcc\" data-element_type=\"widget\" data-e-type=\"widget\" data-widget_type=\"image.default\">\n\t\t\t\t<div class=\"elementor-widget-container\">\n\t\t\t\t\t\t\t\t\t\t\t\t\t\t\t<img loading=\"lazy\" decoding=\"async\" width=\"133\" height=\"133\" src=\"https:\/\/sobelconsult.com\/wp-content\/uploads\/2024\/07\/ci_double-quotes-2.svg\" class=\"attachment-full size-full wp-image-4036\" alt=\"quotation marks icon\" \/>\t\t\t\t\t\t\t\t\t\t\t\t\t\t\t<\/div>\n\t\t\t\t<\/div>\n\t\t\t\t\t<\/div>\n\t\t\t\t<\/div>\n\t\t\t\t<\/div>\n\t\t","protected":false},"excerpt":{"rendered":"<p>Descubra a Sobel Consultancy. Nossa equipe dedicada simplifica a conformidade regulamentar com insights estrat\u00e9gicos e inova\u00e7\u00e3o. Saiba mais sobre n\u00f3s hoje mesmo.  <\/p>\n","protected":false},"author":11,"featured_media":7087,"parent":0,"menu_order":0,"comment_status":"closed","ping_status":"closed","template":"","meta":{"footnotes":""},"class_list":["post-5025","page","type-page","status-publish","has-post-thumbnail","hentry"],"yoast_head":"<!-- This site is optimized with the Yoast SEO Premium plugin v26.3 (Yoast SEO v26.8) - https:\/\/yoast.com\/product\/yoast-seo-premium-wordpress\/ -->\n<title>Sobre a Sobel | Especialistas em conformidade normativa<\/title>\n<meta name=\"description\" content=\"Descubra a Sobel Consultancy. Nossa equipe dedicada simplifica a conformidade regulamentar com insights estrat\u00e9gicos e inova\u00e7\u00e3o. Saiba mais sobre n\u00f3s!\" \/>\n<meta name=\"robots\" content=\"index, follow, max-snippet:-1, max-image-preview:large, max-video-preview:-1\" \/>\n<link rel=\"canonical\" href=\"https:\/\/sobelconsult.com\/pt-br\/about-us\/\" \/>\n<meta property=\"og:locale\" content=\"pt_BR\" \/>\n<meta property=\"og:type\" content=\"article\" \/>\n<meta property=\"og:title\" content=\"Sobre n\u00f3s\" \/>\n<meta property=\"og:description\" content=\"Descubra a Sobel Consultancy. Nossa equipe dedicada simplifica a conformidade regulamentar com insights estrat\u00e9gicos e inova\u00e7\u00e3o. Saiba mais sobre n\u00f3s!\" \/>\n<meta property=\"og:url\" content=\"https:\/\/sobelconsult.com\/pt-br\/about-us\/\" \/>\n<meta property=\"og:site_name\" content=\"Sobel\" \/>\n<meta property=\"article:modified_time\" content=\"2026-03-31T19:32:13+00:00\" \/>\n<meta property=\"og:image\" content=\"https:\/\/sobelconsult.com\/wp-content\/uploads\/2025\/04\/Sobel-official-logo.webp\" \/>\n\t<meta property=\"og:image:width\" content=\"1000\" \/>\n\t<meta property=\"og:image:height\" content=\"657\" \/>\n\t<meta property=\"og:image:type\" content=\"image\/webp\" \/>\n<meta name=\"twitter:card\" content=\"summary_large_image\" \/>\n<meta name=\"twitter:label1\" content=\"Est. tempo de leitura\" \/>\n\t<meta name=\"twitter:data1\" content=\"1 minuto\" \/>\n<script type=\"application\/ld+json\" class=\"yoast-schema-graph\">{\"@context\":\"https:\/\/schema.org\",\"@graph\":[{\"@type\":\"WebPage\",\"@id\":\"https:\/\/sobelconsult.com\/pt-br\/about-us\/\",\"url\":\"https:\/\/sobelconsult.com\/pt-br\/about-us\/\",\"name\":\"Sobre a Sobel | Especialistas em conformidade normativa\",\"isPartOf\":{\"@id\":\"https:\/\/sobelconsult.com\/pt-br\/#website\"},\"primaryImageOfPage\":{\"@id\":\"https:\/\/sobelconsult.com\/pt-br\/about-us\/#primaryimage\"},\"image\":{\"@id\":\"https:\/\/sobelconsult.com\/pt-br\/about-us\/#primaryimage\"},\"thumbnailUrl\":\"https:\/\/sobelconsult.com\/wp-content\/uploads\/2025\/04\/Sobel-official-logo.webp\",\"datePublished\":\"2025-06-01T13:00:00+00:00\",\"dateModified\":\"2026-03-31T19:32:13+00:00\",\"description\":\"Descubra a Sobel Consultancy. Nossa equipe dedicada simplifica a conformidade regulamentar com insights estrat\u00e9gicos e inova\u00e7\u00e3o. Saiba mais sobre n\u00f3s!\",\"breadcrumb\":{\"@id\":\"https:\/\/sobelconsult.com\/pt-br\/about-us\/#breadcrumb\"},\"inLanguage\":\"pt-BR\",\"potentialAction\":[{\"@type\":\"ReadAction\",\"target\":[\"https:\/\/sobelconsult.com\/pt-br\/about-us\/\"]}]},{\"@type\":\"ImageObject\",\"inLanguage\":\"pt-BR\",\"@id\":\"https:\/\/sobelconsult.com\/pt-br\/about-us\/#primaryimage\",\"url\":\"https:\/\/sobelconsult.com\/wp-content\/uploads\/2025\/04\/Sobel-official-logo.webp\",\"contentUrl\":\"https:\/\/sobelconsult.com\/wp-content\/uploads\/2025\/04\/Sobel-official-logo.webp\",\"width\":1000,\"height\":657,\"caption\":\"Sobel official logo\"},{\"@type\":\"BreadcrumbList\",\"@id\":\"https:\/\/sobelconsult.com\/pt-br\/about-us\/#breadcrumb\",\"itemListElement\":[{\"@type\":\"ListItem\",\"position\":1,\"name\":\"Home\",\"item\":\"https:\/\/sobelconsult.com\/pt-br\/home\/\"},{\"@type\":\"ListItem\",\"position\":2,\"name\":\"Sobre n\u00f3s\"}]},{\"@type\":\"WebSite\",\"@id\":\"https:\/\/sobelconsult.com\/pt-br\/#website\",\"url\":\"https:\/\/sobelconsult.com\/pt-br\/\",\"name\":\"Sobel\",\"description\":\"Regulatory Consultancy\",\"publisher\":{\"@id\":\"https:\/\/sobelconsult.com\/pt-br\/#organization\"},\"potentialAction\":[{\"@type\":\"SearchAction\",\"target\":{\"@type\":\"EntryPoint\",\"urlTemplate\":\"https:\/\/sobelconsult.com\/pt-br\/?s={search_term_string}\"},\"query-input\":{\"@type\":\"PropertyValueSpecification\",\"valueRequired\":true,\"valueName\":\"search_term_string\"}}],\"inLanguage\":\"pt-BR\"},{\"@type\":\"Organization\",\"@id\":\"https:\/\/sobelconsult.com\/pt-br\/#organization\",\"name\":\"Sobel\",\"url\":\"https:\/\/sobelconsult.com\/pt-br\/\",\"logo\":{\"@type\":\"ImageObject\",\"inLanguage\":\"pt-BR\",\"@id\":\"https:\/\/sobelconsult.com\/pt-br\/#\/schema\/logo\/image\/\",\"url\":\"https:\/\/sobelconsult.com\/wp-content\/uploads\/2024\/07\/Logo-Oficial-Website-White.png\",\"contentUrl\":\"https:\/\/sobelconsult.com\/wp-content\/uploads\/2024\/07\/Logo-Oficial-Website-White.png\",\"width\":741,\"height\":290,\"caption\":\"Sobel\"},\"image\":{\"@id\":\"https:\/\/sobelconsult.com\/pt-br\/#\/schema\/logo\/image\/\"}}]}<\/script>\n<!-- \/ Yoast SEO Premium plugin. -->","yoast_head_json":{"title":"Sobre a Sobel | Especialistas em conformidade normativa","description":"Descubra a Sobel Consultancy. Nossa equipe dedicada simplifica a conformidade regulamentar com insights estrat\u00e9gicos e inova\u00e7\u00e3o. Saiba mais sobre n\u00f3s!","robots":{"index":"index","follow":"follow","max-snippet":"max-snippet:-1","max-image-preview":"max-image-preview:large","max-video-preview":"max-video-preview:-1"},"canonical":"https:\/\/sobelconsult.com\/pt-br\/about-us\/","og_locale":"pt_BR","og_type":"article","og_title":"Sobre n\u00f3s","og_description":"Descubra a Sobel Consultancy. Nossa equipe dedicada simplifica a conformidade regulamentar com insights estrat\u00e9gicos e inova\u00e7\u00e3o. Saiba mais sobre n\u00f3s!","og_url":"https:\/\/sobelconsult.com\/pt-br\/about-us\/","og_site_name":"Sobel","article_modified_time":"2026-03-31T19:32:13+00:00","og_image":[{"width":1000,"height":657,"url":"https:\/\/sobelconsult.com\/wp-content\/uploads\/2025\/04\/Sobel-official-logo.webp","type":"image\/webp"}],"twitter_card":"summary_large_image","twitter_misc":{"Est. tempo de leitura":"1 minuto"},"schema":{"@context":"https:\/\/schema.org","@graph":[{"@type":"WebPage","@id":"https:\/\/sobelconsult.com\/pt-br\/about-us\/","url":"https:\/\/sobelconsult.com\/pt-br\/about-us\/","name":"Sobre a Sobel | Especialistas em conformidade normativa","isPartOf":{"@id":"https:\/\/sobelconsult.com\/pt-br\/#website"},"primaryImageOfPage":{"@id":"https:\/\/sobelconsult.com\/pt-br\/about-us\/#primaryimage"},"image":{"@id":"https:\/\/sobelconsult.com\/pt-br\/about-us\/#primaryimage"},"thumbnailUrl":"https:\/\/sobelconsult.com\/wp-content\/uploads\/2025\/04\/Sobel-official-logo.webp","datePublished":"2025-06-01T13:00:00+00:00","dateModified":"2026-03-31T19:32:13+00:00","description":"Descubra a Sobel Consultancy. Nossa equipe dedicada simplifica a conformidade regulamentar com insights estrat\u00e9gicos e inova\u00e7\u00e3o. Saiba mais sobre n\u00f3s!","breadcrumb":{"@id":"https:\/\/sobelconsult.com\/pt-br\/about-us\/#breadcrumb"},"inLanguage":"pt-BR","potentialAction":[{"@type":"ReadAction","target":["https:\/\/sobelconsult.com\/pt-br\/about-us\/"]}]},{"@type":"ImageObject","inLanguage":"pt-BR","@id":"https:\/\/sobelconsult.com\/pt-br\/about-us\/#primaryimage","url":"https:\/\/sobelconsult.com\/wp-content\/uploads\/2025\/04\/Sobel-official-logo.webp","contentUrl":"https:\/\/sobelconsult.com\/wp-content\/uploads\/2025\/04\/Sobel-official-logo.webp","width":1000,"height":657,"caption":"Sobel official logo"},{"@type":"BreadcrumbList","@id":"https:\/\/sobelconsult.com\/pt-br\/about-us\/#breadcrumb","itemListElement":[{"@type":"ListItem","position":1,"name":"Home","item":"https:\/\/sobelconsult.com\/pt-br\/home\/"},{"@type":"ListItem","position":2,"name":"Sobre n\u00f3s"}]},{"@type":"WebSite","@id":"https:\/\/sobelconsult.com\/pt-br\/#website","url":"https:\/\/sobelconsult.com\/pt-br\/","name":"Sobel","description":"Regulatory Consultancy","publisher":{"@id":"https:\/\/sobelconsult.com\/pt-br\/#organization"},"potentialAction":[{"@type":"SearchAction","target":{"@type":"EntryPoint","urlTemplate":"https:\/\/sobelconsult.com\/pt-br\/?s={search_term_string}"},"query-input":{"@type":"PropertyValueSpecification","valueRequired":true,"valueName":"search_term_string"}}],"inLanguage":"pt-BR"},{"@type":"Organization","@id":"https:\/\/sobelconsult.com\/pt-br\/#organization","name":"Sobel","url":"https:\/\/sobelconsult.com\/pt-br\/","logo":{"@type":"ImageObject","inLanguage":"pt-BR","@id":"https:\/\/sobelconsult.com\/pt-br\/#\/schema\/logo\/image\/","url":"https:\/\/sobelconsult.com\/wp-content\/uploads\/2024\/07\/Logo-Oficial-Website-White.png","contentUrl":"https:\/\/sobelconsult.com\/wp-content\/uploads\/2024\/07\/Logo-Oficial-Website-White.png","width":741,"height":290,"caption":"Sobel"},"image":{"@id":"https:\/\/sobelconsult.com\/pt-br\/#\/schema\/logo\/image\/"}}]}},"_links":{"self":[{"href":"https:\/\/sobelconsult.com\/pt-br\/wp-json\/wp\/v2\/pages\/5025","targetHints":{"allow":["GET"]}}],"collection":[{"href":"https:\/\/sobelconsult.com\/pt-br\/wp-json\/wp\/v2\/pages"}],"about":[{"href":"https:\/\/sobelconsult.com\/pt-br\/wp-json\/wp\/v2\/types\/page"}],"author":[{"embeddable":true,"href":"https:\/\/sobelconsult.com\/pt-br\/wp-json\/wp\/v2\/users\/11"}],"replies":[{"embeddable":true,"href":"https:\/\/sobelconsult.com\/pt-br\/wp-json\/wp\/v2\/comments?post=5025"}],"version-history":[{"count":2,"href":"https:\/\/sobelconsult.com\/pt-br\/wp-json\/wp\/v2\/pages\/5025\/revisions"}],"predecessor-version":[{"id":33800,"href":"https:\/\/sobelconsult.com\/pt-br\/wp-json\/wp\/v2\/pages\/5025\/revisions\/33800"}],"wp:featuredmedia":[{"embeddable":true,"href":"https:\/\/sobelconsult.com\/pt-br\/wp-json\/wp\/v2\/media\/7087"}],"wp:attachment":[{"href":"https:\/\/sobelconsult.com\/pt-br\/wp-json\/wp\/v2\/media?parent=5025"}],"curies":[{"name":"wp","href":"https:\/\/api.w.org\/{rel}","templated":true}]}}