{"id":5565,"date":"2025-06-01T10:00:00","date_gmt":"2025-06-01T13:00:00","guid":{"rendered":"https:\/\/sobelconsult.com\/politica-de-privacidade\/"},"modified":"2025-06-01T13:00:00","modified_gmt":"2025-06-01T13:00:00","slug":"politica-de-privacidade","status":"publish","type":"page","link":"https:\/\/sobelconsult.com\/pt-br\/politica-de-privacidade\/","title":{"rendered":"Pol\u00edtica de privacidade"},"content":{"rendered":"\t\t<div data-elementor-type=\"wp-page\" data-elementor-id=\"5565\" class=\"elementor elementor-5565 elementor-1539\" data-elementor-post-type=\"page\">\n\t\t\t\t<div class=\"elementor-element elementor-element-0c3007a e-flex e-con-boxed e-con e-parent\" data-id=\"0c3007a\" data-element_type=\"container\" data-e-type=\"container\" data-settings=\"{&quot;background_background&quot;:&quot;classic&quot;}\">\n\t\t\t\t\t<div class=\"e-con-inner\">\n\t\t\t\t<div class=\"elementor-element elementor-element-c30023b elementor-widget elementor-widget-heading\" data-id=\"c30023b\" data-element_type=\"widget\" data-e-type=\"widget\" data-widget_type=\"heading.default\">\n\t\t\t\t<div class=\"elementor-widget-container\">\n\t\t\t\t\t<h1 class=\"elementor-heading-title elementor-size-default\">Pol\u00edtica de privacidade<\/h1>\t\t\t\t<\/div>\n\t\t\t\t<\/div>\n\t\t\t\t\t<\/div>\n\t\t\t\t<\/div>\n\t\t<div class=\"elementor-element elementor-element-ce54af8 e-flex e-con-boxed e-con e-parent\" data-id=\"ce54af8\" data-element_type=\"container\" data-e-type=\"container\">\n\t\t\t\t\t<div class=\"e-con-inner\">\n\t\t\t\t<div class=\"elementor-element elementor-element-6f30133 elementor-icon-list--layout-inline elementor-widget__width-auto elementor-list-item-link-full_width elementor-widget elementor-widget-icon-list\" data-id=\"6f30133\" data-element_type=\"widget\" data-e-type=\"widget\" data-widget_type=\"icon-list.default\">\n\t\t\t\t<div class=\"elementor-widget-container\">\n\t\t\t\t\t\t\t<ul class=\"elementor-icon-list-items elementor-inline-items\">\n\t\t\t\t\t\t\t<li class=\"elementor-icon-list-item elementor-inline-item\">\n\t\t\t\t\t\t\t\t\t\t\t<a href=\"https:\/\/sobelconsult.com\/pt-br\/\">\n\n\t\t\t\t\t\t\t\t\t\t\t\t<span class=\"elementor-icon-list-icon\">\n\t\t\t\t\t\t\t<svg aria-hidden=\"true\" class=\"e-font-icon-svg e-fas-dot-circle\" viewBox=\"0 0 512 512\" xmlns=\"http:\/\/www.w3.org\/2000\/svg\"><path d=\"M256 8C119.033 8 8 119.033 8 256s111.033 248 248 248 248-111.033 248-248S392.967 8 256 8zm80 248c0 44.112-35.888 80-80 80s-80-35.888-80-80 35.888-80 80-80 80 35.888 80 80z\"><\/path><\/svg>\t\t\t\t\t\t<\/span>\n\t\t\t\t\t\t\t\t\t\t<span class=\"elementor-icon-list-text\">In\u00edcio<\/span>\n\t\t\t\t\t\t\t\t\t\t\t<\/a>\n\t\t\t\t\t\t\t\t\t<\/li>\n\t\t\t\t\t\t\t\t<li class=\"elementor-icon-list-item elementor-inline-item\">\n\t\t\t\t\t\t\t\t\t\t\t<a href=\"https:\/\/sobelconsult.com\/pt-br\/politica-de-privacidade\/\">\n\n\t\t\t\t\t\t\t\t\t\t\t\t<span class=\"elementor-icon-list-icon\">\n\t\t\t\t\t\t\t<svg aria-hidden=\"true\" class=\"e-font-icon-svg e-fas-dot-circle\" viewBox=\"0 0 512 512\" xmlns=\"http:\/\/www.w3.org\/2000\/svg\"><path d=\"M256 8C119.033 8 8 119.033 8 256s111.033 248 248 248 248-111.033 248-248S392.967 8 256 8zm80 248c0 44.112-35.888 80-80 80s-80-35.888-80-80 35.888-80 80-80 80 35.888 80 80z\"><\/path><\/svg>\t\t\t\t\t\t<\/span>\n\t\t\t\t\t\t\t\t\t\t<span class=\"elementor-icon-list-text\">Pol\u00edtica de privacidade<\/span>\n\t\t\t\t\t\t\t\t\t\t\t<\/a>\n\t\t\t\t\t\t\t\t\t<\/li>\n\t\t\t\t\t\t<\/ul>\n\t\t\t\t\t\t<\/div>\n\t\t\t\t<\/div>\n\t\t\t\t<div class=\"elementor-element elementor-element-59b60bc elementor-widget elementor-widget-heading\" data-id=\"59b60bc\" data-element_type=\"widget\" data-e-type=\"widget\" data-widget_type=\"heading.default\">\n\t\t\t\t<div class=\"elementor-widget-container\">\n\t\t\t\t\t<h2 class=\"elementor-heading-title elementor-size-default\">Pol\u00edtica de privacidade<\/h2>\t\t\t\t<\/div>\n\t\t\t\t<\/div>\n\t\t\t\t<div class=\"elementor-element elementor-element-75e531c elementor-widget elementor-widget-text-editor\" data-id=\"75e531c\" data-element_type=\"widget\" data-e-type=\"widget\" data-widget_type=\"text-editor.default\">\n\t\t\t\t<div class=\"elementor-widget-container\">\n\t\t\t\t\t\t\t\t\t<p> <\/p><hr><h4><strong>Pol\u00edtica de cookies<\/strong><\/h4><p><strong>Data de vig\u00eancia:<\/strong> 2 de fevereiro de 2025<\/p><p>A Sobel Consult (&#8220;n\u00f3s&#8221;, &#8220;nosso&#8221; ou &#8220;nos&#8221;) usa cookies e tecnologias semelhantes para aprimorar sua experi\u00eancia em nosso site, prestar servi\u00e7os relevantes e melhorar a funcionalidade. Esta Pol\u00edtica de cookies explica o que s\u00e3o cookies, como os usamos e como voc\u00ea pode gerenciar suas prefer\u00eancias. <\/p><p> <\/p><p><strong>1. O que s\u00e3o cookies?<\/strong><\/p><p>Cookies s\u00e3o pequenos arquivos de texto armazenados no seu dispositivo (computador, tablet ou smartphone) quando voc\u00ea visita um site. Eles permitem que o site reconhe\u00e7a seu dispositivo e armazene determinadas informa\u00e7\u00f5es sobre suas prefer\u00eancias ou a\u00e7\u00f5es anteriores. <\/p><p> <\/p><p><strong>2. Tipos de cookies que usamos<\/strong><\/p><p>Usamos os seguintes tipos de cookies em nosso site:<\/p><p><strong>2.1 Cookies necess\u00e1rios:<\/strong><\/p><ul><li>Esses cookies s\u00e3o essenciais para que o site funcione corretamente. Eles permitem recursos b\u00e1sicos, como navega\u00e7\u00e3o na p\u00e1gina e acesso a \u00e1reas seguras. <\/li><\/ul><p><strong>2.2 Cookies de desempenho:<\/strong><\/p><ul><li>Esses cookies coletam informa\u00e7\u00f5es sobre como os visitantes usam nosso site, como, por exemplo, quais p\u00e1ginas s\u00e3o visitadas com mais frequ\u00eancia. Isso nos ajuda a melhorar o desempenho do site. <\/li><\/ul><p><strong>2.3 Cookies funcionais:<\/strong><\/p><ul><li>Esses cookies permitem que o site se lembre das escolhas que voc\u00ea faz (por exemplo, idioma ou regi\u00e3o) para fornecer recursos aprimorados e personalizados.<\/li><\/ul><p><strong>2.4 Cookies de segmenta\u00e7\u00e3o\/propaganda:<\/strong><\/p><ul><li>Esses cookies s\u00e3o usados para fornecer an\u00fancios relevantes a voc\u00ea. Eles tamb\u00e9m podem limitar o n\u00famero de vezes que voc\u00ea v\u00ea um an\u00fancio e nos ajudar a medir a efic\u00e1cia de nossas campanhas de marketing. <\/li><\/ul><p><strong>2.5 Cookies de terceiros:<\/strong><\/p><ul><li>Podemos permitir que prestadores de servi\u00e7os terceirizados coloquem cookies em seu dispositivo para fins de an\u00e1lise, publicidade ou outros.<\/li><\/ul><p><strong>3. Como usamos cookies<\/strong><\/p><p>Usamos cookies para:<\/p><ul><li>Lembre-se de suas prefer\u00eancias e configura\u00e7\u00f5es.<\/li><li>Analisar o uso do site e melhorar o desempenho.<\/li><li>Forne\u00e7a conte\u00fado e an\u00fancios direcionados.<\/li><li>Fornecer acesso seguro aos nossos servi\u00e7os.<\/li><\/ul><p> <\/p><p><strong>4. Gerenciando suas prefer\u00eancias de cookies<\/strong><\/p><p>Voc\u00ea pode gerenciar suas prefer\u00eancias de cookies por meio dos seguintes m\u00e9todos:<\/p><p><strong>4.1 Configura\u00e7\u00f5es do navegador:<\/strong><\/p><ul><li>A maioria dos navegadores da Web permite que voc\u00ea controle os cookies por meio de suas configura\u00e7\u00f5es. Voc\u00ea pode bloquear ou excluir cookies, mas isso pode afetar sua capacidade de usar determinados recursos do nosso site. <\/li><\/ul><p><strong>4.2 Cookie Banner:<\/strong><\/p><ul><li>Ao visitar nosso site pela primeira vez, voc\u00ea ver\u00e1 um banner de cookie que permite aceitar ou gerenciar suas prefer\u00eancias de cookie. Voc\u00ea pode alterar essas prefer\u00eancias a qualquer momento. <\/li><\/ul><p><strong>4.3 Ferramentas de desativa\u00e7\u00e3o:<\/strong><\/p><ul><li>Para alguns cookies, como os de publicidade, voc\u00ea pode usar ferramentas de desativa\u00e7\u00e3o do setor, como a <a title=\"https:\/\/www.networkadvertising.org\/\" href=\"https:\/\/www.networkadvertising.org\/\" target=\"_blank\" rel=\"noopener\">Network Advertising Initiative<\/a> ou <a title=\"https:\/\/www.youronlinechoices.eu\/\" href=\"https:\/\/www.youronlinechoices.eu\/\" target=\"_blank\" rel=\"noopener\">Your Online Choices<\/a>.<\/li><\/ul><p><strong>5. Servi\u00e7os de terceiros<\/strong><\/p><p>Nosso site pode incluir cookies de servi\u00e7os de terceiros, como ferramentas de an\u00e1lise (por exemplo, Google Analytics) ou plataformas de m\u00eddia social. Esses terceiros t\u00eam suas pr\u00f3prias pol\u00edticas de privacidade, e recomendamos que voc\u00ea as examine para obter mais informa\u00e7\u00f5es. <\/p><p> <\/p><p><strong>6. Altera\u00e7\u00f5es a esta pol\u00edtica de cookies<\/strong><\/p><p>Podemos atualizar esta Pol\u00edtica de Cookies de tempos em tempos para refletir altera\u00e7\u00f5es em nosso uso de cookies ou nas leis aplic\u00e1veis. A vers\u00e3o atualizada ser\u00e1 publicada em nosso site com a &#8220;Data de vig\u00eancia&#8221; na parte superior. Consulte esta p\u00e1gina periodicamente para verificar se h\u00e1 atualiza\u00e7\u00f5es.  <\/p><p> <\/p><p><strong>7. Entre em contato conosco<\/strong><\/p><p>Se voc\u00ea tiver alguma d\u00favida ou preocupa\u00e7\u00e3o sobre esta Pol\u00edtica de Cookies, entre em contato conosco pelo e-mail<\/p><p><a href=\"mailto:privacy@sobelconsult.com\" target=\"_blank\" rel=\"noopener\">privacy@sobelconsult.com<\/a><\/p><p> <\/p><p>Ao usar nosso site, voc\u00ea concorda com o uso de cookies conforme descrito nesta Pol\u00edtica de Cookies.<\/p>\t\t\t\t\t\t\t\t<\/div>\n\t\t\t\t<\/div>\n\t\t\t\t\t<\/div>\n\t\t\t\t<\/div>\n\t\t<div class=\"elementor-element elementor-element-ff36522 e-flex e-con-boxed e-con e-parent\" data-id=\"ff36522\" data-element_type=\"container\" data-e-type=\"container\">\n\t\t\t\t\t<div class=\"e-con-inner\">\n\t\t<div class=\"elementor-element elementor-element-ce0bdbe e-flex e-con-boxed e-con e-child\" data-id=\"ce0bdbe\" data-element_type=\"container\" data-e-type=\"container\" data-settings=\"{&quot;background_background&quot;:&quot;classic&quot;}\">\n\t\t\t\t\t<div class=\"e-con-inner\">\n\t\t\t\t<div class=\"elementor-element elementor-element-59ab56d elementor-widget elementor-widget-heading\" data-id=\"59ab56d\" data-element_type=\"widget\" data-e-type=\"widget\" data-widget_type=\"heading.default\">\n\t\t\t\t<div class=\"elementor-widget-container\">\n\t\t\t\t\t<h2 class=\"elementor-heading-title elementor-size-default\">Voc\u00ea precisa de mais assist\u00eancia?<\/h2>\t\t\t\t<\/div>\n\t\t\t\t<\/div>\n\t\t\t\t<div class=\"elementor-element elementor-element-fe1634d elementor-widget elementor-widget-text-editor\" data-id=\"fe1634d\" data-element_type=\"widget\" data-e-type=\"widget\" data-widget_type=\"text-editor.default\">\n\t\t\t\t<div class=\"elementor-widget-container\">\n\t\t\t\t\t\t\t\t\t<p>Nossa equipe de suporte est\u00e1 aqui para ajudar. Voc\u00ea tem d\u00favidas ou precisa de orienta\u00e7\u00e3o? Estamos a apenas um clique de voc\u00ea. Entre em contato conosco para obter assist\u00eancia imediata.   <\/p>\t\t\t\t\t\t\t\t<\/div>\n\t\t\t\t<\/div>\n\t\t\t\t<div class=\"elementor-element elementor-element-bf0cba3 elementor-align-center elementor-widget elementor-widget-button\" data-id=\"bf0cba3\" data-element_type=\"widget\" data-e-type=\"widget\" data-widget_type=\"button.default\">\n\t\t\t\t<div class=\"elementor-widget-container\">\n\t\t\t\t\t\t\t\t\t<div class=\"elementor-button-wrapper\">\n\t\t\t\t\t<a class=\"elementor-button elementor-button-link elementor-size-sm\" href=\"#elementor-action%3Aaction%3Dpopup%3Aopen%26settings%3DeyJpZCI6NDk5NSwidG9nZ2xlIjpmYWxzZX0%3D\">\n\t\t\t\t\t\t<span class=\"elementor-button-content-wrapper\">\n\t\t\t\t\t\t<span class=\"elementor-button-icon\">\n\t\t\t\t<svg aria-hidden=\"true\" class=\"e-font-icon-svg e-fas-arrow-right\" viewBox=\"0 0 448 512\" xmlns=\"http:\/\/www.w3.org\/2000\/svg\"><path d=\"M190.5 66.9l22.2-22.2c9.4-9.4 24.6-9.4 33.9 0L441 239c9.4 9.4 9.4 24.6 0 33.9L246.6 467.3c-9.4 9.4-24.6 9.4-33.9 0l-22.2-22.2c-9.5-9.5-9.3-25 .4-34.3L311.4 296H24c-13.3 0-24-10.7-24-24v-32c0-13.3 10.7-24 24-24h287.4L190.9 101.2c-9.8-9.3-10-24.8-.4-34.3z\"><\/path><\/svg>\t\t\t<\/span>\n\t\t\t\t\t\t\t\t\t<span class=\"elementor-button-text\">Entre em contato conosco<\/span>\n\t\t\t\t\t<\/span>\n\t\t\t\t\t<\/a>\n\t\t\t\t<\/div>\n\t\t\t\t\t\t\t\t<\/div>\n\t\t\t\t<\/div>\n\t\t\t\t\t<\/div>\n\t\t\t\t<\/div>\n\t\t\t\t\t<\/div>\n\t\t\t\t<\/div>\n\t\t\t\t<\/div>\n\t\t","protected":false},"excerpt":{"rendered":"<p>In\u00edcio Pol\u00edtica de cookies Data de vig\u00eancia: 2 de fevereiro de 2025 A Sobel Consult (&#8220;n\u00f3s&#8221;, &#8220;nosso&#8221; ou &#8220;nos&#8221;) usa cookies e tecnologias semelhantes para aprimorar sua experi\u00eancia em nosso site, prestar servi\u00e7os relevantes e melhorar a funcionalidade. Esta Pol\u00edtica de cookies explica o que s\u00e3o cookies, como os usamos e como voc\u00ea pode gerenciar [&hellip;]<\/p>\n","protected":false},"author":11,"featured_media":0,"parent":0,"menu_order":0,"comment_status":"closed","ping_status":"closed","template":"","meta":{"footnotes":""},"class_list":["post-5565","page","type-page","status-publish","hentry"],"yoast_head":"<!-- This site is optimized with the Yoast SEO Premium plugin v26.3 (Yoast SEO v26.8) - https:\/\/yoast.com\/product\/yoast-seo-premium-wordpress\/ -->\n<title>Pol\u00edtica de privacidade - Sobel<\/title>\n<meta name=\"robots\" content=\"index, follow, max-snippet:-1, max-image-preview:large, max-video-preview:-1\" \/>\n<link rel=\"canonical\" href=\"https:\/\/sobelconsult.com\/pt-br\/politica-de-privacidade\/\" \/>\n<meta property=\"og:locale\" content=\"pt_BR\" \/>\n<meta property=\"og:type\" content=\"article\" \/>\n<meta property=\"og:title\" content=\"Pol\u00edtica de privacidade\" \/>\n<meta property=\"og:description\" content=\"In\u00edcio Pol\u00edtica de cookies Data de vig\u00eancia: 2 de fevereiro de 2025 A Sobel Consult (&#8220;n\u00f3s&#8221;, &#8220;nosso&#8221; ou &#8220;nos&#8221;) usa cookies e tecnologias semelhantes para aprimorar sua experi\u00eancia em nosso site, prestar servi\u00e7os relevantes e melhorar a funcionalidade. Esta Pol\u00edtica de cookies explica o que s\u00e3o cookies, como os usamos e como voc\u00ea pode gerenciar [&hellip;]\" \/>\n<meta property=\"og:url\" content=\"https:\/\/sobelconsult.com\/pt-br\/politica-de-privacidade\/\" \/>\n<meta property=\"og:site_name\" content=\"Sobel\" \/>\n<meta name=\"twitter:card\" content=\"summary_large_image\" \/>\n<meta name=\"twitter:label1\" content=\"Est. tempo de leitura\" \/>\n\t<meta name=\"twitter:data1\" content=\"3 minutos\" \/>\n<script type=\"application\/ld+json\" class=\"yoast-schema-graph\">{\"@context\":\"https:\/\/schema.org\",\"@graph\":[{\"@type\":\"WebPage\",\"@id\":\"https:\/\/sobelconsult.com\/pt-br\/politica-de-privacidade\/\",\"url\":\"https:\/\/sobelconsult.com\/pt-br\/politica-de-privacidade\/\",\"name\":\"Pol\u00edtica de privacidade - Sobel\",\"isPartOf\":{\"@id\":\"https:\/\/sobelconsult.com\/pt-br\/#website\"},\"datePublished\":\"2025-06-01T13:00:00+00:00\",\"breadcrumb\":{\"@id\":\"https:\/\/sobelconsult.com\/pt-br\/politica-de-privacidade\/#breadcrumb\"},\"inLanguage\":\"pt-BR\",\"potentialAction\":[{\"@type\":\"ReadAction\",\"target\":[\"https:\/\/sobelconsult.com\/pt-br\/politica-de-privacidade\/\"]}]},{\"@type\":\"BreadcrumbList\",\"@id\":\"https:\/\/sobelconsult.com\/pt-br\/politica-de-privacidade\/#breadcrumb\",\"itemListElement\":[{\"@type\":\"ListItem\",\"position\":1,\"name\":\"Home\",\"item\":\"https:\/\/sobelconsult.com\/pt-br\/home\/\"},{\"@type\":\"ListItem\",\"position\":2,\"name\":\"Pol\u00edtica de privacidade\"}]},{\"@type\":\"WebSite\",\"@id\":\"https:\/\/sobelconsult.com\/pt-br\/#website\",\"url\":\"https:\/\/sobelconsult.com\/pt-br\/\",\"name\":\"Sobel\",\"description\":\"Regulatory Consultancy\",\"publisher\":{\"@id\":\"https:\/\/sobelconsult.com\/pt-br\/#organization\"},\"potentialAction\":[{\"@type\":\"SearchAction\",\"target\":{\"@type\":\"EntryPoint\",\"urlTemplate\":\"https:\/\/sobelconsult.com\/pt-br\/?s={search_term_string}\"},\"query-input\":{\"@type\":\"PropertyValueSpecification\",\"valueRequired\":true,\"valueName\":\"search_term_string\"}}],\"inLanguage\":\"pt-BR\"},{\"@type\":\"Organization\",\"@id\":\"https:\/\/sobelconsult.com\/pt-br\/#organization\",\"name\":\"Sobel\",\"url\":\"https:\/\/sobelconsult.com\/pt-br\/\",\"logo\":{\"@type\":\"ImageObject\",\"inLanguage\":\"pt-BR\",\"@id\":\"https:\/\/sobelconsult.com\/pt-br\/#\/schema\/logo\/image\/\",\"url\":\"https:\/\/sobelconsult.com\/wp-content\/uploads\/2024\/07\/Logo-Oficial-Website-White.png\",\"contentUrl\":\"https:\/\/sobelconsult.com\/wp-content\/uploads\/2024\/07\/Logo-Oficial-Website-White.png\",\"width\":741,\"height\":290,\"caption\":\"Sobel\"},\"image\":{\"@id\":\"https:\/\/sobelconsult.com\/pt-br\/#\/schema\/logo\/image\/\"}}]}<\/script>\n<!-- \/ Yoast SEO Premium plugin. -->","yoast_head_json":{"title":"Pol\u00edtica de privacidade - Sobel","robots":{"index":"index","follow":"follow","max-snippet":"max-snippet:-1","max-image-preview":"max-image-preview:large","max-video-preview":"max-video-preview:-1"},"canonical":"https:\/\/sobelconsult.com\/pt-br\/politica-de-privacidade\/","og_locale":"pt_BR","og_type":"article","og_title":"Pol\u00edtica de privacidade","og_description":"In\u00edcio Pol\u00edtica de cookies Data de vig\u00eancia: 2 de fevereiro de 2025 A Sobel Consult (&#8220;n\u00f3s&#8221;, &#8220;nosso&#8221; ou &#8220;nos&#8221;) usa cookies e tecnologias semelhantes para aprimorar sua experi\u00eancia em nosso site, prestar servi\u00e7os relevantes e melhorar a funcionalidade. Esta Pol\u00edtica de cookies explica o que s\u00e3o cookies, como os usamos e como voc\u00ea pode gerenciar [&hellip;]","og_url":"https:\/\/sobelconsult.com\/pt-br\/politica-de-privacidade\/","og_site_name":"Sobel","twitter_card":"summary_large_image","twitter_misc":{"Est. tempo de leitura":"3 minutos"},"schema":{"@context":"https:\/\/schema.org","@graph":[{"@type":"WebPage","@id":"https:\/\/sobelconsult.com\/pt-br\/politica-de-privacidade\/","url":"https:\/\/sobelconsult.com\/pt-br\/politica-de-privacidade\/","name":"Pol\u00edtica de privacidade - Sobel","isPartOf":{"@id":"https:\/\/sobelconsult.com\/pt-br\/#website"},"datePublished":"2025-06-01T13:00:00+00:00","breadcrumb":{"@id":"https:\/\/sobelconsult.com\/pt-br\/politica-de-privacidade\/#breadcrumb"},"inLanguage":"pt-BR","potentialAction":[{"@type":"ReadAction","target":["https:\/\/sobelconsult.com\/pt-br\/politica-de-privacidade\/"]}]},{"@type":"BreadcrumbList","@id":"https:\/\/sobelconsult.com\/pt-br\/politica-de-privacidade\/#breadcrumb","itemListElement":[{"@type":"ListItem","position":1,"name":"Home","item":"https:\/\/sobelconsult.com\/pt-br\/home\/"},{"@type":"ListItem","position":2,"name":"Pol\u00edtica de privacidade"}]},{"@type":"WebSite","@id":"https:\/\/sobelconsult.com\/pt-br\/#website","url":"https:\/\/sobelconsult.com\/pt-br\/","name":"Sobel","description":"Regulatory Consultancy","publisher":{"@id":"https:\/\/sobelconsult.com\/pt-br\/#organization"},"potentialAction":[{"@type":"SearchAction","target":{"@type":"EntryPoint","urlTemplate":"https:\/\/sobelconsult.com\/pt-br\/?s={search_term_string}"},"query-input":{"@type":"PropertyValueSpecification","valueRequired":true,"valueName":"search_term_string"}}],"inLanguage":"pt-BR"},{"@type":"Organization","@id":"https:\/\/sobelconsult.com\/pt-br\/#organization","name":"Sobel","url":"https:\/\/sobelconsult.com\/pt-br\/","logo":{"@type":"ImageObject","inLanguage":"pt-BR","@id":"https:\/\/sobelconsult.com\/pt-br\/#\/schema\/logo\/image\/","url":"https:\/\/sobelconsult.com\/wp-content\/uploads\/2024\/07\/Logo-Oficial-Website-White.png","contentUrl":"https:\/\/sobelconsult.com\/wp-content\/uploads\/2024\/07\/Logo-Oficial-Website-White.png","width":741,"height":290,"caption":"Sobel"},"image":{"@id":"https:\/\/sobelconsult.com\/pt-br\/#\/schema\/logo\/image\/"}}]}},"_links":{"self":[{"href":"https:\/\/sobelconsult.com\/pt-br\/wp-json\/wp\/v2\/pages\/5565","targetHints":{"allow":["GET"]}}],"collection":[{"href":"https:\/\/sobelconsult.com\/pt-br\/wp-json\/wp\/v2\/pages"}],"about":[{"href":"https:\/\/sobelconsult.com\/pt-br\/wp-json\/wp\/v2\/types\/page"}],"author":[{"embeddable":true,"href":"https:\/\/sobelconsult.com\/pt-br\/wp-json\/wp\/v2\/users\/11"}],"replies":[{"embeddable":true,"href":"https:\/\/sobelconsult.com\/pt-br\/wp-json\/wp\/v2\/comments?post=5565"}],"version-history":[{"count":0,"href":"https:\/\/sobelconsult.com\/pt-br\/wp-json\/wp\/v2\/pages\/5565\/revisions"}],"wp:attachment":[{"href":"https:\/\/sobelconsult.com\/pt-br\/wp-json\/wp\/v2\/media?parent=5565"}],"curies":[{"name":"wp","href":"https:\/\/api.w.org\/{rel}","templated":true}]}}