{"id":7797,"date":"2025-06-01T10:00:00","date_gmt":"2025-06-01T13:00:00","guid":{"rendered":"https:\/\/sobelconsult.com\/termos-de-servico\/"},"modified":"2025-06-01T13:00:00","modified_gmt":"2025-06-01T13:00:00","slug":"termos-de-servico","status":"publish","type":"page","link":"https:\/\/sobelconsult.com\/pt-br\/termos-de-servico\/","title":{"rendered":"Termos de servi\u00e7o"},"content":{"rendered":"\t\t<div data-elementor-type=\"wp-page\" data-elementor-id=\"7797\" class=\"elementor elementor-7797 elementor-1553\" data-elementor-post-type=\"page\">\n\t\t\t\t<div class=\"elementor-element elementor-element-0c3007a e-flex e-con-boxed e-con e-parent\" data-id=\"0c3007a\" data-element_type=\"container\" data-e-type=\"container\" data-settings=\"{&quot;background_background&quot;:&quot;classic&quot;}\">\n\t\t\t\t\t<div class=\"e-con-inner\">\n\t\t\t\t<div class=\"elementor-element elementor-element-c30023b elementor-widget elementor-widget-heading\" data-id=\"c30023b\" data-element_type=\"widget\" data-e-type=\"widget\" data-widget_type=\"heading.default\">\n\t\t\t\t<div class=\"elementor-widget-container\">\n\t\t\t\t\t<h1 class=\"elementor-heading-title elementor-size-default\">Termos de servi\u00e7o<\/h1>\t\t\t\t<\/div>\n\t\t\t\t<\/div>\n\t\t\t\t\t<\/div>\n\t\t\t\t<\/div>\n\t\t<div class=\"elementor-element elementor-element-ce54af8 e-flex e-con-boxed e-con e-parent\" data-id=\"ce54af8\" data-element_type=\"container\" data-e-type=\"container\">\n\t\t\t\t\t<div class=\"e-con-inner\">\n\t\t\t\t<div class=\"elementor-element elementor-element-6f30133 elementor-icon-list--layout-inline elementor-widget__width-auto elementor-list-item-link-full_width elementor-widget elementor-widget-icon-list\" data-id=\"6f30133\" data-element_type=\"widget\" data-e-type=\"widget\" data-widget_type=\"icon-list.default\">\n\t\t\t\t<div class=\"elementor-widget-container\">\n\t\t\t\t\t\t\t<ul class=\"elementor-icon-list-items elementor-inline-items\">\n\t\t\t\t\t\t\t<li class=\"elementor-icon-list-item elementor-inline-item\">\n\t\t\t\t\t\t\t\t\t\t\t<a href=\"https:\/\/sobelconsult.com\/pt-br\/\">\n\n\t\t\t\t\t\t\t\t\t\t\t\t<span class=\"elementor-icon-list-icon\">\n\t\t\t\t\t\t\t<svg aria-hidden=\"true\" class=\"e-font-icon-svg e-fas-dot-circle\" viewBox=\"0 0 512 512\" xmlns=\"http:\/\/www.w3.org\/2000\/svg\"><path d=\"M256 8C119.033 8 8 119.033 8 256s111.033 248 248 248 248-111.033 248-248S392.967 8 256 8zm80 248c0 44.112-35.888 80-80 80s-80-35.888-80-80 35.888-80 80-80 80 35.888 80 80z\"><\/path><\/svg>\t\t\t\t\t\t<\/span>\n\t\t\t\t\t\t\t\t\t\t<span class=\"elementor-icon-list-text\">In\u00edcio<\/span>\n\t\t\t\t\t\t\t\t\t\t\t<\/a>\n\t\t\t\t\t\t\t\t\t<\/li>\n\t\t\t\t\t\t\t\t<li class=\"elementor-icon-list-item elementor-inline-item\">\n\t\t\t\t\t\t\t\t\t\t\t<a href=\"https:\/\/sobelconsult.com\/pt-br\/termos-de-servico\/\">\n\n\t\t\t\t\t\t\t\t\t\t\t\t<span class=\"elementor-icon-list-icon\">\n\t\t\t\t\t\t\t<svg aria-hidden=\"true\" class=\"e-font-icon-svg e-fas-dot-circle\" viewBox=\"0 0 512 512\" xmlns=\"http:\/\/www.w3.org\/2000\/svg\"><path d=\"M256 8C119.033 8 8 119.033 8 256s111.033 248 248 248 248-111.033 248-248S392.967 8 256 8zm80 248c0 44.112-35.888 80-80 80s-80-35.888-80-80 35.888-80 80-80 80 35.888 80 80z\"><\/path><\/svg>\t\t\t\t\t\t<\/span>\n\t\t\t\t\t\t\t\t\t\t<span class=\"elementor-icon-list-text\">Termos de servi\u00e7o<\/span>\n\t\t\t\t\t\t\t\t\t\t\t<\/a>\n\t\t\t\t\t\t\t\t\t<\/li>\n\t\t\t\t\t\t<\/ul>\n\t\t\t\t\t\t<\/div>\n\t\t\t\t<\/div>\n\t\t\t\t<div class=\"elementor-element elementor-element-59b60bc elementor-widget elementor-widget-heading\" data-id=\"59b60bc\" data-element_type=\"widget\" data-e-type=\"widget\" data-widget_type=\"heading.default\">\n\t\t\t\t<div class=\"elementor-widget-container\">\n\t\t\t\t\t<h2 class=\"elementor-heading-title elementor-size-default\">Termos de servi\u00e7o<\/h2>\t\t\t\t<\/div>\n\t\t\t\t<\/div>\n\t\t\t\t<div class=\"elementor-element elementor-element-75e531c elementor-widget elementor-widget-text-editor\" data-id=\"75e531c\" data-element_type=\"widget\" data-e-type=\"widget\" data-widget_type=\"text-editor.default\">\n\t\t\t\t<div class=\"elementor-widget-container\">\n\t\t\t\t\t\t\t\t\t<p> <\/p><hr><p><strong>Data de vig\u00eancia:<\/strong> 2 de fevereiro de 2025<\/p><p>Bem-vindo \u00e0 Sobel Consultancy (&#8220;n\u00f3s&#8221;, &#8220;nosso&#8221; ou &#8220;nos&#8221;). Estes Termos de servi\u00e7o (&#8220;Termos&#8221;) regem o acesso e o uso que voc\u00ea faz do nosso site e dos servi\u00e7os de consultoria regulat\u00f3ria (coletivamente, os &#8220;Servi\u00e7os&#8221;). Ao usar nossos Servi\u00e7os, voc\u00ea concorda com estes Termos. Se voc\u00ea n\u00e3o concordar, n\u00e3o use nossos Servi\u00e7os.   <\/p><p> <\/p><p><strong>1. Uso de servi\u00e7os<\/strong><\/p><p><strong>1.1 Elegibilidade: <\/strong>Voc\u00ea deve ter pelo menos 18 anos de idade e ter capacidade legal para firmar contratos para usar nossos Servi\u00e7os. Ao usar nossos Servi\u00e7os, voc\u00ea confirma que atende a esses requisitos. <\/p><p><strong>1.2 Uso autorizado: <\/strong>voc\u00ea concorda em usar nossos Servi\u00e7os somente para fins legais e em conformidade com todas as leis e regulamentos aplic\u00e1veis. Voc\u00ea n\u00e3o deve: <\/p><ul><li>Usar os Servi\u00e7os de forma que possa prejudicar a n\u00f3s, nossos clientes ou outros usu\u00e1rios.<\/li><li>Deturpar sua identidade ou afilia\u00e7\u00e3o.<\/li><li>Tentativa de obter acesso n\u00e3o autorizado aos nossos sistemas ou dados.<\/li><\/ul><p><strong>1.3 Seguran\u00e7a da conta: <\/strong>Se voc\u00ea criar uma conta conosco, ser\u00e1 respons\u00e1vel por manter a confidencialidade de suas credenciais de login e por todas as atividades em sua conta (se aplic\u00e1vel).<\/p><p> <\/p><p><strong>2. Nossos servi\u00e7os<\/strong><\/p><p><strong>2.1 Escopo dos servi\u00e7os: <\/strong>Prestamos servi\u00e7os de consultoria regulat\u00f3ria conforme descrito em nosso site. Termos e condi\u00e7\u00f5es espec\u00edficos podem ser aplicados a determinados servi\u00e7os, e esses termos ser\u00e3o fornecidos a voc\u00ea no momento da contrata\u00e7\u00e3o. <\/p><p><strong>2.2 N\u00e3o h\u00e1 aconselhamento jur\u00eddico ou financeiro: <\/strong>Embora nos esforcemos para fornecer orienta\u00e7\u00f5es precisas e confi\u00e1veis, nossos Servi\u00e7os n\u00e3o substituem o aconselhamento profissional jur\u00eddico, financeiro ou de outra natureza. Voc\u00ea deve consultar os profissionais apropriados para obter orienta\u00e7\u00e3o espec\u00edfica adaptada \u00e0 sua situa\u00e7\u00e3o. <\/p><p><strong>2.3 Disponibilidade do servi\u00e7o: <\/strong>Reservamo-nos o direito de modificar, suspender ou descontinuar nossos Servi\u00e7os a qualquer momento, sem aviso pr\u00e9vio.<\/p><p> <\/p><p><strong>3. Taxas e pagamentos<\/strong><\/p><p><strong>3.1 Honor\u00e1rios: <\/strong>As taxas dos nossos Servi\u00e7os ser\u00e3o comunicadas a voc\u00ea antes da contrata\u00e7\u00e3o. Todas as taxas n\u00e3o s\u00e3o reembols\u00e1veis, salvo indica\u00e7\u00e3o em contr\u00e1rio. <\/p><p><strong>3.2 Condi\u00e7\u00f5es de pagamento: <\/strong>Os pagamentos devem ser feitos dentro do prazo especificado no seu contrato conosco. Pagamentos atrasados podem incorrer em cobran\u00e7as adicionais. <\/p><p><strong>3.3 Impostos: <\/strong>Voc\u00ea \u00e9 respons\u00e1vel por quaisquer impostos ou taxas aplic\u00e1veis relacionados ao seu uso de nossos Servi\u00e7os.<\/p><p> <\/p><p><strong>4. Propriedade intelectual<\/strong><\/p><p><strong>4.1 Propriedade: <\/strong>Todo o conte\u00fado e materiais fornecidos por meio de nossos servi\u00e7os, incluindo textos, gr\u00e1ficos, logotipos e software, s\u00e3o de propriedade da Sobel Consultancy ou de nossos licenciadores e s\u00e3o protegidos por leis de propriedade intelectual.<\/p><p><strong>4.2 Licen\u00e7a limitada: <\/strong>Concedemos a voc\u00ea uma licen\u00e7a n\u00e3o exclusiva, intransfer\u00edvel e revog\u00e1vel para usar nossos Servi\u00e7os para seus fins internos. Voc\u00ea n\u00e3o poder\u00e1 reproduzir, distribuir ou criar trabalhos derivados do nosso conte\u00fado sem o nosso consentimento pr\u00e9vio por escrito. <\/p><p> <\/p><p><strong>5. Confidencialidade<\/strong><\/p><p>Entendemos a import\u00e2ncia da confidencialidade na consultoria regulat\u00f3ria. Tomaremos medidas razo\u00e1veis para proteger qualquer informa\u00e7\u00e3o confidencial que voc\u00ea compartilhe conosco. Entretanto, poderemos divulgar essas informa\u00e7\u00f5es se exigido por lei ou com o seu consentimento.  <\/p><p> <\/p><p><strong>6. Limita\u00e7\u00e3o de responsabilidade<\/strong><\/p><p>At\u00e9 o limite m\u00e1ximo permitido por lei:<\/p><ul><li>N\u00f3s nos isentamos de todas as garantias, expressas ou impl\u00edcitas, com rela\u00e7\u00e3o aos nossos Servi\u00e7os.<\/li><li>N\u00e3o nos responsabilizamos por quaisquer danos indiretos, incidentais ou consequenciais decorrentes do uso que voc\u00ea fizer dos nossos Servi\u00e7os.<\/li><li>Nossa responsabilidade total \u00e9 limitada ao valor que voc\u00ea pagou pelo servi\u00e7o espec\u00edfico que deu origem \u00e0 reclama\u00e7\u00e3o.<\/li><\/ul><p> <\/p><p><strong>7. Indeniza\u00e7\u00e3o<\/strong><\/p><p>Voc\u00ea concorda em indenizar e isentar-nos de quaisquer reivindica\u00e7\u00f5es, responsabilidades, danos ou despesas decorrentes do seu uso dos nossos Servi\u00e7os ou da viola\u00e7\u00e3o destes Termos.<\/p><p> <\/p><p><strong>8. Rescis\u00e3o<\/strong><\/p><p>Reservamo-nos o direito de rescindir ou suspender o seu acesso aos nossos Servi\u00e7os se voc\u00ea violar estes Termos ou se envolver em atividades ilegais. Ap\u00f3s a rescis\u00e3o, voc\u00ea dever\u00e1 deixar de usar nossos Servi\u00e7os e devolver todos os materiais confidenciais fornecidos. <\/p><p> <\/p><p><strong>9. Legisla\u00e7\u00e3o aplic\u00e1vel<\/strong><\/p><p>Estes Termos s\u00e3o regidos e interpretados de acordo com as leis do Brasil. Quaisquer disputas decorrentes destes Termos ser\u00e3o resolvidas nos tribunais do Brasil. <\/p><p> <\/p><p><strong>10. Altera\u00e7\u00f5es a estes Termos<\/strong><\/p><p>Podemos atualizar estes Termos periodicamente. A vers\u00e3o atualizada ser\u00e1 publicada em nosso site com a &#8220;Data de vig\u00eancia&#8221;. O uso continuado de nossos Servi\u00e7os ap\u00f3s quaisquer altera\u00e7\u00f5es constitui sua aceita\u00e7\u00e3o dos Termos revisados.  <\/p><p> <\/p><p><strong>11. Entre em contato conosco<\/strong><\/p><p>Se voc\u00ea tiver alguma d\u00favida ou preocupa\u00e7\u00e3o com rela\u00e7\u00e3o a estes Termos, entre em contato conosco:<\/p><p><a href=\"mailto:privacy@sobelconsult.com\" target=\"_blank\" rel=\"noopener\">privacy@sobelconsult.com<\/a><\/p>\t\t\t\t\t\t\t\t<\/div>\n\t\t\t\t<\/div>\n\t\t\t\t\t<\/div>\n\t\t\t\t<\/div>\n\t\t<div class=\"elementor-element elementor-element-ff36522 e-flex e-con-boxed e-con e-parent\" data-id=\"ff36522\" data-element_type=\"container\" data-e-type=\"container\">\n\t\t\t\t\t<div class=\"e-con-inner\">\n\t\t<div class=\"elementor-element elementor-element-ce0bdbe e-flex e-con-boxed e-con e-child\" data-id=\"ce0bdbe\" data-element_type=\"container\" data-e-type=\"container\" data-settings=\"{&quot;background_background&quot;:&quot;classic&quot;}\">\n\t\t\t\t\t<div class=\"e-con-inner\">\n\t\t\t\t<div class=\"elementor-element elementor-element-59ab56d elementor-widget elementor-widget-heading\" data-id=\"59ab56d\" data-element_type=\"widget\" data-e-type=\"widget\" data-widget_type=\"heading.default\">\n\t\t\t\t<div class=\"elementor-widget-container\">\n\t\t\t\t\t<h2 class=\"elementor-heading-title elementor-size-default\">Voc\u00ea precisa de mais assist\u00eancia?<\/h2>\t\t\t\t<\/div>\n\t\t\t\t<\/div>\n\t\t\t\t<div class=\"elementor-element elementor-element-fe1634d elementor-widget elementor-widget-text-editor\" data-id=\"fe1634d\" data-element_type=\"widget\" data-e-type=\"widget\" data-widget_type=\"text-editor.default\">\n\t\t\t\t<div class=\"elementor-widget-container\">\n\t\t\t\t\t\t\t\t\t<p>Nossa equipe de suporte est\u00e1 aqui para ajudar. Voc\u00ea tem d\u00favidas ou precisa de orienta\u00e7\u00e3o? Estamos a apenas um clique de voc\u00ea. Entre em contato conosco para obter assist\u00eancia imediata.   <\/p>\t\t\t\t\t\t\t\t<\/div>\n\t\t\t\t<\/div>\n\t\t\t\t<div class=\"elementor-element elementor-element-bf0cba3 elementor-align-center elementor-widget elementor-widget-button\" data-id=\"bf0cba3\" data-element_type=\"widget\" data-e-type=\"widget\" data-widget_type=\"button.default\">\n\t\t\t\t<div class=\"elementor-widget-container\">\n\t\t\t\t\t\t\t\t\t<div class=\"elementor-button-wrapper\">\n\t\t\t\t\t<a class=\"elementor-button elementor-button-link elementor-size-sm\" href=\"#elementor-action%3Aaction%3Dpopup%3Aopen%26settings%3DeyJpZCI6NzM0NSwidG9nZ2xlIjpmYWxzZX0%3D\">\n\t\t\t\t\t\t<span class=\"elementor-button-content-wrapper\">\n\t\t\t\t\t\t<span class=\"elementor-button-icon\">\n\t\t\t\t<svg aria-hidden=\"true\" class=\"e-font-icon-svg e-fas-arrow-right\" viewBox=\"0 0 448 512\" xmlns=\"http:\/\/www.w3.org\/2000\/svg\"><path d=\"M190.5 66.9l22.2-22.2c9.4-9.4 24.6-9.4 33.9 0L441 239c9.4 9.4 9.4 24.6 0 33.9L246.6 467.3c-9.4 9.4-24.6 9.4-33.9 0l-22.2-22.2c-9.5-9.5-9.3-25 .4-34.3L311.4 296H24c-13.3 0-24-10.7-24-24v-32c0-13.3 10.7-24 24-24h287.4L190.9 101.2c-9.8-9.3-10-24.8-.4-34.3z\"><\/path><\/svg>\t\t\t<\/span>\n\t\t\t\t\t\t\t\t\t<span class=\"elementor-button-text\">Entre em contato conosco<\/span>\n\t\t\t\t\t<\/span>\n\t\t\t\t\t<\/a>\n\t\t\t\t<\/div>\n\t\t\t\t\t\t\t\t<\/div>\n\t\t\t\t<\/div>\n\t\t\t\t\t<\/div>\n\t\t\t\t<\/div>\n\t\t\t\t\t<\/div>\n\t\t\t\t<\/div>\n\t\t\t\t<\/div>\n\t\t","protected":false},"excerpt":{"rendered":"<p>Leia nossos Termos de Servi\u00e7o para entender as diretrizes de uso e os direitos do usu\u00e1rio. Navegue em nosso site com confian\u00e7a e transpar\u00eancia. <\/p>\n","protected":false},"author":11,"featured_media":7087,"parent":0,"menu_order":0,"comment_status":"closed","ping_status":"closed","template":"","meta":{"footnotes":""},"class_list":["post-7797","page","type-page","status-publish","has-post-thumbnail","hentry"],"yoast_head":"<!-- This site is optimized with the Yoast SEO Premium plugin v26.3 (Yoast SEO v26.8) - https:\/\/yoast.com\/product\/yoast-seo-premium-wordpress\/ -->\n<title>Termos de servi\u00e7o - Sobel<\/title>\n<meta name=\"description\" content=\"Leia nossos Termos de Servi\u00e7o para entender as diretrizes de uso e os direitos do usu\u00e1rio. Navegue em nosso site com confian\u00e7a e transpar\u00eancia.\" \/>\n<meta name=\"robots\" content=\"index, follow, max-snippet:-1, max-image-preview:large, max-video-preview:-1\" \/>\n<link rel=\"canonical\" href=\"https:\/\/sobelconsult.com\/pt-br\/termos-de-servico\/\" \/>\n<meta property=\"og:locale\" content=\"pt_BR\" \/>\n<meta property=\"og:type\" content=\"article\" \/>\n<meta property=\"og:title\" content=\"Termos de servi\u00e7o\" \/>\n<meta property=\"og:description\" content=\"Leia nossos Termos de Servi\u00e7o para entender as diretrizes de uso e os direitos do usu\u00e1rio. Navegue em nosso site com confian\u00e7a e transpar\u00eancia.\" \/>\n<meta property=\"og:url\" content=\"https:\/\/sobelconsult.com\/pt-br\/termos-de-servico\/\" \/>\n<meta property=\"og:site_name\" content=\"Sobel\" \/>\n<meta property=\"og:image\" content=\"https:\/\/sobelconsult.com\/wp-content\/uploads\/2025\/04\/Sobel-official-logo.webp\" \/>\n\t<meta property=\"og:image:width\" content=\"1000\" \/>\n\t<meta property=\"og:image:height\" content=\"657\" \/>\n\t<meta property=\"og:image:type\" content=\"image\/webp\" \/>\n<meta name=\"twitter:card\" content=\"summary_large_image\" \/>\n<meta name=\"twitter:label1\" content=\"Est. tempo de leitura\" \/>\n\t<meta name=\"twitter:data1\" content=\"4 minutos\" \/>\n<script type=\"application\/ld+json\" class=\"yoast-schema-graph\">{\"@context\":\"https:\/\/schema.org\",\"@graph\":[{\"@type\":\"WebPage\",\"@id\":\"https:\/\/sobelconsult.com\/pt-br\/termos-de-servico\/\",\"url\":\"https:\/\/sobelconsult.com\/pt-br\/termos-de-servico\/\",\"name\":\"Termos de servi\u00e7o - Sobel\",\"isPartOf\":{\"@id\":\"https:\/\/sobelconsult.com\/pt-br\/#website\"},\"primaryImageOfPage\":{\"@id\":\"https:\/\/sobelconsult.com\/pt-br\/termos-de-servico\/#primaryimage\"},\"image\":{\"@id\":\"https:\/\/sobelconsult.com\/pt-br\/termos-de-servico\/#primaryimage\"},\"thumbnailUrl\":\"https:\/\/sobelconsult.com\/wp-content\/uploads\/2025\/04\/Sobel-official-logo.webp\",\"datePublished\":\"2025-06-01T13:00:00+00:00\",\"description\":\"Leia nossos Termos de Servi\u00e7o para entender as diretrizes de uso e os direitos do usu\u00e1rio. Navegue em nosso site com confian\u00e7a e transpar\u00eancia.\",\"breadcrumb\":{\"@id\":\"https:\/\/sobelconsult.com\/pt-br\/termos-de-servico\/#breadcrumb\"},\"inLanguage\":\"pt-BR\",\"potentialAction\":[{\"@type\":\"ReadAction\",\"target\":[\"https:\/\/sobelconsult.com\/pt-br\/termos-de-servico\/\"]}]},{\"@type\":\"ImageObject\",\"inLanguage\":\"pt-BR\",\"@id\":\"https:\/\/sobelconsult.com\/pt-br\/termos-de-servico\/#primaryimage\",\"url\":\"https:\/\/sobelconsult.com\/wp-content\/uploads\/2025\/04\/Sobel-official-logo.webp\",\"contentUrl\":\"https:\/\/sobelconsult.com\/wp-content\/uploads\/2025\/04\/Sobel-official-logo.webp\",\"width\":1000,\"height\":657,\"caption\":\"Sobel official logo\"},{\"@type\":\"BreadcrumbList\",\"@id\":\"https:\/\/sobelconsult.com\/pt-br\/termos-de-servico\/#breadcrumb\",\"itemListElement\":[{\"@type\":\"ListItem\",\"position\":1,\"name\":\"Home\",\"item\":\"https:\/\/sobelconsult.com\/pt-br\/home\/\"},{\"@type\":\"ListItem\",\"position\":2,\"name\":\"Termos de servi\u00e7o\"}]},{\"@type\":\"WebSite\",\"@id\":\"https:\/\/sobelconsult.com\/pt-br\/#website\",\"url\":\"https:\/\/sobelconsult.com\/pt-br\/\",\"name\":\"Sobel\",\"description\":\"Regulatory Consultancy\",\"publisher\":{\"@id\":\"https:\/\/sobelconsult.com\/pt-br\/#organization\"},\"potentialAction\":[{\"@type\":\"SearchAction\",\"target\":{\"@type\":\"EntryPoint\",\"urlTemplate\":\"https:\/\/sobelconsult.com\/pt-br\/?s={search_term_string}\"},\"query-input\":{\"@type\":\"PropertyValueSpecification\",\"valueRequired\":true,\"valueName\":\"search_term_string\"}}],\"inLanguage\":\"pt-BR\"},{\"@type\":\"Organization\",\"@id\":\"https:\/\/sobelconsult.com\/pt-br\/#organization\",\"name\":\"Sobel\",\"url\":\"https:\/\/sobelconsult.com\/pt-br\/\",\"logo\":{\"@type\":\"ImageObject\",\"inLanguage\":\"pt-BR\",\"@id\":\"https:\/\/sobelconsult.com\/pt-br\/#\/schema\/logo\/image\/\",\"url\":\"https:\/\/sobelconsult.com\/wp-content\/uploads\/2024\/07\/Logo-Oficial-Website-White.png\",\"contentUrl\":\"https:\/\/sobelconsult.com\/wp-content\/uploads\/2024\/07\/Logo-Oficial-Website-White.png\",\"width\":741,\"height\":290,\"caption\":\"Sobel\"},\"image\":{\"@id\":\"https:\/\/sobelconsult.com\/pt-br\/#\/schema\/logo\/image\/\"}}]}<\/script>\n<!-- \/ Yoast SEO Premium plugin. -->","yoast_head_json":{"title":"Termos de servi\u00e7o - Sobel","description":"Leia nossos Termos de Servi\u00e7o para entender as diretrizes de uso e os direitos do usu\u00e1rio. Navegue em nosso site com confian\u00e7a e transpar\u00eancia.","robots":{"index":"index","follow":"follow","max-snippet":"max-snippet:-1","max-image-preview":"max-image-preview:large","max-video-preview":"max-video-preview:-1"},"canonical":"https:\/\/sobelconsult.com\/pt-br\/termos-de-servico\/","og_locale":"pt_BR","og_type":"article","og_title":"Termos de servi\u00e7o","og_description":"Leia nossos Termos de Servi\u00e7o para entender as diretrizes de uso e os direitos do usu\u00e1rio. Navegue em nosso site com confian\u00e7a e transpar\u00eancia.","og_url":"https:\/\/sobelconsult.com\/pt-br\/termos-de-servico\/","og_site_name":"Sobel","og_image":[{"width":1000,"height":657,"url":"https:\/\/sobelconsult.com\/wp-content\/uploads\/2025\/04\/Sobel-official-logo.webp","type":"image\/webp"}],"twitter_card":"summary_large_image","twitter_misc":{"Est. tempo de leitura":"4 minutos"},"schema":{"@context":"https:\/\/schema.org","@graph":[{"@type":"WebPage","@id":"https:\/\/sobelconsult.com\/pt-br\/termos-de-servico\/","url":"https:\/\/sobelconsult.com\/pt-br\/termos-de-servico\/","name":"Termos de servi\u00e7o - Sobel","isPartOf":{"@id":"https:\/\/sobelconsult.com\/pt-br\/#website"},"primaryImageOfPage":{"@id":"https:\/\/sobelconsult.com\/pt-br\/termos-de-servico\/#primaryimage"},"image":{"@id":"https:\/\/sobelconsult.com\/pt-br\/termos-de-servico\/#primaryimage"},"thumbnailUrl":"https:\/\/sobelconsult.com\/wp-content\/uploads\/2025\/04\/Sobel-official-logo.webp","datePublished":"2025-06-01T13:00:00+00:00","description":"Leia nossos Termos de Servi\u00e7o para entender as diretrizes de uso e os direitos do usu\u00e1rio. Navegue em nosso site com confian\u00e7a e transpar\u00eancia.","breadcrumb":{"@id":"https:\/\/sobelconsult.com\/pt-br\/termos-de-servico\/#breadcrumb"},"inLanguage":"pt-BR","potentialAction":[{"@type":"ReadAction","target":["https:\/\/sobelconsult.com\/pt-br\/termos-de-servico\/"]}]},{"@type":"ImageObject","inLanguage":"pt-BR","@id":"https:\/\/sobelconsult.com\/pt-br\/termos-de-servico\/#primaryimage","url":"https:\/\/sobelconsult.com\/wp-content\/uploads\/2025\/04\/Sobel-official-logo.webp","contentUrl":"https:\/\/sobelconsult.com\/wp-content\/uploads\/2025\/04\/Sobel-official-logo.webp","width":1000,"height":657,"caption":"Sobel official logo"},{"@type":"BreadcrumbList","@id":"https:\/\/sobelconsult.com\/pt-br\/termos-de-servico\/#breadcrumb","itemListElement":[{"@type":"ListItem","position":1,"name":"Home","item":"https:\/\/sobelconsult.com\/pt-br\/home\/"},{"@type":"ListItem","position":2,"name":"Termos de servi\u00e7o"}]},{"@type":"WebSite","@id":"https:\/\/sobelconsult.com\/pt-br\/#website","url":"https:\/\/sobelconsult.com\/pt-br\/","name":"Sobel","description":"Regulatory Consultancy","publisher":{"@id":"https:\/\/sobelconsult.com\/pt-br\/#organization"},"potentialAction":[{"@type":"SearchAction","target":{"@type":"EntryPoint","urlTemplate":"https:\/\/sobelconsult.com\/pt-br\/?s={search_term_string}"},"query-input":{"@type":"PropertyValueSpecification","valueRequired":true,"valueName":"search_term_string"}}],"inLanguage":"pt-BR"},{"@type":"Organization","@id":"https:\/\/sobelconsult.com\/pt-br\/#organization","name":"Sobel","url":"https:\/\/sobelconsult.com\/pt-br\/","logo":{"@type":"ImageObject","inLanguage":"pt-BR","@id":"https:\/\/sobelconsult.com\/pt-br\/#\/schema\/logo\/image\/","url":"https:\/\/sobelconsult.com\/wp-content\/uploads\/2024\/07\/Logo-Oficial-Website-White.png","contentUrl":"https:\/\/sobelconsult.com\/wp-content\/uploads\/2024\/07\/Logo-Oficial-Website-White.png","width":741,"height":290,"caption":"Sobel"},"image":{"@id":"https:\/\/sobelconsult.com\/pt-br\/#\/schema\/logo\/image\/"}}]}},"_links":{"self":[{"href":"https:\/\/sobelconsult.com\/pt-br\/wp-json\/wp\/v2\/pages\/7797","targetHints":{"allow":["GET"]}}],"collection":[{"href":"https:\/\/sobelconsult.com\/pt-br\/wp-json\/wp\/v2\/pages"}],"about":[{"href":"https:\/\/sobelconsult.com\/pt-br\/wp-json\/wp\/v2\/types\/page"}],"author":[{"embeddable":true,"href":"https:\/\/sobelconsult.com\/pt-br\/wp-json\/wp\/v2\/users\/11"}],"replies":[{"embeddable":true,"href":"https:\/\/sobelconsult.com\/pt-br\/wp-json\/wp\/v2\/comments?post=7797"}],"version-history":[{"count":0,"href":"https:\/\/sobelconsult.com\/pt-br\/wp-json\/wp\/v2\/pages\/7797\/revisions"}],"wp:featuredmedia":[{"embeddable":true,"href":"https:\/\/sobelconsult.com\/pt-br\/wp-json\/wp\/v2\/media\/7087"}],"wp:attachment":[{"href":"https:\/\/sobelconsult.com\/pt-br\/wp-json\/wp\/v2\/media?parent=7797"}],"curies":[{"name":"wp","href":"https:\/\/api.w.org\/{rel}","templated":true}]}}